{"id":1362,"date":"2019-08-28T17:20:08","date_gmt":"2019-08-28T17:20:08","guid":{"rendered":"https:\/\/factory.sale\/product\/isopiano-polyurethane-wall-panel\/"},"modified":"2025-07-16T11:21:27","modified_gmt":"2025-07-16T08:21:27","slug":"arpanel-poluuretaanseinapaneel","status":"publish","type":"product","link":"https:\/\/factory.sale\/et\/toode\/arpanel-poluuretaanseinapaneel\/","title":{"rendered":"Arpanel Pol\u00fcuretaanseinapaneel"},"content":{"rendered":"<p>ARPANEL POL\u00dcURETAANSEINAPANEEL SUJUVA VIIMISTLUSE JA N\u00c4HTAVA KINNITUSEGA. SEDA SAAB PAIGALDADA VERTIKAALSELT V\u00d5I HORISONTAALSELT.<\/p>\n<p>KASUTUS<br \/>\n<span style=\"font-weight: 400;\">Isopiano on sandwich-paneel, mida kasutatakse t\u00f6\u00f6stusrajatiste, moodulite ja sisemiste vaheseinte seinte jaoks.<\/span><\/p>\n<p>OMADUSED<\/p>\n<p><span style=\"font-weight: 400;\">Paneel kahekordse metallkattega ja mikro-servadega<\/span><\/p>\n<p><span style=\"font-weight: 400;\">Pol\u00fcuretaanist isolatsioon<\/span><\/p>\n<p>Liigend lahtise kinnitusega<\/p>\n<p><span style=\"font-weight: 400;\">Seda saab paigaldada vertikaalselt v\u00f5i horisontaalselt<\/span><\/p>\n<p>Miinimumkogus 300 m2.<\/p>\n<p><img loading=\"lazy\" decoding=\"async\" class=\"alignnone size-full wp-image-360\" src=\"https:\/\/factory.sale\/wp-content\/uploads\/2019\/08\/Untitled.jpg\" alt=\"\" width=\"905\" height=\"490\" srcset=\"https:\/\/factory.sale\/wp-content\/uploads\/2019\/08\/Untitled.jpg 905w, https:\/\/factory.sale\/wp-content\/uploads\/2019\/08\/Untitled-150x81.jpg 150w, https:\/\/factory.sale\/wp-content\/uploads\/2019\/08\/Untitled-300x162.jpg 300w, https:\/\/factory.sale\/wp-content\/uploads\/2019\/08\/Untitled-600x325.jpg 600w\" sizes=\"auto, (max-width: 905px) 100vw, 905px\" \/>[\/vc_column_text][\/vc_column][\/vc_row]<\/p>\n","protected":false},"excerpt":{"rendered":"<p>ARPANEL POL\u00dcURETAANSEINAPANEEL SUJUVA VIIMISTLUSE JA N\u00c4HTAVA KINNITUSEGA. SEDA SAAB PAIGALDADA VERTIKAALSELT V\u00d5I HORISONTAALSELT.<\/p>\n<p>Miinimumkogus 300 m2.<\/p>\n<p>Tegemist on 100mm paneeli n\u00e4idishinnaga. Palun saatke oma p\u00e4ring: order@factory.sale<\/p>\n","protected":false},"featured_media":1364,"comment_status":"closed","ping_status":"closed","template":"","meta":{"_acf_changed":false},"factory":[],"free-shipment":[],"product_brand":[],"product_cat":[200],"product_tag":[145],"class_list":{"0":"post-1362","1":"product","2":"type-product","3":"status-publish","4":"has-post-thumbnail","6":"product_cat-sandwich-paneelid-pir-pur","7":"product_tag-sandwich-panel-et","9":"first","10":"instock","11":"sale","12":"featured","13":"taxable","14":"shipping-taxable","15":"purchasable","16":"product-type-simple"},"acf":[],"_links":{"self":[{"href":"https:\/\/factory.sale\/et\/wp-json\/wp\/v2\/product\/1362","targetHints":{"allow":["GET"]}}],"collection":[{"href":"https:\/\/factory.sale\/et\/wp-json\/wp\/v2\/product"}],"about":[{"href":"https:\/\/factory.sale\/et\/wp-json\/wp\/v2\/types\/product"}],"replies":[{"embeddable":true,"href":"https:\/\/factory.sale\/et\/wp-json\/wp\/v2\/comments?post=1362"}],"wp:featuredmedia":[{"embeddable":true,"href":"https:\/\/factory.sale\/et\/wp-json\/wp\/v2\/media\/1364"}],"wp:attachment":[{"href":"https:\/\/factory.sale\/et\/wp-json\/wp\/v2\/media?parent=1362"}],"wp:term":[{"taxonomy":"factory","embeddable":true,"href":"https:\/\/factory.sale\/et\/wp-json\/wp\/v2\/factory?post=1362"},{"taxonomy":"free-shipment","embeddable":true,"href":"https:\/\/factory.sale\/et\/wp-json\/wp\/v2\/free-shipment?post=1362"},{"taxonomy":"product_brand","embeddable":true,"href":"https:\/\/factory.sale\/et\/wp-json\/wp\/v2\/product_brand?post=1362"},{"taxonomy":"product_cat","embeddable":true,"href":"https:\/\/factory.sale\/et\/wp-json\/wp\/v2\/product_cat?post=1362"},{"taxonomy":"product_tag","embeddable":true,"href":"https:\/\/factory.sale\/et\/wp-json\/wp\/v2\/product_tag?post=1362"}],"curies":[{"name":"wp","href":"https:\/\/api.w.org\/{rel}","templated":true}]}}