{"id":1359,"date":"2019-08-28T17:20:08","date_gmt":"2019-08-28T17:20:08","guid":{"rendered":"https:\/\/factory.sale\/product\/arpanel-s-miwo-wall-sandwich-panel\/"},"modified":"2024-06-25T17:23:16","modified_gmt":"2024-06-25T17:23:16","slug":"arpanel-seina-sandwich-paneel","status":"publish","type":"product","link":"https:\/\/factory.sale\/et\/toode\/arpanel-seina-sandwich-paneel\/","title":{"rendered":"Arpanel Seina Sandwich-paneel"},"content":{"rendered":"<div class=\"prod-section current-target\" data-menulevel=\"1\" data-menutitle=\"Characteristics.\" data-menuindex=\"1\">\n<p><span style=\"font-weight: 400;\">Arpanel S MiWo seina sandwich paneelid, mis on valmistatud mineraalvillast, on m\u00f5eldud seinte valmistamiseks mitmesugustes ehitusobjektides, terasest ja raudbetoonkonstruktsioonidest. S MiWo seina sandwich-paneele rakendatakse t\u00f6\u00f6stus, &#8211; kaubandus -ja kommunaalhoonetes, peamiselt objektide puhul, millel on k\u00f5rged n\u00f5uded tulekaitseeeskirjade ja akustilise soojusparameetrite kohta, tagades samaaegselt objektide kvaliteetse soojusisolatsiooni. <\/span><span style=\"font-weight: 400;\">Need koosnevad kahest terasplekist valmistatud fassaadit\u00fckkidest ja s\u00fcdamikust, mis on valmistatud p\u00f5letatud liistudest, kivist mineraalvillast. Selline struktuur v\u00f5imaldab ka kiiret ja lihtsat horisontaalset v\u00f5i vertikaalset kokkupanekut. S\u00f5ltumata olemasolevatest ilmastikutingimustest. Oma tulekaitseomaduste, akustilise isolatsiooni ja negatiivse keskkonnam\u00f5ju osas vastavad mineraalvilla s\u00fcdamikuga arpaneli sandwich-paneelid k\u00f5rgeimatele Euroopa standarditele.<\/span><\/p>\n<\/div>\n<div class=\"prod-section\" data-menulevel=\"1\" data-menutitle=\"Parameters.\" data-menuindex=\"2\">\n<p><span style=\"font-weight: 400;\">MiWo seina sandwich-paneelide parameetrid<\/span>:<\/p>\n<p>&nbsp;<\/p>\n<table cellspacing=\"10\" cellpadding=\"10\">\n<tbody>\n<tr>\n<td><strong>Paksus [mm]<\/strong><\/td>\n<td>80\u00a0 100\u00a0 120\u00a0 150 160 180\u00a0 200\u00a0 220<\/td>\n<\/tr>\n<tr>\n<td><strong>Mooduli laius [mm]<\/strong><\/td>\n<td>1000\u00a0 1100 1150<\/td>\n<\/tr>\n<tr>\n<td><strong>Pikkus [mm]<\/strong><\/td>\n<td>2000 \u2013 14500<\/td>\n<\/tr>\n<tr>\n<td><strong>Kattekihtide standardv\u00e4rvid [RAL]<\/strong><\/td>\n<td>5010 \u00a0 7016 \u00a0 7035 \u00a0 9002 \u00a0 9010 \u00a0 9006 \u00a0 9007<\/td>\n<\/tr>\n<tr>\n<td><strong>Paneelide konstruktsiooni k\u00fclge kinnituss\u00fcsteemid (lukk)<\/strong><\/td>\n<td>standard<\/td>\n<\/tr>\n<tr>\n<td><strong>Paneeli t\u00fc\u00fcp<\/strong><\/td>\n<td>sein<\/td>\n<\/tr>\n<\/tbody>\n<\/table>\n<\/div>\n","protected":false},"excerpt":{"rendered":"<p><span style=\"font-weight: 400;\">Arpanel S MiWo seina sandwich &#8211; paneelid, mis on valmistatud mineraalvillast, on m\u00f5eldud seinte valmistamiseks mitmesugustes ehitusobjektides, terasest ja raudbetoonkonstruktsioonidest. S MiWo seina sandwich-paneele rakendatakse t\u00f6\u00f6stus, &#8211; kaubandus -ja kommunaalhoonetes, peamiselt objektide puhul, millel on k\u00f5rged n\u00f5uded tulekaitseeeskirjade ja akustilise soojusparameetrite kohta, tagades samaaegselt objektide kvaliteetse soojusisolatsiooni.<\/span><\/p>\n<p>Miinimumkogus 150 m2.<\/p>\n<p>Tegemist on 100mm paneeli n\u00e4idishinnaga. Palun saatke oma p\u00e4ring: order@factory.sale<\/p>\n","protected":false},"featured_media":1361,"comment_status":"open","ping_status":"closed","template":"","meta":{"_acf_changed":false},"factory":[],"free-shipment":[],"product_brand":[],"product_cat":[197,199],"product_tag":[145],"class_list":{"0":"post-1359","1":"product","2":"type-product","3":"status-publish","4":"has-post-thumbnail","6":"product_cat-sandwich-paneelid","7":"product_cat-mineraalvill","8":"product_tag-sandwich-panel-et","10":"first","11":"instock","12":"sale","13":"taxable","14":"shipping-taxable","15":"purchasable","16":"product-type-simple"},"acf":[],"_links":{"self":[{"href":"https:\/\/factory.sale\/et\/wp-json\/wp\/v2\/product\/1359","targetHints":{"allow":["GET"]}}],"collection":[{"href":"https:\/\/factory.sale\/et\/wp-json\/wp\/v2\/product"}],"about":[{"href":"https:\/\/factory.sale\/et\/wp-json\/wp\/v2\/types\/product"}],"replies":[{"embeddable":true,"href":"https:\/\/factory.sale\/et\/wp-json\/wp\/v2\/comments?post=1359"}],"wp:featuredmedia":[{"embeddable":true,"href":"https:\/\/factory.sale\/et\/wp-json\/wp\/v2\/media\/1361"}],"wp:attachment":[{"href":"https:\/\/factory.sale\/et\/wp-json\/wp\/v2\/media?parent=1359"}],"wp:term":[{"taxonomy":"factory","embeddable":true,"href":"https:\/\/factory.sale\/et\/wp-json\/wp\/v2\/factory?post=1359"},{"taxonomy":"free-shipment","embeddable":true,"href":"https:\/\/factory.sale\/et\/wp-json\/wp\/v2\/free-shipment?post=1359"},{"taxonomy":"product_brand","embeddable":true,"href":"https:\/\/factory.sale\/et\/wp-json\/wp\/v2\/product_brand?post=1359"},{"taxonomy":"product_cat","embeddable":true,"href":"https:\/\/factory.sale\/et\/wp-json\/wp\/v2\/product_cat?post=1359"},{"taxonomy":"product_tag","embeddable":true,"href":"https:\/\/factory.sale\/et\/wp-json\/wp\/v2\/product_tag?post=1359"}],"curies":[{"name":"wp","href":"https:\/\/api.w.org\/{rel}","templated":true}]}}