{"id":1356,"date":"2019-08-28T17:20:08","date_gmt":"2019-08-28T17:20:08","guid":{"rendered":"https:\/\/factory.sale\/product\/areco-spirit-panel-mw-wall-panels\/"},"modified":"2025-03-21T23:23:47","modified_gmt":"2025-03-21T20:23:47","slug":"arpanel-mw-seina-paneelid","status":"publish","type":"product","link":"https:\/\/factory.sale\/et\/toode\/arpanel-mw-seina-paneelid\/","title":{"rendered":"Arpanel &#8211; MW Seina paneelid"},"content":{"rendered":"<p><span style=\"font-weight: 400;\">Arpanel tehasel on lai valik sandwich-paneele, kas mineraalvillaga (MW) v\u00f5i pol\u00fcuretaaniga (PIR). Paneelis\u00fcsteem on m\u00f5eldud peamiselt seina -ja katusekonstruktsioonide v\u00e4liseks kasutamiseks, kuid seda saab kasutada ka sisustusmaterjalina. <\/span><span style=\"font-weight: 400;\">Erinevate profiilide ja v\u00e4rvide lai valik suurendab v\u00e4ga diferentseeritud v\u00e4limuse variatsiooniv\u00f5imalusi.<\/span><\/p>\n<ul>\n<li><span style=\"font-weight: 400;\">Mineraalvillast s\u00fcdamik, A2-s1, d0<br \/>\n<\/span><\/li>\n<li>K\u00f5rge tulekindlus EI240<\/li>\n<li><span style=\"font-weight: 400;\">Suurep\u00e4rane soojus -ja heliisolatsioon<\/span><\/li>\n<li><span style=\"font-weight: 400;\">Pikkused: 910-12 000 mm<\/span><\/li>\n<li><span style=\"font-weight: 400;\">Mooduli k\u00f5rgus: 1150, 1100, 1000 mm<\/span><\/li>\n<li><span style=\"font-weight: 400;\">Paksus: 100-300mm<\/span><\/li>\n<li><span style=\"font-weight: 400;\">Sissetungimise kaitse vastavalt 2. kaitseklassile<\/span><\/li>\n<li><span style=\"font-weight: 400;\">Kiired tarned<\/span><\/li>\n<li><span style=\"font-weight: 400;\">Tehniline tugi kogu ehitusperioodi jooksul<\/span><\/li>\n<\/ul>\n<p>&nbsp;<\/p>\n<hr \/>\n<table border=\"0\" width=\"100%\">\n<tbody>\n<tr>\n<td bgcolor=\"#f1f1f1\" width=\"30%\"><strong>Pinna\u00a0materjal<\/strong><\/td>\n<td bgcolor=\"#f1f1f1\" width=\"70%\">Teras S280\u2013S320<\/td>\n<\/tr>\n<tr>\n<td width=\"30%\"><strong>Isolatsiooni materjal:<\/strong><\/td>\n<td width=\"70%\">Mineraalvill (MW)<\/td>\n<\/tr>\n<tr>\n<td valign=\"top\" bgcolor=\"#f1f1f1\" width=\"30%\"><strong>Pinnakate:<\/strong><\/td>\n<td bgcolor=\"#f1f1f1\" width=\"70%\">PE ja PVDF standardina.<\/p>\n<p>Karat ja muud erikatted, mis on saadaval eritellimusena.<\/td>\n<\/tr>\n<tr>\n<td width=\"30%\"><strong>V\u00e4rv:<\/strong><\/td>\n<td width=\"70%\">RAL-v\u00e4rvid (vaata toote bro\u0161\u00fc\u00fcri)<\/td>\n<\/tr>\n<tr>\n<td valign=\"top\" bgcolor=\"#f1f1f1\" width=\"30%\"><strong>Muster:<\/strong><\/td>\n<td bgcolor=\"#f1f1f1\" width=\"70%\">Sile pind<br \/>\nVarjusoon 150, 200, 600<br \/>\nProfiilide koostamine S50<br \/>\nMikroprofiil M10, M15<br \/>\nPerforeeritud sisemine \/ v\u00e4limine<\/td>\n<\/tr>\n<tr>\n<td width=\"30%\"><strong>Katte laius:<\/strong><\/td>\n<td width=\"70%\">1150, 1100, 1000 mm<\/td>\n<\/tr>\n<\/tbody>\n<\/table>\n<hr \/>\n<table border=\"0\" width=\"100%\">\n<tbody>\n<tr>\n<td align=\"center\" valign=\"middle\" bgcolor=\"#f1f1f1\" width=\"25%\"><strong>Paksus (mm)<\/strong><\/td>\n<td align=\"center\" valign=\"middle\" bgcolor=\"#f1f1f1\" width=\"25%\"><strong>U<sub>c<\/sub>\u00a0n\u00e4itaja (W\/m<sup>2<\/sup>K)<\/strong><\/td>\n<td align=\"center\" valign=\"middle\" bgcolor=\"#f1f1f1\" width=\"25%\"><strong>Kaal (kg\/m<sup>2<\/sup>)<\/strong><\/td>\n<td align=\"center\" valign=\"middle\" bgcolor=\"#f1f1f1\" width=\"25%\"><b>Tulekindlus<\/b><\/td>\n<\/tr>\n<tr>\n<td align=\"center\" valign=\"middle\" width=\"25%\">100<\/td>\n<td align=\"center\" valign=\"middle\" width=\"25%\">0,38<\/td>\n<td align=\"center\" valign=\"middle\" width=\"25%\">~20<\/td>\n<td align=\"center\" valign=\"middle\" width=\"25%\">EI120<\/td>\n<\/tr>\n<tr>\n<td align=\"center\" valign=\"middle\" width=\"25%\">120<\/td>\n<td align=\"center\" valign=\"middle\" width=\"25%\">0,31<\/td>\n<td align=\"center\" valign=\"middle\" width=\"25%\">~22<\/td>\n<td align=\"center\" valign=\"middle\" width=\"25%\">EI120<\/td>\n<\/tr>\n<tr>\n<td align=\"center\" valign=\"middle\" width=\"25%\">150<\/td>\n<td align=\"center\" valign=\"middle\" width=\"25%\">0,26<\/td>\n<td align=\"center\" valign=\"middle\" width=\"25%\">~25<\/td>\n<td align=\"center\" valign=\"middle\" width=\"25%\">EI120<\/td>\n<\/tr>\n<tr>\n<td align=\"center\" valign=\"middle\" width=\"25%\">175<\/td>\n<td align=\"center\" valign=\"middle\" width=\"25%\">0,22<\/td>\n<td align=\"center\" valign=\"middle\" width=\"25%\">~28<\/td>\n<td align=\"center\" valign=\"middle\" width=\"25%\">EI120<\/td>\n<\/tr>\n<tr>\n<td align=\"center\" valign=\"middle\" width=\"25%\">200<\/td>\n<td align=\"center\" valign=\"middle\" width=\"25%\">0,20<\/td>\n<td align=\"center\" valign=\"middle\" width=\"25%\">~31<\/td>\n<td align=\"center\" valign=\"middle\" width=\"25%\">EI120<\/td>\n<\/tr>\n<tr>\n<td align=\"center\" valign=\"middle\" width=\"25%\">240<\/td>\n<td align=\"center\" valign=\"middle\" width=\"25%\">0,16<\/td>\n<td align=\"center\" valign=\"middle\" width=\"25%\">~35<\/td>\n<td align=\"center\" valign=\"middle\" width=\"25%\">EI240<\/td>\n<\/tr>\n<tr>\n<td align=\"center\" valign=\"middle\" width=\"25%\">300<\/td>\n<td align=\"center\" valign=\"middle\" width=\"25%\">0,13<\/td>\n<td align=\"center\" valign=\"middle\" width=\"25%\">~41<\/td>\n<td align=\"center\" valign=\"middle\" width=\"25%\">EI240<\/td>\n<\/tr>\n<\/tbody>\n<\/table>\n<hr \/>\n<h4>Garantii MW<\/h4>\n<p>Arpanel annab oma sandwich-paneelidele objektikohase garantii, mis p\u00f5hineb objekti kohalikel tingimustel ja valitud toote omadustel.<\/p>\n","protected":false},"excerpt":{"rendered":"<p><span style=\"font-weight: 400;\">Arpanel tehasel on lai valik sandwich-paneele, kas mineraalvillaga (MW) v\u00f5i pol\u00fcuretaaniga (PIR). Paneelis\u00fcsteem on m\u00f5eldud peamiselt seina -ja katusekonstruktsioonide v\u00e4liseks kasutamiseks, kuid seda saab kasutada ka sisustusmaterjalina. <\/span><span style=\"font-weight: 400;\">Erinevate profiilide ja v\u00e4rvide lai valik suurendab v\u00e4ga diferentseeritud v\u00e4limuse variatsiooniv\u00f5imalusi.<\/span><\/p>\n<p>Miinimumkogus 150 m2.<\/p>\n<p>Tegemist on 100mm paneeli n\u00e4idishinnaga. Palun saatke oma p\u00e4ring: order@factory.sale<\/p>\n","protected":false},"featured_media":1358,"comment_status":"open","ping_status":"closed","template":"","meta":{"_acf_changed":false},"factory":[],"free-shipment":[],"product_brand":[],"product_cat":[199,197],"product_tag":[145],"class_list":{"0":"post-1356","1":"product","2":"type-product","3":"status-publish","4":"has-post-thumbnail","6":"product_cat-mineraalvill","7":"product_cat-sandwich-paneelid","8":"product_tag-sandwich-panel-et","10":"first","11":"instock","12":"sale","13":"taxable","14":"shipping-taxable","15":"purchasable","16":"product-type-simple"},"acf":[],"_links":{"self":[{"href":"https:\/\/factory.sale\/et\/wp-json\/wp\/v2\/product\/1356","targetHints":{"allow":["GET"]}}],"collection":[{"href":"https:\/\/factory.sale\/et\/wp-json\/wp\/v2\/product"}],"about":[{"href":"https:\/\/factory.sale\/et\/wp-json\/wp\/v2\/types\/product"}],"replies":[{"embeddable":true,"href":"https:\/\/factory.sale\/et\/wp-json\/wp\/v2\/comments?post=1356"}],"wp:featuredmedia":[{"embeddable":true,"href":"https:\/\/factory.sale\/et\/wp-json\/wp\/v2\/media\/1358"}],"wp:attachment":[{"href":"https:\/\/factory.sale\/et\/wp-json\/wp\/v2\/media?parent=1356"}],"wp:term":[{"taxonomy":"factory","embeddable":true,"href":"https:\/\/factory.sale\/et\/wp-json\/wp\/v2\/factory?post=1356"},{"taxonomy":"free-shipment","embeddable":true,"href":"https:\/\/factory.sale\/et\/wp-json\/wp\/v2\/free-shipment?post=1356"},{"taxonomy":"product_brand","embeddable":true,"href":"https:\/\/factory.sale\/et\/wp-json\/wp\/v2\/product_brand?post=1356"},{"taxonomy":"product_cat","embeddable":true,"href":"https:\/\/factory.sale\/et\/wp-json\/wp\/v2\/product_cat?post=1356"},{"taxonomy":"product_tag","embeddable":true,"href":"https:\/\/factory.sale\/et\/wp-json\/wp\/v2\/product_tag?post=1356"}],"curies":[{"name":"wp","href":"https:\/\/api.w.org\/{rel}","templated":true}]}}