{"id":1353,"date":"2019-08-28T17:20:08","date_gmt":"2019-08-28T17:20:08","guid":{"rendered":"https:\/\/factory.sale\/product\/cap\/"},"modified":"2024-06-26T06:59:32","modified_gmt":"2024-06-26T06:59:32","slug":"vahttuumaga-katusepaneelid","status":"publish","type":"product","link":"https:\/\/factory.sale\/et\/toode\/vahttuumaga-katusepaneelid\/","title":{"rendered":"VAHTTUUMAGA KATUSEPANEELID"},"content":{"rendered":"<p><strong>Eesm\u00e4rk:<\/strong><br \/>\nKatuseplaat laiendatud pol\u00fcst\u00fcreenist s\u00fcdamikuga<\/p>\n<p><strong>Tuum:<\/strong><br \/>\nK\u00f5va mineraalvill tihedusega 115 [kg \/ m3] v\u00f5i vahustatud pol\u00fcst\u00fcreen FS 15.<\/p>\n<p><strong>V\u00e4line kattekiht:<\/strong><br \/>\nTsingitud terasplekk, lakitud, kaitstud. tavaline PE<\/p>\n<p><strong>Sisemine kattekiht:<\/strong><br \/>\nTsingitud terasplekk, lakitud, kaitsestandard PE<\/p>\n<p><strong>Modulaarne laius:<\/strong> 1000 [mm]<\/p>\n<p><strong>Paksused (k\u00fchm):<\/strong> 135, 185, 235, 285 [mm]<\/p>\n<p><strong>Maks. pikkus:<\/strong> 12 500 [mm]<\/p>\n<p><strong>Saadaval olevad v\u00e4rvid:<\/strong> vastavalt RAL-i paletile<\/p>\n<p>&nbsp;<\/p>\n<div class=\"ibs\">\n<div class=\"ib ib-2\"><\/div>\n<div class=\"ib ib-2\">\n<div><\/div>\n<\/div>\n<div class=\"ib ib-2\"><\/div>\n<div class=\"ib ib-2\">\n<div><\/div>\n<\/div>\n<\/div>\n","protected":false},"excerpt":{"rendered":"<p><strong>Eesm\u00e4rk:<\/strong><br \/>\nKatuseplaat laiendatud pol\u00fcst\u00fcreenist s\u00fcdamikuga<\/p>\n<p><strong>Tuum:<\/strong><br \/>\nK\u00f5va mineraalvill tihedusega 115 [kg \/ m3] v\u00f5i vahustatud pol\u00fcst\u00fcreen FS 15.<\/p>\n<p>Miinimumkogus 200 m2.<\/p>\n<p>Tegemist on 100mm paneeli n\u00e4idishinnaga. Palun saatke oma p\u00e4ring: order@factory.sale<\/p>\n","protected":false},"featured_media":1355,"comment_status":"open","ping_status":"closed","template":"","meta":{"_acf_changed":false},"factory":[],"free-shipment":[],"product_brand":[],"product_cat":[197,198],"product_tag":[],"class_list":{"0":"post-1353","1":"product","2":"type-product","3":"status-publish","4":"has-post-thumbnail","6":"product_cat-sandwich-paneelid","7":"product_cat-sandwich-paneelid-eps","9":"first","10":"instock","11":"sale","12":"taxable","13":"shipping-taxable","14":"purchasable","15":"product-type-simple"},"acf":[],"_links":{"self":[{"href":"https:\/\/factory.sale\/et\/wp-json\/wp\/v2\/product\/1353","targetHints":{"allow":["GET"]}}],"collection":[{"href":"https:\/\/factory.sale\/et\/wp-json\/wp\/v2\/product"}],"about":[{"href":"https:\/\/factory.sale\/et\/wp-json\/wp\/v2\/types\/product"}],"replies":[{"embeddable":true,"href":"https:\/\/factory.sale\/et\/wp-json\/wp\/v2\/comments?post=1353"}],"wp:featuredmedia":[{"embeddable":true,"href":"https:\/\/factory.sale\/et\/wp-json\/wp\/v2\/media\/1355"}],"wp:attachment":[{"href":"https:\/\/factory.sale\/et\/wp-json\/wp\/v2\/media?parent=1353"}],"wp:term":[{"taxonomy":"factory","embeddable":true,"href":"https:\/\/factory.sale\/et\/wp-json\/wp\/v2\/factory?post=1353"},{"taxonomy":"free-shipment","embeddable":true,"href":"https:\/\/factory.sale\/et\/wp-json\/wp\/v2\/free-shipment?post=1353"},{"taxonomy":"product_brand","embeddable":true,"href":"https:\/\/factory.sale\/et\/wp-json\/wp\/v2\/product_brand?post=1353"},{"taxonomy":"product_cat","embeddable":true,"href":"https:\/\/factory.sale\/et\/wp-json\/wp\/v2\/product_cat?post=1353"},{"taxonomy":"product_tag","embeddable":true,"href":"https:\/\/factory.sale\/et\/wp-json\/wp\/v2\/product_tag?post=1353"}],"curies":[{"name":"wp","href":"https:\/\/api.w.org\/{rel}","templated":true}]}}