{"id":135187,"date":"2025-12-28T17:08:49","date_gmt":"2025-12-28T14:08:50","guid":{"rendered":"https:\/\/factory.sale\/?post_type=product&#038;p=135187"},"modified":"2026-01-14T10:22:37","modified_gmt":"2026-01-14T07:22:37","slug":"saunum-pro-experience-elektrikeris-koos-sisekliimaseadmega-12-kw","status":"publish","type":"product","link":"https:\/\/factory.sale\/et\/toode\/saunum-pro-experience-elektrikeris-koos-sisekliimaseadmega-12-kw\/","title":{"rendered":"Saunum Pro Experience elektrikeris koos sisekliimaseadmega 12 kW"},"content":{"rendered":"<p>Saunum Pro Experience elektrikeris 12 kW on t\u00e4iustatud saunaahi ja sisekliimaseade \u00fches, mis on loodud spetsiaalselt avalikesse saunadesse, spaadesse, heaolukeskustesse ning suurematesse erasaunadesse, kus kasutusintensiivsus on k\u00f5rge. Erinevalt tavap\u00e4rastest saunaahjudest kasutab Saunum Pro Experience patenteeritud \u00f5husegamiss\u00fcsteemi, mis kogub lae alla kogunenud k\u00f5ige kuumema leili, segab selle p\u00f5randa l\u00e4hedalt tuleva jahedama \u00f5huga ning jaotab pehmendatud leili \u00fchtlaselt tagasi kogu leiliruumi.<\/p>\n<p>T\u00e4nu suurele kivimahule ja nutikale \u00f5huringlusele on leil pehmem, niiskem ja kauakestvam. Hapnikurikas leil parandab hingamismugavust, v\u00e4hendab temperatuurierinevusi kogu saunas ning v\u00f5imaldab nautida pikemaid saunask\u00e4ike ilma v\u00e4simuse v\u00f5i peavaluta.<\/p>\n<p>Kui sisekliimaseadmesse paigutada Himaalaja soolapallid, vabanevad ringlevasse \u00f5hku looduslikud soolaioonid. Need liiguvad koos leiliga nahale ja hingamisteedesse, luues rahustava ja spaalaadse sauna\u00f5hkkonna. Aroomitarvikute lisamisel saab Saunum Pro Experience\u2019i kasutada ka aroomisaunana, mis on tervislik alternatiiv eeterlike \u00f5lide p\u00f5letamisele otse kuumadel kividel.<\/p>\n<p>Saunum Pro Experience on saadaval kahe kivikorvi variandiga.<br \/>\nLahtine kivikorv v\u00f5imaldab otsest vee viskamist kividele ning pakub klassikalist p\u00f5hjamaist leili koos visuaalselt kergema ja modernse disainiga.<br \/>\nSuletud (covered) kivikorv pakub minimalistlikumat ja kinnisemat v\u00e4limust, s\u00e4ilitades samas sama arenenud \u00f5husegamistehnoloogia ja leilikvaliteedi.<\/p>\n<p>Koos Saunum Leil juhtpuldi v\u00f5i Saunum Leil mobiilirakendusega on ahju kasutamine lihtne ning v\u00f5imalik on valida mitme eelseadistatud saunare\u017eiimi vahel. See muudab tavap\u00e4rase sauna mitmek\u00fclgseks 5-\u00fches spa-lahenduseks, mis h\u00f5lmab klassikalist p\u00f5hjamaist sauna, niisket leilisauna, mahedat l\u00f5\u00f5gastussauna, soolaioonidega rikastatud sauna ning aroomisauna.<\/p>\n<p><strong>Tehnilised andmed:<\/strong><\/p>\n<ul>\n<li>Ahju v\u00f5imsus: 12 kW<\/li>\n<li>Soovituslik leiliruumi maht: 12\u201316 m\u00b3<\/li>\n<li>Leiliruumi minimaalne k\u00f5rgus: 1850 mm<\/li>\n<li>Laius: 470 mm<\/li>\n<li>S\u00fcgavus: 455 mm<\/li>\n<li>Reguleeritav k\u00f5rgus: 1850\u20132400 mm<\/li>\n<li>Kaal: 48,5 kg<\/li>\n<li>V\u00e4rv: must<\/li>\n<\/ul>\n<p><strong>Kerisekivide kogus:<\/strong><\/p>\n<ul>\n<li>Lahtine kivikorv: saunakivid \u00d8 5\u201310 cm, ca 85 kg<\/li>\n<li>Suletud kivikorv: saunakivid \u00d8 5\u201310 cm, ca 80 kg<\/li>\n<\/ul>\n<p><strong>Elektriandmed:<\/strong><\/p>\n<ul>\n<li>Kaitse (3-faasiline): C20<\/li>\n<li>Toitekaabel (saunaahi): 5 \u00d7 4 mm\u00b2, 3-faasiline<\/li>\n<li>Toitekaabel (sisekliimaseade): 5 \u00d7 1,5 mm\u00b2, 1-faasiline (koos Saunum Leil juhtpuldiga)<\/li>\n<\/ul>\n<p><strong>Sisekliimaseade:<\/strong><\/p>\n<ul>\n<li>3 kiiruseastet<\/li>\n<li>Reguleeritav \u00f5huklapp<\/li>\n<\/ul>\n<p><strong>Ohutuskaugused:<\/strong><\/p>\n<p>Lahtine kivikorv:<\/p>\n<ul>\n<li>Ahju k\u00fclgedelt: 203 mm<\/li>\n<li>Eest: 250 mm<\/li>\n<li>Kividest laeni: 1040 mm<\/li>\n<\/ul>\n<p>Suletud kivikorv:<\/p>\n<ul>\n<li>Ahju k\u00fclgedelt: 50 mm<\/li>\n<li>Eest: 50 mm<\/li>\n<li>Kividest laeni: 1040 mm<\/li>\n<\/ul>\n<p><strong>Komplekti kuulub:<\/strong><\/p>\n<ul>\n<li>Saunaahi<\/li>\n<li>Integreeritud sisekliimaseade<\/li>\n<li>Himaalaja soolapallid (7 tk)<\/li>\n<\/ul>\n<p>M\u00e4rkus: saunakivid, toitekaablid ja juhtpult ei kuulu komplekti.<\/p>\n<p><strong>Juhtimine ja lisatarvikud:<\/strong><\/p>\n<ul>\n<li>\u00dchildub Saunum Leil juhtpuldiga<\/li>\n<li>\u00dchildub Saunum Leil mobiilirakendusega<\/li>\n<li>Valikuline aroomis\u00fcsteem aroomisauna jaoks<\/li>\n<\/ul>\n<p><strong>Saadaval variandid:<\/strong><\/p>\n<ul>\n<li>4745090018516 \u2013 must korpus, roostevabast terasest lahtine kivikorv<\/li>\n<li>4745090017960 \u2013 must korpus, suletud kivikorv<\/li>\n<\/ul>\n<p>&nbsp;<\/p>\n<div class=\"video-wrapper \"><iframe loading=\"lazy\" title=\"Saunum - Revolution in Sauna Technology (Europe version)\" width=\"500\" height=\"281\" src=\"https:\/\/www.youtube.com\/embed\/3fux1klBUp8?feature=oembed\" frameborder=\"0\" allow=\"accelerometer; autoplay; clipboard-write; encrypted-media; gyroscope; picture-in-picture; web-share\" referrerpolicy=\"strict-origin-when-cross-origin\" allowfullscreen><\/iframe><\/div>\n","protected":false},"excerpt":{"rendered":"<p>Saunum Pro Experience 12 kW on professionaalseks kasutuseks m\u00f5eldud elektriline saunaahi koos sisekliimaseadmega, mis tagab pehme, \u00fchtlase ja kauakestva leili ka intensiivses kasutuses. Patenteeritud \u00f5husegamistehnoloogia, suur kivimaht ja soolaioonidega rikastatud \u00f5hk loovad k\u00f5rgetasemelise spaalaadse saunaelamuse.<\/p>\n","protected":false},"featured_media":135078,"comment_status":"open","ping_status":"closed","template":"","meta":{"_acf_changed":false},"factory":[],"free-shipment":[],"product_brand":[4827],"product_cat":[306,328,4876,784],"product_tag":[2179,808,811],"class_list":{"0":"post-135187","1":"product","2":"type-product","3":"status-publish","4":"has-post-thumbnail","6":"product_brand-saunum","7":"product_cat-saunakerised","8":"product_cat-saunum","9":"product_cat-sisekliimaseadmed","10":"product_cat-sanitaartehnika","11":"product_tag-electric-heater-et","12":"product_tag-kerised","13":"product_tag-sauna-et","15":"first","16":"instock","17":"sale","18":"taxable","19":"shipping-taxable","20":"purchasable","21":"product-type-simple"},"acf":[],"_links":{"self":[{"href":"https:\/\/factory.sale\/et\/wp-json\/wp\/v2\/product\/135187","targetHints":{"allow":["GET"]}}],"collection":[{"href":"https:\/\/factory.sale\/et\/wp-json\/wp\/v2\/product"}],"about":[{"href":"https:\/\/factory.sale\/et\/wp-json\/wp\/v2\/types\/product"}],"replies":[{"embeddable":true,"href":"https:\/\/factory.sale\/et\/wp-json\/wp\/v2\/comments?post=135187"}],"wp:featuredmedia":[{"embeddable":true,"href":"https:\/\/factory.sale\/et\/wp-json\/wp\/v2\/media\/135078"}],"wp:attachment":[{"href":"https:\/\/factory.sale\/et\/wp-json\/wp\/v2\/media?parent=135187"}],"wp:term":[{"taxonomy":"factory","embeddable":true,"href":"https:\/\/factory.sale\/et\/wp-json\/wp\/v2\/factory?post=135187"},{"taxonomy":"free-shipment","embeddable":true,"href":"https:\/\/factory.sale\/et\/wp-json\/wp\/v2\/free-shipment?post=135187"},{"taxonomy":"product_brand","embeddable":true,"href":"https:\/\/factory.sale\/et\/wp-json\/wp\/v2\/product_brand?post=135187"},{"taxonomy":"product_cat","embeddable":true,"href":"https:\/\/factory.sale\/et\/wp-json\/wp\/v2\/product_cat?post=135187"},{"taxonomy":"product_tag","embeddable":true,"href":"https:\/\/factory.sale\/et\/wp-json\/wp\/v2\/product_tag?post=135187"}],"curies":[{"name":"wp","href":"https:\/\/api.w.org\/{rel}","templated":true}]}}