{"id":1350,"date":"2019-08-28T17:20:08","date_gmt":"2019-08-28T17:20:08","guid":{"rendered":"https:\/\/factory.sale\/product\/pir-sandwich-panel\/"},"modified":"2026-03-05T14:03:55","modified_gmt":"2026-03-05T11:03:55","slug":"arpanel-pir-sandwich-paneel","status":"publish","type":"product","link":"https:\/\/factory.sale\/et\/toode\/arpanel-pir-sandwich-paneel\/","title":{"rendered":"Arpanel PIR Sandwich-Paneel"},"content":{"rendered":"<p><span style=\"font-weight: 400;\">Arpanel pakub laia valikut uuenduslikke seina, -katuse v\u00f5i jahutuskihilisi plaate, mis sisaldavad <\/span><b>pol\u00fcisots\u00fcanuraatvahust<\/b> <b>(PIR)<\/b><span style=\"font-weight: 400;\"> valmistatud s\u00fcdamikku. Need plaadid koosnevad kahest vooderdisest, mis on valmistatud m\u00f5lemal k\u00fcljel galvaniseeritud teraslehtedest, orgaanilise pol\u00fcesterlakikihiga <\/span><b>25 um<\/b><span style=\"font-weight: 400;\">\u00a0ning konstruktsiooni -ja isolatsioonis\u00fcdamikuga, mis on valmistatud j\u00e4igast, freonivabast, isekustuvast PIR-vahtmaterjalist, millel on suurep\u00e4rane soojusisolatsioon ja tulekindlus. Soojusjuhtivuse koefitsient on <\/span><b>\u03bb = 0,022 W\/m * K. <\/b><span style=\"font-weight: 400;\">PIR-vahtusid iseloomustab tugevdatud vastupidavus k\u00f5rgetele temperatuuridele, nad lagunevad temperatuuril \u00fcle <\/span><b>325\u00baC <\/b><span style=\"font-weight: 400;\">ja nende karboniseerimine on ca. <\/span><b>50%.<\/b><span style=\"font-weight: 400;\"> Karboniseeritud kiht kaitseb k\u00f5rgete temperatuuride tungimist l\u00e4bi plaadi, mille tulemuseks on t\u00f5husam tulekaitsebarj\u00e4\u00e4r. Mitmekesised v\u00e4rvid ja profiilid toovad arhitektidele kaasa erinevaid v\u00f5imalusi. \u200b<\/span>\u00a0\u200b<\/p>\n<p><span style=\"font-weight: 400;\">Miinimumkogus 150 m2.<\/span><\/p>\n<ul>\n<li><span style=\"font-weight: 400;\">Profileeritud tina vooderdised, mis pakuvad seintele esteetilist v\u00e4limust<br \/>\n<\/span><\/li>\n<li><span style=\"font-weight: 400;\">Suur lukustusraadius, mis tagab tina kaitsekihi puutumatuse<br \/>\n<\/span><\/li>\n<li><span style=\"font-weight: 400;\">Kahekordne lukk, mis \u00fchendab kahte paneeli ja tagab k\u00f5rge tulekindluse<br \/>\n<\/span><\/li>\n<li><span style=\"font-weight: 400;\">Profileeritud servad, mis muudavad montaa\u017ei lihtsamaks ja mis suurendavad soojusisolatsiooni<br \/>\n<\/span><\/li>\n<li><span style=\"font-weight: 400;\">Tuum j\u00e4igast pol\u00fcuretaanvahust, millel on v\u00e4ga head termoinsuleerivad omadused<br \/>\n<\/span><\/li>\n<li><span style=\"font-weight: 400;\">Pidev pol\u00fcuretaantihend, mis s\u00e4ilitab tootmisprotsessi ajal rakendatud k\u00f5rge soojusisolatsiooni<br \/>\n<\/span><\/li>\n<li><span style=\"font-weight: 400;\">Alumiiniumfoolium, mis kaitseb pol\u00fcisots\u00fcanuraatvahust s\u00fcdamikku tungiva auru eest<\/span><\/li>\n<\/ul>\n<h4 class=\"blue\"><img loading=\"lazy\" decoding=\"async\" class=\"alignnone size-full wp-image-130395\" src=\"https:\/\/factory.sale\/wp-content\/uploads\/2019\/08\/ColoursFull.bmp\" alt=\"\" width=\"1661\" height=\"893\" \/><\/h4>\n<div id=\"productTab-technical\" class=\"productsNavigationTabContent r-tabs-panel r-tabs-state-active\">\n<div class=\"detailsTable\">\n<div>\n<div>1. Tuuma t\u00fc\u00fcp: J\u00e4ik pol\u00fcisots\u00fcanuraatvaht (PIR)<\/div>\n<\/div>\n<div>\n<div>2. Tuuma n\u00e4iv tihedus [kg\/m<sup>3<\/sup>]: 40 (+\/-10%)<\/div>\n<\/div>\n<div>\n<div>3. Paksus [mm]: 40, 60, 80, 100, 120<\/div>\n<\/div>\n<div>\n<div>4. Kaal* [kg\/m<sup>2<\/sup>]: 8, 10, 11, 12, 16, 18.<\/div>\n<\/div>\n<div>\n<div>5. Max pikkus [m]: 16,50<\/div>\n<\/div>\n<div>\n<div>6. Kogulaius [mm]: 1020 \/ 1160 ( for thick.. \u2265 60 mm and profilation L, M i F)<\/div>\n<\/div>\n<div>\n<div>7. S\u00fcsteemi laius[mm]:\u00a0 1000 \/ 1140 ( for thick. \u2265 60 mm and profilation L, M i F)<\/div>\n<\/div>\n<div>\n<div>8. V\u00e4lisvoodri profiilid: L &#8211; Linear, M &#8211; Mikro-profiling, F &#8211; Wavy, R &#8211; Grooving<\/div>\n<\/div>\n<div>\n<div>9. Sisevoodri profiilid: L &#8211; Linear, G &#8211; Smooth<\/div>\n<\/div>\n<div>\n<div>10. V\u00e4lisvoodri standardv\u00e4rvid**: <span class=\"color\">RAL 9002, <\/span><span class=\"color\">RAL 9006, <\/span><span class=\"color\">RAL 9007, <\/span><span class=\"color\">RAL 9010.<\/span><\/div>\n<\/div>\n<div>\n<div>11. Sisevoodri standardv\u00e4rvid**: <span class=\"color\">RAL 9002, <\/span><span class=\"color\">RAL 9010<\/span><\/div>\n<\/div>\n<div>\n<div>12. Kordaja U<sub>d,S<\/sub>\u00a0[W\/m<sup>2<\/sup>K] PIR tuum: 0,58 0,37 0,28 0,22 0,18<\/div>\n<\/div>\n<div>\n<div>13. Kordaja U<sub>d,S<\/sub>\u00a0[W\/m<sup>2<\/sup>K] PIR MAX tuum: 0,58 0,38 0,28 0,20 0,17<\/div>\n<\/div>\n<div>\n<div>14. Tulekindluse klassifikatsioon***: &#8212;EI 20, EI 20, EI 30<\/div>\n<\/div>\n<div>\n<div>15. Tule klassifikatsioon: B-s1,d0<\/div>\n<\/div>\n<div>\n<div>16. Tule levik: NRO<\/div>\n<div>17. Sertifikaadid, kinnitused, kinnituspitserid: DWU CE vastavalt EN 14509, H\u00fcgieenitunnistus, Talitluspidevuse sertifikaat EN 14509, Tulekindluse klassifikatsioon.<\/div>\n<\/div>\n<\/div>\n<\/div>\n<p>&nbsp;<\/p>\n","protected":false},"excerpt":{"rendered":"<p><span style=\"font-weight: 400;\">Arpanel pakub laia valikut uuenduslikke seina, -katuse v\u00f5i jahutuskihilisi plaate, mis sisaldavad<strong> pol\u00fcisots\u00fcanuraatvahust<\/strong> <strong>(PIR)<\/strong> valmistatud s\u00fcdamikku. Need plaadid koosnevad kahest vooderdisest, mis on valmistatud m\u00f5lemal k\u00fcljel galvaniseeritud teraslehtedest, orgaanilise pol\u00fcesterlakikihiga <strong>25 um<\/strong> ja konstruktsiooni- ja isolatsioonis\u00fcdamikuga, mis on valmistatud j\u00e4igast, freonivabast, isekustuvast PIR-vahtmaterjalist, millel on suurep\u00e4rane soojusisolatsioon ja tulekindlus. <\/span><\/p>\n<p><span style=\"font-weight: 400;\">Miinimumkogus 150 m2.<\/span><\/p>\n<p>Tegemist on 100mm paneeli n\u00e4idishinnaga. Palun saatke oma p\u00e4ring: order@factory.sale<\/p>\n","protected":false},"featured_media":1352,"comment_status":"open","ping_status":"closed","template":"","meta":{"_acf_changed":false},"factory":[],"free-shipment":[],"product_brand":[],"product_cat":[197,200],"product_tag":[161,145],"class_list":{"0":"post-1350","1":"product","2":"type-product","3":"status-publish","4":"has-post-thumbnail","6":"product_cat-sandwich-paneelid","7":"product_cat-sandwich-paneelid-pir-pur","8":"product_tag-sandwich-et-2","9":"product_tag-sandwich-panel-et","11":"first","12":"instock","13":"sale","14":"taxable","15":"shipping-taxable","16":"purchasable","17":"product-type-simple"},"acf":[],"_links":{"self":[{"href":"https:\/\/factory.sale\/et\/wp-json\/wp\/v2\/product\/1350","targetHints":{"allow":["GET"]}}],"collection":[{"href":"https:\/\/factory.sale\/et\/wp-json\/wp\/v2\/product"}],"about":[{"href":"https:\/\/factory.sale\/et\/wp-json\/wp\/v2\/types\/product"}],"replies":[{"embeddable":true,"href":"https:\/\/factory.sale\/et\/wp-json\/wp\/v2\/comments?post=1350"}],"wp:featuredmedia":[{"embeddable":true,"href":"https:\/\/factory.sale\/et\/wp-json\/wp\/v2\/media\/1352"}],"wp:attachment":[{"href":"https:\/\/factory.sale\/et\/wp-json\/wp\/v2\/media?parent=1350"}],"wp:term":[{"taxonomy":"factory","embeddable":true,"href":"https:\/\/factory.sale\/et\/wp-json\/wp\/v2\/factory?post=1350"},{"taxonomy":"free-shipment","embeddable":true,"href":"https:\/\/factory.sale\/et\/wp-json\/wp\/v2\/free-shipment?post=1350"},{"taxonomy":"product_brand","embeddable":true,"href":"https:\/\/factory.sale\/et\/wp-json\/wp\/v2\/product_brand?post=1350"},{"taxonomy":"product_cat","embeddable":true,"href":"https:\/\/factory.sale\/et\/wp-json\/wp\/v2\/product_cat?post=1350"},{"taxonomy":"product_tag","embeddable":true,"href":"https:\/\/factory.sale\/et\/wp-json\/wp\/v2\/product_tag?post=1350"}],"curies":[{"name":"wp","href":"https:\/\/api.w.org\/{rel}","templated":true}]}}