{"id":134864,"date":"2025-12-22T04:10:21","date_gmt":"2025-12-22T01:26:42","guid":{"rendered":"https:\/\/factory.sale\/?post_type=product&#038;p=134864"},"modified":"2026-02-03T17:38:20","modified_gmt":"2026-02-03T14:38:20","slug":"taika-luksuslik-8-kohaline-puukuttega-kumblustunn","status":"publish","type":"product","link":"https:\/\/factory.sale\/et\/toode\/taika-luksuslik-8-kohaline-puukuttega-kumblustunn\/","title":{"rendered":"TAIKA \u2013 luksuslik 8-kohaline puuk\u00fcttega k\u00fcmblust\u00fcnn"},"content":{"rendered":"<p><video style=\"max-width: 100%; height: auto; display: block;\" preload=\"auto\" autoplay=\"autoplay\" loop=\"loop\" muted=\"\" controls=\"controls\" width=\"1500\" height=\"3750\"><source src=\"https:\/\/fispars.fi\/wp-content\/uploads\/2024\/10\/video-8lle-palju-quattro-2.0\u00d71.7-1400l.mp4?_=1\" \/>Your browser does not support the video tag.<\/video><\/p>\n<p>&nbsp;<\/p>\n<p><strong>Miks valida Taika k\u00fcmblust\u00fcnn?<br \/>\n<\/strong><br \/>\nTaika on meie valiku \u00fcks avaramaid ja luksuslikumaid puuk\u00fcttega k\u00fcmblust\u00fcnne. See nelinurkne meistriteos on loodud spetsiaalselt p\u00f5hjamaise kliima jaoks neile, kes hindavad kvaliteeti ja mugavust.<\/p>\n<p>&nbsp;<\/p>\n<p><strong>Mahukas ja ergonoomiline: Sobib ideaalselt 8\u201310 inimesele (maht 1400 l)<br \/>\n<\/strong><\/p>\n<ul>\n<li>P\u00f5hjamaa kvaliteet: Loodud aastaringselt nautimiseks, ka k\u00f5ige karmimatel talvedel.<\/li>\n<li>Kiire soojendus: V\u00f5imas 35 kW ahi soojendab vee suplusvalmiks vaid 1,5 tunniga.<\/li>\n<\/ul>\n<p>&nbsp;<\/p>\n<p><strong>Eksklusiivsed materjalid ja hooldusvabadus<\/strong><\/p>\n<ol>\n<li>Soome kuumt\u00f6\u00f6deldud termopuit: V\u00e4lisvooder on valmistatud vastupidavast 18 mm paksusest termopuidust, mis annab paljule kauni tumeda v\u00e4limuse ja kestab aastaid.<\/li>\n<li>H\u00fcgieeniline klaasplast sisu: Sisu on stiilses bee\u017eis (RAL1013) toonis, kergesti puhastatav ning Gelcoat-kattega, mis on m\u00f5eldud meretingimustes kasutamiseks.<\/li>\n<li>Energiat\u00f5hus disain: Patenteeritud \u00ae nelinurkne kuju (2,0 x 1,7 m) on eriti ergonoomiline, hoides veekulu madalana, kuid pakkudes samas kuninglikku ruumi.<\/li>\n<\/ol>\n<p>&nbsp;<\/p>\n<p>&nbsp;<\/p>\n<p>&nbsp;<\/p>\n<p><strong>Hinna sisse kuulub:<\/strong><\/p>\n<ul>\n<li>18 mm Soome termopuiduga vooderdatud bee\u017e (RAL1013) klaasplastist k\u00fcmblust\u00fcnn \u201eTaika\u201c (1,7 x 2 m)<\/li>\n<li>Gelcoat-kihiga<\/li>\n<li>35 kW v\u00e4line merealumiiniumist ahi<\/li>\n<li>2 m korsten koos kuumakaitse ja vihmam\u00fctsiga<\/li>\n<li>Mustad l\u00e4biviigud (paigaldatud)<\/li>\n<li>Ahju \u00fchendamiseks vajalikud osad<\/li>\n<li>1 lambiga LED-valgusti<\/li>\n<li>Soojustatud termokate (70 mm paksune EPS)<\/li>\n<li>8 d\u00fc\u00fcsiga mullis\u00fcsteem<\/li>\n<li>Joogiriiul (1 tk)<\/li>\n<li>LUX-trepid (termopuidust)<\/li>\n<li>Raam ja p\u00f5hjaplaat<\/li>\n<li>4 integreeritud pehmet peatuge<\/li>\n<li>V\u00e4ljalaskekraan<\/li>\n<\/ul>\n<p>&nbsp;<\/p>\n<p><strong>Tehnilised andmed:<\/strong><\/p>\n<table style=\"height: 654px;\" width=\"422\">\n<thead>\n<tr>\n<th><b>N\u00e4itaja<\/b><\/th>\n<th><b>Andmed<\/b><\/th>\n<\/tr>\n<\/thead>\n<tbody>\n<tr>\n<td><span style=\"font-weight: 400;\">Mahutavus (inimest)<\/span><\/td>\n<td><span style=\"font-weight: 400;\">8<\/span><\/td>\n<\/tr>\n<tr>\n<td><span style=\"font-weight: 400;\">Maht<\/span><\/td>\n<td><span style=\"font-weight: 400;\">1400 l<\/span><\/td>\n<\/tr>\n<tr>\n<td><span style=\"font-weight: 400;\">Kaal<\/span><\/td>\n<td><span style=\"font-weight: 400;\">240 kg<\/span><\/td>\n<\/tr>\n<tr>\n<td><span style=\"font-weight: 400;\">T\u00fcnni k\u00f5rgus<\/span><\/td>\n<td><span style=\"font-weight: 400;\">1.1 m<\/span><\/td>\n<\/tr>\n<tr>\n<td><span style=\"font-weight: 400;\">T\u00fcnni s\u00fcgavus<\/span><\/td>\n<td><span style=\"font-weight: 400;\">0.96 m<\/span><\/td>\n<\/tr>\n<tr>\n<td><span style=\"font-weight: 400;\">Istmete k\u00f5rgus<\/span><\/td>\n<td><span style=\"font-weight: 400;\">290 mm<\/span><\/td>\n<\/tr>\n<tr>\n<td><span style=\"font-weight: 400;\">Istmete laius<\/span><\/td>\n<td><span style=\"font-weight: 400;\">460 mm<\/span><\/td>\n<\/tr>\n<tr>\n<td><span style=\"font-weight: 400;\">Termopuitvooder (p\u00fcstlaudis)<\/span><\/td>\n<td><span style=\"font-weight: 400;\">18 mm<\/span><\/td>\n<\/tr>\n<tr>\n<td><span style=\"font-weight: 400;\">Veekindel p\u00f5hjaplaat<\/span><\/td>\n<td><span style=\"font-weight: 400;\">9 mm<\/span><\/td>\n<\/tr>\n<tr>\n<td><span style=\"font-weight: 400;\">Integreeritud peatoed<\/span><\/td>\n<td><span style=\"font-weight: 400;\">4 tk<\/span><\/td>\n<\/tr>\n<\/tbody>\n<\/table>\n<p>&nbsp;<\/p>\n<p><strong>1400 liitri vee soojendamine 14 \u00b0C-st kuni 40 \u00b0C-ni 35 kW ahjuga v\u00f5tab aega umbes 1,5 tundi:<\/strong><\/p>\n<p><img loading=\"lazy\" decoding=\"async\" class=\"alignnone wp-image-134865\" src=\"https:\/\/factory.sale\/wp-content\/uploads\/2025\/12\/Taika-hot-tub-info-factory-sale-300x200.png\" alt=\"\" width=\"518\" height=\"345\" srcset=\"https:\/\/factory.sale\/wp-content\/uploads\/2025\/12\/Taika-hot-tub-info-factory-sale-300x200.png 300w, https:\/\/factory.sale\/wp-content\/uploads\/2025\/12\/Taika-hot-tub-info-factory-sale-1024x683.png 1024w, https:\/\/factory.sale\/wp-content\/uploads\/2025\/12\/Taika-hot-tub-info-factory-sale-150x100.png 150w, https:\/\/factory.sale\/wp-content\/uploads\/2025\/12\/Taika-hot-tub-info-factory-sale-768x512.png 768w, https:\/\/factory.sale\/wp-content\/uploads\/2025\/12\/Taika-hot-tub-info-factory-sale-600x400.png 600w, https:\/\/factory.sale\/wp-content\/uploads\/2025\/12\/Taika-hot-tub-info-factory-sale.png 1536w\" sizes=\"auto, (max-width: 518px) 100vw, 518px\" \/><\/p>\n<p>&nbsp;<\/p>\n<p>&nbsp;<\/p>\n<p><strong>Lisatasu eest saadaval (hinnad ilma k\u00e4ibemaksuta):<\/strong><\/p>\n<ul>\n<li>6\u201315 kW elektrikeris koos filtriga (400V) \u2013 769\u20131322 EUR<\/li>\n<li>2 kW hooldussoojendi (230V) \u2013 475 EUR<\/li>\n<li>Filtris\u00fcsteem \u2013 317 EUR<\/li>\n<li>PU-isolatsioon \u2013 305,10 EUR<\/li>\n<li>Ahju l\u00e4biviikude korgid (2 tk) \u2013 15 EUR<\/li>\n<li>S\u00e4demep\u00fc\u00fcdja \u2013 26 EUR<\/li>\n<li>90-kraadised p\u00f5lved (2 tk) \u2013 40 EUR<\/li>\n<li>Tuhak\u00fchvel \u2013 26 EUR<\/li>\n<li>Jalgade pesukauss \u2013 97 EUR<\/li>\n<li>K\u00fcmblust\u00fcnni k\u00e4sipuu \u2013 110 EUR<\/li>\n<li>Vee segamism\u00f5la \u2013 46 EUR<\/li>\n<li>Korstna lisaosa (1 m) \u2013 34 EUR<\/li>\n<li>Termomeeter \u2013 8 EUR<\/li>\n<\/ul>\n","protected":false},"excerpt":{"rendered":"<p><strong>TAIKA \u2013 luksuslik 8-kohaline puuk\u00fcttega k\u00fcmblust\u00fcnn<\/strong><br \/>\nLeia argip\u00e4eva Taika maagia \u2013 kui hetk on t\u00e4iuslik.<br \/>\nT\u00f6\u00f6p\u00e4eva seljataha j\u00e4tmine ei ole alati lihtne, kuid Taika k\u00fcmblust\u00fcnn ootab Sind. Kujuta ette: \u00f5htup\u00e4ike v\u00e4rvib terrassi, kaskedest kostub kerge tuulesahin ja puuk\u00fcttega ahju esimesed leegid lubavad peagi soojust. Selles 1400-liitrilises ja 8-kohalises k\u00fcmblust\u00fcnnis on piisavalt ruumi nii pere naerule kui s\u00f5prade vaiksetele lugudele.<br \/>\nUnusta e-kirjad ja kiirustamine. Lase soojal veel ja puuk\u00fctte rahustaval pr\u00f5ksumisel viia endaga argip\u00e4eva mured. See ongi see \u00f5ige tunne \u2013 leia oma kodune Taika maagia.<\/p>\n<div><\/div>\n","protected":false},"featured_media":134870,"comment_status":"open","ping_status":"closed","template":"","meta":{"_acf_changed":false},"factory":[],"free-shipment":[],"product_brand":[],"product_cat":[2587,2209],"product_tag":[2842],"class_list":{"0":"post-134864","1":"product","2":"type-product","3":"status-publish","4":"has-post-thumbnail","6":"product_cat-klaasplastist-kumblustunnid","7":"product_cat-kumblustunnid","8":"product_tag-hot-tub-et","10":"first","11":"instock","12":"sale","13":"taxable","14":"shipping-taxable","15":"purchasable","16":"product-type-simple"},"acf":[],"_links":{"self":[{"href":"https:\/\/factory.sale\/et\/wp-json\/wp\/v2\/product\/134864","targetHints":{"allow":["GET"]}}],"collection":[{"href":"https:\/\/factory.sale\/et\/wp-json\/wp\/v2\/product"}],"about":[{"href":"https:\/\/factory.sale\/et\/wp-json\/wp\/v2\/types\/product"}],"replies":[{"embeddable":true,"href":"https:\/\/factory.sale\/et\/wp-json\/wp\/v2\/comments?post=134864"}],"wp:featuredmedia":[{"embeddable":true,"href":"https:\/\/factory.sale\/et\/wp-json\/wp\/v2\/media\/134870"}],"wp:attachment":[{"href":"https:\/\/factory.sale\/et\/wp-json\/wp\/v2\/media?parent=134864"}],"wp:term":[{"taxonomy":"factory","embeddable":true,"href":"https:\/\/factory.sale\/et\/wp-json\/wp\/v2\/factory?post=134864"},{"taxonomy":"free-shipment","embeddable":true,"href":"https:\/\/factory.sale\/et\/wp-json\/wp\/v2\/free-shipment?post=134864"},{"taxonomy":"product_brand","embeddable":true,"href":"https:\/\/factory.sale\/et\/wp-json\/wp\/v2\/product_brand?post=134864"},{"taxonomy":"product_cat","embeddable":true,"href":"https:\/\/factory.sale\/et\/wp-json\/wp\/v2\/product_cat?post=134864"},{"taxonomy":"product_tag","embeddable":true,"href":"https:\/\/factory.sale\/et\/wp-json\/wp\/v2\/product_tag?post=134864"}],"curies":[{"name":"wp","href":"https:\/\/api.w.org\/{rel}","templated":true}]}}