{"id":1347,"date":"2019-08-28T17:20:08","date_gmt":"2019-08-28T17:20:08","guid":{"rendered":"https:\/\/factory.sale\/product\/roof-sandwich-panel-in-the-shape-of-a-trapezoidal-sheet\/"},"modified":"2025-03-18T22:56:31","modified_gmt":"2025-03-18T19:56:31","slug":"katuse-sandwich-paneel-trapetsikujulise-lehe-kujul","status":"publish","type":"product","link":"https:\/\/factory.sale\/et\/toode\/katuse-sandwich-paneel-trapetsikujulise-lehe-kujul\/","title":{"rendered":"Katuse SANDWICH paneel trapetsikujulise lehe kujul"},"content":{"rendered":"<h2>Katuseplaat sobib ideaalselt ehituseks<\/h2>\n<section id=\"productHeader\" class=\"row\">\n<div id=\"productDescription\" class=\"col-md-12\">\n<p>Katuseplaat sobib ideaalselt ehituseks<\/p>\n<p>EuroPanels pakkumisest p\u00e4rit PolDeck TD on j\u00e4iga pol\u00fcuretaanvahuga s\u00fcdamikuga katuse sandwich-paneel, mis on kinnitatud tugikonstruktsiooni k\u00fclge pistiku abil, mis l\u00e4bib kogu paneeli paksuse.<\/p>\n<p><span style=\"font-weight: 400;\">Katuse sandwich-paneel j\u00e4iga pol\u00fcuretaanvahu s\u00fcdamikuga, mis on kinnitatud tugikonstruktsiooni k\u00fclge pistiku abil, mis l\u00e4bib kogu paneeli paksuse. PolDeck TD on universaalse plaadiga ja sobib erineva otstarbega hoonetele, katusekalle v\u00e4hemalt 4 \u00b0 (7%) pidevate paneelide jaoks ja 6 \u00b0 (10%) katuseaknade jaoks, mis on pikisuunas \u00fchendatud katuseakendega jne.<\/span><\/p>\n<p><strong>Poldeck TD katuse sandwich paneel on saadaval valikutes:<\/strong><\/p>\n<ul>\n<li><strong>AGRO<\/strong> &#8211; t\u00e4iendava kondensatsioonivastase kihiga laud, mille \u00fclesanne on imada hoonesse ilmuvat niiskust ja seej\u00e4rel vabastada niiskus \u00f5hku veeauru kujul;<\/li>\n<li><b>KATTUMINE<\/b>&#8211; L- ja P-sisek\u00fclje allapoole j\u00e4\u00e4mine vahemikus 50-300mm<\/li>\n<\/ul>\n<p><span style=\"font-weight: 400;\">On v\u00e4ga oluline \u00f5igesti m\u00f5\u00f5ta paigaldatavate PolDck TD paneelide pikkust, et v\u00e4ltida liiga pikkade (mittevajalikud j\u00e4\u00e4tmed) v\u00f5i liiga l\u00fchikeste (mis m\u00f5nikord takistab paigaldamist \u00fcldse) paneelide tellimist. Paneeli pikkused tuleks kindlaks m\u00e4\u00e4rata hoone projekteerimisel. Neid saab m\u00f5\u00f5ta ka valmis struktuuri p\u00f5hjal. M\u00f5\u00f5tmise eest vastutab klient.<\/span><\/p>\n<p><span style=\"font-weight: 400;\">Katuse tugistruktuur, mis on ette n\u00e4htud poldecki TD sandwich-paneelide kokkupanekuks, v\u00f5ib olla teras, puit v\u00f5i raudbetoon. Igat t\u00fc\u00fcpi konstruktsioonide jaoks kasutatakse erinevaid EuroPanelsi pakutavaid kinnituskruvisid.<\/span><\/p>\n<p><span style=\"font-weight: 400;\">Pidage kindlasti meeles, et nurkade vahekaugus, nende profiil, pikkus ja laius peavad vastama ehitusprojektile. Tugikonstruktsioon on paneele kandev konstruktsioon, mis kannab lume,- tuule -ja vihmakoormusi.<\/span><\/p>\n<p><span style=\"font-weight: 400;\">P\u00e4ikesevalguse ja katusepinna tugeva kuumutamise t\u00f5ttu on soovitatav teha katusepaneelid valgeks (nt RAL9010), samuti kasutada laiendusvuugid ja \u00fchenduspaneele kogu pikkuses &#8211; \u00fche osa l\u00fchendamine paneel. Sel viisil on lubatud paneelide asjakohane \u201et\u00f6\u00f6\u201c konstruktsiooni kallal ja katte pikkuse muutuste kompenseerimine.<\/span><\/p>\n<p>Miinimumkogus 200 m2.<\/p>\n<\/div>\n<\/section>\n<section id=\"productUsage\">\n<h2><strong>PolDeck TD sandwich-paneeli rakendus<\/strong><\/h2>\n<ul>\n<li>\u00c4ripinnad<\/li>\n<li>T\u00f6\u00f6stusrajatised<\/li>\n<li>Logistikakeskused<\/li>\n<li>Laod<\/li>\n<li>Saalid<\/li>\n<li>Puuvilja -ja pruulimistoad<\/li>\n<li>Muud rajatised<\/li>\n<\/ul>\n<p>&nbsp;<\/p>\n<\/section>\n<section id=\"productData\">\n<div class=\"tab-content\">\n<div id=\"opis\" class=\"tab-pane active\">\n<h3>Basic data PolDeck TD<\/h3>\n<div id=\"productsTechnicalPicture\" class=\"text-center\"><a class=\"fancybox\" title=\"PolDeck TD sandwich panel\" href=\"http:\/\/www.europanels.pl\/wp-content\/uploads\/PolDeck-TD-rysunek-techniczny.jpg\" target=\"_blank\" rel=\"noopener\"><img loading=\"lazy\" decoding=\"async\" class=\"attachment-full\" title=\"\" src=\"http:\/\/www.europanels.pl\/wp-content\/uploads\/PolDeck-TD-rysunek-techniczny.jpg\" alt=\"PolDeck TD - technical drawing\" width=\"800\" height=\"200\" \/><\/a><\/div>\n<table class=\"table table-condensed table-hover table-bordered\">\n<tbody>\n<tr>\n<th>Modular width (coverage) [mm]<\/th>\n<td>1065<\/td>\n<\/tr>\n<tr>\n<th>Fire resistance<\/th>\n<td>REI 15<\/td>\n<\/tr>\n<tr>\n<th>Core<\/th>\n<td>Europan PU Roof System Core &#8211; rigid polyurethane foam, \u03bb\u00a0<sub>D<\/sub>\u00a0\u00a0= 0.022 W \/ (m \u2219 K) at + 10 \u00b0 C including the aging effect, in accordance with PN-EN 14509: 2013-12<\/td>\n<\/tr>\n<tr>\n<th rowspan=\"2\">Options<\/th>\n<td><strong>AGRO<\/strong>\u00a0\u00a0&#8211; additional anti-condensation coating glued to the inner lining<\/td>\n<\/tr>\n<tr>\n<td><strong>OVERLAPPING<\/strong>\u00a0\u00a0&#8211; 50-300 mm undercutting of the inner lining L and P<\/td>\n<\/tr>\n<\/tbody>\n<\/table>\n<h3>Technical data PolDeck TD<\/h3>\n<table class=\"table table-condensed table-hover table-bordered aligncenter\">\n<tbody>\n<tr>\n<th>Available plate thicknesses [mm]<\/th>\n<th>Heat transfer coefficient \u03bb\u00a0<sub>D<\/sub>\u00a0\u00a0[W \/ (m \u2219 K)]<\/th>\n<th>Heat transfer coefficient U\u00a0<sub>d, S<\/sub>\u00a0\u00a0[W \/ (m\u00b2 \u2219 K)]<\/th>\n<th>Weight of 1 m\u00b2 [kg]<\/th>\n<th>Maximum number of panels in the package [pcs.]<\/th>\n<\/tr>\n<tr>\n<th>40\/75<\/th>\n<th>0,022<\/th>\n<th>0.56<\/th>\n<th>10.7<\/th>\n<th>18<\/th>\n<\/tr>\n<tr>\n<th>60\/95<\/th>\n<th>0,022<\/th>\n<th>0.37<\/th>\n<th>11.5<\/th>\n<th>14<\/th>\n<\/tr>\n<tr>\n<th>80\/115<\/th>\n<th>0,022<\/th>\n<th>0.28<\/th>\n<th>12.3<\/th>\n<th>10<\/th>\n<\/tr>\n<tr>\n<th>100\/135<\/th>\n<th>0,022<\/th>\n<th>0.22<\/th>\n<th>13.0<\/th>\n<th>8<\/th>\n<\/tr>\n<tr>\n<th>120\/155<\/th>\n<th>0,022<\/th>\n<th>0.19<\/th>\n<th>13.8<\/th>\n<th>8<\/th>\n<\/tr>\n<tr>\n<th>145\/180<\/th>\n<th>0,022<\/th>\n<th>0.15<\/th>\n<th>14.8<\/th>\n<th>6<\/th>\n<\/tr>\n<tr>\n<th>165\/200<\/th>\n<th>0,022<\/th>\n<th>0.13<\/th>\n<th>15.6<\/th>\n<th>5 &#8211; 6<\/th>\n<\/tr>\n<\/tbody>\n<\/table>\n<div id=\"productProfiling\">\n<p>&nbsp;<\/p>\n<\/div>\n<\/div>\n<\/div>\n<\/section>\n","protected":false},"excerpt":{"rendered":"<p>Katuse sandwich-paneel j\u00e4iga pol\u00fcuretaanvahu s\u00fcdamikuga, mis on kinnitatud tugikonstruktsiooni k\u00fclge pistiku abil, mis l\u00e4bib kogu paneeli paksuse. PolDeck TD on universaalse plaadiga ja sobib erineva otstarbega hoonetele, katusekalle v\u00e4hemalt 4 \u00b0 (7%) pidevate paneelide jaoks ja 6 \u00b0 (10%) katuseaknade jaoks, mis on pikisuunas \u00fchendatud katuseakendega jne.<\/p>\n<p>Miinimumkogus 200 m2.<\/p>\n<p>Tegemist on 100mm paneeli n\u00e4idishinnaga. Palun saatke oma p\u00e4ring: order@factory.sale<\/p>\n","protected":false},"featured_media":1349,"comment_status":"open","ping_status":"closed","template":"","meta":{"_acf_changed":false},"factory":[],"free-shipment":[],"product_brand":[],"product_cat":[197,200],"product_tag":[161,145],"class_list":{"0":"post-1347","1":"product","2":"type-product","3":"status-publish","4":"has-post-thumbnail","6":"product_cat-sandwich-paneelid","7":"product_cat-sandwich-paneelid-pir-pur","8":"product_tag-sandwich-et-2","9":"product_tag-sandwich-panel-et","11":"first","12":"instock","13":"sale","14":"taxable","15":"shipping-taxable","16":"purchasable","17":"product-type-simple"},"acf":[],"_links":{"self":[{"href":"https:\/\/factory.sale\/et\/wp-json\/wp\/v2\/product\/1347","targetHints":{"allow":["GET"]}}],"collection":[{"href":"https:\/\/factory.sale\/et\/wp-json\/wp\/v2\/product"}],"about":[{"href":"https:\/\/factory.sale\/et\/wp-json\/wp\/v2\/types\/product"}],"replies":[{"embeddable":true,"href":"https:\/\/factory.sale\/et\/wp-json\/wp\/v2\/comments?post=1347"}],"wp:featuredmedia":[{"embeddable":true,"href":"https:\/\/factory.sale\/et\/wp-json\/wp\/v2\/media\/1349"}],"wp:attachment":[{"href":"https:\/\/factory.sale\/et\/wp-json\/wp\/v2\/media?parent=1347"}],"wp:term":[{"taxonomy":"factory","embeddable":true,"href":"https:\/\/factory.sale\/et\/wp-json\/wp\/v2\/factory?post=1347"},{"taxonomy":"free-shipment","embeddable":true,"href":"https:\/\/factory.sale\/et\/wp-json\/wp\/v2\/free-shipment?post=1347"},{"taxonomy":"product_brand","embeddable":true,"href":"https:\/\/factory.sale\/et\/wp-json\/wp\/v2\/product_brand?post=1347"},{"taxonomy":"product_cat","embeddable":true,"href":"https:\/\/factory.sale\/et\/wp-json\/wp\/v2\/product_cat?post=1347"},{"taxonomy":"product_tag","embeddable":true,"href":"https:\/\/factory.sale\/et\/wp-json\/wp\/v2\/product_tag?post=1347"}],"curies":[{"name":"wp","href":"https:\/\/api.w.org\/{rel}","templated":true}]}}