{"id":13464,"date":"2022-09-24T14:00:12","date_gmt":"2022-09-24T14:05:31","guid":{"rendered":"https:\/\/factory.sale\/?post_type=product&#038;p=13464"},"modified":"2024-06-26T14:42:17","modified_gmt":"2024-06-26T14:42:17","slug":"elektriline-saunakeris-harvia-vega-bc90e-90kw","status":"publish","type":"product","link":"https:\/\/factory.sale\/et\/toode\/elektriline-saunakeris-harvia-vega-bc90e-90kw\/","title":{"rendered":"ELEKTRILINE SAUNAKERIS HARVIA VEGA BC90E, 9,0kW,"},"content":{"rendered":"<p>Harvia Vega on elegantne keris, mida on lihtne kasutada. Kerise roostevabast terasest v\u00e4liskest annab teie saunale kaasaegse ilme.<br \/>\nVegat on lihtne paigaldada eraldi paigaldusraamile. S\u00fcmmeetrilise disaini t\u00f5ttu ei ole vaja muuta kerise k\u00e4elisust \u2013 see on lihtsalt valitud. Elektri\u00fchendused on tehtud kerise k\u00fcljelt, mis teeb paigaldamise lihtsaks.<br \/>\nVega konstruktsioon v\u00f5imaldab kerise paigaldada madalale sauna seinale. See v\u00f5imaldab soojusel kogu saunas \u00fchtlaselt levida, tagades, et ka alumised pingid naudivad rohkelt soojust.<br \/>\nMudeleid BC45E, BC60E, BC80E ja BC90E juhitakse eraldi juhtseadmega.<\/p>\n<p>&nbsp;<\/p>\n<p><strong>Lisainformatsioon:<\/strong><\/p>\n<ul>\n<li>Tootekood: HCBE900400S<\/li>\n<li>V\u00e4ljund, kW: 9,0<\/li>\n<li>Saunaruum min &#8211; max suurus, m3: 8 &#8211; 14<\/li>\n<li>M\u00f5\u00f5dud (KxLxS),mm : 540 x 480 x 310<\/li>\n<li>Kaal, kg: 11<\/li>\n<li>Kivi kandev\u00f5ime max, kg: 20<\/li>\n<li>Minimaalsed ohutuskaugused (lagi \/ k\u00fcljed): 1100 mm \/ 120 mm<\/li>\n<li>Toitepinge, faas: 400 V 3N~ \/ 230 V 1N~<\/li>\n<li>Kaitsme A: 3 x 16 \/ 1 x 50<\/li>\n<li>\u00dchenduskaabel, mm2: 5 x 2,5 \/ 3 x 10<\/li>\n<li>Juhtseade: Vajab eraldi juhtseadet<\/li>\n<li>Veepaagi maht, l &#8211;<\/li>\n<li>Kivid: ei kuulu komplekti (<a href=\"https:\/\/factory.sale\/et\/toode\/kerise-kivid\/\">osta kivid siit<\/a>)<\/li>\n<\/ul>\n<p>&nbsp;<\/p>\n<p>&nbsp;<\/p>\n<p><a href=\"https:\/\/factory.sale\/wp-content\/uploads\/2022\/09\/Manual_Harvia_Electric_Heater_Vega_ENG.pdf\" target=\"_blank\" rel=\"noopener noreferrer\">Manuaal<\/a><\/p>\n","protected":false},"excerpt":{"rendered":"<p>Lihtne tipp-klassi keris!<\/p>\n<p>Harvia Vega on elegantne keris, mida on lihtne kasutada. Kerise roostevabast terasest v\u00e4liskest annab teie saunale kaasaegse ilme.<\/p>\n","protected":false},"featured_media":10615,"comment_status":"open","ping_status":"closed","template":"","meta":{"_acf_changed":false},"factory":[],"free-shipment":[],"product_brand":[],"product_cat":[1420,306,784],"product_tag":[2179,1443,808,811,2176],"class_list":{"0":"post-13464","1":"product","2":"type-product","3":"status-publish","4":"has-post-thumbnail","6":"product_cat-harvia-et","7":"product_cat-saunakerised","8":"product_cat-sanitaartehnika","9":"product_tag-electric-heater-et","10":"product_tag-harvia-et","11":"product_tag-kerised","12":"product_tag-sauna-et","13":"product_tag-sauna-heater-et","15":"first","16":"instock","17":"sale","18":"taxable","19":"shipping-taxable","20":"purchasable","21":"product-type-simple"},"acf":[],"_links":{"self":[{"href":"https:\/\/factory.sale\/et\/wp-json\/wp\/v2\/product\/13464","targetHints":{"allow":["GET"]}}],"collection":[{"href":"https:\/\/factory.sale\/et\/wp-json\/wp\/v2\/product"}],"about":[{"href":"https:\/\/factory.sale\/et\/wp-json\/wp\/v2\/types\/product"}],"replies":[{"embeddable":true,"href":"https:\/\/factory.sale\/et\/wp-json\/wp\/v2\/comments?post=13464"}],"wp:featuredmedia":[{"embeddable":true,"href":"https:\/\/factory.sale\/et\/wp-json\/wp\/v2\/media\/10615"}],"wp:attachment":[{"href":"https:\/\/factory.sale\/et\/wp-json\/wp\/v2\/media?parent=13464"}],"wp:term":[{"taxonomy":"factory","embeddable":true,"href":"https:\/\/factory.sale\/et\/wp-json\/wp\/v2\/factory?post=13464"},{"taxonomy":"free-shipment","embeddable":true,"href":"https:\/\/factory.sale\/et\/wp-json\/wp\/v2\/free-shipment?post=13464"},{"taxonomy":"product_brand","embeddable":true,"href":"https:\/\/factory.sale\/et\/wp-json\/wp\/v2\/product_brand?post=13464"},{"taxonomy":"product_cat","embeddable":true,"href":"https:\/\/factory.sale\/et\/wp-json\/wp\/v2\/product_cat?post=13464"},{"taxonomy":"product_tag","embeddable":true,"href":"https:\/\/factory.sale\/et\/wp-json\/wp\/v2\/product_tag?post=13464"}],"curies":[{"name":"wp","href":"https:\/\/api.w.org\/{rel}","templated":true}]}}