{"id":13454,"date":"2022-09-24T13:16:32","date_gmt":"2022-09-24T13:21:14","guid":{"rendered":"https:\/\/factory.sale\/?post_type=product&#038;p=13454"},"modified":"2025-03-17T22:59:51","modified_gmt":"2025-03-17T19:59:51","slug":"juhtseade-harvia-xenio-cx170","status":"publish","type":"product","link":"https:\/\/factory.sale\/et\/toode\/juhtseade-harvia-xenio-cx170\/","title":{"rendered":"Juhtseade Harvia Xenio CX170"},"content":{"rendered":"<p>Harvia Xenio on puutetundliku juhtpaneeliga juhtseade. Xenio annab kaasaegse ja peenelt stiilse kasutajaliidese sauna s\u00fcdamesse \u00a0kerise juhtimiseks. Stiilset ja v\u00e4ikest, kuid selget puutetundlikku juhtpaneeli on lihtne paigaldada sinna, kuhu soovite: sauna, du\u0161iruumi, riietusruumi v\u00f5i isegi elutuppa. Juhtpaneel v\u00f5imaldab teil \u00fche pilguga n\u00e4ha, millal teie saun on teile sobiva temperatuuriga.<\/p>\n<p>&nbsp;<\/p>\n<ul>\n<li>Elektrilise k\u00fcttekeha juhtimiseks<\/li>\n<li>temperatuuri reguleerimise vahemik: 40\u2013110 \u02daC<\/li>\n<li>t\u00f6\u00f6aja reguleerimise vahemik:\u00a0peresaun 1\u20136 h, \u00e4risaun 1\u201312 h<\/li>\n<li>eelseadistatud aja reguleerimisvahemik: 0\u201312 h<\/li>\n<li>valgustuse ja ventilaatori juhtimine<\/li>\n<li>maksimaalne v\u00f5imsus: 17 kW (v\u00f5imalik pikendada LTY17 v\u00f5imsusega 34 kW-ni)<\/li>\n<li>toiteploki toitepinge: 400 V 3N~<\/li>\n<\/ul>\n<p>&nbsp;<\/p>\n<p>&nbsp;<\/p>\n<p><a href=\"https:\/\/factory.sale\/wp-content\/uploads\/2022\/09\/harvia_manual_2.pdf\" target=\"_blank\" rel=\"noopener noreferrer\">Manual<\/a><\/p>\n","protected":false},"excerpt":{"rendered":"<p>Harvia Xenio on puutetundliku juhtpaneeliga juhtseade. Xenio annab kaasaegse ja peenelt stiilse kasutajaliidese sauna s\u00fcdamesse \u00a0kerise juhtimiseks.<\/p>\n","protected":false},"featured_media":13443,"comment_status":"open","ping_status":"closed","template":"","meta":{"_acf_changed":false},"factory":[],"free-shipment":[],"product_brand":[],"product_cat":[2006,1345,784],"product_tag":[835,812,1443,811],"class_list":{"0":"post-13454","1":"product","2":"type-product","3":"status-publish","4":"has-post-thumbnail","6":"product_cat-harvia-et-2","7":"product_cat-juhtpuldid","8":"product_cat-sanitaartehnika","9":"product_tag-control-unit-et","10":"product_tag-electric-heater-control-et","11":"product_tag-harvia-et","12":"product_tag-sauna-et","14":"first","15":"instock","16":"sale","17":"taxable","18":"shipping-taxable","19":"purchasable","20":"product-type-simple"},"acf":[],"_links":{"self":[{"href":"https:\/\/factory.sale\/et\/wp-json\/wp\/v2\/product\/13454","targetHints":{"allow":["GET"]}}],"collection":[{"href":"https:\/\/factory.sale\/et\/wp-json\/wp\/v2\/product"}],"about":[{"href":"https:\/\/factory.sale\/et\/wp-json\/wp\/v2\/types\/product"}],"replies":[{"embeddable":true,"href":"https:\/\/factory.sale\/et\/wp-json\/wp\/v2\/comments?post=13454"}],"wp:featuredmedia":[{"embeddable":true,"href":"https:\/\/factory.sale\/et\/wp-json\/wp\/v2\/media\/13443"}],"wp:attachment":[{"href":"https:\/\/factory.sale\/et\/wp-json\/wp\/v2\/media?parent=13454"}],"wp:term":[{"taxonomy":"factory","embeddable":true,"href":"https:\/\/factory.sale\/et\/wp-json\/wp\/v2\/factory?post=13454"},{"taxonomy":"free-shipment","embeddable":true,"href":"https:\/\/factory.sale\/et\/wp-json\/wp\/v2\/free-shipment?post=13454"},{"taxonomy":"product_brand","embeddable":true,"href":"https:\/\/factory.sale\/et\/wp-json\/wp\/v2\/product_brand?post=13454"},{"taxonomy":"product_cat","embeddable":true,"href":"https:\/\/factory.sale\/et\/wp-json\/wp\/v2\/product_cat?post=13454"},{"taxonomy":"product_tag","embeddable":true,"href":"https:\/\/factory.sale\/et\/wp-json\/wp\/v2\/product_tag?post=13454"}],"curies":[{"name":"wp","href":"https:\/\/api.w.org\/{rel}","templated":true}]}}