{"id":1344,"date":"2019-08-28T17:20:08","date_gmt":"2019-08-28T17:20:08","guid":{"rendered":"https:\/\/factory.sale\/product\/isofrozen-wall-panel\/"},"modified":"2024-06-25T20:31:22","modified_gmt":"2024-06-25T20:31:22","slug":"isofrozen-wall-panel","status":"publish","type":"product","link":"https:\/\/factory.sale\/et\/toode\/isofrozen-wall-panel\/","title":{"rendered":"ISOFROZEN SEINAPANEEL"},"content":{"rendered":"<p>ISOFROZEN SEINAPANEEL ON SOBIV KASUTAMISEKS T\u00d6\u00d6STUSES, K\u00dcLMAS LADUSTAMISEL, TOOTMISES JA SISEMISTES OSADES.<\/p>\n<p>KASUTAMINE<br \/>\n<span style=\"font-weight: 400;\">Isofrozen on sandwich-paneel, mida kasutatakse seinte jaoks k\u00fclmhoonetes, kontrollitud temperatuuridega piirkondades ja sisemistes vaheseintes. Sellel on lab\u00fcrindi liigend, millel on n\u00e4htav kinnitus. V\u00f5imalik on valida liigendi t\u00fc\u00fcp, mis p\u00f5hineb n\u00f5utaval soojusisolatsioonil ja \u00f5hukindlusel.<\/span><\/p>\n<p>OMADUSED<br \/>\nKahekordse metallkattega kaetud paneel, millel on mikro-ribiline viimistlus<br \/>\nPol\u00fcuretaanist isolatsioon<br \/>\nV\u00f5imalus valida vuugi t\u00fc\u00fcp l\u00e4htuvalt vajalikust soojusisolatsioonist ja \u00f5hutihedusest<br \/>\nLiige koos n\u00e4htava kinnitusega<br \/>\nSeda saab paigaldada vertikaalselt v\u00f5i horisontaalselt<\/p>\n<p><img loading=\"lazy\" decoding=\"async\" class=\"alignnone size-full wp-image-360\" src=\"https:\/\/factory.sale\/wp-content\/uploads\/2019\/08\/Untitled.jpg\" alt=\"\" width=\"905\" height=\"490\" srcset=\"https:\/\/factory.sale\/wp-content\/uploads\/2019\/08\/Untitled.jpg 905w, https:\/\/factory.sale\/wp-content\/uploads\/2019\/08\/Untitled-150x81.jpg 150w, https:\/\/factory.sale\/wp-content\/uploads\/2019\/08\/Untitled-300x162.jpg 300w, https:\/\/factory.sale\/wp-content\/uploads\/2019\/08\/Untitled-600x325.jpg 600w\" sizes=\"auto, (max-width: 905px) 100vw, 905px\" \/><\/p>\n","protected":false},"excerpt":{"rendered":"<p>ISOFROZEN SEINAPANEEL ON SOBIV KASUTAMISEKS T\u00d6\u00d6STUSES, K\u00dcLMAS LADUSTAMISEL, TOOTMISES JA SISEMISTES OSADES.<\/p>\n<p>Miinimumkogus 200 m2.<\/p>\n<p>Tegemist on 100mm paneeli n\u00e4idishinnaga. Palun saatke oma p\u00e4ring: order@factory.sale<\/p>\n","protected":false},"featured_media":1346,"comment_status":"open","ping_status":"closed","template":"","meta":{"_acf_changed":false},"factory":[],"free-shipment":[],"product_brand":[],"product_cat":[200],"product_tag":[161,145],"class_list":{"0":"post-1344","1":"product","2":"type-product","3":"status-publish","4":"has-post-thumbnail","6":"product_cat-sandwich-paneelid-pir-pur","7":"product_tag-sandwich-et-2","8":"product_tag-sandwich-panel-et","10":"first","11":"instock","12":"sale","13":"taxable","14":"shipping-taxable","15":"purchasable","16":"product-type-simple"},"acf":[],"_links":{"self":[{"href":"https:\/\/factory.sale\/et\/wp-json\/wp\/v2\/product\/1344","targetHints":{"allow":["GET"]}}],"collection":[{"href":"https:\/\/factory.sale\/et\/wp-json\/wp\/v2\/product"}],"about":[{"href":"https:\/\/factory.sale\/et\/wp-json\/wp\/v2\/types\/product"}],"replies":[{"embeddable":true,"href":"https:\/\/factory.sale\/et\/wp-json\/wp\/v2\/comments?post=1344"}],"wp:featuredmedia":[{"embeddable":true,"href":"https:\/\/factory.sale\/et\/wp-json\/wp\/v2\/media\/1346"}],"wp:attachment":[{"href":"https:\/\/factory.sale\/et\/wp-json\/wp\/v2\/media?parent=1344"}],"wp:term":[{"taxonomy":"factory","embeddable":true,"href":"https:\/\/factory.sale\/et\/wp-json\/wp\/v2\/factory?post=1344"},{"taxonomy":"free-shipment","embeddable":true,"href":"https:\/\/factory.sale\/et\/wp-json\/wp\/v2\/free-shipment?post=1344"},{"taxonomy":"product_brand","embeddable":true,"href":"https:\/\/factory.sale\/et\/wp-json\/wp\/v2\/product_brand?post=1344"},{"taxonomy":"product_cat","embeddable":true,"href":"https:\/\/factory.sale\/et\/wp-json\/wp\/v2\/product_cat?post=1344"},{"taxonomy":"product_tag","embeddable":true,"href":"https:\/\/factory.sale\/et\/wp-json\/wp\/v2\/product_tag?post=1344"}],"curies":[{"name":"wp","href":"https:\/\/api.w.org\/{rel}","templated":true}]}}