{"id":1341,"date":"2019-08-28T17:20:08","date_gmt":"2019-08-28T17:20:08","guid":{"rendered":"https:\/\/factory.sale\/product\/wall-panels-with-a-mineral-wool-core\/"},"modified":"2024-06-25T11:11:11","modified_gmt":"2024-06-25T11:11:11","slug":"mineraalvill-seinapaneelid","status":"publish","type":"product","link":"https:\/\/factory.sale\/et\/toode\/mineraalvill-seinapaneelid\/","title":{"rendered":"MINERAALVILL SEINAPANEELID"},"content":{"rendered":"<p><strong>Eesm\u00e4rk:<\/strong><br \/>\nHea soojusisolatsiooniga seinaplaat<\/p>\n<p><strong>Tuum:<\/strong><br \/>\nK\u00f5va mineraalvill tihedusega 115 [kg \/ m3] v\u00f5i vahustatud pol\u00fcst\u00fcreen FS 1<\/p>\n<p><strong>Plakeerimine:<\/strong><br \/>\nkahepoolne roostevabast terasest leht erinevates klassides v\u00f5i \u00fchepoolne<br \/>\nroostevabast terasest leht ja tsingitud terasplekist, PE-kattega<\/p>\n<p><strong>Modulaarne laius:<\/strong><br \/>\n1150, 1100, 1000 [mm]<\/p>\n<p><strong>Paksus:<\/strong><br \/>\n50, 60, 80, 100, 120, 150, 200 [mm]<\/p>\n<p><strong>Max.\u00a0pikes:<\/strong><br \/>\n12,500 [mm]<\/p>\n<p>Miinimumkogus 150 m2.<\/p>\n<div class=\"tit\">SPETSIFIKATSIOON<\/div>\n<div><\/div>\n<div class=\"ibs\">\n<div class=\"ib ib-2\">\n<div>Paneelide saadavus paljudes RAL v\u00e4rvides<br \/>\nPaljude voodriprofiilide saadavus<br \/>\nVabadus arhitektuurilise keha koostamisel<br \/>\nSeina -ja katusepaneelide esteetiline v\u00e4limus<br \/>\nMaterjal on kohandatud p\u00f5hit\u00f6\u00f6riistade abil ehitusplatsil t\u00f6\u00f6tamiseks<br \/>\nVoodri t\u00fc\u00fcpi saab kohandada agressiivsete keskkonnatingimustega<br \/>\nPaneele saab paigaldada vertikaalselt ja horisontaalselt<br \/>\nMadal soojus\u00fclekandetegur s\u00f5ltub plaadi paksusest<br \/>\nKorrosioonikindlus<br \/>\nA2-s1, d0 tulereaktsiooni plaadid (mittes\u00fcttiv)<br \/>\nKatuse ja fassaadi tihedus<br \/>\nKiire ja lihtne kokkupanek s\u00fcsteemipistikute abil<br \/>\nSuur tulekindlus<br \/>\nSuur vastupidavus ja esteetika<br \/>\nSuurep\u00e4rane heliisolatsioon<\/div>\n<\/div>\n<\/div>\n","protected":false},"excerpt":{"rendered":"<p><strong>Eesm\u00e4rk:<\/strong><br \/>\nHea soojusisolatsiooniga seinaplaat<\/p>\n<p><strong>Tuum:<\/strong><br \/>\nK\u00f5va mineraalvill tihedusega 115 [kg \/ m3] v\u00f5i vahustatud pol\u00fcst\u00fcreen FS 1.<\/p>\n<p>Miinimumkogus 150 m2.<\/p>\n<p>Tegemist on 100mm paneeli n\u00e4idishinnaga. Palun saatke oma p\u00e4ring: order@factory.sale<\/p>\n","protected":false},"featured_media":1343,"comment_status":"open","ping_status":"closed","template":"","meta":{"_acf_changed":false},"factory":[],"free-shipment":[],"product_brand":[],"product_cat":[199,197],"product_tag":[145],"class_list":{"0":"post-1341","1":"product","2":"type-product","3":"status-publish","4":"has-post-thumbnail","6":"product_cat-mineraalvill","7":"product_cat-sandwich-paneelid","8":"product_tag-sandwich-panel-et","10":"first","11":"instock","12":"sale","13":"taxable","14":"shipping-taxable","15":"purchasable","16":"product-type-simple"},"acf":[],"_links":{"self":[{"href":"https:\/\/factory.sale\/et\/wp-json\/wp\/v2\/product\/1341","targetHints":{"allow":["GET"]}}],"collection":[{"href":"https:\/\/factory.sale\/et\/wp-json\/wp\/v2\/product"}],"about":[{"href":"https:\/\/factory.sale\/et\/wp-json\/wp\/v2\/types\/product"}],"replies":[{"embeddable":true,"href":"https:\/\/factory.sale\/et\/wp-json\/wp\/v2\/comments?post=1341"}],"wp:featuredmedia":[{"embeddable":true,"href":"https:\/\/factory.sale\/et\/wp-json\/wp\/v2\/media\/1343"}],"wp:attachment":[{"href":"https:\/\/factory.sale\/et\/wp-json\/wp\/v2\/media?parent=1341"}],"wp:term":[{"taxonomy":"factory","embeddable":true,"href":"https:\/\/factory.sale\/et\/wp-json\/wp\/v2\/factory?post=1341"},{"taxonomy":"free-shipment","embeddable":true,"href":"https:\/\/factory.sale\/et\/wp-json\/wp\/v2\/free-shipment?post=1341"},{"taxonomy":"product_brand","embeddable":true,"href":"https:\/\/factory.sale\/et\/wp-json\/wp\/v2\/product_brand?post=1341"},{"taxonomy":"product_cat","embeddable":true,"href":"https:\/\/factory.sale\/et\/wp-json\/wp\/v2\/product_cat?post=1341"},{"taxonomy":"product_tag","embeddable":true,"href":"https:\/\/factory.sale\/et\/wp-json\/wp\/v2\/product_tag?post=1341"}],"curies":[{"name":"wp","href":"https:\/\/api.w.org\/{rel}","templated":true}]}}