{"id":134040,"date":"2025-12-08T00:50:52","date_gmt":"2025-12-07T21:59:58","guid":{"rendered":"https:\/\/factory.sale\/?post_type=product&#038;p=134040"},"modified":"2025-12-08T01:22:49","modified_gmt":"2025-12-07T22:22:49","slug":"puitmaja-kaya-2-midi-44-mm-puidust-vooder-64-m%c2%b2","status":"publish","type":"product","link":"https:\/\/factory.sale\/et\/toode\/puitmaja-kaya-2-midi-44-mm-puidust-vooder-64-m%c2%b2\/","title":{"rendered":"Puitmaja KAYA 2 \u2013 Midi (44 mm + puidust vooder), 64 m\u00b2"},"content":{"rendered":"<p>Midi House KAYA 2 on paindlik ja v\u00f5luv hoone, mis on loodud toimima mugava peremajana, suvise puhkepaigana v\u00f5i majutusettev\u00f5tte lisana. H\u00e4sti l\u00e4bim\u00f5eldud planeering ja hoolikalt kavandatud disain muudavad selle ideaalseks \u00fchisteks perehetkedeks, pakkudes samal ajal privaatseid alasid puhkuseks. Esilet\u00f5stmist v\u00e4\u00e4rivad elegantne vertikaalne puitvooder, suured aknad, mis toovad sisse loomulikku valgust, ning kaetud sissep\u00e4\u00e4s, mis lisab hoonele visuaalset v\u00e4\u00e4rtust. Peasissep\u00e4\u00e4s viib avarasse avatud k\u00f6\u00f6k-elutuppa v\u00f5i \u00fchte kahest hubasest magamistoast. Maja sisaldab kahte vannituba, rohkelt panipaiku ning v\u00f5imalust lisada terrass, mis tagab mugavuse igast vaatenurgast.<\/p>\n<p>&nbsp;<\/p>\n<p><strong>Mudeli eelised:<\/strong><\/p>\n<ul>\n<li>Sofistikeeritud fassaad: tasakaalus disain nelja Prantsuse r\u00f5duuksega, mis toovad sisse valgust ja kauneid vaateid.<\/li>\n<li>Kaasaegne vooder: vertikaalne puitvooder lisab modernset ilmet ja suurendab vastupidavust.<\/li>\n<li>T\u00f5hus planeering: 27 m\u00b2 avatud k\u00f6\u00f6k, mis on optimeeritud funktsionaalsuse ja mugavuse jaoks.<\/li>\n<li>Praktiline lahendus: kaks magamistuba paiknevad mugavalt kahe vannitoa k\u00f5rval.<\/li>\n<li>Hea ligip\u00e4\u00e4setavus: viis sissep\u00e4\u00e4su, neli fassaadilt ja \u00fcks tagant.<\/li>\n<li>Organiseeritud elu: eraldiseisvad panipaigad hoiavad sisemuse korras.<\/li>\n<li>Valikuline v\u00e4liala: lisa terrass, et luua sujuv \u00fchendus v\u00e4liruumiga \u2013 ideaalne vastuv\u00f5tuks v\u00f5i l\u00f5\u00f5gastumiseks.<\/li>\n<\/ul>\n<p>&nbsp;<\/p>\n<p>&nbsp;<\/p>\n<p>Midi House KAYA 2 kaasaegne palkmaja pakub ideaalset mugavuse, soojustuse ja elegantsi kooslust neile, kes hindavad elu looduse keskel. Suured klaasuksed, mis ulatuvad peaaegu p\u00f5randani, avanevad valikulisele terrassile, pakkudes rahustavaid vaateid ja mugavat p\u00e4\u00e4su \u00f5uealale. Seestpoolt on avatud planeeringuga k\u00f6\u00f6k m\u00f5eldud pere\u00f5htus\u00f6\u00f6kideks ja sotsiaalseteks aegadeks. Kaks magamistuba pakuvad vaikseid ja l\u00f5\u00f5gastavaid alasid, samas kui panipaigad aitavad hoida korda. Olgu kasutusviis pereeluks v\u00f5i majutusteenuseks \u2013 Midi House KAYA 2 \u00fchendab funktsionaalsuse ja stiili, sobitudes harmooniliselt iga keskkonda.<\/p>\n<p>&nbsp;<\/p>\n<p>&nbsp;<\/p>\n<p><strong>Tehniline teave:<\/strong><\/p>\n<div class=\"_tableContainer_1rjym_1\">\n<div class=\"group _tableWrapper_1rjym_13 flex w-fit flex-col-reverse\" tabindex=\"-1\">\n<table class=\"w-fit min-w-(--thread-content-width)\" style=\"height: 1026px;\" width=\"823\" data-start=\"2153\" data-end=\"3245\">\n<thead data-start=\"2153\" data-end=\"2186\">\n<tr data-start=\"2153\" data-end=\"2186\">\n<th data-start=\"2153\" data-end=\"2166\" data-col-size=\"sm\">Kategooria<\/th>\n<th data-start=\"2166\" data-end=\"2186\" data-col-size=\"md\">Spetsifikatsioon<\/th>\n<\/tr>\n<\/thead>\n<tbody data-start=\"2220\" data-end=\"3245\">\n<tr data-start=\"2220\" data-end=\"2239\">\n<td data-start=\"2220\" data-end=\"2236\" data-col-size=\"sm\"><strong data-start=\"2222\" data-end=\"2235\">\u00dcldandmed<\/strong><\/td>\n<td data-start=\"2236\" data-end=\"2239\" data-col-size=\"md\"><\/td>\n<\/tr>\n<tr data-start=\"2240\" data-end=\"2259\">\n<td data-start=\"2240\" data-end=\"2254\" data-col-size=\"sm\">Magamistoad<\/td>\n<td data-start=\"2254\" data-end=\"2259\" data-col-size=\"md\">2<\/td>\n<\/tr>\n<tr data-start=\"2260\" data-end=\"2277\">\n<td data-start=\"2260\" data-end=\"2272\" data-col-size=\"sm\">Vannitoad<\/td>\n<td data-start=\"2272\" data-end=\"2277\" data-col-size=\"md\">2<\/td>\n<\/tr>\n<tr data-start=\"2278\" data-end=\"2306\">\n<td data-start=\"2278\" data-end=\"2294\" data-col-size=\"sm\">Eluruumi pind<\/td>\n<td data-start=\"2294\" data-end=\"2306\" data-col-size=\"md\">50.40 m\u00b2<\/td>\n<\/tr>\n<tr data-start=\"2307\" data-end=\"2334\">\n<td data-start=\"2307\" data-end=\"2322\" data-col-size=\"sm\">Korruse pind<\/td>\n<td data-start=\"2322\" data-end=\"2334\" data-col-size=\"md\">64.50 m\u00b2<\/td>\n<\/tr>\n<tr data-start=\"2335\" data-end=\"2353\">\n<td data-start=\"2335\" data-end=\"2348\" data-col-size=\"sm\">Tubade arv<\/td>\n<td data-start=\"2348\" data-end=\"2353\" data-col-size=\"md\">8<\/td>\n<\/tr>\n<tr data-start=\"2354\" data-end=\"2392\">\n<td data-start=\"2354\" data-end=\"2389\" data-col-size=\"sm\"><strong data-start=\"2356\" data-end=\"2388\">Materjalid ja konstruktsioon<\/strong><\/td>\n<td data-start=\"2389\" data-end=\"2392\" data-col-size=\"md\"><\/td>\n<\/tr>\n<tr data-start=\"2393\" data-end=\"2466\">\n<td data-start=\"2393\" data-end=\"2410\" data-col-size=\"sm\">Ehitusmaterjal<\/td>\n<td data-start=\"2410\" data-end=\"2466\" data-col-size=\"md\">Sertifitseeritud looduslik p\u00f5hjamaine kuusk v\u00f5i m\u00e4nd<\/td>\n<\/tr>\n<tr data-start=\"2467\" data-end=\"2497\">\n<td data-start=\"2467\" data-end=\"2481\" data-col-size=\"sm\">V\u00e4lisseinad<\/td>\n<td data-start=\"2481\" data-end=\"2497\" data-col-size=\"md\">44 mm palgid<\/td>\n<\/tr>\n<tr data-start=\"2498\" data-end=\"2550\">\n<td data-start=\"2498\" data-end=\"2523\" data-col-size=\"sm\">Valikuline puitkarkass<\/td>\n<td data-start=\"2523\" data-end=\"2550\" data-col-size=\"md\">70 mm \/ 100 mm \/ 150 mm<\/td>\n<\/tr>\n<tr data-start=\"2551\" data-end=\"2585\">\n<td data-start=\"2551\" data-end=\"2576\" data-col-size=\"sm\">Vertikaalne puitvooder<\/td>\n<td data-start=\"2576\" data-end=\"2585\" data-col-size=\"md\">25 mm<\/td>\n<\/tr>\n<tr data-start=\"2586\" data-end=\"2622\">\n<td data-start=\"2586\" data-end=\"2613\" data-col-size=\"sm\">Horisontaalne puitvooder<\/td>\n<td data-start=\"2613\" data-end=\"2622\" data-col-size=\"md\">25 mm<\/td>\n<\/tr>\n<tr data-start=\"2623\" data-end=\"2651\">\n<td data-start=\"2623\" data-end=\"2639\" data-col-size=\"sm\">V\u00e4line vooder<\/td>\n<td data-start=\"2639\" data-end=\"2651\" data-col-size=\"md\">18\u201320 mm<\/td>\n<\/tr>\n<tr data-start=\"2652\" data-end=\"2704\">\n<td data-start=\"2652\" data-end=\"2673\" data-col-size=\"sm\">P\u00f5rand \u2013 vundament<\/td>\n<td data-start=\"2673\" data-end=\"2704\" data-col-size=\"md\">40\u201350 mm puitkonstruktsioon<\/td>\n<\/tr>\n<tr data-start=\"2705\" data-end=\"2764\">\n<td data-start=\"2705\" data-end=\"2730\" data-col-size=\"sm\">P\u00f5rand \u2013 kattematerjal<\/td>\n<td data-start=\"2730\" data-end=\"2764\" data-col-size=\"md\">19\u201320 mm punnlaud (valikuline)<\/td>\n<\/tr>\n<tr data-start=\"2765\" data-end=\"2793\">\n<td data-start=\"2765\" data-end=\"2783\" data-col-size=\"sm\">Katus \u2013 sarikad<\/td>\n<td data-start=\"2783\" data-end=\"2793\" data-col-size=\"md\">145 mm<\/td>\n<\/tr>\n<tr data-start=\"2794\" data-end=\"2831\">\n<td data-start=\"2794\" data-end=\"2810\" data-col-size=\"sm\">Katus \u2013 lauad<\/td>\n<td data-start=\"2810\" data-end=\"2831\" data-col-size=\"md\">19\u201320 mm punnlaud<\/td>\n<\/tr>\n<tr data-start=\"2832\" data-end=\"2853\">\n<td data-start=\"2832\" data-end=\"2847\" data-col-size=\"sm\">Katuse kalle<\/td>\n<td data-start=\"2847\" data-end=\"2853\" data-col-size=\"md\">3\u00b0<\/td>\n<\/tr>\n<tr data-start=\"2854\" data-end=\"2898\">\n<td data-start=\"2854\" data-end=\"2867\" data-col-size=\"sm\">Katusekate<\/td>\n<td data-start=\"2867\" data-end=\"2898\" data-col-size=\"md\">Bituumensindel (valikuline)<\/td>\n<\/tr>\n<tr data-start=\"2899\" data-end=\"2915\">\n<td data-start=\"2899\" data-end=\"2912\" data-col-size=\"sm\"><strong data-start=\"2901\" data-end=\"2911\">M\u00f5\u00f5dud<\/strong><\/td>\n<td data-start=\"2912\" data-end=\"2915\" data-col-size=\"md\"><\/td>\n<\/tr>\n<tr data-start=\"2916\" data-end=\"2950\">\n<td data-start=\"2916\" data-end=\"2930\" data-col-size=\"sm\">V\u00e4lism\u00f5\u00f5dud<\/td>\n<td data-start=\"2930\" data-end=\"2950\" data-col-size=\"md\">1205 cm \u00d7 710 cm<\/td>\n<\/tr>\n<tr data-start=\"2951\" data-end=\"2974\">\n<td data-start=\"2951\" data-end=\"2965\" data-col-size=\"sm\">Katuse pind<\/td>\n<td data-start=\"2965\" data-end=\"2974\" data-col-size=\"md\">82 m\u00b2<\/td>\n<\/tr>\n<tr data-start=\"2975\" data-end=\"3013\">\n<td data-start=\"2975\" data-end=\"3001\" data-col-size=\"sm\">Minimaalne seina k\u00f5rgus<\/td>\n<td data-start=\"3001\" data-end=\"3013\" data-col-size=\"md\">229.5 cm<\/td>\n<\/tr>\n<tr data-start=\"3014\" data-end=\"3047\">\n<td data-start=\"3014\" data-end=\"3035\" data-col-size=\"sm\">Maksimaalne k\u00f5rgus<\/td>\n<td data-start=\"3035\" data-end=\"3047\" data-col-size=\"md\">283.5 cm<\/td>\n<\/tr>\n<tr data-start=\"3048\" data-end=\"3072\">\n<td data-start=\"3048\" data-end=\"3069\" data-col-size=\"sm\"><strong data-start=\"3050\" data-end=\"3068\">Uksed ja aknad<\/strong><\/td>\n<td data-start=\"3069\" data-end=\"3072\" data-col-size=\"md\"><\/td>\n<\/tr>\n<tr data-start=\"3073\" data-end=\"3107\">\n<td data-start=\"3073\" data-end=\"3086\" data-col-size=\"sm\">V\u00e4lisuksed<\/td>\n<td data-start=\"3086\" data-end=\"3107\" data-col-size=\"md\">1 \u00d7 (85 \u00d7 192 cm)<\/td>\n<\/tr>\n<tr data-start=\"3108\" data-end=\"3141\">\n<td data-start=\"3108\" data-end=\"3120\" data-col-size=\"sm\">Siseuksed<\/td>\n<td data-start=\"3120\" data-end=\"3141\" data-col-size=\"md\">6 \u00d7 (85 \u00d7 192 cm)<\/td>\n<\/tr>\n<tr data-start=\"3142\" data-end=\"3172\">\n<td data-start=\"3142\" data-end=\"3150\" data-col-size=\"sm\">Akend<\/td>\n<td data-start=\"3150\" data-end=\"3172\" data-col-size=\"md\">1 \u00d7 (138 \u00d7 105 cm)<\/td>\n<\/tr>\n<tr data-start=\"3173\" data-end=\"3207\">\n<td data-start=\"3173\" data-end=\"3185\" data-col-size=\"sm\">R\u00f5duuksed<\/td>\n<td data-start=\"3185\" data-end=\"3207\" data-col-size=\"md\">4 \u00d7 (161 \u00d7 192 cm)<\/td>\n<\/tr>\n<tr data-start=\"3208\" data-end=\"3245\">\n<td data-start=\"3208\" data-end=\"3224\" data-col-size=\"sm\">Panoraamaknad<\/td>\n<td data-start=\"3224\" data-end=\"3245\" data-col-size=\"md\">4 \u00d7 (85 \u00d7 192 cm)<\/td>\n<\/tr>\n<\/tbody>\n<\/table>\n<\/div>\n<\/div>\n<p>&nbsp;<\/p>\n<p>&nbsp;<\/p>\n<p><strong>Lisavalikud:<\/strong><\/p>\n<ul>\n<li>Terrass: laiendab eluruumi loodusesse.<\/li>\n<li>Puidut\u00f6\u00f6tlus: v\u00f5imalus lisat\u00f6\u00f6tlusteks vastupidavuse ja stiili t\u00f5stmiseks.<\/li>\n<li>Soojustuspaketid ja tugevdatud katused on saadaval. Palun saatke p\u00e4ring huvi korral.<\/li>\n<\/ul>\n<p>&nbsp;<\/p>\n<p>&nbsp;<\/p>\n<p><a href=\"https:\/\/factory.sale\/wp-content\/uploads\/2025\/12\/DRW_ST_Kaya_II_12.00x7.00_44C_UK.pdf\" target=\"_blank\" rel=\"noopener\">Puitmaja KAYA 2 joonised omavalitsuse koosk\u00f5lastuseks<\/a><\/p>\n","protected":false},"excerpt":{"rendered":"<p>Maja KAYA 2 on praktilisuse ja v\u00f5lu t\u00e4iuslik sulam, pakkudes mugavat ja loodusl\u00e4hedat elamiskogemust. Olgu see p\u00fcsiv kodu, puhkemaja v\u00f5i \u00e4riline lahendus \u2013 see kaasaegne palkmaja on loodud elustiili t\u00e4iustama.<\/p>\n","protected":false},"featured_media":134014,"comment_status":"open","ping_status":"closed","template":"","meta":{"_acf_changed":false},"factory":[],"free-shipment":[],"product_brand":[],"product_cat":[924,2888],"product_tag":[],"class_list":{"0":"post-134040","1":"product","2":"type-product","3":"status-publish","4":"has-post-thumbnail","6":"product_cat-aiatooted","7":"product_cat-kampingumajakesed","9":"first","10":"instock","11":"sale","12":"taxable","13":"shipping-taxable","14":"purchasable","15":"product-type-variable"},"acf":[],"_links":{"self":[{"href":"https:\/\/factory.sale\/et\/wp-json\/wp\/v2\/product\/134040","targetHints":{"allow":["GET"]}}],"collection":[{"href":"https:\/\/factory.sale\/et\/wp-json\/wp\/v2\/product"}],"about":[{"href":"https:\/\/factory.sale\/et\/wp-json\/wp\/v2\/types\/product"}],"replies":[{"embeddable":true,"href":"https:\/\/factory.sale\/et\/wp-json\/wp\/v2\/comments?post=134040"}],"wp:featuredmedia":[{"embeddable":true,"href":"https:\/\/factory.sale\/et\/wp-json\/wp\/v2\/media\/134014"}],"wp:attachment":[{"href":"https:\/\/factory.sale\/et\/wp-json\/wp\/v2\/media?parent=134040"}],"wp:term":[{"taxonomy":"factory","embeddable":true,"href":"https:\/\/factory.sale\/et\/wp-json\/wp\/v2\/factory?post=134040"},{"taxonomy":"free-shipment","embeddable":true,"href":"https:\/\/factory.sale\/et\/wp-json\/wp\/v2\/free-shipment?post=134040"},{"taxonomy":"product_brand","embeddable":true,"href":"https:\/\/factory.sale\/et\/wp-json\/wp\/v2\/product_brand?post=134040"},{"taxonomy":"product_cat","embeddable":true,"href":"https:\/\/factory.sale\/et\/wp-json\/wp\/v2\/product_cat?post=134040"},{"taxonomy":"product_tag","embeddable":true,"href":"https:\/\/factory.sale\/et\/wp-json\/wp\/v2\/product_tag?post=134040"}],"curies":[{"name":"wp","href":"https:\/\/api.w.org\/{rel}","templated":true}]}}