{"id":133992,"date":"2025-12-07T23:20:09","date_gmt":"2025-12-07T20:34:29","guid":{"rendered":"https:\/\/factory.sale\/?post_type=product&#038;p=133992"},"modified":"2025-12-07T23:36:35","modified_gmt":"2025-12-07T20:36:35","slug":"a-raamiga-maja-maxi-39-m%c2%b2","status":"publish","type":"product","link":"https:\/\/factory.sale\/et\/toode\/a-raamiga-maja-maxi-39-m%c2%b2\/","title":{"rendered":"A-raamiga maja Maxi 39 m\u00b2"},"content":{"rendered":"<p><strong>A-raamiga maja Maxi 39 m\u00b2 \u2014 kus kaasaegne stiil kohtub loodusliku mugavusega<\/strong><\/p>\n<p>Valmistatud kvaliteetsest kuuse- v\u00f5i m\u00e4nnipuidust, r\u00f5hutab Maxi 39 vastupidavust, j\u00e4tkusuutlikkust ja modernset minimalismi. T\u00e4ielikult klaasfassaadiga A-raam laseb loomulikul valgusel ruumi t\u00e4ita, luues hingematva \u00fchenduse loodusega \u2014 olgu see paigutatud m\u00e4gedesse, j\u00e4rve \u00e4\u00e4rde v\u00f5i teie aeda k\u00fclalistemajana.<\/p>\n<p>Nautige suurep\u00e4rast soojustuspotentsiaali t\u00e4nu 18.5 cm seina konstruktsioonile ja 18 cm katuse konstruktsioonile, mis on ette n\u00e4htud Rockwooli soojustuse jaoks. 111 m\u00b2 katusepind bituumensindli v\u00f5imalusega tagab pikaajalise vastupidavuse ilmastikutingimustele. Nutikad disainielemendid, nagu mitmeosaline klaasfassaad, kahekordsed klaaspaketid ja turvaline silinderlukk, lisavad mugavust, energiat\u00f5husust ja turvalisust.<\/p>\n<p>Peredele ja ettev\u00f5tjatele \u2014 see A-raamiga maja on veenev lahendus puhkemajaks, kodukontoriks, stuudioks v\u00f5i aastaringseks mikrokoduks. Laiendage oma elustiili, v\u00e4hendage jalaj\u00e4lge ja elage l\u00e4hemal sellele, mis t\u00f5eliselt loeb.<\/p>\n<p>&nbsp;<\/p>\n<p>Tehniline teave:<\/p>\n<div class=\"_tableContainer_1rjym_1\">\n<div class=\"group _tableWrapper_1rjym_13 flex w-fit flex-col-reverse\" tabindex=\"-1\">\n<table class=\"w-fit min-w-(--thread-content-width)\" style=\"height: 1063px;\" width=\"888\" data-start=\"1172\" data-end=\"2607\">\n<thead data-start=\"1172\" data-end=\"1205\">\n<tr data-start=\"1172\" data-end=\"1205\">\n<th data-start=\"1172\" data-end=\"1185\" data-col-size=\"sm\">Kategooria<\/th>\n<th data-start=\"1185\" data-end=\"1205\" data-col-size=\"md\">Spetsifikatsioon<\/th>\n<\/tr>\n<\/thead>\n<tbody data-start=\"1239\" data-end=\"2607\">\n<tr data-start=\"1239\" data-end=\"1260\">\n<td data-start=\"1239\" data-end=\"1247\" data-col-size=\"sm\">Mudel<\/td>\n<td data-start=\"1247\" data-end=\"1260\" data-col-size=\"md\">A-raam 39<\/td>\n<\/tr>\n<tr data-start=\"1261\" data-end=\"1296\">\n<td data-start=\"1261\" data-end=\"1272\" data-col-size=\"sm\">Materjal<\/td>\n<td data-start=\"1272\" data-end=\"1296\" data-col-size=\"md\">Kuuse- v\u00f5i m\u00e4nnipuit<\/td>\n<\/tr>\n<tr data-start=\"1297\" data-end=\"1335\">\n<td data-start=\"1297\" data-end=\"1307\" data-col-size=\"sm\">Siseala<\/td>\n<td data-start=\"1307\" data-end=\"1335\" data-col-size=\"md\">38,8 m\u00b2 (esimene korrus)<\/td>\n<\/tr>\n<tr data-start=\"1336\" data-end=\"1366\">\n<td data-start=\"1336\" data-end=\"1355\" data-col-size=\"sm\">P\u00f6\u00f6ningu pindala<\/td>\n<td data-start=\"1355\" data-end=\"1366\" data-col-size=\"md\">12,1 m\u00b2<\/td>\n<\/tr>\n<tr data-start=\"1367\" data-end=\"1399\">\n<td data-start=\"1367\" data-end=\"1388\" data-col-size=\"sm\">Kasulik pind kokku<\/td>\n<td data-start=\"1388\" data-end=\"1399\" data-col-size=\"md\">50,9 m\u00b2<\/td>\n<\/tr>\n<tr data-start=\"1400\" data-end=\"1438\">\n<td data-start=\"1400\" data-end=\"1422\" data-col-size=\"sm\">V\u00e4lism\u00f5\u00f5dud (L \u00d7 P)<\/td>\n<td data-start=\"1422\" data-end=\"1438\" data-col-size=\"md\">560 \u00d7 880 cm<\/td>\n<\/tr>\n<tr data-start=\"1439\" data-end=\"1483\">\n<td data-start=\"1439\" data-end=\"1457\" data-col-size=\"sm\">Hoone kogulaius<\/td>\n<td data-start=\"1457\" data-end=\"1483\" data-col-size=\"md\">792 cm (koos r\u00e4\u00e4staga)<\/td>\n<\/tr>\n<tr data-start=\"1484\" data-end=\"1507\">\n<td data-start=\"1484\" data-end=\"1497\" data-col-size=\"sm\">Koguk\u00f5rgus<\/td>\n<td data-start=\"1497\" data-end=\"1507\" data-col-size=\"md\">590 cm<\/td>\n<\/tr>\n<tr data-start=\"1508\" data-end=\"1526\">\n<td data-start=\"1508\" data-end=\"1518\" data-col-size=\"sm\">Terrass<\/td>\n<td data-start=\"1518\" data-end=\"1526\" data-col-size=\"md\">8 m\u00b2<\/td>\n<\/tr>\n<tr data-start=\"1527\" data-end=\"1574\">\n<td data-start=\"1527\" data-end=\"1537\" data-col-size=\"sm\">Esisein<\/td>\n<td data-start=\"1537\" data-end=\"1574\" data-col-size=\"md\">T\u00e4ielikult klaasitud A-raami sein<\/td>\n<\/tr>\n<tr data-start=\"1575\" data-end=\"1611\">\n<td data-start=\"1575\" data-end=\"1600\" data-col-size=\"sm\">Seina paksus (karkass)<\/td>\n<td data-start=\"1600\" data-end=\"1611\" data-col-size=\"md\">18,5 cm<\/td>\n<\/tr>\n<tr data-start=\"1612\" data-end=\"1641\">\n<td data-start=\"1612\" data-end=\"1632\" data-col-size=\"sm\">V\u00e4line voodrilaud<\/td>\n<td data-start=\"1632\" data-end=\"1641\" data-col-size=\"md\">19 mm<\/td>\n<\/tr>\n<tr data-start=\"1642\" data-end=\"1667\">\n<td data-start=\"1642\" data-end=\"1658\" data-col-size=\"sm\">Tuulutusliist<\/td>\n<td data-start=\"1658\" data-end=\"1667\" data-col-size=\"md\">25 mm<\/td>\n<\/tr>\n<tr data-start=\"1668\" data-end=\"1729\">\n<td data-start=\"1668\" data-end=\"1689\" data-col-size=\"sm\">Soojustuse karkass<\/td>\n<td data-start=\"1689\" data-end=\"1729\" data-col-size=\"md\">140 mm (Rockwool ei kuulu komplekti)<\/td>\n<\/tr>\n<tr data-start=\"1730\" data-end=\"1765\">\n<td data-start=\"1730\" data-end=\"1756\" data-col-size=\"sm\">Katuse paksus (karkass)<\/td>\n<td data-start=\"1756\" data-end=\"1765\" data-col-size=\"md\">18 cm<\/td>\n<\/tr>\n<tr data-start=\"1766\" data-end=\"1799\">\n<td data-start=\"1766\" data-end=\"1790\" data-col-size=\"sm\">Katuse aluskate (OSB)<\/td>\n<td data-start=\"1790\" data-end=\"1799\" data-col-size=\"md\">15 mm<\/td>\n<\/tr>\n<tr data-start=\"1800\" data-end=\"1827\">\n<td data-start=\"1800\" data-end=\"1817\" data-col-size=\"sm\">Katuse pindala<\/td>\n<td data-start=\"1817\" data-end=\"1827\" data-col-size=\"md\">111 m\u00b2<\/td>\n<\/tr>\n<tr data-start=\"1828\" data-end=\"1862\">\n<td data-start=\"1828\" data-end=\"1852\" data-col-size=\"sm\">Katuse kalle (A-raam)<\/td>\n<td data-start=\"1852\" data-end=\"1862\" data-col-size=\"md\">64.43\u00b0<\/td>\n<\/tr>\n<tr data-start=\"1863\" data-end=\"1896\">\n<td data-start=\"1863\" data-end=\"1890\" data-col-size=\"sm\">Katuse kalle (k\u00fclgmodul)<\/td>\n<td data-start=\"1890\" data-end=\"1896\" data-col-size=\"md\">3\u00b0<\/td>\n<\/tr>\n<tr data-start=\"1897\" data-end=\"1949\">\n<td data-start=\"1897\" data-end=\"1906\" data-col-size=\"sm\">P\u00f5rand<\/td>\n<td data-start=\"1906\" data-end=\"1949\" data-col-size=\"md\">10 cm p\u00f5randatalad + 19 mm p\u00f5randalauad<\/td>\n<\/tr>\n<tr data-start=\"1950\" data-end=\"2009\">\n<td data-start=\"1950\" data-end=\"1968\" data-col-size=\"sm\">Uksed \u2013 Peamine<\/td>\n<td data-start=\"1968\" data-end=\"2009\" data-col-size=\"md\">1 kahekordne klaasuks (1.85 \u00d7 1.60 m)<\/td>\n<\/tr>\n<tr data-start=\"2010\" data-end=\"2062\">\n<td data-start=\"2010\" data-end=\"2025\" data-col-size=\"sm\">Uksed \u2013 Sise<\/td>\n<td data-start=\"2025\" data-end=\"2062\" data-col-size=\"md\">2 \u00fcksikut puitust (1.85 \u00d7 0.85 m)<\/td>\n<\/tr>\n<tr data-start=\"2063\" data-end=\"2108\">\n<td data-start=\"2063\" data-end=\"2085\" data-col-size=\"sm\">Aknad \u2013 Standardsed<\/td>\n<td data-start=\"2085\" data-end=\"2108\" data-col-size=\"md\">4 \u00d7 (1.98 \u00d7 0.85 m)<\/td>\n<\/tr>\n<tr data-start=\"2109\" data-end=\"2151\">\n<td data-start=\"2109\" data-end=\"2128\" data-col-size=\"sm\">Aknad \u2013 V\u00e4ikesed<\/td>\n<td data-start=\"2128\" data-end=\"2151\" data-col-size=\"md\">2 \u00d7 (1.98 \u00d7 0.50 m)<\/td>\n<\/tr>\n<tr data-start=\"2152\" data-end=\"2198\">\n<td data-start=\"2152\" data-end=\"2175\" data-col-size=\"sm\">Aknad \u2013 Vertikaalsed<\/td>\n<td data-start=\"2175\" data-end=\"2198\" data-col-size=\"md\">1 \u00d7 (0.39 \u00d7 1.50 m)<\/td>\n<\/tr>\n<tr data-start=\"2199\" data-end=\"2232\">\n<td data-start=\"2199\" data-end=\"2216\" data-col-size=\"sm\">Aknad \u2013 Topelt<\/td>\n<td data-start=\"2216\" data-end=\"2232\" data-col-size=\"md\">1 topeltaken<\/td>\n<\/tr>\n<tr data-start=\"2233\" data-end=\"2286\">\n<td data-start=\"2233\" data-end=\"2255\" data-col-size=\"sm\">Aknad \u2013 Kolmnurksed<\/td>\n<td data-start=\"2255\" data-end=\"2286\" data-col-size=\"md\">6 kolmnurkset A-raami akent<\/td>\n<\/tr>\n<tr data-start=\"2287\" data-end=\"2352\">\n<td data-start=\"2287\" data-end=\"2307\" data-col-size=\"sm\">Eesfassaadi klaas<\/td>\n<td data-start=\"2307\" data-end=\"2352\" data-col-size=\"md\">Mitmeosalised t\u00e4isk\u00f5rguses klaaselemendid<\/td>\n<\/tr>\n<tr data-start=\"2353\" data-end=\"2419\">\n<td data-start=\"2353\" data-end=\"2367\" data-col-size=\"sm\">Klaaspakett<\/td>\n<td data-start=\"2367\" data-end=\"2419\" data-col-size=\"md\">Kahekordne klaaspakett (4 mm klaas + 16 mm vahe)<\/td>\n<\/tr>\n<tr data-start=\"2420\" data-end=\"2470\">\n<td data-start=\"2420\" data-end=\"2433\" data-col-size=\"sm\">Katusekate<\/td>\n<td data-start=\"2433\" data-end=\"2470\" data-col-size=\"md\">Bituumensindel (pakutakse eraldi)<\/td>\n<\/tr>\n<tr data-start=\"2471\" data-end=\"2510\">\n<td data-start=\"2471\" data-end=\"2484\" data-col-size=\"sm\">Turvalisus<\/td>\n<td data-start=\"2484\" data-end=\"2510\" data-col-size=\"md\">Silinderlukk + 2 v\u00f5tit<\/td>\n<\/tr>\n<tr data-start=\"2511\" data-end=\"2607\">\n<td data-start=\"2511\" data-end=\"2524\" data-col-size=\"sm\">Komplektis<\/td>\n<td data-start=\"2524\" data-end=\"2607\" data-col-size=\"md\">Konstruktsioon, karkass, p\u00f5randalauad, OSB, aknad ja uksed (olenevalt komplektist)<\/td>\n<\/tr>\n<\/tbody>\n<\/table>\n<\/div>\n<\/div>\n<div tabindex=\"-1\"><\/div>\n<div tabindex=\"-1\"><\/div>\n<div tabindex=\"-1\"><\/div>\n<div tabindex=\"-1\"><strong>Lisaks saadaval (hinnad ilma KM):<\/strong><\/div>\n<div tabindex=\"-1\"><\/div>\n<div tabindex=\"-1\">Immutus \u2013 n\u00e4htamatu toon (loodusliku puidu v\u00e4limus) 1759.50 \u20ac<\/div>\n<div tabindex=\"-1\"><\/div>\n<div tabindex=\"-1\">Immutus \u2013 pruun 1759.50 \u20ac<\/div>\n<div tabindex=\"-1\"><\/div>\n<div tabindex=\"-1\">Immutus \u2013 valge 3513.25 \u20ac<\/div>\n<div tabindex=\"-1\"><\/div>\n<div tabindex=\"-1\">Voodrilauad \u2013 19 mm sisevooderdus 2691 \u20ac<\/div>\n<div tabindex=\"-1\"><\/div>\n<div tabindex=\"-1\"><\/div>\n<div tabindex=\"-1\"><\/div>\n<div tabindex=\"-1\"><em><strong>A-raamiga majad: Komplekt ei sisalda siseviimistlust ega Rockwooli soojustust. Selle t\u00fc\u00fcpi hoonete puhul on klientidel tihti oma n\u00e4gemus siseviimistlusest \u2014 alates kipsist kuni \u00fcmara palgi imitatsioonini. Rockwooli ei lisata komplekti selle k\u00f5rge kuupmeetrilise hinna t\u00f5ttu.<\/strong><\/em><\/div>\n<div tabindex=\"-1\"><\/div>\n<div tabindex=\"-1\"><\/div>\n<p><a href=\"https:\/\/factory.sale\/wp-content\/uploads\/2025\/12\/A-frame-house-sample-335x2_Instructions.pdf\" target=\"_blank\" rel=\"noopener\">N\u00e4ide: Kuidas ehitada A-raamiga maja<\/a><\/p>\n<p><a href=\"https:\/\/factory.sale\/wp-content\/uploads\/2025\/12\/A-frame-39_Patvirtinimui-0-1.pdf\" target=\"_blank\" rel=\"noopener\">A-raamiga maja joonised omavalitsuse koosk\u00f5lastuseks<\/a><\/p>\n","protected":false},"excerpt":{"rendered":"<p>Avastage Skandinaavia arhitektuuri ja funktsionaalse elamise t\u00e4iuslik kooslus A-raamiga maja Maxi 39 m\u00b2 n\u00e4ol. See on loodud neile, kes hindavad stiili, ruumikust ja lihtsust. See muljetavaldav hoone pakub \u00fcle 50 m\u00b2 kasutatavat pinda, sealhulgas valgusk\u00fcllast avatud planeeringuga esimest korrust ning mugavat 12.1 m\u00b2 p\u00f6\u00f6ningut \u2014 ideaalne magamiseks, l\u00f5\u00f5gastumiseks v\u00f5i t\u00f6\u00f6tamiseks.<\/p>\n","protected":false},"featured_media":133963,"comment_status":"open","ping_status":"closed","template":"","meta":{"_acf_changed":false},"factory":[],"free-shipment":[],"product_brand":[],"product_cat":[924,2888],"product_tag":[1483,1484,2714],"class_list":{"0":"post-133992","1":"product","2":"type-product","3":"status-publish","4":"has-post-thumbnail","6":"product_cat-aiatooted","7":"product_cat-kampingumajakesed","8":"product_tag-garden-et","9":"product_tag-yard-et","10":"product_tag-yard-and-garden-et","11":"pa_roofing-finnish-shingles-hall","12":"pa_roofing-finnish-shingles-ilma","13":"pa_roofing-finnish-shingles-must","14":"pa_roofing-finnish-shingles-pruun","15":"pa_roofing-finnish-shingles-punane","16":"pa_roofing-finnish-shingles-roheline","18":"first","19":"instock","20":"sale","21":"taxable","22":"shipping-taxable","23":"purchasable","24":"product-type-variable"},"acf":[],"_links":{"self":[{"href":"https:\/\/factory.sale\/et\/wp-json\/wp\/v2\/product\/133992","targetHints":{"allow":["GET"]}}],"collection":[{"href":"https:\/\/factory.sale\/et\/wp-json\/wp\/v2\/product"}],"about":[{"href":"https:\/\/factory.sale\/et\/wp-json\/wp\/v2\/types\/product"}],"replies":[{"embeddable":true,"href":"https:\/\/factory.sale\/et\/wp-json\/wp\/v2\/comments?post=133992"}],"wp:featuredmedia":[{"embeddable":true,"href":"https:\/\/factory.sale\/et\/wp-json\/wp\/v2\/media\/133963"}],"wp:attachment":[{"href":"https:\/\/factory.sale\/et\/wp-json\/wp\/v2\/media?parent=133992"}],"wp:term":[{"taxonomy":"factory","embeddable":true,"href":"https:\/\/factory.sale\/et\/wp-json\/wp\/v2\/factory?post=133992"},{"taxonomy":"free-shipment","embeddable":true,"href":"https:\/\/factory.sale\/et\/wp-json\/wp\/v2\/free-shipment?post=133992"},{"taxonomy":"product_brand","embeddable":true,"href":"https:\/\/factory.sale\/et\/wp-json\/wp\/v2\/product_brand?post=133992"},{"taxonomy":"product_cat","embeddable":true,"href":"https:\/\/factory.sale\/et\/wp-json\/wp\/v2\/product_cat?post=133992"},{"taxonomy":"product_tag","embeddable":true,"href":"https:\/\/factory.sale\/et\/wp-json\/wp\/v2\/product_tag?post=133992"}],"curies":[{"name":"wp","href":"https:\/\/api.w.org\/{rel}","templated":true}]}}