{"id":133931,"date":"2025-12-07T21:16:26","date_gmt":"2025-12-07T18:36:11","guid":{"rendered":"https:\/\/factory.sale\/?post_type=product&#038;p=133931"},"modified":"2025-12-07T22:03:57","modified_gmt":"2025-12-07T19:03:57","slug":"a-raamiga-maja-midi-32-m%c2%b2","status":"publish","type":"product","link":"https:\/\/factory.sale\/et\/toode\/a-raamiga-maja-midi-32-m%c2%b2\/","title":{"rendered":"A-raamiga maja Midi 32 m\u00b2"},"content":{"rendered":"<p>Kogege meie modernset 32 m\u00b2 A-maja \u2013 mitmek\u00fclgset palkmaja, mida saab kasutada kunsti, matkamise, kontori v\u00f5i k\u00fclalistemajana. See on valmistatud looduslikust kuusepuidust ning sellel on muljetavaldavad omadused, nagu t\u00e4isklaaselemendid, soojustatud katus ja avar siseruum.<\/p>\n<p>Lisaks saate tutvuda detailidega, nagu: 14 cm paksused seinad, 20 cm paksune soojustusega katus ja 9 akent optimaalse valguse jaoks. Looge oma ideaalne ruum selle ainulaadse A-majaga.<\/p>\n<p>&nbsp;<\/p>\n<p>&nbsp;<\/p>\n<p><strong>Tehniline teave:<\/strong><\/p>\n<div class=\"_tableContainer_1rjym_1\">\n<div class=\"group _tableWrapper_1rjym_13 flex w-fit flex-col-reverse\" tabindex=\"-1\">\n<table class=\"w-fit min-w-(--thread-content-width)\" style=\"height: 712px;\" width=\"891\" data-start=\"536\" data-end=\"1526\">\n<thead data-start=\"536\" data-end=\"567\">\n<tr data-start=\"536\" data-end=\"567\">\n<th data-start=\"536\" data-end=\"555\" data-col-size=\"sm\">Spetsifikatsioon<\/th>\n<th data-start=\"555\" data-end=\"567\" data-col-size=\"lg\">Detailid<\/th>\n<\/tr>\n<\/thead>\n<tbody data-start=\"600\" data-end=\"1526\">\n<tr data-start=\"600\" data-end=\"635\">\n<td data-start=\"600\" data-end=\"611\" data-col-size=\"sm\">Materjal<\/td>\n<td data-col-size=\"lg\" data-start=\"611\" data-end=\"635\">Kuuse- v\u00f5i m\u00e4nnipuit<\/td>\n<\/tr>\n<tr data-start=\"636\" data-end=\"657\">\n<td data-start=\"636\" data-end=\"646\" data-col-size=\"sm\">Siseala<\/td>\n<td data-col-size=\"lg\" data-start=\"646\" data-end=\"657\">31,9 m\u00b2<\/td>\n<\/tr>\n<tr data-start=\"658\" data-end=\"676\">\n<td data-start=\"658\" data-end=\"671\" data-col-size=\"sm\">Tubade arv<\/td>\n<td data-col-size=\"lg\" data-start=\"671\" data-end=\"676\">3<\/td>\n<\/tr>\n<tr data-start=\"677\" data-end=\"718\">\n<td data-start=\"677\" data-end=\"699\" data-col-size=\"sm\">V\u00e4lism\u00f5\u00f5dud (L \u00d7 P)<\/td>\n<td data-col-size=\"lg\" data-start=\"699\" data-end=\"718\">580 cm \u00d7 700 cm<\/td>\n<\/tr>\n<tr data-start=\"719\" data-end=\"743\">\n<td data-start=\"719\" data-end=\"733\" data-col-size=\"sm\">Harjak\u00f5rgus<\/td>\n<td data-col-size=\"lg\" data-start=\"733\" data-end=\"743\">500 cm<\/td>\n<\/tr>\n<tr data-start=\"744\" data-end=\"770\">\n<td data-start=\"744\" data-end=\"761\" data-col-size=\"sm\">Katuse pindala<\/td>\n<td data-col-size=\"lg\" data-start=\"761\" data-end=\"770\">90 m\u00b2<\/td>\n<\/tr>\n<tr data-start=\"771\" data-end=\"800\">\n<td data-start=\"771\" data-end=\"790\" data-col-size=\"sm\">Terrassi pindala<\/td>\n<td data-col-size=\"lg\" data-start=\"790\" data-end=\"800\">2,5 m\u00b2<\/td>\n<\/tr>\n<tr data-start=\"801\" data-end=\"850\">\n<td data-start=\"801\" data-end=\"810\" data-col-size=\"sm\">Seinad<\/td>\n<td data-col-size=\"lg\" data-start=\"810\" data-end=\"850\">Esisein t\u00e4ielikult klaaselementidest<\/td>\n<\/tr>\n<tr data-start=\"851\" data-end=\"881\">\n<td data-start=\"851\" data-end=\"870\" data-col-size=\"sm\">Tagaseina paksus<\/td>\n<td data-col-size=\"lg\" data-start=\"870\" data-end=\"881\">18,5 cm<\/td>\n<\/tr>\n<tr data-start=\"882\" data-end=\"1032\">\n<td data-start=\"882\" data-end=\"909\" data-col-size=\"sm\">Tagaseina konstruktsioon<\/td>\n<td data-col-size=\"lg\" data-start=\"909\" data-end=\"1032\">19 mm v\u00e4lisvoodrilaud; tuulet\u00f5kkekangas (ei kuulu komplekti); 25 mm tuulutusliist; 140 mm Rockwool (ei kuulu komplekti)<\/td>\n<\/tr>\n<tr data-start=\"1033\" data-end=\"1058\">\n<td data-start=\"1033\" data-end=\"1049\" data-col-size=\"sm\">Katuse paksus<\/td>\n<td data-col-size=\"lg\" data-start=\"1049\" data-end=\"1058\">18 cm<\/td>\n<\/tr>\n<tr data-start=\"1059\" data-end=\"1193\">\n<td data-start=\"1059\" data-end=\"1083\" data-col-size=\"sm\">Katuse konstruktsioon<\/td>\n<td data-col-size=\"lg\" data-start=\"1083\" data-end=\"1193\">Bituumen sindel (ei kuulu komplekti); OSB 15 mm; 25 mm tuulutusliist; 140 mm Rockwool (ei kuulu komplekti)<\/td>\n<\/tr>\n<tr data-start=\"1194\" data-end=\"1267\">\n<td data-start=\"1194\" data-end=\"1213\" data-col-size=\"sm\">P\u00f5randa materjal<\/td>\n<td data-col-size=\"lg\" data-start=\"1213\" data-end=\"1267\">10 cm p\u00f5randatalad + 19 mm p\u00f5randalauad komplektis<\/td>\n<\/tr>\n<tr data-start=\"1268\" data-end=\"1333\">\n<td data-start=\"1268\" data-end=\"1290\" data-col-size=\"sm\">Ukse m\u00f5\u00f5dud (L \u00d7 K)<\/td>\n<td data-col-size=\"lg\" data-start=\"1290\" data-end=\"1333\">1 \u00d7 85 cm \u00d7 200 cm; 1 \u00d7 160 cm \u00d7 200 cm<\/td>\n<\/tr>\n<tr data-start=\"1334\" data-end=\"1416\">\n<td data-start=\"1334\" data-end=\"1358\" data-col-size=\"sm\">Akende m\u00f5\u00f5dud (L \u00d7 K)<\/td>\n<td data-col-size=\"lg\" data-start=\"1358\" data-end=\"1416\">9 \u00d7 (50 \u00d7 200; 150 \u00d7 39; 85 \u00d7 200; 150 \u00d7 200; 70 \u00d7 39)<\/td>\n<\/tr>\n<tr data-start=\"1417\" data-end=\"1487\">\n<td data-start=\"1417\" data-end=\"1434\" data-col-size=\"sm\">Aknad ja uksed<\/td>\n<td data-col-size=\"lg\" data-start=\"1434\" data-end=\"1487\">Kahekordne klaaspakett (Klaas: 4 mm, vahe: 12 mm)<\/td>\n<\/tr>\n<tr data-start=\"1488\" data-end=\"1526\">\n<td data-start=\"1488\" data-end=\"1500\" data-col-size=\"sm\">Ukse lukk<\/td>\n<td data-col-size=\"lg\" data-start=\"1500\" data-end=\"1526\">Silinderlukk 2 v\u00f5tmega<\/td>\n<\/tr>\n<\/tbody>\n<\/table>\n<\/div>\n<\/div>\n<p>&nbsp;<\/p>\n<p>&nbsp;<\/p>\n<p><strong>Lisaks saadaval (hinnad ilma KM):<\/strong><\/p>\n<p>Immutus \u2013 L\u00e4bipaistev (loodusliku puidu v\u00e4limus) 1363 \u20ac<\/p>\n<p>Immutus \u2013 Pruun 1363 \u20ac<\/p>\n<p>Immutus \u2013 Valge 2726 \u20ac<\/p>\n<p>Voodrilauad \u2013 19 mm sisevooderdus 1834 \u20ac<\/p>\n<p>&nbsp;<\/p>\n<p>&nbsp;<\/p>\n<p><strong><em>A-raamiga majad: Komplekt ei sisalda siseviimistlust ega Rockwool soojustust. Selliste hoonete puhul on klientidel sageli oma n\u00e4gemus siseviimistluse osas, alates kipsist kuni \u00fcmarpalki imiteerivate viimistluslaudadeni. Rockwooli komplektis ei ole, kuna selle kuupmeetri hind on v\u00e4ga k\u00f5rge.<\/em><\/strong><\/p>\n","protected":false},"excerpt":{"rendered":"<p>Kogege meie modernset 32 m\u00b2 A-maja \u2013 mitmek\u00fclgset palkmaja, mida saab kasutada kunsti, matkamise, kontori v\u00f5i k\u00fclalistemajana. See on valmistatud looduslikust kuusepuidust ning sellel on muljetavaldavad omadused, nagu t\u00e4isklaaselemendid, soojustatud katus ja avar siseruum.<\/p>\n","protected":false},"featured_media":133892,"comment_status":"open","ping_status":"closed","template":"","meta":{"_acf_changed":false},"factory":[],"free-shipment":[],"product_brand":[],"product_cat":[924,2888],"product_tag":[],"class_list":{"0":"post-133931","1":"product","2":"type-product","3":"status-publish","4":"has-post-thumbnail","6":"product_cat-aiatooted","7":"product_cat-kampingumajakesed","8":"pa_roofing-finnish-shingles-hall","9":"pa_roofing-finnish-shingles-ilma","10":"pa_roofing-finnish-shingles-must","11":"pa_roofing-finnish-shingles-pruun","12":"pa_roofing-finnish-shingles-punane","13":"pa_roofing-finnish-shingles-roheline","15":"first","16":"instock","17":"sale","18":"taxable","19":"shipping-taxable","20":"purchasable","21":"product-type-variable"},"acf":[],"_links":{"self":[{"href":"https:\/\/factory.sale\/et\/wp-json\/wp\/v2\/product\/133931","targetHints":{"allow":["GET"]}}],"collection":[{"href":"https:\/\/factory.sale\/et\/wp-json\/wp\/v2\/product"}],"about":[{"href":"https:\/\/factory.sale\/et\/wp-json\/wp\/v2\/types\/product"}],"replies":[{"embeddable":true,"href":"https:\/\/factory.sale\/et\/wp-json\/wp\/v2\/comments?post=133931"}],"wp:featuredmedia":[{"embeddable":true,"href":"https:\/\/factory.sale\/et\/wp-json\/wp\/v2\/media\/133892"}],"wp:attachment":[{"href":"https:\/\/factory.sale\/et\/wp-json\/wp\/v2\/media?parent=133931"}],"wp:term":[{"taxonomy":"factory","embeddable":true,"href":"https:\/\/factory.sale\/et\/wp-json\/wp\/v2\/factory?post=133931"},{"taxonomy":"free-shipment","embeddable":true,"href":"https:\/\/factory.sale\/et\/wp-json\/wp\/v2\/free-shipment?post=133931"},{"taxonomy":"product_brand","embeddable":true,"href":"https:\/\/factory.sale\/et\/wp-json\/wp\/v2\/product_brand?post=133931"},{"taxonomy":"product_cat","embeddable":true,"href":"https:\/\/factory.sale\/et\/wp-json\/wp\/v2\/product_cat?post=133931"},{"taxonomy":"product_tag","embeddable":true,"href":"https:\/\/factory.sale\/et\/wp-json\/wp\/v2\/product_tag?post=133931"}],"curies":[{"name":"wp","href":"https:\/\/api.w.org\/{rel}","templated":true}]}}