{"id":1338,"date":"2019-08-28T17:20:08","date_gmt":"2019-08-28T17:20:08","guid":{"rendered":"https:\/\/factory.sale\/product\/wall-panels-with-a-foam-core\/"},"modified":"2024-06-26T10:56:54","modified_gmt":"2024-06-26T10:56:54","slug":"wall-panels-with-a-foam-core","status":"publish","type":"product","link":"https:\/\/factory.sale\/et\/toode\/wall-panels-with-a-foam-core\/","title":{"rendered":"SEINAPANEELID VAHTTUUMAGA"},"content":{"rendered":"<p><strong>Eesm\u00e4rk:<\/strong><\/p>\n<p><span style=\"font-weight: 400;\">Hea soojusisolatsiooniga seinaplaat<\/span><\/p>\n<p><strong>Tuum:<\/strong><\/p>\n<p><span style=\"font-weight: 400;\"> K\u00f5va mineraalvill tihedusega 115 [kg \/ m3] v\u00f5i vahustatud pol\u00fcst\u00fcreen FS 15<\/span><\/p>\n<p><strong>Fassaadi:<\/strong><\/p>\n<p>Kahepoolne eri t\u00fc\u00fcpi roostevabast terasest lehtteras \u00a0v\u00f5i \u00fchepoolne<br \/>\nroostevabast terasest lehtteras ja tsingitud terasplekk kaetud PE-kattega.<\/p>\n<p><strong>Modulaarne laius:<\/strong><\/p>\n<p><span style=\"font-weight: 400;\">1200 [mm]<\/span><\/p>\n<p><strong>Paksus:<\/strong><\/p>\n<p><span style=\"font-weight: 400;\">50, 60, 80, 100, 120, 150, 200, 250 [mm]<\/span><\/p>\n<p><strong>Max. pikkus:<\/strong><\/p>\n<p><span style=\"font-weight: 400;\">12 000 [mm]<\/span><\/p>\n<p><strong>Miinimumkogus 200 m2.<\/strong><\/p>\n<p>&nbsp;<\/p>\n<p>&nbsp;<\/p>\n","protected":false},"excerpt":{"rendered":"<p><span style=\"font-weight: 400;\">Hea soojusisolatsiooniga seinaplaat. K\u00f5va mineraalvill tihedusega 115 [kg \/ m3] v\u00f5i vahustatud pol\u00fcst\u00fcreen FS 15&#8217;st.<br \/>\n<\/span><\/p>\n<p>Kahepoolne eri t\u00fc\u00fcpi roostevabast terasest leht \u00a0v\u00f5i \u00fchepoolne<br \/>\nroostevabast terasest leht ja tsingitud terasplekk kaetud PE-kattega.<\/p>\n<p>Miinimumkogus 200 m2.<\/p>\n<p>Tegemist on 100mm paneeli n\u00e4idishinnaga. Palun saatke oma p\u00e4ring: order@factory.sale<\/p>\n","protected":false},"featured_media":1340,"comment_status":"open","ping_status":"closed","template":"","meta":{"_acf_changed":false},"factory":[],"free-shipment":[],"product_brand":[],"product_cat":[198,197],"product_tag":[145],"class_list":{"0":"post-1338","1":"product","2":"type-product","3":"status-publish","4":"has-post-thumbnail","6":"product_cat-sandwich-paneelid-eps","7":"product_cat-sandwich-paneelid","8":"product_tag-sandwich-panel-et","10":"first","11":"instock","12":"sale","13":"taxable","14":"shipping-taxable","15":"purchasable","16":"product-type-simple"},"acf":[],"_links":{"self":[{"href":"https:\/\/factory.sale\/et\/wp-json\/wp\/v2\/product\/1338","targetHints":{"allow":["GET"]}}],"collection":[{"href":"https:\/\/factory.sale\/et\/wp-json\/wp\/v2\/product"}],"about":[{"href":"https:\/\/factory.sale\/et\/wp-json\/wp\/v2\/types\/product"}],"replies":[{"embeddable":true,"href":"https:\/\/factory.sale\/et\/wp-json\/wp\/v2\/comments?post=1338"}],"wp:featuredmedia":[{"embeddable":true,"href":"https:\/\/factory.sale\/et\/wp-json\/wp\/v2\/media\/1340"}],"wp:attachment":[{"href":"https:\/\/factory.sale\/et\/wp-json\/wp\/v2\/media?parent=1338"}],"wp:term":[{"taxonomy":"factory","embeddable":true,"href":"https:\/\/factory.sale\/et\/wp-json\/wp\/v2\/factory?post=1338"},{"taxonomy":"free-shipment","embeddable":true,"href":"https:\/\/factory.sale\/et\/wp-json\/wp\/v2\/free-shipment?post=1338"},{"taxonomy":"product_brand","embeddable":true,"href":"https:\/\/factory.sale\/et\/wp-json\/wp\/v2\/product_brand?post=1338"},{"taxonomy":"product_cat","embeddable":true,"href":"https:\/\/factory.sale\/et\/wp-json\/wp\/v2\/product_cat?post=1338"},{"taxonomy":"product_tag","embeddable":true,"href":"https:\/\/factory.sale\/et\/wp-json\/wp\/v2\/product_tag?post=1338"}],"curies":[{"name":"wp","href":"https:\/\/api.w.org\/{rel}","templated":true}]}}