{"id":133722,"date":"2025-12-05T01:20:27","date_gmt":"2025-12-04T22:38:31","guid":{"rendered":"https:\/\/factory.sale\/?post_type=product&#038;p=133722"},"modified":"2025-12-05T01:38:32","modified_gmt":"2025-12-04T22:38:32","slug":"a-raamiga-maja-moos-52-m%c2%b2","status":"publish","type":"product","link":"https:\/\/factory.sale\/et\/toode\/a-raamiga-maja-moos-52-m%c2%b2\/","title":{"rendered":"A-raamiga maja MOOS 52 m\u00b2"},"content":{"rendered":"<p><strong>Kaasaegne ja vastupidav puidust kodu<\/strong><\/p>\n<p>A-raamiga maja MOOS on l\u00e4bim\u00f5eldud planeeringuga puidust kodu, mis \u00fchendab tugevuse, esteetika ja funktsionaalsuse. Selle j\u00e4rsu kaldega katus ei paku mitte ainult silmapaistvat arhitektuurset ilmet, vaid juhib t\u00f5husalt vihma ja lume eemale, v\u00e4ltides niiskuse kogunemist. Valikulise soojustusega tagab see majamudel suurep\u00e4rase energiat\u00f5hususe ning mugava sisekliima aastaringselt. L\u00e4bim\u00f5eldud ruumilahendus ja kvaliteetsed materjalid muudavad selle ideaalseks valikuks neile, kes otsivad hubast, kuid kaasaegset elukeskkonda.<\/p>\n<p>&nbsp;<\/p>\n<p><strong>Mitmek\u00fclgne elamine igale eluviisile<\/strong><\/p>\n<p>A-raamiga maja MOOS ei ole lihtsalt stiilse v\u00e4limusega hoone \u2013 see on mitmeotstarbeline eluruum. Sobib suurep\u00e4raselt puhkekoduks, k\u00fclalistemajaks v\u00f5i p\u00fcsivaks elukohaks, pakkudes mugavust ja praktilisust. Naturaalse puidu viimistlus lisab soojust ja ainulaadset atmosf\u00e4\u00e4ri, mis meeldib eriti neile, kes hindavad j\u00e4tkusuutlikku ja keskkonnas\u00f5bralikku elamist.<br \/>\nSee A-raamiga mudel \u00fchendab kaasaegse arhitektuuri ja puidu loomuliku v\u00f5lu, luues keskkonna, mis on \u00fchtaegu moodne ja kutsuv.<\/p>\n<p>&nbsp;<\/p>\n<p>&nbsp;<\/p>\n<p>&nbsp;<\/p>\n<p><strong>Tehnilised andmed:<\/strong><\/p>\n<div class=\"_tableContainer_1rjym_1\">\n<div class=\"group _tableWrapper_1rjym_13 flex w-fit flex-col-reverse\" tabindex=\"-1\">\n<table class=\"w-fit min-w-(--thread-content-width)\" style=\"height: 366px;\" width=\"592\" data-start=\"1281\" data-end=\"1556\">\n<thead data-start=\"1281\" data-end=\"1312\">\n<tr data-start=\"1281\" data-end=\"1312\">\n<th data-start=\"1281\" data-end=\"1298\" data-col-size=\"sm\"><\/th>\n<th data-start=\"1298\" data-end=\"1312\" data-col-size=\"sm\"><\/th>\n<\/tr>\n<\/thead>\n<tbody data-start=\"1345\" data-end=\"1556\">\n<tr data-start=\"1345\" data-end=\"1369\">\n<td data-start=\"1345\" data-end=\"1360\" data-col-size=\"sm\">Seina paksus<\/td>\n<td data-col-size=\"sm\" data-start=\"1360\" data-end=\"1369\">44 mm<\/td>\n<\/tr>\n<tr data-start=\"1370\" data-end=\"1388\">\n<td data-start=\"1370\" data-end=\"1378\" data-col-size=\"sm\">Laius<\/td>\n<td data-start=\"1378\" data-end=\"1388\" data-col-size=\"sm\">5.95 m<\/td>\n<\/tr>\n<tr data-start=\"1389\" data-end=\"1407\">\n<td data-start=\"1389\" data-end=\"1398\" data-col-size=\"sm\">Pikkus<\/td>\n<td data-start=\"1398\" data-end=\"1407\" data-col-size=\"sm\">7.1 m<\/td>\n<\/tr>\n<tr data-start=\"1408\" data-end=\"1437\">\n<td data-start=\"1408\" data-end=\"1418\" data-col-size=\"sm\">Siseala<\/td>\n<td data-start=\"1418\" data-end=\"1437\" data-col-size=\"sm\">33 m\u00b2 + 18.9 m\u00b2<\/td>\n<\/tr>\n<tr data-start=\"1438\" data-end=\"1464\">\n<td data-start=\"1438\" data-end=\"1455\" data-col-size=\"sm\">Katuse pindala<\/td>\n<td data-col-size=\"sm\" data-start=\"1455\" data-end=\"1464\">97 m\u00b2<\/td>\n<\/tr>\n<tr data-start=\"1465\" data-end=\"1495\">\n<td data-start=\"1465\" data-end=\"1488\" data-col-size=\"sm\">Sissep\u00e4\u00e4su varikatus<\/td>\n<td data-col-size=\"sm\" data-start=\"1488\" data-end=\"1495\">1 m<\/td>\n<\/tr>\n<tr data-start=\"1496\" data-end=\"1519\">\n<td data-start=\"1496\" data-end=\"1510\" data-col-size=\"sm\">Kogu k\u00f5rgus<\/td>\n<td data-col-size=\"sm\" data-start=\"1510\" data-end=\"1519\">5.5 m<\/td>\n<\/tr>\n<tr data-start=\"1520\" data-end=\"1538\">\n<td data-start=\"1520\" data-end=\"1533\" data-col-size=\"sm\">Tubade arv<\/td>\n<td data-start=\"1533\" data-end=\"1538\" data-col-size=\"sm\">4<\/td>\n<\/tr>\n<tr data-start=\"1539\" data-end=\"1556\">\n<td data-start=\"1539\" data-end=\"1549\" data-col-size=\"sm\">Terrass<\/td>\n<td data-start=\"1549\" data-end=\"1556\" data-col-size=\"sm\">Jah<\/td>\n<\/tr>\n<\/tbody>\n<\/table>\n<p>&nbsp;<\/p>\n<\/div>\n<\/div>\n<div class=\"_tableContainer_1rjym_1\">\n<div class=\"group _tableWrapper_1rjym_13 flex w-fit flex-col-reverse\" tabindex=\"-1\">\n<table class=\"w-fit min-w-(--thread-content-width)\" style=\"height: 245px;\" width=\"590\" data-start=\"1563\" data-end=\"1856\">\n<thead data-start=\"1563\" data-end=\"1596\">\n<tr data-start=\"1563\" data-end=\"1596\">\n<th data-start=\"1563\" data-end=\"1579\" data-col-size=\"sm\"><strong data-start=\"1565\" data-end=\"1578\">Komponent<\/strong><\/th>\n<th data-start=\"1579\" data-end=\"1596\" data-col-size=\"sm\"><strong data-start=\"1581\" data-end=\"1594\">Kirjeldus<\/strong><\/th>\n<\/tr>\n<\/thead>\n<tbody data-start=\"1633\" data-end=\"1856\">\n<tr data-start=\"1633\" data-end=\"1667\">\n<td data-start=\"1633\" data-end=\"1647\" data-col-size=\"sm\">Katuse t\u00fc\u00fcp<\/td>\n<td data-start=\"1647\" data-end=\"1667\" data-col-size=\"sm\">A-raamiga disain<\/td>\n<\/tr>\n<tr data-start=\"1668\" data-end=\"1704\">\n<td data-start=\"1668\" data-end=\"1682\" data-col-size=\"sm\">Katuse alus<\/td>\n<td data-start=\"1682\" data-end=\"1704\" data-col-size=\"sm\">19 mm tapiga lauad<\/td>\n<\/tr>\n<tr data-start=\"1705\" data-end=\"1729\">\n<td data-start=\"1705\" data-end=\"1720\" data-col-size=\"sm\">P\u00f5randalauad<\/td>\n<td data-start=\"1720\" data-end=\"1729\" data-col-size=\"sm\">19 mm<\/td>\n<\/tr>\n<tr data-start=\"1730\" data-end=\"1785\">\n<td data-start=\"1730\" data-end=\"1744\" data-col-size=\"sm\">Klaaspakett<\/td>\n<td data-start=\"1744\" data-end=\"1785\" data-col-size=\"sm\">4-16-4 topeltklaasid uste ja akendega<\/td>\n<\/tr>\n<tr data-start=\"1786\" data-end=\"1814\">\n<td data-start=\"1786\" data-end=\"1800\" data-col-size=\"sm\">Akna luugid<\/td>\n<td data-start=\"1800\" data-end=\"1814\" data-col-size=\"sm\">Ei sisaldu<\/td>\n<\/tr>\n<tr data-start=\"1815\" data-end=\"1856\">\n<td data-start=\"1815\" data-end=\"1827\" data-col-size=\"sm\">Ukse lukk<\/td>\n<td data-start=\"1827\" data-end=\"1856\" data-col-size=\"sm\">Silinderlukk kahe v\u00f5tmega<\/td>\n<\/tr>\n<\/tbody>\n<\/table>\n<\/div>\n<\/div>\n<p>&nbsp;<\/p>\n<div class=\"_tableContainer_1rjym_1\">\n<div class=\"group _tableWrapper_1rjym_13 flex w-fit flex-col-reverse\" tabindex=\"-1\">\n<table class=\"w-fit min-w-(--thread-content-width)\" style=\"height: 230px;\" width=\"586\" data-start=\"1878\" data-end=\"2096\">\n<thead data-start=\"1878\" data-end=\"1920\">\n<tr data-start=\"1878\" data-end=\"1920\">\n<th data-start=\"1878\" data-end=\"1894\" data-col-size=\"sm\"><strong data-start=\"1880\" data-end=\"1893\">Ukse t\u00fc\u00fcp<\/strong><\/th>\n<th data-start=\"1894\" data-end=\"1907\" data-col-size=\"sm\"><strong data-start=\"1896\" data-end=\"1906\">M\u00f5\u00f5dud<\/strong><\/th>\n<th data-start=\"1907\" data-end=\"1920\" data-col-size=\"sm\"><strong data-start=\"1909\" data-end=\"1918\">Kogus<\/strong><\/th>\n<\/tr>\n<\/thead>\n<tbody data-start=\"1966\" data-end=\"2096\">\n<tr data-start=\"1966\" data-end=\"1998\">\n<td data-start=\"1966\" data-end=\"1977\" data-col-size=\"sm\">Klaasuks<\/td>\n<td data-start=\"1977\" data-end=\"1993\" data-col-size=\"sm\">1.98 \u00d7 0.85 m<\/td>\n<td data-start=\"1993\" data-end=\"1998\" data-col-size=\"sm\">1<\/td>\n<\/tr>\n<tr data-start=\"1999\" data-end=\"2032\">\n<td data-start=\"1999\" data-end=\"2011\" data-col-size=\"sm\">Puituksed<\/td>\n<td data-start=\"2011\" data-end=\"2027\" data-col-size=\"sm\">1.98 \u00d7 0.85 m<\/td>\n<td data-start=\"2027\" data-end=\"2032\" data-col-size=\"sm\">2<\/td>\n<\/tr>\n<tr data-start=\"2033\" data-end=\"2065\">\n<td data-start=\"2033\" data-end=\"2047\" data-col-size=\"sm\">Topeltuksed<\/td>\n<td data-start=\"2047\" data-end=\"2060\" data-col-size=\"sm\">1.98 \u00d7 3 m<\/td>\n<td data-start=\"2060\" data-end=\"2065\" data-col-size=\"sm\">1<\/td>\n<\/tr>\n<tr data-start=\"2066\" data-end=\"2096\">\n<td data-start=\"2066\" data-end=\"2083\" data-col-size=\"sm\">Uksi kokku<\/td>\n<td data-start=\"2083\" data-end=\"2087\" data-col-size=\"sm\">\u2014<\/td>\n<td data-start=\"2087\" data-end=\"2096\" data-col-size=\"sm\"><strong data-start=\"2089\" data-end=\"2094\">4<\/strong><\/td>\n<\/tr>\n<\/tbody>\n<\/table>\n<\/div>\n<\/div>\n<p>&nbsp;<\/p>\n<div class=\"_tableContainer_1rjym_1\">\n<div class=\"group _tableWrapper_1rjym_13 flex w-fit flex-col-reverse\" tabindex=\"-1\">\n<table class=\"w-fit min-w-(--thread-content-width)\" style=\"height: 167px;\" width=\"585\" data-start=\"2118\" data-end=\"2351\">\n<thead data-start=\"2118\" data-end=\"2159\">\n<tr data-start=\"2118\" data-end=\"2159\">\n<th data-start=\"2118\" data-end=\"2133\" data-col-size=\"sm\"><strong data-start=\"2120\" data-end=\"2132\">Aknat\u00fc\u00fcp<\/strong><\/th>\n<th data-start=\"2133\" data-end=\"2146\" data-col-size=\"sm\"><strong data-start=\"2135\" data-end=\"2145\">M\u00f5\u00f5dud<\/strong><\/th>\n<th data-start=\"2146\" data-end=\"2159\" data-col-size=\"sm\"><strong data-start=\"2148\" data-end=\"2157\">Kogus<\/strong><\/th>\n<\/tr>\n<\/thead>\n<tbody data-start=\"2205\" data-end=\"2351\">\n<tr data-start=\"2205\" data-end=\"2242\">\n<td data-start=\"2205\" data-end=\"2222\" data-col-size=\"sm\">\u00dchekordne aken<\/td>\n<td data-start=\"2222\" data-end=\"2237\" data-col-size=\"sm\">0.52 \u00d7 0.5 m<\/td>\n<td data-start=\"2237\" data-end=\"2242\" data-col-size=\"sm\">1<\/td>\n<\/tr>\n<tr data-start=\"2243\" data-end=\"2280\">\n<td data-start=\"2243\" data-end=\"2260\" data-col-size=\"sm\">\u00dchekordne aken<\/td>\n<td data-start=\"2260\" data-end=\"2275\" data-col-size=\"sm\">0.92 \u00d7 0.7 m<\/td>\n<td data-start=\"2275\" data-end=\"2280\" data-col-size=\"sm\">1<\/td>\n<\/tr>\n<tr data-start=\"2281\" data-end=\"2319\">\n<td data-start=\"2281\" data-end=\"2299\" data-col-size=\"sm\">Kahekordne aken<\/td>\n<td data-start=\"2299\" data-end=\"2314\" data-col-size=\"sm\">0.92 \u00d7 1.3 m<\/td>\n<td data-start=\"2314\" data-end=\"2319\" data-col-size=\"sm\">1<\/td>\n<\/tr>\n<tr data-start=\"2320\" data-end=\"2351\">\n<td data-start=\"2320\" data-end=\"2338\" data-col-size=\"sm\">Aknaid kokku<\/td>\n<td data-start=\"2338\" data-end=\"2342\" data-col-size=\"sm\">\u2014<\/td>\n<td data-start=\"2342\" data-end=\"2351\" data-col-size=\"sm\"><strong data-start=\"2344\" data-end=\"2349\">3<\/strong><\/td>\n<\/tr>\n<\/tbody>\n<\/table>\n<\/div>\n<\/div>\n<p>&nbsp;<\/p>\n<p>&nbsp;<\/p>\n<p>&nbsp;<\/p>\n<p><a href=\"https:\/\/factory.sale\/wp-content\/uploads\/2025\/12\/Roof-insulation-100-mm-EN.pdf\" target=\"_blank\" rel=\"noopener\">Katuseisolatsiooni juhised<\/a><\/p>\n<p>&nbsp;<\/p>\n<div id=\"productTabContent\" class=\"tab-content\">\n<div id=\"description\" class=\"tab-pane fade show active\" role=\"tabpanel\" aria-labelledby=\"description-tab\">\n<div class=\"_tableContainer_1rjym_1\">\n<p>&nbsp;<\/p>\n<\/div>\n<p><iframe loading=\"lazy\" title=\"YouTube video\" src=\"\/\/www.youtube.com\/embed\/k9kK04ZBp0o?autoplay=1&amp;mute=1&amp;controls=1&amp;start=110&amp;loop=1&amp;playlist=k9kK04ZBp0o\" width=\"800\" height=\"450\" frameborder=\"0\" allowfullscreen=\"allowfullscreen\" data-mce-fragment=\"1\"><\/iframe><\/p>\n<p>&nbsp;<\/p>\n<p><iframe loading=\"lazy\" title=\"YouTube video\" src=\"\/\/www.youtube.com\/embed\/9S4j3SFXrjM?autoplay=1&amp;mute=1&amp;controls=1&amp;loop=1&amp;playlist=9S4j3SFXrjM\" width=\"800\" height=\"315\" frameborder=\"0\" allowfullscreen=\"allowfullscreen\" data-mce-fragment=\"1\"><\/iframe><\/p>\n<\/div>\n<\/div>\n<div class=\"pt-3\"><\/div>\n<p>&nbsp;<\/p>\n","protected":false},"excerpt":{"rendered":"<p>A-raamiga maja MOOS ei ole lihtsalt stiilse v\u00e4limusega hoone \u2013 see on mitmeotstarbeline eluruum. Sobib suurep\u00e4raselt puhkekoduks, k\u00fclalistemajaks v\u00f5i p\u00fcsivaks elukohaks, pakkudes mugavust ja praktilisust. Naturaalse puidu viimistlus lisab soojust ja ainulaadset atmosf\u00e4\u00e4ri, mis meeldib eriti neile, kes hindavad j\u00e4tkusuutlikku ja keskkonnas\u00f5bralikku elamist.<br \/>\nSee A-raamiga mudel \u00fchendab kaasaegse arhitektuuri ja puidu loomuliku v\u00f5lu, luues keskkonna, mis on \u00fchtaegu moodne ja kutsuv.<\/p>\n","protected":false},"featured_media":133696,"comment_status":"open","ping_status":"closed","template":"","meta":{"_acf_changed":false},"factory":[],"free-shipment":[],"product_brand":[],"product_cat":[924,2888],"product_tag":[],"class_list":{"0":"post-133722","1":"product","2":"type-product","3":"status-publish","4":"has-post-thumbnail","6":"product_cat-aiatooted","7":"product_cat-kampingumajakesed","8":"pa_roofing-material-ilma","9":"pa_roofing-material-must","10":"pa_roofing-material-punane","11":"pa_roofing-material-roheline","13":"first","14":"instock","15":"sale","16":"taxable","17":"shipping-taxable","18":"purchasable","19":"product-type-variable"},"acf":[],"_links":{"self":[{"href":"https:\/\/factory.sale\/et\/wp-json\/wp\/v2\/product\/133722","targetHints":{"allow":["GET"]}}],"collection":[{"href":"https:\/\/factory.sale\/et\/wp-json\/wp\/v2\/product"}],"about":[{"href":"https:\/\/factory.sale\/et\/wp-json\/wp\/v2\/types\/product"}],"replies":[{"embeddable":true,"href":"https:\/\/factory.sale\/et\/wp-json\/wp\/v2\/comments?post=133722"}],"wp:featuredmedia":[{"embeddable":true,"href":"https:\/\/factory.sale\/et\/wp-json\/wp\/v2\/media\/133696"}],"wp:attachment":[{"href":"https:\/\/factory.sale\/et\/wp-json\/wp\/v2\/media?parent=133722"}],"wp:term":[{"taxonomy":"factory","embeddable":true,"href":"https:\/\/factory.sale\/et\/wp-json\/wp\/v2\/factory?post=133722"},{"taxonomy":"free-shipment","embeddable":true,"href":"https:\/\/factory.sale\/et\/wp-json\/wp\/v2\/free-shipment?post=133722"},{"taxonomy":"product_brand","embeddable":true,"href":"https:\/\/factory.sale\/et\/wp-json\/wp\/v2\/product_brand?post=133722"},{"taxonomy":"product_cat","embeddable":true,"href":"https:\/\/factory.sale\/et\/wp-json\/wp\/v2\/product_cat?post=133722"},{"taxonomy":"product_tag","embeddable":true,"href":"https:\/\/factory.sale\/et\/wp-json\/wp\/v2\/product_tag?post=133722"}],"curies":[{"name":"wp","href":"https:\/\/api.w.org\/{rel}","templated":true}]}}