{"id":13366,"date":"2022-09-18T18:40:34","date_gmt":"2022-09-18T18:44:07","guid":{"rendered":"https:\/\/factory.sale\/?post_type=product&#038;p=13366"},"modified":"2025-03-27T01:04:37","modified_gmt":"2025-03-26T22:04:37","slug":"fdome-glamping-75","status":"publish","type":"product","link":"https:\/\/factory.sale\/et\/toode\/fdome-glamping-75\/","title":{"rendered":"FDome Glamping 75"},"content":{"rendered":"<p>Meie geodeetilise kupli komplektid sisaldavad peaaegu k\u00f5ike, mida vajate glamping-ettev\u00f5tmise alustamiseks. Lisage lihtsalt m\u00f6\u00f6bel ja seadmed ning teie retriit on k\u00fclaliste jaoks kohe valmis!<\/p>\n<p>Valige oma FDome Glampingu jaoks parim valik! Luksuslik k\u00f5ikeh\u00f5lmav kuppelmaja, mis on jagatud funktsioonide j\u00e4rgi, sealhulgas vannituba, k\u00f6\u00f6k, Stargazing voodimoodul ja magamistuba. Segage ja sobitage mooduleid, et luua oma k\u00fclalistele ainulaadne ruum!<\/p>\n<p>&nbsp;<\/p>\n<p><strong>Tehnilised andmed:<\/strong><\/p>\n<ul>\n<li>Aluspind: ~ 71 m2 \/ 807 ruutjalga<\/li>\n<li>L\u00e4bim\u00f5\u00f5t: ~ 9,50 m \/ 31,2 jalga<\/li>\n<li>K\u00f5rgus: ~ 4,75 m \/ 15,7 jalga<\/li>\n<li>Membraani\u00a0pind ~ 186 m2<\/li>\n<li>\u00d5humaht ~ 230 m3<\/li>\n<li>Kokkupaneku aeg: 6-8 tundi<\/li>\n<li>Soovitatav meeskonna suurus: 5-6 inimest<\/li>\n<\/ul>\n<p>&nbsp;<\/p>\n<p><strong>Baaskupli hind sisaldab:<\/strong><\/p>\n<ul>\n<li>Karkass \u2013 tsingitud ja pulberv\u00e4rvitud antratsiit v\u00f5i valge<\/li>\n<li>V\u00e4liskate &#8211; Lumivalge<\/li>\n<li>Aknad<\/li>\n<li>Panoraamne laeaken<\/li>\n<li>3x illuminaator aken<\/li>\n<li>Sissep\u00e4\u00e4s\/uksed \u2013 telkimisuks (FG 20, 30, 40, 50)<\/li>\n<li>Sissep\u00e4\u00e4suasend \u2013 vasak (P3) v\u00f5i parem (P4)<\/li>\n<li>Ankurdamine \u2013 standardsed terasest tihvtid<\/li>\n<li>Ventilatsioon ja AC \u2013 ventilatsiooniavad<\/li>\n<\/ul>\n<p>&nbsp;<\/p>\n<p>&nbsp;<\/p>\n<p>&nbsp;<\/p>\n<p><img loading=\"lazy\" decoding=\"async\" class=\"alignnone wp-image-13339\" src=\"https:\/\/factory.sale\/wp-content\/uploads\/2022\/09\/accessories-300x219.png\" alt=\"\" width=\"985\" height=\"719\" srcset=\"https:\/\/factory.sale\/wp-content\/uploads\/2022\/09\/accessories-300x219.png 300w, https:\/\/factory.sale\/wp-content\/uploads\/2022\/09\/accessories-150x109.png 150w, https:\/\/factory.sale\/wp-content\/uploads\/2022\/09\/accessories-1024x747.png 1024w, https:\/\/factory.sale\/wp-content\/uploads\/2022\/09\/accessories-600x438.png 600w, https:\/\/factory.sale\/wp-content\/uploads\/2022\/09\/accessories.png 1588w\" sizes=\"auto, (max-width: 985px) 100vw, 985px\" \/><\/p>\n<p>&nbsp;<\/p>\n<p><a href=\"https:\/\/factory.sale\/wp-content\/uploads\/2022\/09\/Dome-Care-and-Maintenance.pdf\">FDome&#8217;i hooldus ja hooldus<\/a><\/p>\n<p><a href=\"https:\/\/factory.sale\/wp-content\/uploads\/2022\/09\/FDomes-Assembly-Manual_SEP2022.pdf\">FDome&#8217;i kokkupanekujuhend<\/a><\/p>\n<p><a href=\"https:\/\/factory.sale\/wp-content\/uploads\/2022\/09\/Manual-ENG_rev.2-1.pdf\">K\u00e4siraamat<\/a><\/p>\n<p>&nbsp;<\/p>\n","protected":false},"excerpt":{"rendered":"<p>K\u00f5ige avaram saadaolev glamping kuppel. Kupli suur maht mahutab k\u00fclastajad hubastesse tingimustesse, pannes nad soovima, et see elamus kestaks igavesti. Ideaalne kupli suurus \u00fchise ruumi loomiseks.<\/p>\n","protected":false},"featured_media":13405,"comment_status":"open","ping_status":"closed","template":"","meta":{"_acf_changed":false},"factory":[],"free-shipment":[],"product_brand":[],"product_cat":[801,1278],"product_tag":[],"class_list":{"0":"post-13366","1":"product","2":"type-product","3":"status-publish","4":"has-post-thumbnail","6":"product_cat-elementmajad-2","7":"product_cat-kuppelmajad","9":"first","10":"instock","11":"sale","12":"taxable","13":"shipping-taxable","14":"purchasable","15":"product-type-simple"},"acf":[],"_links":{"self":[{"href":"https:\/\/factory.sale\/et\/wp-json\/wp\/v2\/product\/13366","targetHints":{"allow":["GET"]}}],"collection":[{"href":"https:\/\/factory.sale\/et\/wp-json\/wp\/v2\/product"}],"about":[{"href":"https:\/\/factory.sale\/et\/wp-json\/wp\/v2\/types\/product"}],"replies":[{"embeddable":true,"href":"https:\/\/factory.sale\/et\/wp-json\/wp\/v2\/comments?post=13366"}],"wp:featuredmedia":[{"embeddable":true,"href":"https:\/\/factory.sale\/et\/wp-json\/wp\/v2\/media\/13405"}],"wp:attachment":[{"href":"https:\/\/factory.sale\/et\/wp-json\/wp\/v2\/media?parent=13366"}],"wp:term":[{"taxonomy":"factory","embeddable":true,"href":"https:\/\/factory.sale\/et\/wp-json\/wp\/v2\/factory?post=13366"},{"taxonomy":"free-shipment","embeddable":true,"href":"https:\/\/factory.sale\/et\/wp-json\/wp\/v2\/free-shipment?post=13366"},{"taxonomy":"product_brand","embeddable":true,"href":"https:\/\/factory.sale\/et\/wp-json\/wp\/v2\/product_brand?post=13366"},{"taxonomy":"product_cat","embeddable":true,"href":"https:\/\/factory.sale\/et\/wp-json\/wp\/v2\/product_cat?post=13366"},{"taxonomy":"product_tag","embeddable":true,"href":"https:\/\/factory.sale\/et\/wp-json\/wp\/v2\/product_tag?post=13366"}],"curies":[{"name":"wp","href":"https:\/\/api.w.org\/{rel}","templated":true}]}}