{"id":133649,"date":"2025-12-03T17:31:21","date_gmt":"2025-12-03T14:36:10","guid":{"rendered":"https:\/\/factory.sale\/?post_type=product&#038;p=133649"},"modified":"2025-12-03T17:36:11","modified_gmt":"2025-12-03T14:36:11","slug":"a-raamiga-puidust-kampingumajake-tipi-45-m-x-7-m-44-mm","status":"publish","type":"product","link":"https:\/\/factory.sale\/et\/toode\/a-raamiga-puidust-kampingumajake-tipi-45-m-x-7-m-44-mm\/","title":{"rendered":"A-raamiga puidust k\u00e4mpingumajake TIPI (4,5 m x 7 m), 44 mm"},"content":{"rendered":"<p><strong>TIPI puidust k\u00e4mpingumajake p\u00f6\u00f6ninguga \u2013 stiili ja mugavuse t\u00e4iuslik kooslus<\/strong><\/p>\n<p>TIPI p\u00f6\u00f6ninguga puidust k\u00e4mpingumajake on suurep\u00e4rane valik neile, kes hindavad kaasaegset disaini ja hubast funktsionaalsust. Selle omap\u00e4rane kuju ja j\u00e4rsu kaldega katus loovad kutsuva atmosf\u00e4\u00e4ri ja lisavad elegantsi. Olgu vaja privaatset puhkepaika, lisaks eluruumi v\u00f5i tasuvat \u00fc\u00fcrimajutust \u2013 TIPI on mitmek\u00fclgne lahendus, mis sobib v\u00e4ga erinevatesse olukordadesse.<\/p>\n<p>L\u00e4bim\u00f5eldud planeering pakub piisavalt ruumi nii l\u00f5\u00f5gastumiseks kui ka hoiustamiseks, muutes selle ideaalseks nii aianurgas, puhkemajas kui ka looduskaunis maakodu territooriumil.<\/p>\n<p>&nbsp;<\/p>\n<p><strong>Miks valida TIPI p\u00f6\u00f6ninguga puidust k\u00e4mpingumajake?<\/strong><\/p>\n<ul>\n<li>Avatud terrass (5,15 m\u00b2) \u2013 Ideaalne koht v\u00e4rske \u00f5hu ja p\u00e4ikese nautimiseks.<\/li>\n<li>Ainulaadne arhitektuur \u2013 Modernne ja stiilne v\u00e4limus, mis sobitub igasse keskkonda.<\/li>\n<li>Nutikas ruumikasutus \u2013 T\u00e4iuslik koht hobideks, panipaigaks v\u00f5i perega koosviibimiseks.<\/li>\n<\/ul>\n<p>&nbsp;<\/p>\n<p><strong>Loo unustamatuid hetki TIPI k\u00e4mpingumajakesega<\/strong><\/p>\n<p>TIPI p\u00f6\u00f6ninguga puidust k\u00e4mpingumajake pakub sooja ja funktsionaalset ruumi, kus saab puhata, pidada pidusid v\u00f5i nautida kvaliteetaega l\u00e4hedastega. Olgu tegu s\u00fcnnip\u00e4eva, suvise grillipeo v\u00f5i n\u00e4dalavahetuse puhkusega \u2013 see majake sobib igaks s\u00fcndmuseks.<\/p>\n<p>Kaasaegse esteetika ja loodusl\u00e4hedase v\u00f5lu kombinatsioon muudab TIPI majakese kauniks lisandiks nii aedadesse, maakohtadesse kui ka j\u00e4rvekaldale.<br \/>\nLeia oma unistuste TIPI p\u00f6\u00f6ninguga k\u00e4mpingumajake juba t\u00e4na ja naudi t\u00e4iuslikku mugavuse ja stiili tasakaalu!<\/p>\n<p>&nbsp;<\/p>\n<p><strong>Tehniline teave:<\/strong><\/p>\n<div class=\"_tableContainer_1rjym_1\">\n<div class=\"group _tableWrapper_1rjym_13 flex w-fit flex-col-reverse\" tabindex=\"-1\">\n<table class=\"w-fit min-w-(--thread-content-width)\" style=\"height: 290px;\" width=\"572\" data-start=\"1787\" data-end=\"2002\">\n<thead data-start=\"1787\" data-end=\"1818\">\n<tr data-start=\"1787\" data-end=\"1818\">\n<th data-start=\"1787\" data-end=\"1804\" data-col-size=\"sm\"><strong data-start=\"1789\" data-end=\"1803\">Kategooria<\/strong><\/th>\n<th data-start=\"1804\" data-end=\"1818\" data-col-size=\"sm\"><strong data-start=\"1806\" data-end=\"1816\">Andmed<\/strong><\/th>\n<\/tr>\n<\/thead>\n<tbody data-start=\"1851\" data-end=\"2002\">\n<tr data-start=\"1851\" data-end=\"1902\">\n<td data-start=\"1851\" data-end=\"1862\" data-col-size=\"sm\">Materjal<\/td>\n<td data-start=\"1862\" data-end=\"1902\" data-col-size=\"sm\">Sertifitseeritud p\u00f5hjapine v\u00f5i kuusk<\/td>\n<\/tr>\n<tr data-start=\"1903\" data-end=\"1929\">\n<td data-start=\"1903\" data-end=\"1917\" data-col-size=\"sm\">Kogupindala<\/td>\n<td data-start=\"1917\" data-end=\"1929\" data-col-size=\"sm\">31,73 m\u00b2<\/td>\n<\/tr>\n<tr data-start=\"1930\" data-end=\"1961\">\n<td data-start=\"1930\" data-end=\"1950\" data-col-size=\"sm\">Kasutatav pindala<\/td>\n<td data-start=\"1950\" data-end=\"1961\" data-col-size=\"sm\">37,1 m\u00b2<\/td>\n<\/tr>\n<tr data-start=\"1962\" data-end=\"1980\">\n<td data-start=\"1962\" data-end=\"1975\" data-col-size=\"sm\">Tubade arv<\/td>\n<td data-start=\"1975\" data-end=\"1980\" data-col-size=\"sm\">4<\/td>\n<\/tr>\n<tr data-start=\"1981\" data-end=\"2002\">\n<td data-start=\"1981\" data-end=\"1992\" data-col-size=\"sm\">Kogumaht<\/td>\n<td data-start=\"1992\" data-end=\"2002\" data-col-size=\"sm\">110 m\u00b3<\/td>\n<\/tr>\n<\/tbody>\n<\/table>\n<\/div>\n<\/div>\n<p>&nbsp;<\/p>\n<div class=\"_tableContainer_1rjym_1\">\n<div class=\"group _tableWrapper_1rjym_13 flex w-fit flex-col-reverse\" tabindex=\"-1\">\n<table class=\"w-fit min-w-(--thread-content-width)\" style=\"height: 195px;\" width=\"572\" data-start=\"2024\" data-end=\"2222\">\n<thead data-start=\"2024\" data-end=\"2055\">\n<tr data-start=\"2024\" data-end=\"2055\">\n<th data-start=\"2024\" data-end=\"2041\" data-col-size=\"sm\"><strong data-start=\"2026\" data-end=\"2040\">Kategooria<\/strong><\/th>\n<th data-start=\"2041\" data-end=\"2055\" data-col-size=\"sm\"><strong data-start=\"2043\" data-end=\"2053\">Andmed<\/strong><\/th>\n<\/tr>\n<\/thead>\n<tbody data-start=\"2088\" data-end=\"2222\">\n<tr data-start=\"2088\" data-end=\"2121\">\n<td data-start=\"2088\" data-end=\"2102\" data-col-size=\"sm\">V\u00e4lism\u00f5\u00f5dud<\/td>\n<td data-start=\"2102\" data-end=\"2121\" data-col-size=\"sm\">450 cm \u00d7 725 cm<\/td>\n<\/tr>\n<tr data-start=\"2122\" data-end=\"2172\">\n<td data-start=\"2122\" data-end=\"2135\" data-col-size=\"sm\">Sisem\u00f5\u00f5dud<\/td>\n<td data-start=\"2135\" data-end=\"2172\" data-col-size=\"sm\">421 cm \u00d7 566 cm + 246 cm \u00d7 562 cm<\/td>\n<\/tr>\n<tr data-start=\"2173\" data-end=\"2197\">\n<td data-start=\"2173\" data-end=\"2188\" data-col-size=\"sm\">Seina paksus<\/td>\n<td data-start=\"2188\" data-end=\"2197\" data-col-size=\"sm\">44 mm<\/td>\n<\/tr>\n<tr data-start=\"2198\" data-end=\"2222\">\n<td data-start=\"2198\" data-end=\"2212\" data-col-size=\"sm\">Harjak\u00f5rgus<\/td>\n<td data-start=\"2212\" data-end=\"2222\" data-col-size=\"sm\">567 cm<\/td>\n<\/tr>\n<\/tbody>\n<\/table>\n<\/div>\n<\/div>\n<p>&nbsp;<\/p>\n<div class=\"_tableContainer_1rjym_1\">\n<div class=\"group _tableWrapper_1rjym_13 flex w-fit flex-col-reverse\" tabindex=\"-1\">\n<table class=\"w-fit min-w-(--thread-content-width)\" style=\"height: 258px;\" width=\"574\" data-start=\"2243\" data-end=\"2444\">\n<thead data-start=\"2243\" data-end=\"2269\">\n<tr data-start=\"2243\" data-end=\"2269\">\n<th data-start=\"2243\" data-end=\"2255\" data-col-size=\"sm\"><strong data-start=\"2245\" data-end=\"2254\">Katus<\/strong><\/th>\n<th data-start=\"2255\" data-end=\"2269\" data-col-size=\"sm\"><strong data-start=\"2257\" data-end=\"2267\">Andmed<\/strong><\/th>\n<\/tr>\n<\/thead>\n<tbody data-start=\"2298\" data-end=\"2444\">\n<tr data-start=\"2298\" data-end=\"2341\">\n<td data-start=\"2298\" data-end=\"2315\" data-col-size=\"sm\">Katusematerjal<\/td>\n<td data-start=\"2315\" data-end=\"2341\" data-col-size=\"sm\">18\u201320 mm puidust lauad<\/td>\n<\/tr>\n<tr data-start=\"2342\" data-end=\"2365\">\n<td data-start=\"2342\" data-end=\"2356\" data-col-size=\"sm\">Katusekalle<\/td>\n<td data-start=\"2356\" data-end=\"2365\" data-col-size=\"sm\">68,6\u00b0<\/td>\n<\/tr>\n<tr data-start=\"2366\" data-end=\"2392\">\n<td data-start=\"2366\" data-end=\"2383\" data-col-size=\"sm\">Katuse pindala<\/td>\n<td data-start=\"2383\" data-end=\"2392\" data-col-size=\"sm\">90 m\u00b2<\/td>\n<\/tr>\n<tr data-start=\"2393\" data-end=\"2444\">\n<td data-start=\"2393\" data-end=\"2406\" data-col-size=\"sm\">Katusekate<\/td>\n<td data-start=\"2406\" data-end=\"2444\" data-col-size=\"sm\">Valikuline bituumenkatuse lahendus<\/td>\n<\/tr>\n<\/tbody>\n<\/table>\n<\/div>\n<\/div>\n<p>&nbsp;<\/p>\n<div class=\"_tableContainer_1rjym_1\">\n<div class=\"group _tableWrapper_1rjym_13 flex w-fit flex-col-reverse\" tabindex=\"-1\">\n<table class=\"w-fit min-w-(--thread-content-width)\" style=\"height: 265px;\" width=\"575\" data-start=\"2466\" data-end=\"2636\">\n<thead data-start=\"2466\" data-end=\"2493\">\n<tr data-start=\"2466\" data-end=\"2493\">\n<th data-start=\"2466\" data-end=\"2479\" data-col-size=\"sm\"><strong data-start=\"2468\" data-end=\"2478\">P\u00f5rand<\/strong><\/th>\n<th data-start=\"2479\" data-end=\"2493\" data-col-size=\"sm\"><strong data-start=\"2481\" data-end=\"2491\">Andmed<\/strong><\/th>\n<\/tr>\n<\/thead>\n<tbody data-start=\"2522\" data-end=\"2636\">\n<tr data-start=\"2522\" data-end=\"2562\">\n<td data-start=\"2522\" data-end=\"2537\" data-col-size=\"sm\">P\u00f5randalauad<\/td>\n<td data-start=\"2537\" data-end=\"2562\" data-col-size=\"sm\">19\u201320 mm tapiga lauad<\/td>\n<\/tr>\n<tr data-start=\"2563\" data-end=\"2597\">\n<td data-start=\"2563\" data-end=\"2583\" data-col-size=\"sm\">Alusraam ja talad<\/td>\n<td data-start=\"2583\" data-end=\"2597\" data-col-size=\"sm\">Valikuline<\/td>\n<\/tr>\n<tr data-start=\"2598\" data-end=\"2636\">\n<td data-start=\"2598\" data-end=\"2616\" data-col-size=\"sm\">P\u00f6\u00f6ningu p\u00f5rand<\/td>\n<td data-start=\"2616\" data-end=\"2636\" data-col-size=\"sm\">Kuulub komplekti<\/td>\n<\/tr>\n<\/tbody>\n<\/table>\n<\/div>\n<\/div>\n<p>&nbsp;<\/p>\n<div class=\"_tableContainer_1rjym_1\">\n<div class=\"group _tableWrapper_1rjym_13 flex w-fit flex-col-reverse\" tabindex=\"-1\">\n<table class=\"w-fit min-w-(--thread-content-width)\" style=\"height: 210px;\" width=\"577\" data-start=\"2657\" data-end=\"2802\">\n<thead data-start=\"2657\" data-end=\"2681\">\n<tr data-start=\"2657\" data-end=\"2681\">\n<th data-start=\"2657\" data-end=\"2667\" data-col-size=\"sm\"><strong data-start=\"2659\" data-end=\"2666\">Uks<\/strong><\/th>\n<th data-start=\"2667\" data-end=\"2681\" data-col-size=\"sm\"><strong data-start=\"2669\" data-end=\"2679\">M\u00f5\u00f5dud<\/strong><\/th>\n<\/tr>\n<\/thead>\n<tbody data-start=\"2707\" data-end=\"2802\">\n<tr data-start=\"2707\" data-end=\"2742\">\n<td data-start=\"2707\" data-end=\"2723\" data-col-size=\"sm\">Peasisene uks<\/td>\n<td data-start=\"2723\" data-end=\"2742\" data-col-size=\"sm\">161 cm \u00d7 192 cm<\/td>\n<\/tr>\n<tr data-start=\"2743\" data-end=\"2771\">\n<td data-start=\"2743\" data-end=\"2753\" data-col-size=\"sm\">Lisauks<\/td>\n<td data-start=\"2753\" data-end=\"2771\" data-col-size=\"sm\">70 cm \u00d7 192 cm<\/td>\n<\/tr>\n<tr data-start=\"2772\" data-end=\"2802\">\n<td data-start=\"2772\" data-end=\"2784\" data-col-size=\"sm\">Siseuksed<\/td>\n<td data-start=\"2784\" data-end=\"2802\" data-col-size=\"sm\">85 cm \u00d7 192 cm<\/td>\n<\/tr>\n<\/tbody>\n<\/table>\n<\/div>\n<\/div>\n<p>&nbsp;<\/p>\n<div class=\"_tableContainer_1rjym_1\">\n<div class=\"group _tableWrapper_1rjym_13 flex w-fit flex-col-reverse\" tabindex=\"-1\">\n<table class=\"w-fit min-w-(--thread-content-width)\" style=\"height: 196px;\" width=\"580\" data-start=\"2823\" data-end=\"2977\">\n<thead data-start=\"2823\" data-end=\"2848\">\n<tr data-start=\"2823\" data-end=\"2848\">\n<th data-start=\"2823\" data-end=\"2834\" data-col-size=\"sm\"><strong data-start=\"2825\" data-end=\"2833\">Aken<\/strong><\/th>\n<th data-start=\"2834\" data-end=\"2848\" data-col-size=\"sm\"><strong data-start=\"2836\" data-end=\"2846\">M\u00f5\u00f5dud<\/strong><\/th>\n<\/tr>\n<\/thead>\n<tbody data-start=\"2875\" data-end=\"2977\">\n<tr data-start=\"2875\" data-end=\"2903\">\n<td data-start=\"2875\" data-end=\"2884\" data-col-size=\"sm\">Aken 1<\/td>\n<td data-start=\"2884\" data-end=\"2903\" data-col-size=\"sm\">138 cm \u00d7 105 cm<\/td>\n<\/tr>\n<tr data-start=\"2904\" data-end=\"2931\">\n<td data-start=\"2904\" data-end=\"2913\" data-col-size=\"sm\">Aken 2<\/td>\n<td data-start=\"2913\" data-end=\"2931\" data-col-size=\"sm\">70 cm \u00d7 105 cm<\/td>\n<\/tr>\n<tr data-start=\"2932\" data-end=\"2977\">\n<td data-start=\"2932\" data-end=\"2952\" data-col-size=\"sm\">Kolmnurksed aknad<\/td>\n<td data-start=\"2952\" data-end=\"2977\" data-col-size=\"sm\">Mitu v\u00e4ikest elementi<\/td>\n<\/tr>\n<\/tbody>\n<\/table>\n<\/div>\n<\/div>\n<p>&nbsp;<\/p>\n<p>&nbsp;<\/p>\n<p>&nbsp;<\/p>\n<p><strong>Lisaks saadaval:<\/strong><\/p>\n<p><strong>P\u00f5randakomplekt: 20 mm puidust p\u00f5randalauad, talad ja liistud \u2013 1110,90 \u20ac + KM<\/strong><\/p>\n<p>&nbsp;<\/p>\n<div id=\"productTabContent\" class=\"tab-content\">\n<div id=\"description\" class=\"tab-pane fade show active\" role=\"tabpanel\" aria-labelledby=\"description-tab\">\n<p><iframe loading=\"lazy\" title=\"YouTube video\" src=\"\/\/www.youtube.com\/embed\/k9kK04ZBp0o?autoplay=1&amp;mute=1&amp;controls=1&amp;start=110&amp;loop=1&amp;playlist=k9kK04ZBp0o\" width=\"800\" height=\"450\" frameborder=\"0\" allowfullscreen=\"allowfullscreen\" data-mce-fragment=\"1\"><\/iframe><\/p>\n<p>&nbsp;<\/p>\n<p><iframe loading=\"lazy\" title=\"YouTube video\" src=\"\/\/www.youtube.com\/embed\/9S4j3SFXrjM?autoplay=1&amp;mute=1&amp;controls=1&amp;loop=1&amp;playlist=9S4j3SFXrjM\" width=\"800\" height=\"315\" frameborder=\"0\" allowfullscreen=\"allowfullscreen\" data-mce-fragment=\"1\"><\/iframe><\/p>\n<\/div>\n<\/div>\n<div class=\"pt-3\"><\/div>\n<p>&nbsp;<\/p>\n","protected":false},"excerpt":{"rendered":"<p>TIPI p\u00f6\u00f6ninguga puidust k\u00e4mpingumajake on suurep\u00e4rane valik neile, kes hindavad kaasaegset disaini ja hubast funktsionaalsust. Selle omap\u00e4rane kuju ja j\u00e4rsu kaldega katus loovad kutsuva atmosf\u00e4\u00e4ri ja lisavad elegantsi. Olgu vaja privaatset puhkepaika, lisaks eluruumi v\u00f5i tasuvat \u00fc\u00fcrimajutust \u2013 TIPI on mitmek\u00fclgne lahendus, mis sobib v\u00e4ga erinevatesse olukordadesse.<\/p>\n","protected":false},"featured_media":133620,"comment_status":"open","ping_status":"closed","template":"","meta":{"_acf_changed":false},"factory":[],"free-shipment":[],"product_brand":[],"product_cat":[924,2888],"product_tag":[1483,1484,2714],"class_list":{"0":"post-133649","1":"product","2":"type-product","3":"status-publish","4":"has-post-thumbnail","6":"product_cat-aiatooted","7":"product_cat-kampingumajakesed","8":"product_tag-garden-et","9":"product_tag-yard-et","10":"product_tag-yard-and-garden-et","11":"pa_roofing-material-ilma","12":"pa_roofing-material-must","13":"pa_roofing-material-punane","14":"pa_roofing-material-roheline","16":"first","17":"instock","18":"sale","19":"taxable","20":"shipping-taxable","21":"purchasable","22":"product-type-variable"},"acf":[],"_links":{"self":[{"href":"https:\/\/factory.sale\/et\/wp-json\/wp\/v2\/product\/133649","targetHints":{"allow":["GET"]}}],"collection":[{"href":"https:\/\/factory.sale\/et\/wp-json\/wp\/v2\/product"}],"about":[{"href":"https:\/\/factory.sale\/et\/wp-json\/wp\/v2\/types\/product"}],"replies":[{"embeddable":true,"href":"https:\/\/factory.sale\/et\/wp-json\/wp\/v2\/comments?post=133649"}],"wp:featuredmedia":[{"embeddable":true,"href":"https:\/\/factory.sale\/et\/wp-json\/wp\/v2\/media\/133620"}],"wp:attachment":[{"href":"https:\/\/factory.sale\/et\/wp-json\/wp\/v2\/media?parent=133649"}],"wp:term":[{"taxonomy":"factory","embeddable":true,"href":"https:\/\/factory.sale\/et\/wp-json\/wp\/v2\/factory?post=133649"},{"taxonomy":"free-shipment","embeddable":true,"href":"https:\/\/factory.sale\/et\/wp-json\/wp\/v2\/free-shipment?post=133649"},{"taxonomy":"product_brand","embeddable":true,"href":"https:\/\/factory.sale\/et\/wp-json\/wp\/v2\/product_brand?post=133649"},{"taxonomy":"product_cat","embeddable":true,"href":"https:\/\/factory.sale\/et\/wp-json\/wp\/v2\/product_cat?post=133649"},{"taxonomy":"product_tag","embeddable":true,"href":"https:\/\/factory.sale\/et\/wp-json\/wp\/v2\/product_tag?post=133649"}],"curies":[{"name":"wp","href":"https:\/\/api.w.org\/{rel}","templated":true}]}}