{"id":13360,"date":"2022-09-18T18:21:56","date_gmt":"2022-09-18T18:22:30","guid":{"rendered":"https:\/\/factory.sale\/?post_type=product&#038;p=13360"},"modified":"2025-03-27T01:03:32","modified_gmt":"2025-03-26T22:03:32","slug":"fdome-glamping-50","status":"publish","type":"product","link":"https:\/\/factory.sale\/et\/toode\/fdome-glamping-50\/","title":{"rendered":"FDome Glamping 50"},"content":{"rendered":"<div class=\"hider-card-desc\">\n<p>Meie geodeetilise kupli komplektid sisaldavad peaaegu k\u00f5ike, mida vajate glamping-ettev\u00f5tmise alustamiseks. Lisage lihtsalt m\u00f6\u00f6bel ja seadmed ning teie retriit on k\u00fclaliste jaoks kohe valmis!<\/p>\n<p>Valige oma FDome Glampingu jaoks parim valik! Luksuslik k\u00f5ikeh\u00f5lmav kuppel, mis on jagatud funktsioonide j\u00e4rgi, sealhulgas vannituba, k\u00f6\u00f6k, Stargazing voodimoodul ja magamistuba. Segage ja sobitage mooduleid, et luua oma k\u00fclalistele ainulaadne ruum!<\/p>\n<\/div>\n<p>&nbsp;<\/p>\n<p>&nbsp;<\/p>\n<div class=\"hider-card-desc\">\n<p><strong>Tehnilised andmed:<\/strong><\/p>\n<ul>\n<li>Aluspind: ~ 49 m2 \/ 527,43 ruutjalga<\/li>\n<li>L\u00e4bim\u00f5\u00f5t: ~ 7,90 m \/ 26,0 jalga<\/li>\n<li>K\u00f5rgus: ~ 4,80 m \/ 15,7 jalga<\/li>\n<li>Membraan\u00a0pind ~ 132 m2<\/li>\n<li>\u00d5humaht ~ 150 m3<\/li>\n<li>Kokkupaneku aeg 5-6 tundi<\/li>\n<li>Soovitatav\u00a0inimeste arv: 4-5 inimest<\/li>\n<\/ul>\n<p>&nbsp;<\/p>\n<p><strong>Baaskupli hind sisaldab:<\/strong><\/p>\n<ul>\n<li>Karkass \u2013 tsingitud ja pulberv\u00e4rvitud antratsiit v\u00f5i valge<\/li>\n<li>V\u00e4liskate &#8211; Lumivalgeke<\/li>\n<li>Aknad<\/li>\n<li>Panoraamne laeaken<\/li>\n<li>3x illuminaator aken<\/li>\n<li>Sissep\u00e4\u00e4s\/uksed \u2013 telkimisuks (FG 20, 30, 40, 50)<\/li>\n<li>Sissep\u00e4\u00e4suasend \u2013 vasak (P3) v\u00f5i parem (P4)<\/li>\n<li>Ankurdamine \u2013 standardsed terasest tihvtid<\/li>\n<li>Ventilatsioon ja AC \u2013 ventilatsiooniavad<\/li>\n<li>FDome&#8217;i hooldus ja hooldus<\/li>\n<\/ul>\n<\/div>\n<p>&nbsp;<\/p>\n<p>&nbsp;<\/p>\n<p><img loading=\"lazy\" decoding=\"async\" class=\"alignnone wp-image-13339\" src=\"https:\/\/factory.sale\/wp-content\/uploads\/2022\/09\/accessories-300x219.png\" alt=\"\" width=\"1142\" height=\"834\" srcset=\"https:\/\/factory.sale\/wp-content\/uploads\/2022\/09\/accessories-300x219.png 300w, https:\/\/factory.sale\/wp-content\/uploads\/2022\/09\/accessories-150x109.png 150w, https:\/\/factory.sale\/wp-content\/uploads\/2022\/09\/accessories-1024x747.png 1024w, https:\/\/factory.sale\/wp-content\/uploads\/2022\/09\/accessories-600x438.png 600w, https:\/\/factory.sale\/wp-content\/uploads\/2022\/09\/accessories.png 1588w\" sizes=\"auto, (max-width: 1142px) 100vw, 1142px\" \/><\/p>\n<p>&nbsp;<\/p>\n<p>&nbsp;<\/p>\n<p><a href=\"https:\/\/factory.sale\/wp-content\/uploads\/2022\/09\/Dome-Care-and-Maintenance.pdf\">FDome hooldusjuhend<\/a><\/p>\n<div class=\"hider-card-desc\">\n<p><a href=\"https:\/\/factory.sale\/wp-content\/uploads\/2022\/09\/FDomes-Assembly-Manual_SEP2022.pdf\">FDome&#8217;i kokkupanekujuhend<\/a><\/p>\n<p><a href=\"https:\/\/factory.sale\/wp-content\/uploads\/2022\/09\/Manual-ENG_rev.2-1.pdf\">K\u00e4siraamat<\/a><\/p>\n<p>&nbsp;<\/p>\n<\/div>\n","protected":false},"excerpt":{"rendered":"<p>Ideaalne lahendus suurematele peredele v\u00f5i seltskondadele. Rohkem ruumi v\u00f5imaldab luua rikkaliku sisustusega privaatse vannitoaga valgustuskapi v\u00f5i jagada see eraldi elutubadeks.<\/p>\n","protected":false},"featured_media":13396,"comment_status":"open","ping_status":"closed","template":"","meta":{"_acf_changed":false},"factory":[],"free-shipment":[],"product_brand":[],"product_cat":[801,1278],"product_tag":[],"class_list":{"0":"post-13360","1":"product","2":"type-product","3":"status-publish","4":"has-post-thumbnail","6":"product_cat-elementmajad-2","7":"product_cat-kuppelmajad","9":"first","10":"instock","11":"sale","12":"taxable","13":"shipping-taxable","14":"purchasable","15":"product-type-simple"},"acf":[],"_links":{"self":[{"href":"https:\/\/factory.sale\/et\/wp-json\/wp\/v2\/product\/13360","targetHints":{"allow":["GET"]}}],"collection":[{"href":"https:\/\/factory.sale\/et\/wp-json\/wp\/v2\/product"}],"about":[{"href":"https:\/\/factory.sale\/et\/wp-json\/wp\/v2\/types\/product"}],"replies":[{"embeddable":true,"href":"https:\/\/factory.sale\/et\/wp-json\/wp\/v2\/comments?post=13360"}],"wp:featuredmedia":[{"embeddable":true,"href":"https:\/\/factory.sale\/et\/wp-json\/wp\/v2\/media\/13396"}],"wp:attachment":[{"href":"https:\/\/factory.sale\/et\/wp-json\/wp\/v2\/media?parent=13360"}],"wp:term":[{"taxonomy":"factory","embeddable":true,"href":"https:\/\/factory.sale\/et\/wp-json\/wp\/v2\/factory?post=13360"},{"taxonomy":"free-shipment","embeddable":true,"href":"https:\/\/factory.sale\/et\/wp-json\/wp\/v2\/free-shipment?post=13360"},{"taxonomy":"product_brand","embeddable":true,"href":"https:\/\/factory.sale\/et\/wp-json\/wp\/v2\/product_brand?post=13360"},{"taxonomy":"product_cat","embeddable":true,"href":"https:\/\/factory.sale\/et\/wp-json\/wp\/v2\/product_cat?post=13360"},{"taxonomy":"product_tag","embeddable":true,"href":"https:\/\/factory.sale\/et\/wp-json\/wp\/v2\/product_tag?post=13360"}],"curies":[{"name":"wp","href":"https:\/\/api.w.org\/{rel}","templated":true}]}}