{"id":133598,"date":"2025-12-03T16:11:13","date_gmt":"2025-12-03T13:34:31","guid":{"rendered":"https:\/\/factory.sale\/?post_type=product&#038;p=133598"},"modified":"2025-12-03T17:00:57","modified_gmt":"2025-12-03T14:00:57","slug":"a-raamiga-vaike-kampingumajake-76-m%c2%b2","status":"publish","type":"product","link":"https:\/\/factory.sale\/et\/toode\/a-raamiga-vaike-kampingumajake-76-m%c2%b2\/","title":{"rendered":"A-raamiga v\u00e4ike k\u00e4mpingumajake 7,6 m\u00b2"},"content":{"rendered":"<p>Avasta minimalistliku elustiili v\u00f5lu meie kaunilt disainitud A-raamiga tillukese k\u00e4mpingumajaga, 7,6 m\u00b2, mis \u00fchendab endas Skandinaavia stiili, naturaalsed materjalid ja kaasaegse funktsionaalsuse. Kvaliteetsest kuuse- v\u00f5i m\u00e4nnipuidust valmistatud kompaktne, kuid avar majake on loodud pakkuma mugavust, stiili ja mitmek\u00fclgsust igasse \u00f5ue- v\u00f5i looduskohta.<\/p>\n<p>Silmapaistev A-raamiga arhitektuur annab majale ajatu v\u00e4limuse, maksimeerides samal ajal mahutavust ja loomulikku valgust. T\u00e4isklaasist esisein muudab ruumi valgusk\u00fcllaseks ja avaraks, \u00fchendades sisemugavuse sujuvalt \u00fcmbritseva loodusega. Olgu see kasutusel aiamajana, k\u00fclalistemajana, loomingulise stuudiona v\u00f5i hubase n\u00e4dalal\u00f5pupuhkuse paigana \u2013 selle v\u00e4ikese maja kasutusv\u00f5imalused on l\u00f5putud.<\/p>\n<p>T\u00e4nu vastupidavale konstruktsioonile, kahekordsetele klaaspakettidele ja nutikale soojustusele sobib hoone kasutamiseks aastaringselt. P\u00f6\u00f6ning lisab magamis- v\u00f5i panipaikade v\u00f5imalusi, suurendades funktsionaalsust ilma jalaj\u00e4lge kasvatamata. Minimalistlik vorm, lihtne paigaldus ja kvaliteetne viimistlus teevad sellest ideaalse valiku k\u00f5igile, kes otsivad j\u00e4tkusuutlikku, kaunist ja praktilist lahendust v\u00e4ikese eluruumi loomiseks.<\/p>\n<p>&nbsp;<\/p>\n<p><strong><em>Muuda oma \u00f5ueala isiklikuks peidupaigaks \u2013 kohaks, kus loodus kohtub p\u00f5hjamaise elegantsiga!<\/em><\/strong><\/p>\n<p>&nbsp;<\/p>\n<p>&nbsp;<\/p>\n<p><strong>Tehniline teave:<\/strong><\/p>\n<div class=\"_tableContainer_1rjym_1\">\n<div class=\"group _tableWrapper_1rjym_13 flex w-fit flex-col-reverse\" tabindex=\"-1\">\n<table class=\"w-fit min-w-(--thread-content-width)\" style=\"height: 287px;\" width=\"613\" data-start=\"1468\" data-end=\"1760\">\n<thead data-start=\"1468\" data-end=\"1499\">\n<tr data-start=\"1468\" data-end=\"1499\">\n<th data-start=\"1468\" data-end=\"1485\" data-col-size=\"sm\"><\/th>\n<th data-start=\"1485\" data-end=\"1499\" data-col-size=\"sm\"><\/th>\n<\/tr>\n<\/thead>\n<tbody data-start=\"1532\" data-end=\"1760\">\n<tr data-start=\"1532\" data-end=\"1567\">\n<td data-start=\"1532\" data-end=\"1543\" data-col-size=\"sm\">Materjal<\/td>\n<td data-start=\"1543\" data-end=\"1567\" data-col-size=\"sm\">Kuuse- v\u00f5i m\u00e4nnipuit<\/td>\n<\/tr>\n<tr data-start=\"1568\" data-end=\"1607\">\n<td data-start=\"1568\" data-end=\"1578\" data-col-size=\"sm\">Siseala<\/td>\n<td data-start=\"1578\" data-end=\"1607\" data-col-size=\"sm\">10 m\u00b2 (7,5 + 2,5 p\u00f6\u00f6ning)<\/td>\n<\/tr>\n<tr data-start=\"1608\" data-end=\"1636\">\n<td data-start=\"1608\" data-end=\"1621\" data-col-size=\"sm\">Tubade arv<\/td>\n<td data-start=\"1621\" data-end=\"1636\" data-col-size=\"sm\">1 + p\u00f6\u00f6ning<\/td>\n<\/tr>\n<tr data-start=\"1637\" data-end=\"1678\">\n<td data-start=\"1637\" data-end=\"1659\" data-col-size=\"sm\">V\u00e4lism\u00f5\u00f5dud (L \u00d7 P)<\/td>\n<td data-start=\"1659\" data-end=\"1678\" data-col-size=\"sm\">316 cm \u00d7 317 cm<\/td>\n<\/tr>\n<tr data-start=\"1679\" data-end=\"1703\">\n<td data-start=\"1679\" data-end=\"1693\" data-col-size=\"sm\">Harjak\u00f5rgus<\/td>\n<td data-start=\"1693\" data-end=\"1703\" data-col-size=\"sm\">403 cm<\/td>\n<\/tr>\n<tr data-start=\"1704\" data-end=\"1730\">\n<td data-start=\"1704\" data-end=\"1721\" data-col-size=\"sm\">Katuse pindala<\/td>\n<td data-start=\"1721\" data-end=\"1730\" data-col-size=\"sm\">32 m\u00b2<\/td>\n<\/tr>\n<tr data-start=\"1731\" data-end=\"1760\">\n<td data-start=\"1731\" data-end=\"1750\" data-col-size=\"sm\">Terrassi pindala<\/td>\n<td data-start=\"1750\" data-end=\"1760\" data-col-size=\"sm\">2,5 m\u00b2<\/td>\n<\/tr>\n<\/tbody>\n<\/table>\n<\/div>\n<\/div>\n<h3 data-start=\"1762\" data-end=\"1776\"><\/h3>\n<div class=\"_tableContainer_1rjym_1\">\n<div class=\"group _tableWrapper_1rjym_13 flex w-fit flex-col-reverse\" tabindex=\"-1\">\n<table class=\"w-fit min-w-(--thread-content-width)\" style=\"height: 217px;\" width=\"613\" data-start=\"1778\" data-end=\"2082\">\n<thead data-start=\"1778\" data-end=\"1811\">\n<tr data-start=\"1778\" data-end=\"1811\">\n<th data-start=\"1778\" data-end=\"1794\" data-col-size=\"sm\"><strong data-start=\"1780\" data-end=\"1793\">Seinad<\/strong><\/th>\n<th data-start=\"1794\" data-end=\"1811\" data-col-size=\"sm\"><strong data-start=\"1796\" data-end=\"1809\">Andmed<\/strong><\/th>\n<\/tr>\n<\/thead>\n<tbody data-start=\"1847\" data-end=\"2082\">\n<tr data-start=\"1847\" data-end=\"1882\">\n<td data-start=\"1847\" data-end=\"1862\" data-col-size=\"sm\">Eesmine sein<\/td>\n<td data-start=\"1862\" data-end=\"1882\" data-col-size=\"sm\">T\u00e4ielikult klaas<\/td>\n<\/tr>\n<tr data-start=\"1883\" data-end=\"1913\">\n<td data-start=\"1883\" data-end=\"1902\" data-col-size=\"sm\">Tagaseina paksus<\/td>\n<td data-start=\"1902\" data-end=\"1913\" data-col-size=\"sm\">18,5 cm<\/td>\n<\/tr>\n<tr data-start=\"1914\" data-end=\"1947\">\n<td data-start=\"1914\" data-end=\"1938\" data-col-size=\"sm\">V\u00e4limised voodrilauad<\/td>\n<td data-start=\"1938\" data-end=\"1947\" data-col-size=\"sm\">19 mm<\/td>\n<\/tr>\n<tr data-start=\"1948\" data-end=\"1994\">\n<td data-start=\"1948\" data-end=\"1972\" data-col-size=\"sm\">Tuule- ja niiskust\u00f5ke<\/td>\n<td data-start=\"1972\" data-end=\"1994\" data-col-size=\"sm\">Ei kuulu komplekti<\/td>\n<\/tr>\n<tr data-start=\"1995\" data-end=\"2024\">\n<td data-start=\"1995\" data-end=\"2015\" data-col-size=\"sm\">Tuulutusvahe raam<\/td>\n<td data-start=\"2015\" data-end=\"2024\" data-col-size=\"sm\">25 mm<\/td>\n<\/tr>\n<tr data-start=\"2025\" data-end=\"2082\">\n<td data-start=\"2025\" data-end=\"2042\" data-col-size=\"sm\">Rockwooli raam<\/td>\n<td data-start=\"2042\" data-end=\"2082\" data-col-size=\"sm\">140 mm (Rockwool ei kuulu komplekti)<\/td>\n<\/tr>\n<\/tbody>\n<\/table>\n<p>&nbsp;<\/p>\n<\/div>\n<\/div>\n<div class=\"_tableContainer_1rjym_1\">\n<div class=\"group _tableWrapper_1rjym_13 flex w-fit flex-col-reverse\" tabindex=\"-1\">\n<table class=\"w-fit min-w-(--thread-content-width)\" style=\"height: 209px;\" width=\"614\" data-start=\"2099\" data-end=\"2367\">\n<thead data-start=\"2099\" data-end=\"2132\">\n<tr data-start=\"2099\" data-end=\"2132\">\n<th data-start=\"2099\" data-end=\"2115\" data-col-size=\"sm\"><strong data-start=\"2101\" data-end=\"2114\">Katus<\/strong><\/th>\n<th data-start=\"2115\" data-end=\"2132\" data-col-size=\"md\"><strong data-start=\"2117\" data-end=\"2130\">Andmed<\/strong><\/th>\n<\/tr>\n<\/thead>\n<tbody data-start=\"2168\" data-end=\"2367\">\n<tr data-start=\"2168\" data-end=\"2193\">\n<td data-start=\"2168\" data-end=\"2184\" data-col-size=\"sm\">Katuse paksus<\/td>\n<td data-start=\"2184\" data-end=\"2193\" data-col-size=\"md\">18 cm<\/td>\n<\/tr>\n<tr data-start=\"2194\" data-end=\"2263\">\n<td data-start=\"2194\" data-end=\"2207\" data-col-size=\"sm\">Katusekate<\/td>\n<td data-start=\"2207\" data-end=\"2263\" data-col-size=\"md\">Bituumensindel (ei kuulu komplekti, saadaval eraldi)<\/td>\n<\/tr>\n<tr data-start=\"2264\" data-end=\"2279\">\n<td data-start=\"2264\" data-end=\"2270\" data-col-size=\"sm\">OSB<\/td>\n<td data-start=\"2270\" data-end=\"2279\" data-col-size=\"md\">15 mm<\/td>\n<\/tr>\n<tr data-start=\"2280\" data-end=\"2309\">\n<td data-start=\"2280\" data-end=\"2300\" data-col-size=\"sm\">Tuulutusvahe raam<\/td>\n<td data-start=\"2300\" data-end=\"2309\" data-col-size=\"md\">25 mm<\/td>\n<\/tr>\n<tr data-start=\"2310\" data-end=\"2367\">\n<td data-start=\"2310\" data-end=\"2327\" data-col-size=\"sm\">Rockwooli raam<\/td>\n<td data-start=\"2327\" data-end=\"2367\" data-col-size=\"md\">140 mm (Rockwool ei kuulu komplekti)<\/td>\n<\/tr>\n<\/tbody>\n<\/table>\n<p>&nbsp;<\/p>\n<\/div>\n<\/div>\n<div class=\"_tableContainer_1rjym_1\">\n<div class=\"group _tableWrapper_1rjym_13 flex w-fit flex-col-reverse\" tabindex=\"-1\">\n<table class=\"w-fit min-w-(--thread-content-width)\" style=\"height: 123px;\" width=\"616\" data-start=\"2385\" data-end=\"2532\">\n<thead data-start=\"2385\" data-end=\"2418\">\n<tr data-start=\"2385\" data-end=\"2418\">\n<th data-start=\"2385\" data-end=\"2401\" data-col-size=\"sm\"><strong data-start=\"2387\" data-end=\"2400\">P\u00f5rand<\/strong><\/th>\n<th data-start=\"2401\" data-end=\"2418\" data-col-size=\"sm\"><strong data-start=\"2403\" data-end=\"2416\">Andmed<\/strong><\/th>\n<\/tr>\n<\/thead>\n<tbody data-start=\"2454\" data-end=\"2532\">\n<tr data-start=\"2454\" data-end=\"2487\">\n<td data-start=\"2454\" data-end=\"2469\" data-col-size=\"sm\">P\u00f5randatalad<\/td>\n<td data-start=\"2469\" data-end=\"2487\" data-col-size=\"sm\">10 cm paksused<\/td>\n<\/tr>\n<tr data-start=\"2488\" data-end=\"2532\">\n<td data-start=\"2488\" data-end=\"2503\" data-col-size=\"sm\">P\u00f5randalauad<\/td>\n<td data-start=\"2503\" data-end=\"2532\" data-col-size=\"sm\">19 mm, kuuluvad komplekti<\/td>\n<\/tr>\n<\/tbody>\n<\/table>\n<\/div>\n<\/div>\n<h3 data-start=\"2534\" data-end=\"2556\"><\/h3>\n<div class=\"_tableContainer_1rjym_1\">\n<div class=\"group _tableWrapper_1rjym_13 flex w-fit flex-col-reverse\" tabindex=\"-1\">\n<table class=\"w-fit min-w-(--thread-content-width)\" style=\"height: 174px;\" width=\"627\" data-start=\"2558\" data-end=\"2810\">\n<thead data-start=\"2558\" data-end=\"2589\">\n<tr data-start=\"2558\" data-end=\"2589\">\n<th data-start=\"2558\" data-end=\"2572\" data-col-size=\"sm\"><strong data-start=\"2560\" data-end=\"2571\">Uksed ja aknad<\/strong><\/th>\n<th data-start=\"2572\" data-end=\"2589\" data-col-size=\"md\"><strong data-start=\"2574\" data-end=\"2587\">Andmed<\/strong><\/th>\n<\/tr>\n<\/thead>\n<tbody data-start=\"2623\" data-end=\"2810\">\n<tr data-start=\"2623\" data-end=\"2659\">\n<td data-start=\"2623\" data-end=\"2637\" data-col-size=\"sm\">Ukse m\u00f5\u00f5dud<\/td>\n<td data-start=\"2637\" data-end=\"2659\" data-col-size=\"md\">1 \u00d7 85 cm \u00d7 200 cm<\/td>\n<\/tr>\n<tr data-start=\"2660\" data-end=\"2708\">\n<td data-start=\"2660\" data-end=\"2676\" data-col-size=\"sm\">Akende m\u00f5\u00f5dud<\/td>\n<td data-start=\"2676\" data-end=\"2708\" data-col-size=\"md\">5 \u00d7 (52 \u00d7 50 cm), 70 \u00d7 92 cm<\/td>\n<\/tr>\n<tr data-start=\"2709\" data-end=\"2768\">\n<td data-start=\"2709\" data-end=\"2723\" data-col-size=\"sm\">Klaaspakett<\/td>\n<td data-start=\"2723\" data-end=\"2768\" data-col-size=\"md\">Kahekordne klaas (klaas 4 mm, vahe 12 mm)<\/td>\n<\/tr>\n<tr data-start=\"2769\" data-end=\"2810\">\n<td data-start=\"2769\" data-end=\"2781\" data-col-size=\"sm\">Ukse lukk<\/td>\n<td data-start=\"2781\" data-end=\"2810\" data-col-size=\"md\">Silinderlukk kahe v\u00f5tmega<\/td>\n<\/tr>\n<\/tbody>\n<\/table>\n<\/div>\n<\/div>\n<p>&nbsp;<\/p>\n<p>&nbsp;<\/p>\n<p>&nbsp;<\/p>\n<p><strong>Lisaks saadaval (hinnad ilma KM-ta):<\/strong><\/p>\n<p>&nbsp;<\/p>\n<p><strong>Maja puitosade immutamine:<\/strong><\/p>\n<ul>\n<li>N\u00e4htamatu toon, naturaalpuidu v\u00e4limus \u2013 299 \u20ac<\/li>\n<li>Pruun \u2013 299 \u20ac<\/li>\n<li>Valge \u2013 592,25 \u20ac<\/li>\n<\/ul>\n<p>&nbsp;<\/p>\n<p><strong>Voodrimaterjalid, 19 mm sisevooder \u2013<\/strong> 270,25 \u20ac<\/p>\n<p>&nbsp;<\/p>\n<p>&nbsp;<\/p>\n<p><strong><em>Komplekt ei sisalda siseviimistlust ega Rockwool soojustust. Selliste hoonete puhul on klientidel sageli oma n\u00e4gemus siseviimistlusest \u2013 alustades kipsist kuni \u00fcmarpalki imiteerivate viimistluslaudadeni. Rockwool ei kuulu komplekti selle k\u00f5rge kuupmeetrihinna t\u00f5ttu. Kirjuta meile ja k\u00fcsi lisa!<\/em><\/strong><\/p>\n<h3 data-start=\"2369\" data-end=\"2383\"><\/h3>\n","protected":false},"excerpt":{"rendered":"<p>Avasta 7,6 m\u00b2 A-raamiga k\u00e4mpingumaja \u2013 modernne disain, naturaalsed materjalid ja valgusk\u00fcllane interj\u00f6\u00f6r. Ideaalne stuudio, k\u00fclalistemaja v\u00f5i aiapaviljon.<\/p>\n","protected":false},"featured_media":133565,"comment_status":"open","ping_status":"closed","template":"","meta":{"_acf_changed":false},"factory":[],"free-shipment":[],"product_brand":[],"product_cat":[924,2888],"product_tag":[2714],"class_list":{"0":"post-133598","1":"product","2":"type-product","3":"status-publish","4":"has-post-thumbnail","6":"product_cat-aiatooted","7":"product_cat-kampingumajakesed","8":"product_tag-yard-and-garden-et","9":"pa_roofing-finnish-shingles-hall","10":"pa_roofing-finnish-shingles-ilma","11":"pa_roofing-finnish-shingles-must","12":"pa_roofing-finnish-shingles-pruun","13":"pa_roofing-finnish-shingles-punane","14":"pa_roofing-finnish-shingles-roheline","16":"first","17":"instock","18":"sale","19":"taxable","20":"shipping-taxable","21":"purchasable","22":"product-type-variable"},"acf":[],"_links":{"self":[{"href":"https:\/\/factory.sale\/et\/wp-json\/wp\/v2\/product\/133598","targetHints":{"allow":["GET"]}}],"collection":[{"href":"https:\/\/factory.sale\/et\/wp-json\/wp\/v2\/product"}],"about":[{"href":"https:\/\/factory.sale\/et\/wp-json\/wp\/v2\/types\/product"}],"replies":[{"embeddable":true,"href":"https:\/\/factory.sale\/et\/wp-json\/wp\/v2\/comments?post=133598"}],"wp:featuredmedia":[{"embeddable":true,"href":"https:\/\/factory.sale\/et\/wp-json\/wp\/v2\/media\/133565"}],"wp:attachment":[{"href":"https:\/\/factory.sale\/et\/wp-json\/wp\/v2\/media?parent=133598"}],"wp:term":[{"taxonomy":"factory","embeddable":true,"href":"https:\/\/factory.sale\/et\/wp-json\/wp\/v2\/factory?post=133598"},{"taxonomy":"free-shipment","embeddable":true,"href":"https:\/\/factory.sale\/et\/wp-json\/wp\/v2\/free-shipment?post=133598"},{"taxonomy":"product_brand","embeddable":true,"href":"https:\/\/factory.sale\/et\/wp-json\/wp\/v2\/product_brand?post=133598"},{"taxonomy":"product_cat","embeddable":true,"href":"https:\/\/factory.sale\/et\/wp-json\/wp\/v2\/product_cat?post=133598"},{"taxonomy":"product_tag","embeddable":true,"href":"https:\/\/factory.sale\/et\/wp-json\/wp\/v2\/product_tag?post=133598"}],"curies":[{"name":"wp","href":"https:\/\/api.w.org\/{rel}","templated":true}]}}