{"id":133523,"date":"2025-12-02T14:27:06","date_gmt":"2025-12-02T11:30:41","guid":{"rendered":"https:\/\/factory.sale\/?post_type=product&#038;p=133523"},"modified":"2025-12-02T14:30:42","modified_gmt":"2025-12-02T11:30:42","slug":"tonnelle-4-m-x-4-m-44-mm","status":"publish","type":"product","link":"https:\/\/factory.sale\/et\/toode\/tonnelle-4-m-x-4-m-44-mm\/","title":{"rendered":"Tonnelle (4 m \u00d7 4 m), 44 mm"},"content":{"rendered":"<div class=\"_tableContainer_1rjym_1\">\n<p>See v\u00f5luv puidust varjualune sobitub ideaalselt sinu aeda. Kvaliteetsest looduslikust puidust valmistatud konstruktsioon t\u00f5mbab k\u00fclalisi ligi nagu magnet \u2013 koht, kus saab istuda, l\u00f5\u00f5gastuda ja nautida suurep\u00e4rast seltskonda. See on ideaalne paik, kus veeta kauneid hetki oma l\u00e4hedastega kevad\u00f5htutel v\u00f5i suvisel soojal ajal.<\/p>\n<p>Loo oma aeda kutsuv ja stiilne puhkeala Tonnelle 4 m \u00d7 4 m, 44 mm puidust varjualusega. Sertifitseeritud p\u00f5hjamaise m\u00e4nni v\u00f5i kuusepuidust valmistatud konstruktsioon \u00fchendab vastupidavuse, elegantsi ja loodusliku v\u00f5lu. Avar 4 \u00d7 4 m p\u00f5randapind ja tugev 44 mm seinapaksus teevad sellest ideaalse koha pere\u00fcritusteks, s\u00f5pradega ajaveetmiseks v\u00f5i lihtsalt rahulikeks hetkedeks looduses.<\/p>\n<p>375 \u00d7 375 cm sisepind pakub rohkelt ruumi aiam\u00f6\u00f6blile, dekoratsioonidele v\u00f5i hubase lounge\u2019i loomiseks. Mugav 221 cm k\u00fclgseina k\u00f5rgus ja 270 cm harjak\u00f5rgus tagavad avara ja valgust t\u00e4is \u00f5hkkonna. Kvaliteetsed 19\u201320 mm punnlaudadest katuse- ja p\u00f5randalauad pakuvad pikaajalist tugevust ja stabiilsust, muutes canopie aasta ringi kasutatavaks.<br \/>\nIga aeda harmooniliselt sobituv puidust varjualune muudab isegi lihtsa tagaaia kauniks ja hubaseks oaasiks. Olgu selleks soe suve\u00f5htu, intiimne koosviibimine v\u00f5i rahulik puhkehetk p\u00e4rast pikka p\u00e4eva \u2013 Tonnelle varjualune t\u00e4iustab sinu \u00f5ueruumi nii ilu kui ka praktilisusega.<\/p>\n<p>&nbsp;<\/p>\n<p>&nbsp;<\/p>\n<p><strong>Tehnilised andmed:<\/strong><\/p>\n<div class=\"_tableContainer_1rjym_1\">\n<div class=\"group _tableWrapper_1rjym_13 flex w-fit flex-col-reverse\" tabindex=\"-1\">\n<table class=\"w-fit min-w-(--thread-content-width)\" style=\"height: 410px;\" width=\"652\" data-start=\"1470\" data-end=\"1989\">\n<thead data-start=\"1470\" data-end=\"1508\">\n<tr data-start=\"1470\" data-end=\"1508\">\n<th data-start=\"1470\" data-end=\"1493\" data-col-size=\"sm\"><\/th>\n<th data-start=\"1493\" data-end=\"1508\" data-col-size=\"md\"><\/th>\n<\/tr>\n<\/thead>\n<tbody data-start=\"1548\" data-end=\"1989\">\n<tr data-start=\"1548\" data-end=\"1605\">\n<td data-start=\"1548\" data-end=\"1559\" data-col-size=\"sm\">Materjal<\/td>\n<td data-start=\"1559\" data-end=\"1605\" data-col-size=\"md\">Sertifitseeritud p\u00f5hjamaine m\u00e4nd v\u00f5i kuusk<\/td>\n<\/tr>\n<tr data-start=\"1606\" data-end=\"1654\">\n<td data-start=\"1606\" data-end=\"1635\" data-col-size=\"sm\">V\u00e4lism\u00f5\u00f5t (laius \u00d7 pikkus)<\/td>\n<td data-start=\"1635\" data-end=\"1654\" data-col-size=\"md\">400 cm \u00d7 400 cm<\/td>\n<\/tr>\n<tr data-start=\"1655\" data-end=\"1702\">\n<td data-start=\"1655\" data-end=\"1683\" data-col-size=\"sm\">Sisem\u00f5\u00f5t (laius \u00d7 pikkus)<\/td>\n<td data-col-size=\"md\" data-start=\"1683\" data-end=\"1702\">375 cm \u00d7 375 cm<\/td>\n<\/tr>\n<tr data-start=\"1703\" data-end=\"1722\">\n<td data-start=\"1703\" data-end=\"1717\" data-col-size=\"sm\">Ruumide arv<\/td>\n<td data-start=\"1717\" data-end=\"1722\" data-col-size=\"md\">1<\/td>\n<\/tr>\n<tr data-start=\"1723\" data-end=\"1746\">\n<td data-start=\"1723\" data-end=\"1737\" data-col-size=\"sm\">Seinapaksus<\/td>\n<td data-start=\"1737\" data-end=\"1746\" data-col-size=\"md\">44 mm<\/td>\n<\/tr>\n<tr data-start=\"1747\" data-end=\"1776\">\n<td data-start=\"1747\" data-end=\"1766\" data-col-size=\"sm\">K\u00fclgseina k\u00f5rgus<\/td>\n<td data-col-size=\"md\" data-start=\"1766\" data-end=\"1776\">221 cm<\/td>\n<\/tr>\n<tr data-start=\"1777\" data-end=\"1801\">\n<td data-start=\"1777\" data-end=\"1791\" data-col-size=\"sm\">Harjak\u00f5rgus<\/td>\n<td data-col-size=\"md\" data-start=\"1791\" data-end=\"1801\">270 cm<\/td>\n<\/tr>\n<tr data-start=\"1802\" data-end=\"1857\">\n<td data-start=\"1802\" data-end=\"1819\" data-col-size=\"sm\">Katusematerjal<\/td>\n<td data-col-size=\"md\" data-start=\"1819\" data-end=\"1857\">19\u201320 mm punnlaudadest katuselauad<\/td>\n<\/tr>\n<tr data-start=\"1858\" data-end=\"1915\">\n<td data-start=\"1858\" data-end=\"1876\" data-col-size=\"sm\">P\u00f5randamaterjal<\/td>\n<td data-col-size=\"md\" data-start=\"1876\" data-end=\"1915\">19\u201320 mm punnlaudadest p\u00f5randalauad<\/td>\n<\/tr>\n<tr data-start=\"1916\" data-end=\"1946\">\n<td data-start=\"1916\" data-end=\"1937\" data-col-size=\"sm\">Katuse \u00fcleulatuvus<\/td>\n<td data-col-size=\"md\" data-start=\"1937\" data-end=\"1946\">20 cm<\/td>\n<\/tr>\n<tr data-start=\"1947\" data-end=\"1989\">\n<td data-start=\"1947\" data-end=\"1974\" data-col-size=\"sm\">Katusepind \/ Katusekalle<\/td>\n<td data-col-size=\"md\" data-start=\"1974\" data-end=\"1989\">20 m\u00b2 \/ 17\u00b0<\/td>\n<\/tr>\n<\/tbody>\n<\/table>\n<\/div>\n<\/div>\n<p>&nbsp;<\/p>\n<p>&nbsp;<\/p>\n<p><strong>Bituumensindlid:<\/strong><\/p>\n<p>Must, roheline, punane<\/p>\n<p><img loading=\"lazy\" decoding=\"async\" class=\"alignnone wp-image-133049\" src=\"https:\/\/factory.sale\/wp-content\/uploads\/2025\/11\/Bitumin-shingles-factory-sale-300x88.png\" sizes=\"auto, (max-width: 443px) 100vw, 443px\" srcset=\"https:\/\/factory.sale\/wp-content\/uploads\/2025\/11\/Bitumin-shingles-factory-sale-300x88.png 300w, https:\/\/factory.sale\/wp-content\/uploads\/2025\/11\/Bitumin-shingles-factory-sale-150x44.png 150w, https:\/\/factory.sale\/wp-content\/uploads\/2025\/11\/Bitumin-shingles-factory-sale-600x175.png 600w, https:\/\/factory.sale\/wp-content\/uploads\/2025\/11\/Bitumin-shingles-factory-sale.png 664w\" alt=\"\" width=\"443\" height=\"130\" \/><\/p>\n<p>&nbsp;<\/p>\n<\/div>\n<p><iframe loading=\"lazy\" title=\"YouTube video\" src=\"\/\/www.youtube.com\/embed\/k9kK04ZBp0o?autoplay=1&amp;mute=1&amp;controls=1&amp;start=110&amp;loop=1&amp;playlist=k9kK04ZBp0o\" width=\"800\" height=\"450\" frameborder=\"0\" allowfullscreen=\"allowfullscreen\" data-mce-fragment=\"1\"><\/iframe><\/p>\n<p>&nbsp;<\/p>\n<p><iframe loading=\"lazy\" title=\"YouTube video\" src=\"\/\/www.youtube.com\/embed\/9S4j3SFXrjM?autoplay=1&amp;mute=1&amp;controls=1&amp;loop=1&amp;playlist=9S4j3SFXrjM\" width=\"800\" height=\"315\" frameborder=\"0\" allowfullscreen=\"allowfullscreen\" data-mce-fragment=\"1\"><\/iframe><\/p>\n","protected":false},"excerpt":{"rendered":"<p>Elegantne 4 \u00d7 4 m puidust varjualune, valmistatud sertifitseeritud m\u00e4nnist v\u00f5i kuusest. 44 mm seinad, avar 375 \u00d7 375 cm siseala, vastupidavad punnlaudadest katus ja p\u00f5rand ning 20 m\u00b2 katusepind. T\u00e4iuslik koht puhkamiseks, koosviibimisteks ja aia ilu t\u00e4iustamiseks.<\/p>\n","protected":false},"featured_media":133452,"comment_status":"open","ping_status":"closed","template":"","meta":{"_acf_changed":false},"factory":[],"free-shipment":[],"product_brand":[],"product_cat":[924,1912],"product_tag":[1918,1483,301,2714],"class_list":{"0":"post-133523","1":"product","2":"type-product","3":"status-publish","4":"has-post-thumbnail","6":"product_cat-aiatooted","7":"product_cat-varikatused","8":"product_tag-canopies-et","9":"product_tag-garden-et","10":"product_tag-wood-et-2","11":"product_tag-yard-and-garden-et","12":"pa_roofing-material-ilma","13":"pa_roofing-material-must","14":"pa_roofing-material-punane","15":"pa_roofing-material-roheline","17":"first","18":"instock","19":"sale","20":"taxable","21":"shipping-taxable","22":"purchasable","23":"product-type-variable"},"acf":[],"_links":{"self":[{"href":"https:\/\/factory.sale\/et\/wp-json\/wp\/v2\/product\/133523","targetHints":{"allow":["GET"]}}],"collection":[{"href":"https:\/\/factory.sale\/et\/wp-json\/wp\/v2\/product"}],"about":[{"href":"https:\/\/factory.sale\/et\/wp-json\/wp\/v2\/types\/product"}],"replies":[{"embeddable":true,"href":"https:\/\/factory.sale\/et\/wp-json\/wp\/v2\/comments?post=133523"}],"wp:featuredmedia":[{"embeddable":true,"href":"https:\/\/factory.sale\/et\/wp-json\/wp\/v2\/media\/133452"}],"wp:attachment":[{"href":"https:\/\/factory.sale\/et\/wp-json\/wp\/v2\/media?parent=133523"}],"wp:term":[{"taxonomy":"factory","embeddable":true,"href":"https:\/\/factory.sale\/et\/wp-json\/wp\/v2\/factory?post=133523"},{"taxonomy":"free-shipment","embeddable":true,"href":"https:\/\/factory.sale\/et\/wp-json\/wp\/v2\/free-shipment?post=133523"},{"taxonomy":"product_brand","embeddable":true,"href":"https:\/\/factory.sale\/et\/wp-json\/wp\/v2\/product_brand?post=133523"},{"taxonomy":"product_cat","embeddable":true,"href":"https:\/\/factory.sale\/et\/wp-json\/wp\/v2\/product_cat?post=133523"},{"taxonomy":"product_tag","embeddable":true,"href":"https:\/\/factory.sale\/et\/wp-json\/wp\/v2\/product_tag?post=133523"}],"curies":[{"name":"wp","href":"https:\/\/api.w.org\/{rel}","templated":true}]}}