{"id":13351,"date":"2022-09-18T17:33:12","date_gmt":"2022-09-18T17:44:12","guid":{"rendered":"https:\/\/factory.sale\/?post_type=product&#038;p=13351"},"modified":"2025-03-27T00:54:19","modified_gmt":"2025-03-26T21:54:19","slug":"fdome-glamping-30","status":"publish","type":"product","link":"https:\/\/factory.sale\/et\/toode\/fdome-glamping-30\/","title":{"rendered":"FDome glamping 30"},"content":{"rendered":"<p>Meie geodeetilise kupli komplektid sisaldavad peaaegu k\u00f5ike, mida vajate glamping-ettev\u00f5tmise alustamiseks. Lisage lihtsalt m\u00f6\u00f6bel ja seadmed ning see on k\u00fclaliste jaoks kohe valmis!<\/p>\n<p>Valige oma FDome Glampingu jaoks parim valik! Luksuslik k\u00f5ikeh\u00f5lmav sisustus, mis on jagatud funktsioonide j\u00e4rgi, sealhulgas vannituba, k\u00f6\u00f6k, Stargazing voodimoodul ja magamistuba. Segage ja sobitage mooduleid, et luua oma k\u00fclalistele ainulaadne ruum!<\/p>\n<p>&nbsp;<\/p>\n<p><strong>Tehnilised andmed:<\/strong><\/p>\n<ul>\n<li>Aluspind: ~ 27,3 m2 \/ 293,85 ruutjalga<\/li>\n<li>L\u00e4bim\u00f5\u00f5t: ~ 5,90 m \/ 19,4 jalga<\/li>\n<li>K\u00f5rgus: ~ 3,55 m \/ 11,6 jalga<\/li>\n<li>Membraani\u00a0pind ~ 66 m2<\/li>\n<li>\u00d5humaht ~ 55 m3<\/li>\n<li>Kokkupanemise aeg: 3-4 tundi<\/li>\n<li>Soovitatav inimeste arv: \u00a03-4 inimest<\/li>\n<\/ul>\n<p>&nbsp;<\/p>\n<p><strong>Baaskupli hind sisaldab:<\/strong><\/p>\n<ul>\n<li>Karkass \u2013 tsingitud ja pulberv\u00e4rvitud antratsiit v\u00f5i valge<\/li>\n<li>V\u00e4liskate &#8211; Lumivalge<\/li>\n<li>Aknad<\/li>\n<li>Panoraamne laheaken<\/li>\n<li>3x illuminaator aken<\/li>\n<li>Sissep\u00e4\u00e4s\/uksed \u2013 telkimisuks (FG 20, 30, 40, 50)<\/li>\n<li>Sissep\u00e4\u00e4suasend \u2013 vasak (P3) v\u00f5i parem (P4)<\/li>\n<li>Ankurdamine \u2013 standardsed terasest tihvtid<\/li>\n<li>Ventilatsioon ja AC \u2013 ventilatsiooniavad<\/li>\n<\/ul>\n<p>&nbsp;<\/p>\n<p><img loading=\"lazy\" decoding=\"async\" class=\"alignnone wp-image-13339\" src=\"https:\/\/factory.sale\/wp-content\/uploads\/2022\/09\/accessories-300x219.png\" alt=\"\" width=\"1131\" height=\"826\" srcset=\"https:\/\/factory.sale\/wp-content\/uploads\/2022\/09\/accessories-300x219.png 300w, https:\/\/factory.sale\/wp-content\/uploads\/2022\/09\/accessories-150x109.png 150w, https:\/\/factory.sale\/wp-content\/uploads\/2022\/09\/accessories-1024x747.png 1024w, https:\/\/factory.sale\/wp-content\/uploads\/2022\/09\/accessories-600x438.png 600w, https:\/\/factory.sale\/wp-content\/uploads\/2022\/09\/accessories.png 1588w\" sizes=\"auto, (max-width: 1131px) 100vw, 1131px\" \/><\/p>\n<p>&nbsp;<\/p>\n<p><a href=\"https:\/\/factory.sale\/wp-content\/uploads\/2022\/09\/Dome-Care-and-Maintenance.pdf\" target=\"_blank\" rel=\"noopener noreferrer\">FDome&#8217;i hooldus ja hooldus<\/a><\/p>\n<p><a href=\"https:\/\/factory.sale\/wp-content\/uploads\/2022\/09\/FDomes-Assembly-Manual_SEP2022.pdf\" target=\"_blank\" rel=\"noopener noreferrer\">FDome&#8217;i kokkupanekujuhend<\/a><\/p>\n<p><a href=\"https:\/\/factory.sale\/wp-content\/uploads\/2022\/09\/Manual-ENG_rev.2-1.pdf\" target=\"_blank\" rel=\"noopener noreferrer\">K\u00e4siraamat<\/a><\/p>\n<p>&nbsp;<\/p>\n","protected":false},"excerpt":{"rendered":"<p>Hubane kuppelmaja, kus sisustamiseks ruumi rohkem. Suurep\u00e4rane puhketuba paarile v\u00f5i v\u00e4ikesele perele, mis v\u00f5imaldab kogeda t\u00f5elist l\u00f5\u00f5gastust ja sidet looduse vahel.<\/p>\n","protected":false},"featured_media":13384,"comment_status":"open","ping_status":"closed","template":"","meta":{"_acf_changed":false},"factory":[],"free-shipment":[],"product_brand":[],"product_cat":[801,1278],"product_tag":[],"class_list":{"0":"post-13351","1":"product","2":"type-product","3":"status-publish","4":"has-post-thumbnail","6":"product_cat-elementmajad-2","7":"product_cat-kuppelmajad","9":"first","10":"instock","11":"sale","12":"taxable","13":"shipping-taxable","14":"purchasable","15":"product-type-simple"},"acf":[],"_links":{"self":[{"href":"https:\/\/factory.sale\/et\/wp-json\/wp\/v2\/product\/13351","targetHints":{"allow":["GET"]}}],"collection":[{"href":"https:\/\/factory.sale\/et\/wp-json\/wp\/v2\/product"}],"about":[{"href":"https:\/\/factory.sale\/et\/wp-json\/wp\/v2\/types\/product"}],"replies":[{"embeddable":true,"href":"https:\/\/factory.sale\/et\/wp-json\/wp\/v2\/comments?post=13351"}],"wp:featuredmedia":[{"embeddable":true,"href":"https:\/\/factory.sale\/et\/wp-json\/wp\/v2\/media\/13384"}],"wp:attachment":[{"href":"https:\/\/factory.sale\/et\/wp-json\/wp\/v2\/media?parent=13351"}],"wp:term":[{"taxonomy":"factory","embeddable":true,"href":"https:\/\/factory.sale\/et\/wp-json\/wp\/v2\/factory?post=13351"},{"taxonomy":"free-shipment","embeddable":true,"href":"https:\/\/factory.sale\/et\/wp-json\/wp\/v2\/free-shipment?post=13351"},{"taxonomy":"product_brand","embeddable":true,"href":"https:\/\/factory.sale\/et\/wp-json\/wp\/v2\/product_brand?post=13351"},{"taxonomy":"product_cat","embeddable":true,"href":"https:\/\/factory.sale\/et\/wp-json\/wp\/v2\/product_cat?post=13351"},{"taxonomy":"product_tag","embeddable":true,"href":"https:\/\/factory.sale\/et\/wp-json\/wp\/v2\/product_tag?post=13351"}],"curies":[{"name":"wp","href":"https:\/\/api.w.org\/{rel}","templated":true}]}}