{"id":133499,"date":"2025-12-02T12:28:12","date_gmt":"2025-12-02T09:38:30","guid":{"rendered":"https:\/\/factory.sale\/?post_type=product&#038;p=133499"},"modified":"2025-12-02T12:38:31","modified_gmt":"2025-12-02T09:38:31","slug":"pergola-uma-4-m-x-4-m","status":"publish","type":"product","link":"https:\/\/factory.sale\/et\/toode\/pergola-uma-4-m-x-4-m\/","title":{"rendered":"Pergola Uma (4 m \u00d7 4 m)"},"content":{"rendered":"<p>See puidust varjualune kaunistab sinu aeda v\u00f5i hoovi, lisades sellele elegantset, samas looduslikku ilmet ning tuues v\u00f5lu ka k\u00f5ige tagasihoidlikumasse \u00f5uealasse. See on ideaalne paik, kus veeta meeldivaid hetki oma l\u00e4hedastega ning nautida p\u00e4ikesepaistelisi p\u00e4evi. Varjualune loob hubase varjualuse, kus puhata ja nautida oma t\u00f6\u00f6 vilju oma isiklikus aiaoaasis. Suurep\u00e4rane dekoratsioon sinu aeda.<\/p>\n<p>Muuda oma v\u00e4liala veelgi kaunimaks selle kaunilt valmistatud puidust varikatusega\u2014see on elegantne ja looduslik pilgup\u00fc\u00fcdja, mis lisab igasse aeda iseloomu ja stiili. Selle ajatu disain ja tugev kuusepuidust konstruktsioon loovad kutsuva koha, kus veeta aega pere ja s\u00f5pradega, puhata p\u00e4ikesepaistes v\u00f5i l\u00f5\u00f5gastuda p\u00e4rast pikka p\u00e4eva.<br \/>\nAvar 16 m\u00b2 siseala ning muljetavaldav 360 cm harjak\u00f5rgus loovad avatud ja \u00f5hulise atmosf\u00e4\u00e4ri, mis sobitub loomulikult sinu aialoominguga. Olgu selleks suvised s\u00f6\u00f6gikorrad, rahulik hommikukohv v\u00f5i privaatne puhkehetk \u2013 see puidust canopie pakub nii funktsionaalsust kui ka silmailu.<\/p>\n<p>Tugevad 115 \u00d7 115 mm postid ja 19 mm paksused katuselauad tagavad vastupidavuse igal aastaajal. 4 \u00d7 4 m p\u00f5hjaplaan pakub rohkelt ruumi aiam\u00f6\u00f6blile, dekoratsioonidele v\u00f5i taimedele, muutes sinu \u00f5ueala t\u00f5eliselt kutsuvaks pelgupaigaks. Praktilisuse ja stiili t\u00e4iuslik kooslus, mis t\u00f5stab esile ka k\u00f5ige lihtsama aianurga.<\/p>\n<p>&nbsp;<\/p>\n<p>&nbsp;<\/p>\n<p><strong>Tehnilised andmed:<\/strong><\/p>\n<div class=\"_tableContainer_1rjym_1\">\n<div class=\"group _tableWrapper_1rjym_13 flex w-fit flex-col-reverse\" tabindex=\"-1\">\n<table class=\"w-fit min-w-(--thread-content-width)\" style=\"height: 342px;\" width=\"599\" data-start=\"1466\" data-end=\"1813\">\n<thead data-start=\"1466\" data-end=\"1504\">\n<tr data-start=\"1466\" data-end=\"1504\">\n<th data-start=\"1466\" data-end=\"1489\" data-col-size=\"sm\"><\/th>\n<th data-start=\"1489\" data-end=\"1504\" data-col-size=\"sm\"><\/th>\n<\/tr>\n<\/thead>\n<tbody data-start=\"1544\" data-end=\"1813\">\n<tr data-start=\"1544\" data-end=\"1568\">\n<td data-start=\"1544\" data-end=\"1555\" data-col-size=\"sm\">Materjal<\/td>\n<td data-start=\"1555\" data-end=\"1568\" data-col-size=\"sm\">Kuusepuit<\/td>\n<\/tr>\n<tr data-start=\"1569\" data-end=\"1588\">\n<td data-start=\"1569\" data-end=\"1579\" data-col-size=\"sm\">Siseala<\/td>\n<td data-start=\"1579\" data-end=\"1588\" data-col-size=\"sm\">16 m\u00b2<\/td>\n<\/tr>\n<tr data-start=\"1589\" data-end=\"1613\">\n<td data-start=\"1589\" data-end=\"1603\" data-col-size=\"sm\">Harjak\u00f5rgus<\/td>\n<td data-start=\"1603\" data-end=\"1613\" data-col-size=\"sm\">360 cm<\/td>\n<\/tr>\n<tr data-start=\"1614\" data-end=\"1662\">\n<td data-start=\"1614\" data-end=\"1643\" data-col-size=\"sm\">V\u00e4lism\u00f5\u00f5t (laius \u00d7 pikkus)<\/td>\n<td data-start=\"1643\" data-end=\"1662\" data-col-size=\"sm\">400 cm \u00d7 400 cm<\/td>\n<\/tr>\n<tr data-start=\"1663\" data-end=\"1710\">\n<td data-start=\"1663\" data-end=\"1691\" data-col-size=\"sm\">Sisem\u00f5\u00f5t (laius \u00d7 pikkus)<\/td>\n<td data-start=\"1691\" data-end=\"1710\" data-col-size=\"sm\">400 cm \u00d7 400 cm<\/td>\n<\/tr>\n<tr data-start=\"1711\" data-end=\"1752\">\n<td data-start=\"1711\" data-end=\"1728\" data-col-size=\"sm\">Katusematerjal<\/td>\n<td data-start=\"1728\" data-end=\"1752\" data-col-size=\"sm\">19 mm paksused lauad<\/td>\n<\/tr>\n<tr data-start=\"1753\" data-end=\"1775\">\n<td data-start=\"1753\" data-end=\"1766\" data-col-size=\"sm\">Katusepind<\/td>\n<td data-start=\"1766\" data-end=\"1775\" data-col-size=\"sm\">22 m\u00b2<\/td>\n<\/tr>\n<tr data-start=\"1776\" data-end=\"1813\">\n<td data-start=\"1776\" data-end=\"1794\" data-col-size=\"sm\">Postide m\u00f5\u00f5tmed<\/td>\n<td data-start=\"1794\" data-end=\"1813\" data-col-size=\"sm\">115 mm \u00d7 115 mm<\/td>\n<\/tr>\n<\/tbody>\n<\/table>\n<\/div>\n<\/div>\n<p>&nbsp;<\/p>\n<p>&nbsp;<\/p>\n<p><strong>Bituumensindlid:<\/strong><\/p>\n<p>Must, roheline, punane<\/p>\n<div id=\"productTabContent\" class=\"tab-content\">\n<div id=\"description\" class=\"tab-pane fade show active\" role=\"tabpanel\" aria-labelledby=\"description-tab\">\n<div class=\"_tableContainer_1rjym_1\">\n<p><img loading=\"lazy\" decoding=\"async\" class=\"alignnone wp-image-133049\" src=\"https:\/\/factory.sale\/wp-content\/uploads\/2025\/11\/Bitumin-shingles-factory-sale-300x88.png\" sizes=\"auto, (max-width: 443px) 100vw, 443px\" srcset=\"https:\/\/factory.sale\/wp-content\/uploads\/2025\/11\/Bitumin-shingles-factory-sale-300x88.png 300w, https:\/\/factory.sale\/wp-content\/uploads\/2025\/11\/Bitumin-shingles-factory-sale-150x44.png 150w, https:\/\/factory.sale\/wp-content\/uploads\/2025\/11\/Bitumin-shingles-factory-sale-600x175.png 600w, https:\/\/factory.sale\/wp-content\/uploads\/2025\/11\/Bitumin-shingles-factory-sale.png 664w\" alt=\"\" width=\"443\" height=\"130\" \/><\/p>\n<p>&nbsp;<\/p>\n<\/div>\n<p><iframe loading=\"lazy\" title=\"YouTube video\" src=\"\/\/www.youtube.com\/embed\/k9kK04ZBp0o?autoplay=1&amp;mute=1&amp;controls=1&amp;start=110&amp;loop=1&amp;playlist=k9kK04ZBp0o\" width=\"800\" height=\"450\" frameborder=\"0\" allowfullscreen=\"allowfullscreen\" data-mce-fragment=\"1\"><\/iframe><\/p>\n<p>&nbsp;<\/p>\n<p><iframe loading=\"lazy\" title=\"YouTube video\" src=\"\/\/www.youtube.com\/embed\/9S4j3SFXrjM?autoplay=1&amp;mute=1&amp;controls=1&amp;loop=1&amp;playlist=9S4j3SFXrjM\" width=\"800\" height=\"315\" frameborder=\"0\" allowfullscreen=\"allowfullscreen\" data-mce-fragment=\"1\"><\/iframe><\/p>\n<\/div>\n<\/div>\n<div class=\"pt-3\"><\/div>\n<p>&nbsp;<\/p>\n<p>&nbsp;<\/p>\n","protected":false},"excerpt":{"rendered":"<p>Elegantne 4 \u00d7 4 m kuusepuidust varjualune. Ruumikas 16 m\u00b2 siseala, 360 cm harjak\u00f5rgus, vastupidavad 19 mm katuselauad ja tugevad 115 \u00d7 115 mm postid. T\u00e4iuslik varjualune Sinu aeda puhkamiseks, koosviibimisteks ning \u00f5ueruumi efektiivseks kaunistamiseks.<\/p>\n","protected":false},"featured_media":139031,"comment_status":"open","ping_status":"closed","template":"","meta":{"_acf_changed":false},"factory":[],"free-shipment":[],"product_brand":[],"product_cat":[924,1912],"product_tag":[],"class_list":{"0":"post-133499","1":"product","2":"type-product","3":"status-publish","4":"has-post-thumbnail","6":"product_cat-aiatooted","7":"product_cat-varikatused","8":"pa_roofing-material-ilma","9":"pa_roofing-material-must","10":"pa_roofing-material-punane","11":"pa_roofing-material-roheline","13":"first","14":"instock","15":"sale","16":"taxable","17":"shipping-taxable","18":"purchasable","19":"product-type-variable"},"acf":[],"_links":{"self":[{"href":"https:\/\/factory.sale\/et\/wp-json\/wp\/v2\/product\/133499","targetHints":{"allow":["GET"]}}],"collection":[{"href":"https:\/\/factory.sale\/et\/wp-json\/wp\/v2\/product"}],"about":[{"href":"https:\/\/factory.sale\/et\/wp-json\/wp\/v2\/types\/product"}],"replies":[{"embeddable":true,"href":"https:\/\/factory.sale\/et\/wp-json\/wp\/v2\/comments?post=133499"}],"wp:featuredmedia":[{"embeddable":true,"href":"https:\/\/factory.sale\/et\/wp-json\/wp\/v2\/media\/139031"}],"wp:attachment":[{"href":"https:\/\/factory.sale\/et\/wp-json\/wp\/v2\/media?parent=133499"}],"wp:term":[{"taxonomy":"factory","embeddable":true,"href":"https:\/\/factory.sale\/et\/wp-json\/wp\/v2\/factory?post=133499"},{"taxonomy":"free-shipment","embeddable":true,"href":"https:\/\/factory.sale\/et\/wp-json\/wp\/v2\/free-shipment?post=133499"},{"taxonomy":"product_brand","embeddable":true,"href":"https:\/\/factory.sale\/et\/wp-json\/wp\/v2\/product_brand?post=133499"},{"taxonomy":"product_cat","embeddable":true,"href":"https:\/\/factory.sale\/et\/wp-json\/wp\/v2\/product_cat?post=133499"},{"taxonomy":"product_tag","embeddable":true,"href":"https:\/\/factory.sale\/et\/wp-json\/wp\/v2\/product_tag?post=133499"}],"curies":[{"name":"wp","href":"https:\/\/api.w.org\/{rel}","templated":true}]}}