{"id":133469,"date":"2025-12-02T11:55:31","date_gmt":"2025-12-02T09:04:19","guid":{"rendered":"https:\/\/factory.sale\/?post_type=product&#038;p=133469"},"modified":"2025-12-02T12:04:19","modified_gmt":"2025-12-02T09:04:19","slug":"tonnelle-3-m-x-3-m-44-mm","status":"publish","type":"product","link":"https:\/\/factory.sale\/et\/toode\/tonnelle-3-m-x-3-m-44-mm\/","title":{"rendered":"Tonnelle 3 m \u00d7 3 m, 44 mm"},"content":{"rendered":"<p>See armas puidust varjualune sobitub suurep\u00e4raselt teie aeda ning pakub k\u00fclalistele kaitset nii p\u00e4ikese kui ka vihma eest. Ideaalne paik, kus nautida h\u00e4id hetki oma l\u00e4hedastega ja veeta m\u00f5nusaid p\u00e4ikeselisi p\u00e4evi. See puidust varjualune lisab teie v\u00e4lialale soojust ja hubasust.<\/p>\n<p>Muuda oma \u00f5ueala v\u00f5luvaks ja funktsionaalseks puhkealaks Tonnelle 3 m \u00d7 3 m, 44 mm puidust varjualusega. Sertifitseeritud p\u00f5hjamaise m\u00e4nni v\u00f5i kuusepuidust valmistatud elegantne konstruktsioon toob igasse aeda looduslikku ilu ja ajatust stiili. Olgu selleks suvised koosviibimised, rahulikud p\u00e4rastl\u00f5unad v\u00f5i varjupaiga otsimine p\u00e4ikese ja vihma eest \u2013 see varjualune loob ideaalse keskkonna meeldej\u00e4\u00e4vate hetkede nautimiseks.<\/p>\n<p>Avar siseala ja tugev 44 mm seinapaksus tagavad suurep\u00e4rase stabiilsuse ja mugavuse kogu aasta v\u00e4ltel, samal ajal kui lai sissep\u00e4\u00e4s ja \u00fchekihilised klaasid lasevad sisse rohkelt loomulikku valgust. Vastupidav punnlaudadest katus ja p\u00f5rand annavad konstruktsioonile pika kasutusaja, muutes selle teie \u00f5ueala kauniks ja usaldusv\u00e4\u00e4rseks t\u00e4ienduseks.<\/p>\n<p>Vali kvaliteetsete bituumenkatuse sindlite hulgast must, roheline v\u00f5i punane \u2013 nii saad sobitada paviljoni oma aia v\u00f5i kodu stiiliga. Too oma tagahoovi elegants, hubasus ja funktsionaalsus \u2013 puidust varjualune on loodud nautimiseks igal aastaajal.<\/p>\n<p>&nbsp;<\/p>\n<p>&nbsp;<\/p>\n<p><strong>Tehnilised andmed:<\/strong><\/p>\n<div class=\"_tableContainer_1rjym_1\">\n<div class=\"group _tableWrapper_1rjym_13 flex w-fit flex-col-reverse\" tabindex=\"-1\">\n<table class=\"w-fit min-w-(--thread-content-width)\" style=\"height: 467px;\" width=\"670\" data-start=\"1405\" data-end=\"1997\">\n<thead data-start=\"1405\" data-end=\"1443\">\n<tr data-start=\"1405\" data-end=\"1443\">\n<th data-start=\"1405\" data-end=\"1428\" data-col-size=\"sm\"><strong data-start=\"1407\" data-end=\"1427\">Spetsifikatsioon<\/strong><\/th>\n<th data-start=\"1428\" data-end=\"1443\" data-col-size=\"md\"><strong data-start=\"1430\" data-end=\"1441\">V\u00e4\u00e4rtus<\/strong><\/th>\n<\/tr>\n<\/thead>\n<tbody data-start=\"1484\" data-end=\"1997\">\n<tr data-start=\"1484\" data-end=\"1541\">\n<td data-start=\"1484\" data-end=\"1495\" data-col-size=\"sm\">Materjal<\/td>\n<td data-start=\"1495\" data-end=\"1541\" data-col-size=\"md\">Sertifitseeritud p\u00f5hjamaine m\u00e4nd v\u00f5i kuusk<\/td>\n<\/tr>\n<tr data-start=\"1542\" data-end=\"1590\">\n<td data-start=\"1542\" data-end=\"1571\" data-col-size=\"sm\">V\u00e4lism\u00f5\u00f5t (laius \u00d7 pikkus)<\/td>\n<td data-start=\"1571\" data-end=\"1590\" data-col-size=\"md\">300 cm \u00d7 300 cm<\/td>\n<\/tr>\n<tr data-start=\"1591\" data-end=\"1638\">\n<td data-start=\"1591\" data-end=\"1619\" data-col-size=\"sm\">Sisem\u00f5\u00f5t (laius \u00d7 pikkus)<\/td>\n<td data-start=\"1619\" data-end=\"1638\" data-col-size=\"md\">275 cm \u00d7 275 cm<\/td>\n<\/tr>\n<tr data-start=\"1639\" data-end=\"1662\">\n<td data-start=\"1639\" data-end=\"1653\" data-col-size=\"sm\">Seinapaksus<\/td>\n<td data-start=\"1653\" data-end=\"1662\" data-col-size=\"md\">44 mm<\/td>\n<\/tr>\n<tr data-start=\"1663\" data-end=\"1692\">\n<td data-start=\"1663\" data-end=\"1682\" data-col-size=\"sm\">K\u00fclgseina k\u00f5rgus<\/td>\n<td data-start=\"1682\" data-end=\"1692\" data-col-size=\"md\">221 cm<\/td>\n<\/tr>\n<tr data-start=\"1693\" data-end=\"1717\">\n<td data-start=\"1693\" data-end=\"1707\" data-col-size=\"sm\">Harjak\u00f5rgus<\/td>\n<td data-start=\"1707\" data-end=\"1717\" data-col-size=\"md\">270 cm<\/td>\n<\/tr>\n<tr data-start=\"1718\" data-end=\"1770\">\n<td data-start=\"1718\" data-end=\"1735\" data-col-size=\"sm\">Katusematerjal<\/td>\n<td data-start=\"1735\" data-end=\"1770\" data-col-size=\"md\">19 mm punnlaudadest katuselauad<\/td>\n<\/tr>\n<tr data-start=\"1771\" data-end=\"1825\">\n<td data-start=\"1771\" data-end=\"1789\" data-col-size=\"sm\">P\u00f5randamaterjal<\/td>\n<td data-start=\"1789\" data-end=\"1825\" data-col-size=\"md\">19 mm punnlaudadest p\u00f5randalauad<\/td>\n<\/tr>\n<tr data-start=\"1826\" data-end=\"1856\">\n<td data-start=\"1826\" data-end=\"1847\" data-col-size=\"sm\">Katuse \u00fcleulatuvus<\/td>\n<td data-start=\"1847\" data-end=\"1856\" data-col-size=\"md\">20 cm<\/td>\n<\/tr>\n<tr data-start=\"1857\" data-end=\"1876\">\n<td data-start=\"1857\" data-end=\"1871\" data-col-size=\"sm\">Ruumide arv<\/td>\n<td data-start=\"1871\" data-end=\"1876\" data-col-size=\"md\">1<\/td>\n<\/tr>\n<tr data-start=\"1877\" data-end=\"1919\">\n<td data-start=\"1877\" data-end=\"1900\" data-col-size=\"sm\">Uks (laius \u00d7 k\u00f5rgus)<\/td>\n<td data-start=\"1900\" data-end=\"1919\" data-col-size=\"md\">130 cm \u00d7 192 cm<\/td>\n<\/tr>\n<tr data-start=\"1920\" data-end=\"1954\">\n<td data-start=\"1920\" data-end=\"1928\" data-col-size=\"sm\">Klaas<\/td>\n<td data-start=\"1928\" data-end=\"1954\" data-col-size=\"md\">\u00dchekordne klaas (4 mm)<\/td>\n<\/tr>\n<tr data-start=\"1955\" data-end=\"1997\">\n<td data-start=\"1955\" data-end=\"1982\" data-col-size=\"sm\">Katusepind \/ Katusekalle<\/td>\n<td data-start=\"1982\" data-end=\"1997\" data-col-size=\"md\">17 m\u00b2 \/ 22\u00b0<\/td>\n<\/tr>\n<\/tbody>\n<\/table>\n<\/div>\n<\/div>\n<p>&nbsp;<\/p>\n<p>&nbsp;<\/p>\n<p>&nbsp;<\/p>\n<p><strong>Katusematerjal (Bituumensindel):<\/strong><\/p>\n<p>Must, roheline, punane<\/p>\n<div id=\"productTabContent\" class=\"tab-content\">\n<div id=\"description\" class=\"tab-pane fade show active\" role=\"tabpanel\" aria-labelledby=\"description-tab\">\n<div class=\"_tableContainer_1rjym_1\">\n<p><img loading=\"lazy\" decoding=\"async\" class=\"alignnone wp-image-133049\" src=\"https:\/\/factory.sale\/wp-content\/uploads\/2025\/11\/Bitumin-shingles-factory-sale-300x88.png\" sizes=\"auto, (max-width: 443px) 100vw, 443px\" srcset=\"https:\/\/factory.sale\/wp-content\/uploads\/2025\/11\/Bitumin-shingles-factory-sale-300x88.png 300w, https:\/\/factory.sale\/wp-content\/uploads\/2025\/11\/Bitumin-shingles-factory-sale-150x44.png 150w, https:\/\/factory.sale\/wp-content\/uploads\/2025\/11\/Bitumin-shingles-factory-sale-600x175.png 600w, https:\/\/factory.sale\/wp-content\/uploads\/2025\/11\/Bitumin-shingles-factory-sale.png 664w\" alt=\"\" width=\"443\" height=\"130\" \/><\/p>\n<p>&nbsp;<\/p>\n<\/div>\n<p><iframe loading=\"lazy\" title=\"YouTube video\" src=\"\/\/www.youtube.com\/embed\/k9kK04ZBp0o?autoplay=1&amp;mute=1&amp;controls=1&amp;start=110&amp;loop=1&amp;playlist=k9kK04ZBp0o\" width=\"800\" height=\"450\" frameborder=\"0\" allowfullscreen=\"allowfullscreen\" data-mce-fragment=\"1\"><\/iframe><\/p>\n<p>&nbsp;<\/p>\n<p><iframe loading=\"lazy\" title=\"YouTube video\" src=\"\/\/www.youtube.com\/embed\/9S4j3SFXrjM?autoplay=1&amp;mute=1&amp;controls=1&amp;loop=1&amp;playlist=9S4j3SFXrjM\" width=\"800\" height=\"315\" frameborder=\"0\" allowfullscreen=\"allowfullscreen\" data-mce-fragment=\"1\"><\/iframe><\/p>\n<\/div>\n<\/div>\n<div class=\"pt-3\"><\/div>\n<p>&nbsp;<\/p>\n<p>&nbsp;<\/p>\n<p>&nbsp;<\/p>\n","protected":false},"excerpt":{"rendered":"<p>Elegantne 3\u00d73 m puidust varikatus 44 mm seina\u00adpaksusega. Valmistatud sertifitseeritud m\u00e4nnist v\u00f5i kuusest, vastupidava punnlaudadest katuse ja p\u00f5randaga, avara sisealaga ning valikulise bituumensindel katuse v\u00f5imalusega. T\u00e4iuslik varjualune Sinu aeda puhkamiseks, koosviibimisteks ja aastaringseks kasutamiseks.<\/p>\n","protected":false},"featured_media":133452,"comment_status":"open","ping_status":"closed","template":"","meta":{"_acf_changed":false},"factory":[],"free-shipment":[],"product_brand":[],"product_cat":[924,1912],"product_tag":[1918,1483,1484,2714],"class_list":{"0":"post-133469","1":"product","2":"type-product","3":"status-publish","4":"has-post-thumbnail","6":"product_cat-aiatooted","7":"product_cat-varikatused","8":"product_tag-canopies-et","9":"product_tag-garden-et","10":"product_tag-yard-et","11":"product_tag-yard-and-garden-et","12":"pa_roofing-material-ilma","13":"pa_roofing-material-must","14":"pa_roofing-material-punane","15":"pa_roofing-material-roheline","17":"first","18":"instock","19":"sale","20":"taxable","21":"shipping-taxable","22":"purchasable","23":"product-type-variable"},"acf":[],"_links":{"self":[{"href":"https:\/\/factory.sale\/et\/wp-json\/wp\/v2\/product\/133469","targetHints":{"allow":["GET"]}}],"collection":[{"href":"https:\/\/factory.sale\/et\/wp-json\/wp\/v2\/product"}],"about":[{"href":"https:\/\/factory.sale\/et\/wp-json\/wp\/v2\/types\/product"}],"replies":[{"embeddable":true,"href":"https:\/\/factory.sale\/et\/wp-json\/wp\/v2\/comments?post=133469"}],"wp:featuredmedia":[{"embeddable":true,"href":"https:\/\/factory.sale\/et\/wp-json\/wp\/v2\/media\/133452"}],"wp:attachment":[{"href":"https:\/\/factory.sale\/et\/wp-json\/wp\/v2\/media?parent=133469"}],"wp:term":[{"taxonomy":"factory","embeddable":true,"href":"https:\/\/factory.sale\/et\/wp-json\/wp\/v2\/factory?post=133469"},{"taxonomy":"free-shipment","embeddable":true,"href":"https:\/\/factory.sale\/et\/wp-json\/wp\/v2\/free-shipment?post=133469"},{"taxonomy":"product_brand","embeddable":true,"href":"https:\/\/factory.sale\/et\/wp-json\/wp\/v2\/product_brand?post=133469"},{"taxonomy":"product_cat","embeddable":true,"href":"https:\/\/factory.sale\/et\/wp-json\/wp\/v2\/product_cat?post=133469"},{"taxonomy":"product_tag","embeddable":true,"href":"https:\/\/factory.sale\/et\/wp-json\/wp\/v2\/product_tag?post=133469"}],"curies":[{"name":"wp","href":"https:\/\/api.w.org\/{rel}","templated":true}]}}