{"id":133435,"date":"2025-11-28T18:24:00","date_gmt":"2025-12-02T08:30:34","guid":{"rendered":"https:\/\/factory.sale\/?post_type=product&#038;p=133435"},"modified":"2026-03-09T23:13:39","modified_gmt":"2026-03-09T20:13:39","slug":"kiosk-9-m%c2%b2-3x3-28-mm","status":"publish","type":"product","link":"https:\/\/factory.sale\/et\/toode\/kiosk-9-m%c2%b2-3x3-28-mm\/","title":{"rendered":"Kiosk 9 m\u00b2 (3\u00d73), 28 mm"},"content":{"rendered":"<p>Puidust kiosk, mis sobib suurep\u00e4raselt v\u00e4ikeettev\u00f5ttele, messidele v\u00f5i hooajalisteks m\u00fc\u00fcgipunktideks. Kiosk on varustatud spetsiaalsete \u00fcles t\u00f5stetavate luukidega, mis avanevad ja fikseeruvad kindlalt paigale.<\/p>\n<p>Too oma ettev\u00f5ttesse n\u00e4htavust ja professionaalsust selle kvaliteetse 3\u00d73 m puidust kioskiga. Valmistatud sertifitseeritud p\u00f5hjamaistest m\u00e4nnist v\u00f5i kuusest, pakub see vastupidav ja stiilne m\u00fc\u00fcgikabiin nii praktilisust kui ka silmapaistvat v\u00e4limust.<br \/>\nKioski avatavad luugid loovad suurep\u00e4rased v\u00f5imalused toodete esitlemiseks ning lihtsustavad suhtlust klientidega. Avatuna lukustuvad luugid turvaliselt, muutes kioski kutsuvaks m\u00fc\u00fcgipunktiks. Vastupidavad 20 mm punnlaudadest katuse- ja p\u00f5randalauad tagavad pika kasutusiga ning sobivad igap\u00e4evaseks kasutamiseks messidel, laatadel, festivalidel, v\u00e4lim\u00fc\u00fcgiks v\u00f5i hooajalisteks poodideks.<\/p>\n<p>Kolm suurt ettepoole avanevat akent loovad avara ja valgusk\u00fcllase interj\u00f6\u00f6ri, mis muudab kioskis viibimise meeldivaks nii m\u00fc\u00fcjale kui ka ostjale. Tugev 28 mm seinapaksus ja t\u00f5stetud konstruktsioon tagavad pikaajalise vastupidavuse, muutes selle kioski usaldusv\u00e4\u00e4rseks investeeringuks igale ettev\u00f5tjale.<\/p>\n<p>Lisavarustusena on saadaval bituumenkatus musta, rohelise v\u00f5i punase v\u00e4rvitooniga, et sobituda teie br\u00e4ndi v\u00f5i \u00fcmbritseva keskkonnaga. Kompaktne, praktiline ja h\u00f5lpsasti paigaldatav \u2013 Puitkiosk 9 m\u00b2 on ideaalne lahendus ettev\u00f5tetele, kes soovivad paista silma loomuliku stiili ja kindla konstruktsiooniga.<\/p>\n<p>&nbsp;<\/p>\n<p><strong>Tehnilised andmed:<\/strong><\/p>\n<div class=\"_tableContainer_1rjym_1\">\n<div class=\"group _tableWrapper_1rjym_13 flex w-fit flex-col-reverse\" tabindex=\"-1\">\n<table class=\"w-fit min-w-(--thread-content-width)\" style=\"height: 506px;\" width=\"720\" data-start=\"1637\" data-end=\"2738\">\n<thead data-start=\"1637\" data-end=\"1709\">\n<tr data-start=\"1637\" data-end=\"1709\">\n<th data-start=\"1637\" data-end=\"1669\" data-col-size=\"sm\"><strong data-start=\"1639\" data-end=\"1659\">Spetsifikatsioon<\/strong><\/th>\n<th data-start=\"1669\" data-end=\"1709\" data-col-size=\"md\"><strong data-start=\"1671\" data-end=\"1682\">V\u00e4\u00e4rtus<\/strong><\/th>\n<\/tr>\n<\/thead>\n<tbody data-start=\"1783\" data-end=\"2738\">\n<tr data-start=\"1783\" data-end=\"1860\">\n<td data-start=\"1783\" data-end=\"1814\" data-col-size=\"sm\">Materjal<\/td>\n<td data-start=\"1814\" data-end=\"1860\" data-col-size=\"md\">Sertifitseeritud p\u00f5hjamaine m\u00e4nd v\u00f5i kuusk<\/td>\n<\/tr>\n<tr data-start=\"1861\" data-end=\"1933\">\n<td data-start=\"1861\" data-end=\"1892\" data-col-size=\"sm\">V\u00e4lism\u00f5\u00f5dud (L \u00d7 P)<\/td>\n<td data-start=\"1892\" data-end=\"1933\" data-col-size=\"md\">300 cm \u00d7 300 cm<\/td>\n<\/tr>\n<tr data-start=\"1934\" data-end=\"2006\">\n<td data-start=\"1934\" data-end=\"1965\" data-col-size=\"sm\">Seinapaksus<\/td>\n<td data-start=\"1965\" data-end=\"2006\" data-col-size=\"md\">28 mm<\/td>\n<\/tr>\n<tr data-start=\"2007\" data-end=\"2079\">\n<td data-start=\"2007\" data-end=\"2038\" data-col-size=\"sm\">K\u00fclgseina k\u00f5rgus<\/td>\n<td data-start=\"2038\" data-end=\"2079\" data-col-size=\"md\">203 cm<\/td>\n<\/tr>\n<tr data-start=\"2080\" data-end=\"2152\">\n<td data-start=\"2080\" data-end=\"2111\" data-col-size=\"sm\">Harjak\u00f5rgus<\/td>\n<td data-start=\"2111\" data-end=\"2152\" data-col-size=\"md\">243 cm<\/td>\n<\/tr>\n<tr data-start=\"2153\" data-end=\"2225\">\n<td data-start=\"2153\" data-end=\"2184\" data-col-size=\"sm\">Katusematerjal<\/td>\n<td data-start=\"2184\" data-end=\"2225\" data-col-size=\"md\">20 mm punnlaudadest katuselauad<\/td>\n<\/tr>\n<tr data-start=\"2226\" data-end=\"2298\">\n<td data-start=\"2226\" data-end=\"2257\" data-col-size=\"sm\">P\u00f5randamaterjal<\/td>\n<td data-start=\"2257\" data-end=\"2298\" data-col-size=\"md\">20 mm punnlaudadest p\u00f5randalauad<\/td>\n<\/tr>\n<tr data-start=\"2299\" data-end=\"2370\">\n<td data-start=\"2299\" data-end=\"2329\" data-col-size=\"sm\">Katusepind<\/td>\n<td data-start=\"2329\" data-end=\"2370\" data-col-size=\"md\">11 m\u00b2<\/td>\n<\/tr>\n<tr data-start=\"2371\" data-end=\"2443\">\n<td data-start=\"2371\" data-end=\"2402\" data-col-size=\"sm\">Katuse \u00fcleulatuvus<\/td>\n<td data-start=\"2402\" data-end=\"2443\" data-col-size=\"md\">20 cm<\/td>\n<\/tr>\n<tr data-start=\"2444\" data-end=\"2517\">\n<td data-start=\"2444\" data-end=\"2475\" data-col-size=\"sm\">Ruumide arv<\/td>\n<td data-start=\"2475\" data-end=\"2517\" data-col-size=\"md\">1<\/td>\n<\/tr>\n<tr data-start=\"2518\" data-end=\"2591\">\n<td data-start=\"2518\" data-end=\"2550\" data-col-size=\"sm\">Uks (L \u00d7 K)<\/td>\n<td data-start=\"2550\" data-end=\"2591\" data-col-size=\"md\">85 cm \u00d7 192 cm<\/td>\n<\/tr>\n<tr data-start=\"2592\" data-end=\"2665\">\n<td data-start=\"2592\" data-end=\"2624\" data-col-size=\"sm\">Aken (L \u00d7 K)<\/td>\n<td data-start=\"2624\" data-end=\"2665\" data-col-size=\"md\">200 cm \u00d7 99 cm (3 tk)<\/td>\n<\/tr>\n<tr data-start=\"2666\" data-end=\"2738\">\n<td data-start=\"2666\" data-end=\"2697\" data-col-size=\"sm\">Katusekate<\/td>\n<td data-start=\"2697\" data-end=\"2738\" data-col-size=\"md\">Valikuline<\/td>\n<\/tr>\n<\/tbody>\n<\/table>\n<\/div>\n<\/div>\n<p>&nbsp;<\/p>\n<p><strong>Transpordi info:<\/strong><\/p>\n<p>4 m x 1.1 m x 0.6 m<\/p>\n<p>800 kg<\/p>\n<p>&nbsp;<\/p>\n<p><strong>Katusematerjal (bituumensindel):<\/strong><\/p>\n<p>Must, roheline, punane<\/p>\n<div class=\"_tableContainer_1rjym_1\">\n<p><img loading=\"lazy\" decoding=\"async\" class=\"alignnone wp-image-133049\" src=\"https:\/\/factory.sale\/wp-content\/uploads\/2025\/11\/Bitumin-shingles-factory-sale-300x88.png\" alt=\"\" width=\"443\" height=\"130\" srcset=\"https:\/\/factory.sale\/wp-content\/uploads\/2025\/11\/Bitumin-shingles-factory-sale-300x88.png 300w, https:\/\/factory.sale\/wp-content\/uploads\/2025\/11\/Bitumin-shingles-factory-sale-150x44.png 150w, https:\/\/factory.sale\/wp-content\/uploads\/2025\/11\/Bitumin-shingles-factory-sale-600x175.png 600w, https:\/\/factory.sale\/wp-content\/uploads\/2025\/11\/Bitumin-shingles-factory-sale.png 664w\" sizes=\"auto, (max-width: 443px) 100vw, 443px\" \/><\/p>\n<\/div>\n<p>&nbsp;<\/p>\n<p><iframe loading=\"lazy\" title=\"YouTube video\" src=\"\/\/www.youtube.com\/embed\/k9kK04ZBp0o?autoplay=1&amp;mute=1&amp;controls=1&amp;start=110&amp;loop=1&amp;playlist=k9kK04ZBp0o\" width=\"800\" height=\"450\" frameborder=\"0\" allowfullscreen=\"allowfullscreen\" data-mce-fragment=\"1\"><\/iframe><\/p>\n<p>&nbsp;<\/p>\n<p><iframe loading=\"lazy\" title=\"YouTube video\" src=\"\/\/www.youtube.com\/embed\/9S4j3SFXrjM?autoplay=1&amp;mute=1&amp;controls=1&amp;loop=1&amp;playlist=9S4j3SFXrjM\" width=\"800\" height=\"315\" frameborder=\"0\" allowfullscreen=\"allowfullscreen\" data-mce-fragment=\"1\"><\/iframe><\/p>\n","protected":false},"excerpt":{"rendered":"<p data-start=\"2824\" data-end=\"2991\">Kvaliteetne 3\u00d73 m puitkiosk v\u00e4ikeettev\u00f5tetele ja messidele. Avatavad luugid, vastupidavad 28 mm seinad ja valikuline bituumensindelkatus. Ideaalne turgudele ja \u00fcritustele.<\/p>\n","protected":false},"featured_media":133026,"comment_status":"open","ping_status":"closed","template":"","meta":{"_acf_changed":false},"factory":[],"free-shipment":[],"product_brand":[],"product_cat":[924,4704],"product_tag":[],"class_list":{"0":"post-133435","1":"product","2":"type-product","3":"status-publish","4":"has-post-thumbnail","6":"product_cat-aiatooted","7":"product_cat-kioskid","8":"pa_roofing-material-ilma","9":"pa_roofing-material-must","10":"pa_roofing-material-punane","11":"pa_roofing-material-roheline","13":"first","14":"instock","15":"sale","16":"taxable","17":"shipping-taxable","18":"purchasable","19":"product-type-variable"},"acf":[],"_links":{"self":[{"href":"https:\/\/factory.sale\/et\/wp-json\/wp\/v2\/product\/133435","targetHints":{"allow":["GET"]}}],"collection":[{"href":"https:\/\/factory.sale\/et\/wp-json\/wp\/v2\/product"}],"about":[{"href":"https:\/\/factory.sale\/et\/wp-json\/wp\/v2\/types\/product"}],"replies":[{"embeddable":true,"href":"https:\/\/factory.sale\/et\/wp-json\/wp\/v2\/comments?post=133435"}],"wp:featuredmedia":[{"embeddable":true,"href":"https:\/\/factory.sale\/et\/wp-json\/wp\/v2\/media\/133026"}],"wp:attachment":[{"href":"https:\/\/factory.sale\/et\/wp-json\/wp\/v2\/media?parent=133435"}],"wp:term":[{"taxonomy":"factory","embeddable":true,"href":"https:\/\/factory.sale\/et\/wp-json\/wp\/v2\/factory?post=133435"},{"taxonomy":"free-shipment","embeddable":true,"href":"https:\/\/factory.sale\/et\/wp-json\/wp\/v2\/free-shipment?post=133435"},{"taxonomy":"product_brand","embeddable":true,"href":"https:\/\/factory.sale\/et\/wp-json\/wp\/v2\/product_brand?post=133435"},{"taxonomy":"product_cat","embeddable":true,"href":"https:\/\/factory.sale\/et\/wp-json\/wp\/v2\/product_cat?post=133435"},{"taxonomy":"product_tag","embeddable":true,"href":"https:\/\/factory.sale\/et\/wp-json\/wp\/v2\/product_tag?post=133435"}],"curies":[{"name":"wp","href":"https:\/\/api.w.org\/{rel}","templated":true}]}}