{"id":133417,"date":"2025-12-02T11:01:08","date_gmt":"2025-12-02T08:08:20","guid":{"rendered":"https:\/\/factory.sale\/?post_type=product&#038;p=133417"},"modified":"2025-12-02T11:08:21","modified_gmt":"2025-12-02T08:08:21","slug":"pergola-oli-3-m-x-3-m","status":"publish","type":"product","link":"https:\/\/factory.sale\/et\/toode\/pergola-oli-3-m-x-3-m\/","title":{"rendered":"Pergola Oli (3 m \u00d7 3 m)"},"content":{"rendered":"<p>Puidust varikatus Pergola Oli kaunistab ja annab aiale v\u00f5i hoovile elegantse, kuid samas loodusl\u00e4hedase ilme ning lisab v\u00f5lu ka k\u00f5ige tagasihoidlikumale \u00f5uealale. See on ideaalne koht, kus veeta toredaid hetki l\u00e4hedastega ning nautida p\u00e4ikesepaistelisi p\u00e4evi. Varikatus pakub suurep\u00e4rast v\u00f5imalust l\u00f5\u00f5gastumiseks ja oma t\u00f6\u00f6 viljade nautimiseks oma hubases aiaoasis. Kaunis ja praktiline aiakaunistus.<\/p>\n<p>Ajatu v\u00e4limuse ja funktsionaalsuse \u00fchendamiseks on see kaunilt valmistatud varjualune loodud kvaliteetsest kuusepuust, \u00fchendades vastupidavuse ning loodusliku elegantsi. Avatud ja \u00f5huline disain loob kutsuva atmosf\u00e4\u00e4ri ning sobib suurep\u00e4raselt hommikukohviks, suvisteks kogunemisteks v\u00f5i rahulikeks hetkedeks \u00fcksi.<br \/>\nAvar 9 m\u00b2 sisepind, muljetavaldav 349 cm harjak\u00f5rgus ning tugevad 115 \u00d7 115 mm postid annavad konstruktsioonile nii silmapaistvuse kui ka tugevuse. 19 mm paksused katusekatted tagavad vastupidavuse ja kaitse k\u00f5ikidel aastaaegadel. Sobib ideaalselt aeda, hoovi v\u00f5i suvilasse \u2013 sellest saab sinu v\u00e4liala s\u00fcda, mis sobib suurep\u00e4raselt puhkuseks, t\u00e4histamiseks ja maastiku kaunistamiseks.<\/p>\n<p>&nbsp;<\/p>\n<p>&nbsp;<\/p>\n<p>&nbsp;<\/p>\n<p><strong>Tehnilised andmed:<\/strong><\/p>\n<div class=\"_tableContainer_1rjym_1\">\n<div class=\"group _tableWrapper_1rjym_13 flex w-fit flex-col-reverse\" tabindex=\"-1\">\n<table class=\"w-fit min-w-(--thread-content-width)\" style=\"height: 337px;\" width=\"583\" data-start=\"1272\" data-end=\"1942\">\n<thead data-start=\"1272\" data-end=\"1339\">\n<tr data-start=\"1272\" data-end=\"1339\">\n<th data-start=\"1272\" data-end=\"1306\" data-col-size=\"sm\"><\/th>\n<th data-start=\"1306\" data-end=\"1339\" data-col-size=\"sm\"><\/th>\n<\/tr>\n<\/thead>\n<tbody data-start=\"1407\" data-end=\"1942\">\n<tr data-start=\"1407\" data-end=\"1473\">\n<td data-start=\"1407\" data-end=\"1440\" data-col-size=\"sm\">Materjal<\/td>\n<td data-start=\"1440\" data-end=\"1473\" data-col-size=\"sm\">Kuusepuit<\/td>\n<\/tr>\n<tr data-start=\"1474\" data-end=\"1540\">\n<td data-start=\"1474\" data-end=\"1507\" data-col-size=\"sm\">Siseala<\/td>\n<td data-start=\"1507\" data-end=\"1540\" data-col-size=\"sm\">9 m\u00b2<\/td>\n<\/tr>\n<tr data-start=\"1541\" data-end=\"1607\">\n<td data-start=\"1541\" data-end=\"1574\" data-col-size=\"sm\">Harjak\u00f5rgus<\/td>\n<td data-start=\"1574\" data-end=\"1607\" data-col-size=\"sm\">349 cm<\/td>\n<\/tr>\n<tr data-start=\"1608\" data-end=\"1674\">\n<td data-start=\"1608\" data-end=\"1641\" data-col-size=\"sm\">V\u00e4lism\u00f5\u00f5t (laius \u00d7 pikkus)<\/td>\n<td data-start=\"1641\" data-end=\"1674\" data-col-size=\"sm\">300 cm \u00d7 300 cm<\/td>\n<\/tr>\n<tr data-start=\"1675\" data-end=\"1741\">\n<td data-start=\"1675\" data-end=\"1708\" data-col-size=\"sm\">Sisem\u00f5\u00f5t (laius \u00d7 pikkus)<\/td>\n<td data-start=\"1708\" data-end=\"1741\" data-col-size=\"sm\">300 cm \u00d7 300 cm<\/td>\n<\/tr>\n<tr data-start=\"1742\" data-end=\"1808\">\n<td data-start=\"1742\" data-end=\"1775\" data-col-size=\"sm\">Katusematerjal<\/td>\n<td data-start=\"1775\" data-end=\"1808\" data-col-size=\"sm\">19 mm paksused lauad<\/td>\n<\/tr>\n<tr data-start=\"1809\" data-end=\"1875\">\n<td data-start=\"1809\" data-end=\"1842\" data-col-size=\"sm\">Katusepind<\/td>\n<td data-start=\"1842\" data-end=\"1875\" data-col-size=\"sm\">14 m\u00b2<\/td>\n<\/tr>\n<tr data-start=\"1876\" data-end=\"1942\">\n<td data-start=\"1876\" data-end=\"1909\" data-col-size=\"sm\">Postide m\u00f5\u00f5tmed<\/td>\n<td data-start=\"1909\" data-end=\"1942\" data-col-size=\"sm\">115 mm \u00d7 115 mm<\/td>\n<\/tr>\n<\/tbody>\n<\/table>\n<\/div>\n<\/div>\n<p>&nbsp;<\/p>\n<p>&nbsp;<\/p>\n<p>&nbsp;<\/p>\n<p><strong>Katusematerjal (bituumensindel):<\/strong><\/p>\n<p>Must, roheline, punane<\/p>\n<div class=\"_tableContainer_1rjym_1\">\n<p><img loading=\"lazy\" decoding=\"async\" class=\"alignnone wp-image-133049\" src=\"https:\/\/factory.sale\/wp-content\/uploads\/2025\/11\/Bitumin-shingles-factory-sale-300x88.png\" alt=\"\" width=\"443\" height=\"130\" srcset=\"https:\/\/factory.sale\/wp-content\/uploads\/2025\/11\/Bitumin-shingles-factory-sale-300x88.png 300w, https:\/\/factory.sale\/wp-content\/uploads\/2025\/11\/Bitumin-shingles-factory-sale-150x44.png 150w, https:\/\/factory.sale\/wp-content\/uploads\/2025\/11\/Bitumin-shingles-factory-sale-600x175.png 600w, https:\/\/factory.sale\/wp-content\/uploads\/2025\/11\/Bitumin-shingles-factory-sale.png 664w\" sizes=\"auto, (max-width: 443px) 100vw, 443px\" \/><\/p>\n<\/div>\n<p>&nbsp;<\/p>\n<div id=\"productTabContent\" class=\"tab-content\">\n<div id=\"description\" class=\"tab-pane fade show active\" role=\"tabpanel\" aria-labelledby=\"description-tab\">\n<p><iframe loading=\"lazy\" title=\"YouTube video\" src=\"\/\/www.youtube.com\/embed\/k9kK04ZBp0o?autoplay=1&amp;mute=1&amp;controls=1&amp;start=110&amp;loop=1&amp;playlist=k9kK04ZBp0o\" width=\"800\" height=\"450\" frameborder=\"0\" allowfullscreen=\"allowfullscreen\" data-mce-fragment=\"1\"><\/iframe><\/p>\n<p>&nbsp;<\/p>\n<p><iframe loading=\"lazy\" title=\"YouTube video\" src=\"\/\/www.youtube.com\/embed\/9S4j3SFXrjM?autoplay=1&amp;mute=1&amp;controls=1&amp;loop=1&amp;playlist=9S4j3SFXrjM\" width=\"800\" height=\"315\" frameborder=\"0\" allowfullscreen=\"allowfullscreen\" data-mce-fragment=\"1\"><\/iframe><\/p>\n<\/div>\n<\/div>\n<div class=\"pt-3\"><\/div>\n","protected":false},"excerpt":{"rendered":"<p>Elegantne kuusepuidust varikatus 9 m\u00b2 pinnaga\u2014t\u00e4iuslik l\u00f5\u00f5gastumiseks, einestamiseks ja aia ilme t\u00e4iustamiseks. Vastupidav, stiilne ja loodud aastaringseks kasutamiseks.<\/p>\n","protected":false},"featured_media":138460,"comment_status":"open","ping_status":"closed","template":"","meta":{"_acf_changed":false},"factory":[],"free-shipment":[],"product_brand":[],"product_cat":[924,1912],"product_tag":[],"class_list":{"0":"post-133417","1":"product","2":"type-product","3":"status-publish","4":"has-post-thumbnail","6":"product_cat-aiatooted","7":"product_cat-varikatused","8":"pa_roofing-material-ilma","9":"pa_roofing-material-must","10":"pa_roofing-material-punane","11":"pa_roofing-material-roheline","13":"first","14":"instock","15":"sale","16":"taxable","17":"shipping-taxable","18":"purchasable","19":"product-type-variable"},"acf":[],"_links":{"self":[{"href":"https:\/\/factory.sale\/et\/wp-json\/wp\/v2\/product\/133417","targetHints":{"allow":["GET"]}}],"collection":[{"href":"https:\/\/factory.sale\/et\/wp-json\/wp\/v2\/product"}],"about":[{"href":"https:\/\/factory.sale\/et\/wp-json\/wp\/v2\/types\/product"}],"replies":[{"embeddable":true,"href":"https:\/\/factory.sale\/et\/wp-json\/wp\/v2\/comments?post=133417"}],"wp:featuredmedia":[{"embeddable":true,"href":"https:\/\/factory.sale\/et\/wp-json\/wp\/v2\/media\/138460"}],"wp:attachment":[{"href":"https:\/\/factory.sale\/et\/wp-json\/wp\/v2\/media?parent=133417"}],"wp:term":[{"taxonomy":"factory","embeddable":true,"href":"https:\/\/factory.sale\/et\/wp-json\/wp\/v2\/factory?post=133417"},{"taxonomy":"free-shipment","embeddable":true,"href":"https:\/\/factory.sale\/et\/wp-json\/wp\/v2\/free-shipment?post=133417"},{"taxonomy":"product_brand","embeddable":true,"href":"https:\/\/factory.sale\/et\/wp-json\/wp\/v2\/product_brand?post=133417"},{"taxonomy":"product_cat","embeddable":true,"href":"https:\/\/factory.sale\/et\/wp-json\/wp\/v2\/product_cat?post=133417"},{"taxonomy":"product_tag","embeddable":true,"href":"https:\/\/factory.sale\/et\/wp-json\/wp\/v2\/product_tag?post=133417"}],"curies":[{"name":"wp","href":"https:\/\/api.w.org\/{rel}","templated":true}]}}