{"id":1334,"date":"2019-08-28T17:20:09","date_gmt":"2019-08-28T17:20:09","guid":{"rendered":"https:\/\/factory.sale\/product\/fortelock\/"},"modified":"2025-03-27T01:14:28","modified_gmt":"2025-03-26T22:14:28","slug":"fortelock","status":"publish","type":"product","link":"https:\/\/factory.sale\/et\/toode\/fortelock\/","title":{"rendered":"Fortelock"},"content":{"rendered":"<p><span style=\"font-weight: 400;\">P\u00f5randakatte valik on \u00fcks olulisemaid punkte, mis m\u00e4\u00e4ravad iga interj\u00f6\u00f6ri kujunduse. Aja jooksul, PVC Fortelock blokeeringuga plaadid sai laialdaselt populaarseks konkreetse kombinatsiooni oma funktsioone, nagu selle sobivust peaaegu iga ruumides, madal hooldus n\u00f5udmisi, k\u00f5rge vastupidavuse v\u00f5i t\u00e4iuslik v\u00e4limus.<\/span><\/p>\n<p><span style=\"font-weight: 400;\">Parameetrite osas on soovitatav kasutada erinevaid p\u00f5randakatte t\u00fc\u00fcpe, nii et see pakub antud ruumis parimat funktsionaalsust ja vastab seega t\u00e4pselt teie ootustele. Valige endale parim.<\/span><\/p>\n<ul>\n<li><strong>Fortelock T\u00f6\u00f6stus<br \/>\n<\/strong>Usaldusv\u00e4\u00e4rsed k\u00f5rge kvaliteediga PVC plaadid. Need on eriti hinnatud piirkondades, kus on suur koormus ja pidev t\u00f6\u00f6. See p\u00f5rand sobib t\u00f6\u00f6stusele, tootmisrajatistele, ladudele v\u00f5i kaubanduspinnale.<\/li>\n<li><strong>Fortelock Valgus<\/strong><br \/>\n<span style=\"font-weight: 400;\">Seda t\u00fc\u00fcpi plaadid sobivad h\u00e4sti sellistesse ruumidesse nagu keldrid, maja tehnilised ruumid v\u00f5i garaa\u017eid. P\u00f5rand ei ole nii <\/span><span style=\"font-weight: 400;\">sitke<\/span><span style=\"font-weight: 400;\">, kuid siiski v\u00e4ga vastupidav.<\/span><\/li>\n<li><strong>Fortelock N\u00e4htamatu<\/strong><br \/>\n<span style=\"font-weight: 400;\">Varjatud lukuga homogeenne sillutis Sobib \u00e4ri, &#8211; era, &#8211; elamu -ja laopindadele.<\/span><\/li>\n<li><strong>Fortelock Sisekujundus<br \/>\n<\/strong>Uus ja ainulaadne Fortelocki tootesari. Hoolikalt kavandatud nii, et see sobiks mitte ainult igasse kodusse, vaid ka hotellidesse, kontoritesse ja koolidesse.<\/li>\n<li><b>P\u00f5randa kaldteed ja\u00a0nurgad<br \/>\n<span style=\"font-weight: 400;\">T\u00e4iuslik p\u00f5randaviimistlus h\u00f5lpsamaks ja sujuvamaks s\u00f5iduks autoga v\u00f5i veokiga ning parema esteetilise v\u00e4limusega.<\/span><\/b><\/li>\n<\/ul>\n<p><span style=\"font-weight: 400;\">Fortelock PVC p\u00f5randaplaadid on ainulaadne p\u00f5randalahendus, mis \u00fchendab lihtsuse ja vastupidavuse. Seet\u00f5ttu tahaksime sellele t\u00e4it t\u00e4helepanu p\u00f6\u00f6rata. Lugege \u00fcksikasjalikumat teavet toote, selle valmistamise ja selle \u00fcldise kasutamise kohta.<\/span><\/p>\n","protected":false},"excerpt":{"rendered":"<p><span style=\"font-weight: 400;\">P\u00f5randakatte valik on \u00fcks olulisi punkte, mis m\u00e4\u00e4rab iga interj\u00f6\u00f6ri kujunduse. Aja jooksul muutusid PVC Fortelock blokeeruvad plaadid populaarseks just nende omaduste konkreetse kombinatsiooni poolest, n\u00e4iteks sobivus praktiliselt igasse ruumi, madalad hooldusvajadused, suur vastupidavus v\u00f5i t\u00e4iuslik v\u00e4limus.<\/span><\/p>\n","protected":false},"featured_media":5196,"comment_status":"open","ping_status":"closed","template":"","meta":{"_acf_changed":false},"factory":[],"free-shipment":[],"product_brand":[],"product_cat":[176,178],"product_tag":[132],"class_list":{"0":"post-1334","1":"product","2":"type-product","3":"status-publish","4":"has-post-thumbnail","6":"product_cat-porand","7":"product_cat-fortelock","8":"product_tag-floor-et-2","10":"first","11":"onbackorder","12":"sale","13":"virtual","14":"taxable","15":"purchasable","16":"product-type-simple"},"acf":[],"_links":{"self":[{"href":"https:\/\/factory.sale\/et\/wp-json\/wp\/v2\/product\/1334","targetHints":{"allow":["GET"]}}],"collection":[{"href":"https:\/\/factory.sale\/et\/wp-json\/wp\/v2\/product"}],"about":[{"href":"https:\/\/factory.sale\/et\/wp-json\/wp\/v2\/types\/product"}],"replies":[{"embeddable":true,"href":"https:\/\/factory.sale\/et\/wp-json\/wp\/v2\/comments?post=1334"}],"wp:featuredmedia":[{"embeddable":true,"href":"https:\/\/factory.sale\/et\/wp-json\/wp\/v2\/media\/5196"}],"wp:attachment":[{"href":"https:\/\/factory.sale\/et\/wp-json\/wp\/v2\/media?parent=1334"}],"wp:term":[{"taxonomy":"factory","embeddable":true,"href":"https:\/\/factory.sale\/et\/wp-json\/wp\/v2\/factory?post=1334"},{"taxonomy":"free-shipment","embeddable":true,"href":"https:\/\/factory.sale\/et\/wp-json\/wp\/v2\/free-shipment?post=1334"},{"taxonomy":"product_brand","embeddable":true,"href":"https:\/\/factory.sale\/et\/wp-json\/wp\/v2\/product_brand?post=1334"},{"taxonomy":"product_cat","embeddable":true,"href":"https:\/\/factory.sale\/et\/wp-json\/wp\/v2\/product_cat?post=1334"},{"taxonomy":"product_tag","embeddable":true,"href":"https:\/\/factory.sale\/et\/wp-json\/wp\/v2\/product_tag?post=1334"}],"curies":[{"name":"wp","href":"https:\/\/api.w.org\/{rel}","templated":true}]}}