{"id":133386,"date":"2025-12-02T10:21:49","date_gmt":"2025-12-02T07:24:57","guid":{"rendered":"https:\/\/factory.sale\/?post_type=product&#038;p=133386"},"modified":"2025-12-02T10:24:57","modified_gmt":"2025-12-02T07:24:57","slug":"pergola-missy-3-m-x-3-m","status":"publish","type":"product","link":"https:\/\/factory.sale\/et\/toode\/pergola-missy-3-m-x-3-m\/","title":{"rendered":"Pergola Missy (3 m x 3 m)"},"content":{"rendered":"<p>Puidust vajualune kaunistab aeda v\u00f5i hoovi ning annab sellele elegantse, kuid loomuliku ilme, lisades v\u00f5lu isegi k\u00f5ige tagasihoidlikumale tagaaiale. See on t\u00e4iuslik koht, kus veeta h\u00e4id hetki l\u00e4hedastega ja nautida p\u00e4ikeselisi p\u00e4evi. Varjualune on ideaalne paik l\u00f5\u00f5gastumiseks ning v\u00f5imaldab nautida oma t\u00f6\u00f6 vilju oma hubases tagaaia oaasis. Suurep\u00e4rane dekoratiivne element sinu aiale.<\/p>\n<p>&nbsp;<\/p>\n<p>&nbsp;<\/p>\n<p><strong>Tehnilised andmed:<\/strong><\/p>\n<div class=\"_tableContainer_1rjym_1\">\n<div class=\"group _tableWrapper_1rjym_13 flex w-fit flex-col-reverse\" tabindex=\"-1\">\n<table class=\"w-fit min-w-(--thread-content-width)\" style=\"height: 356px;\" width=\"520\" data-start=\"37\" data-end=\"397\">\n<thead data-start=\"37\" data-end=\"66\">\n<tr data-start=\"37\" data-end=\"66\">\n<th data-start=\"37\" data-end=\"52\" data-col-size=\"sm\"><\/th>\n<th data-start=\"52\" data-end=\"66\" data-col-size=\"sm\"><\/th>\n<\/tr>\n<\/thead>\n<tbody data-start=\"97\" data-end=\"397\">\n<tr data-start=\"97\" data-end=\"125\">\n<td data-start=\"97\" data-end=\"112\" data-col-size=\"sm\"><strong data-start=\"99\" data-end=\"111\">Materjal<\/strong><\/td>\n<td data-start=\"112\" data-end=\"125\" data-col-size=\"sm\">Kuusepuit<\/td>\n<\/tr>\n<tr data-start=\"126\" data-end=\"148\">\n<td data-start=\"126\" data-end=\"140\" data-col-size=\"sm\"><strong data-start=\"128\" data-end=\"139\">Siseala<\/strong><\/td>\n<td data-col-size=\"sm\" data-start=\"140\" data-end=\"148\">9 m\u00b2<\/td>\n<\/tr>\n<tr data-start=\"149\" data-end=\"177\">\n<td data-start=\"149\" data-end=\"167\" data-col-size=\"sm\"><strong data-start=\"151\" data-end=\"166\">Harjak\u00f5rgus<\/strong><\/td>\n<td data-col-size=\"sm\" data-start=\"167\" data-end=\"177\">296 cm<\/td>\n<\/tr>\n<tr data-start=\"178\" data-end=\"230\">\n<td data-start=\"178\" data-end=\"211\" data-col-size=\"sm\"><strong data-start=\"180\" data-end=\"210\">V\u00e4lism\u00f5\u00f5t (laius \u00d7 pikkus)<\/strong><\/td>\n<td data-col-size=\"sm\" data-start=\"211\" data-end=\"230\">300 cm \u00d7 300 cm<\/td>\n<\/tr>\n<tr data-start=\"231\" data-end=\"282\">\n<td data-start=\"231\" data-end=\"263\" data-col-size=\"sm\"><strong data-start=\"233\" data-end=\"262\">Sisem\u00f5\u00f5t (laius \u00d7 pikkus)<\/strong><\/td>\n<td data-col-size=\"sm\" data-start=\"263\" data-end=\"282\">300 cm \u00d7 300 cm<\/td>\n<\/tr>\n<tr data-start=\"283\" data-end=\"326\">\n<td data-start=\"283\" data-end=\"304\" data-col-size=\"sm\"><strong data-start=\"285\" data-end=\"303\">Katusematerjal<\/strong><\/td>\n<td data-col-size=\"sm\" data-start=\"304\" data-end=\"326\">19 mm paksud lauad<\/td>\n<\/tr>\n<tr data-start=\"327\" data-end=\"356\">\n<td data-start=\"327\" data-end=\"347\" data-col-size=\"sm\"><strong data-start=\"329\" data-end=\"346\">Katusepindala<\/strong><\/td>\n<td data-col-size=\"sm\" data-start=\"347\" data-end=\"356\">11 m\u00b2<\/td>\n<\/tr>\n<tr data-start=\"357\" data-end=\"397\">\n<td data-start=\"357\" data-end=\"378\" data-col-size=\"sm\"><strong data-start=\"359\" data-end=\"377\">Postide m\u00f5\u00f5dud<\/strong><\/td>\n<td data-col-size=\"sm\" data-start=\"378\" data-end=\"397\">115 cm \u00d7 115 cm<\/td>\n<\/tr>\n<\/tbody>\n<\/table>\n<\/div>\n<\/div>\n<p>&nbsp;<\/p>\n<p>&nbsp;<\/p>\n<div id=\"productTabContent\" class=\"tab-content\">\n<div id=\"description\" class=\"tab-pane fade show active\" role=\"tabpanel\" aria-labelledby=\"description-tab\">\n<p><iframe loading=\"lazy\" title=\"YouTube video\" src=\"\/\/www.youtube.com\/embed\/k9kK04ZBp0o?autoplay=1&amp;mute=1&amp;controls=1&amp;start=110&amp;loop=1&amp;playlist=k9kK04ZBp0o\" width=\"800\" height=\"450\" frameborder=\"0\" allowfullscreen=\"allowfullscreen\" data-mce-fragment=\"1\"><\/iframe><\/p>\n<p>&nbsp;<\/p>\n<p><iframe loading=\"lazy\" title=\"YouTube video\" src=\"\/\/www.youtube.com\/embed\/9S4j3SFXrjM?autoplay=1&amp;mute=1&amp;controls=1&amp;loop=1&amp;playlist=9S4j3SFXrjM\" width=\"800\" height=\"315\" frameborder=\"0\" allowfullscreen=\"allowfullscreen\" data-mce-fragment=\"1\"><\/iframe><\/p>\n<\/div>\n<\/div>\n<div class=\"pt-3\"><\/div>\n","protected":false},"excerpt":{"rendered":"<p>Puidust vajualune kaunistab aeda v\u00f5i hoovi ning annab sellele elegantse, kuid loomuliku ilme, lisades v\u00f5lu isegi k\u00f5ige tagasihoidlikumale tagaaiale. See on t\u00e4iuslik koht, kus veeta h\u00e4id hetki l\u00e4hedastega ja nautida p\u00e4ikeselisi p\u00e4evi. Varjualune on ideaalne paik l\u00f5\u00f5gastumiseks ning v\u00f5imaldab nautida oma t\u00f6\u00f6 vilju oma hubases tagaaia oaasis. Suurep\u00e4rane dekoratiivne element sinu aiale.<\/p>\n","protected":false},"featured_media":133389,"comment_status":"open","ping_status":"closed","template":"","meta":{"_acf_changed":false},"factory":[],"free-shipment":[],"product_brand":[],"product_cat":[924,1912],"product_tag":[],"class_list":{"0":"post-133386","1":"product","2":"type-product","3":"status-publish","4":"has-post-thumbnail","6":"product_cat-aiatooted","7":"product_cat-varikatused","9":"first","10":"instock","11":"sale","12":"taxable","13":"shipping-taxable","14":"purchasable","15":"product-type-simple"},"acf":[],"_links":{"self":[{"href":"https:\/\/factory.sale\/et\/wp-json\/wp\/v2\/product\/133386","targetHints":{"allow":["GET"]}}],"collection":[{"href":"https:\/\/factory.sale\/et\/wp-json\/wp\/v2\/product"}],"about":[{"href":"https:\/\/factory.sale\/et\/wp-json\/wp\/v2\/types\/product"}],"replies":[{"embeddable":true,"href":"https:\/\/factory.sale\/et\/wp-json\/wp\/v2\/comments?post=133386"}],"wp:featuredmedia":[{"embeddable":true,"href":"https:\/\/factory.sale\/et\/wp-json\/wp\/v2\/media\/133389"}],"wp:attachment":[{"href":"https:\/\/factory.sale\/et\/wp-json\/wp\/v2\/media?parent=133386"}],"wp:term":[{"taxonomy":"factory","embeddable":true,"href":"https:\/\/factory.sale\/et\/wp-json\/wp\/v2\/factory?post=133386"},{"taxonomy":"free-shipment","embeddable":true,"href":"https:\/\/factory.sale\/et\/wp-json\/wp\/v2\/free-shipment?post=133386"},{"taxonomy":"product_brand","embeddable":true,"href":"https:\/\/factory.sale\/et\/wp-json\/wp\/v2\/product_brand?post=133386"},{"taxonomy":"product_cat","embeddable":true,"href":"https:\/\/factory.sale\/et\/wp-json\/wp\/v2\/product_cat?post=133386"},{"taxonomy":"product_tag","embeddable":true,"href":"https:\/\/factory.sale\/et\/wp-json\/wp\/v2\/product_tag?post=133386"}],"curies":[{"name":"wp","href":"https:\/\/api.w.org\/{rel}","templated":true}]}}