{"id":133367,"date":"2025-12-02T02:09:01","date_gmt":"2025-12-01T23:40:05","guid":{"rendered":"https:\/\/factory.sale\/?post_type=product&#038;p=133367"},"modified":"2025-12-02T02:41:48","modified_gmt":"2025-12-01T23:41:48","slug":"kiosk-16-m%c2%b2-4x4-44-mm","status":"publish","type":"product","link":"https:\/\/factory.sale\/et\/toode\/kiosk-16-m%c2%b2-4x4-44-mm\/","title":{"rendered":"Kiosk 16 m\u00b2 (4\u00d74), 44 mm"},"content":{"rendered":"<div id=\"productTabContent\" class=\"tab-content\">\n<div id=\"description\" class=\"tab-pane fade show active\" role=\"tabpanel\" aria-labelledby=\"description-tab\">\n<div class=\"_tableContainer_1rjym_1\">\n<p>Tutvustame puidust kioskit 16 m\u00b2 (4\u00d74), 44 mm \u2013 avar, mitmek\u00fclgne ja stiilne lahendus ettev\u00f5tetele, kes vajavad t\u00f6\u00f6kindlat ja pilkup\u00fc\u00fcdvat teenindusputkat. Valmistatud sertifitseeritud p\u00f5hjamaisest m\u00e4nni- v\u00f5i kuusepuust, pakub see kiosk vastupidavust, loomulikku esteetikat ja suurep\u00e4rast funktsionaalsust.<\/p>\n<p>T\u00e4nu spetsiaalsetele t\u00f5stetavatele luukidele sobib kiosk ideaalselt klientide teenindamiseks, toodete eksponeerimiseks v\u00f5i kasutamiseks piletikassana, kohvipunktina, hooajapoena v\u00f5i messiboksina. Luugid avanevad sujuvalt ja lukustuvad kindlalt paika, luues kutsuva ja professionaalse esitlusaluse.<\/p>\n<p>Avar 16 m\u00b2 sisepind, kvaliteetsed 44 mm seinad ja kolm suurt akent tagavad loomuliku valguse ning mugava t\u00f6\u00f6keskkonna. Tugevad 20 mm punnlaud-katus ja p\u00f5rand tagavad pikaajalise stabiilsuse, samal ajal kui valikuline katusekate v\u00f5imaldab ehitise v\u00e4limust kohandada vastavalt stiilile ja \u00fcmbrusele.<br \/>\nOlgu kasutusel \u00e4ris, \u00fcritustel v\u00f5i reklaamitegevustes \u2013 see puidust kiosk \u00fchendab Skandinaavia k\u00e4sit\u00f6\u00f6 ja praktilise disaini, muutes selle \u00fcheks atraktiivsemaks ja t\u00f6\u00f6kindlamaks kioskiks turul.<\/p>\n<\/div>\n<\/div>\n<\/div>\n<p>&nbsp;<\/p>\n<p><strong>Tehnilised andmed:<\/strong><\/p>\n<div class=\"_tableContainer_1rjym_1\">\n<div class=\"group _tableWrapper_1rjym_13 flex w-fit flex-col-reverse\" tabindex=\"-1\">\n<table class=\"w-fit min-w-(--thread-content-width)\" style=\"height: 422px;\" width=\"647\" data-start=\"45\" data-end=\"633\">\n<thead data-start=\"45\" data-end=\"82\">\n<tr data-start=\"45\" data-end=\"82\">\n<th data-start=\"45\" data-end=\"68\" data-col-size=\"sm\"><\/th>\n<th data-start=\"68\" data-end=\"82\" data-col-size=\"md\"><\/th>\n<\/tr>\n<\/thead>\n<tbody data-start=\"122\" data-end=\"633\">\n<tr data-start=\"122\" data-end=\"184\">\n<td data-start=\"122\" data-end=\"137\" data-col-size=\"sm\"><strong data-start=\"124\" data-end=\"136\">Materjal<\/strong><\/td>\n<td data-col-size=\"md\" data-start=\"137\" data-end=\"184\">Sertifitseeritud p\u00f5hjamaine m\u00e4nd v\u00f5i kuusk<\/td>\n<\/tr>\n<tr data-start=\"185\" data-end=\"237\">\n<td data-start=\"185\" data-end=\"218\" data-col-size=\"sm\"><strong data-start=\"187\" data-end=\"217\">V\u00e4lism\u00f5\u00f5t (laius \u00d7 pikkus)<\/strong><\/td>\n<td data-col-size=\"md\" data-start=\"218\" data-end=\"237\">400 cm \u00d7 400 cm<\/td>\n<\/tr>\n<tr data-start=\"238\" data-end=\"266\">\n<td data-start=\"238\" data-end=\"257\" data-col-size=\"sm\"><strong data-start=\"240\" data-end=\"256\">Seina paksus<\/strong><\/td>\n<td data-col-size=\"md\" data-start=\"257\" data-end=\"266\">44 mm<\/td>\n<\/tr>\n<tr data-start=\"267\" data-end=\"302\">\n<td data-start=\"267\" data-end=\"290\" data-col-size=\"sm\"><strong data-start=\"269\" data-end=\"289\">K\u00fclgseina k\u00f5rgus<\/strong><\/td>\n<td data-col-size=\"md\" data-start=\"290\" data-end=\"302\">209,5 cm<\/td>\n<\/tr>\n<tr data-start=\"303\" data-end=\"333\">\n<td data-start=\"303\" data-end=\"321\" data-col-size=\"sm\"><strong data-start=\"305\" data-end=\"320\">Harjak\u00f5rgus<\/strong><\/td>\n<td data-col-size=\"md\" data-start=\"321\" data-end=\"333\">249,5 cm<\/td>\n<\/tr>\n<tr data-start=\"334\" data-end=\"373\">\n<td data-start=\"334\" data-end=\"355\" data-col-size=\"sm\"><strong data-start=\"336\" data-end=\"354\">Katusematerjal<\/strong><\/td>\n<td data-col-size=\"md\" data-start=\"355\" data-end=\"373\">20 mm punnlaud<\/td>\n<\/tr>\n<tr data-start=\"374\" data-end=\"414\">\n<td data-start=\"374\" data-end=\"396\" data-col-size=\"sm\"><strong data-start=\"376\" data-end=\"395\">P\u00f5randamaterjal<\/strong><\/td>\n<td data-col-size=\"md\" data-start=\"396\" data-end=\"414\">20 mm punnlaud<\/td>\n<\/tr>\n<tr data-start=\"415\" data-end=\"444\">\n<td data-start=\"415\" data-end=\"435\" data-col-size=\"sm\"><strong data-start=\"417\" data-end=\"434\">Katusepindala<\/strong><\/td>\n<td data-col-size=\"md\" data-start=\"435\" data-end=\"444\">19 m\u00b2<\/td>\n<\/tr>\n<tr data-start=\"445\" data-end=\"477\">\n<td data-start=\"445\" data-end=\"468\" data-col-size=\"sm\"><strong data-start=\"447\" data-end=\"467\">Katuse \u00fcleulatus<\/strong><\/td>\n<td data-col-size=\"md\" data-start=\"468\" data-end=\"477\">20 cm<\/td>\n<\/tr>\n<tr data-start=\"478\" data-end=\"501\">\n<td data-start=\"478\" data-end=\"496\" data-col-size=\"sm\"><strong data-start=\"480\" data-end=\"495\">Ruumide arv<\/strong><\/td>\n<td data-col-size=\"md\" data-start=\"496\" data-end=\"501\">1<\/td>\n<\/tr>\n<tr data-start=\"502\" data-end=\"547\">\n<td data-start=\"502\" data-end=\"529\" data-col-size=\"sm\"><strong data-start=\"504\" data-end=\"528\">Uks (laius \u00d7 k\u00f5rgus)<\/strong><\/td>\n<td data-col-size=\"md\" data-start=\"529\" data-end=\"547\">85 cm \u00d7 192 cm<\/td>\n<\/tr>\n<tr data-start=\"548\" data-end=\"601\">\n<td data-start=\"548\" data-end=\"576\" data-col-size=\"sm\"><strong data-start=\"550\" data-end=\"575\">Aken (laius \u00d7 k\u00f5rgus)<\/strong><\/td>\n<td data-col-size=\"md\" data-start=\"576\" data-end=\"601\">200 cm \u00d7 99 cm (3 tk)<\/td>\n<\/tr>\n<tr data-start=\"602\" data-end=\"633\">\n<td data-start=\"602\" data-end=\"619\" data-col-size=\"sm\"><strong data-start=\"604\" data-end=\"618\">Katusematerjal<\/strong><\/td>\n<td data-col-size=\"md\" data-start=\"619\" data-end=\"633\">valikuline<\/td>\n<\/tr>\n<\/tbody>\n<\/table>\n<\/div>\n<\/div>\n<p>&nbsp;<\/p>\n<p>&nbsp;<\/p>\n<div id=\"productTabContent\" class=\"tab-content\">\n<div id=\"description\" class=\"tab-pane fade show active\" role=\"tabpanel\" aria-labelledby=\"description-tab\">\n<div class=\"_tableContainer_1rjym_1\">\n<p><strong>Katusematerjal (bituumensindel):<\/strong><\/p>\n<p>Must, roheline, punane<\/p>\n<p><img loading=\"lazy\" decoding=\"async\" class=\"alignnone wp-image-133049\" src=\"https:\/\/factory.sale\/wp-content\/uploads\/2025\/11\/Bitumin-shingles-factory-sale-300x88.png\" sizes=\"auto, (max-width: 443px) 100vw, 443px\" srcset=\"https:\/\/factory.sale\/wp-content\/uploads\/2025\/11\/Bitumin-shingles-factory-sale-300x88.png 300w, https:\/\/factory.sale\/wp-content\/uploads\/2025\/11\/Bitumin-shingles-factory-sale-150x44.png 150w, https:\/\/factory.sale\/wp-content\/uploads\/2025\/11\/Bitumin-shingles-factory-sale-600x175.png 600w, https:\/\/factory.sale\/wp-content\/uploads\/2025\/11\/Bitumin-shingles-factory-sale.png 664w\" alt=\"\" width=\"443\" height=\"130\" \/><\/p>\n<\/div>\n<\/div>\n<\/div>\n<p>&nbsp;<\/p>\n<div id=\"productTabContent\" class=\"tab-content\">\n<div id=\"description\" class=\"tab-pane fade show active\" role=\"tabpanel\" aria-labelledby=\"description-tab\">\n<p><iframe loading=\"lazy\" title=\"YouTube video\" src=\"\/\/www.youtube.com\/embed\/k9kK04ZBp0o?autoplay=1&amp;mute=1&amp;controls=1&amp;start=110&amp;loop=1&amp;playlist=k9kK04ZBp0o\" width=\"800\" height=\"450\" frameborder=\"0\" allowfullscreen=\"allowfullscreen\" data-mce-fragment=\"1\"><\/iframe><\/p>\n<p>&nbsp;<\/p>\n<p><iframe loading=\"lazy\" title=\"YouTube video\" src=\"\/\/www.youtube.com\/embed\/9S4j3SFXrjM?autoplay=1&amp;mute=1&amp;controls=1&amp;loop=1&amp;playlist=9S4j3SFXrjM\" width=\"800\" height=\"315\" frameborder=\"0\" allowfullscreen=\"allowfullscreen\" data-mce-fragment=\"1\"><\/iframe><\/p>\n<\/div>\n<\/div>\n<div class=\"pt-3\"><\/div>\n","protected":false},"excerpt":{"rendered":"<p>Avar 16 m\u00b2 puidust kiosk (4\u00d74), 44 mm seinad. Ideaalne v\u00e4ikeettev\u00f5tetele, \u00fcritustele ja messidele. Varustatud t\u00f5steluukidega, vastupidavate materjalidega ja valikulise katusekattega.<\/p>\n","protected":false},"featured_media":133349,"comment_status":"open","ping_status":"closed","template":"","meta":{"_acf_changed":false},"factory":[],"free-shipment":[],"product_brand":[],"product_cat":[924,4704],"product_tag":[1483,1484,2714],"class_list":{"0":"post-133367","1":"product","2":"type-product","3":"status-publish","4":"has-post-thumbnail","6":"product_cat-aiatooted","7":"product_cat-kioskid","8":"product_tag-garden-et","9":"product_tag-yard-et","10":"product_tag-yard-and-garden-et","11":"pa_roofing-material-ilma","12":"pa_roofing-material-must","13":"pa_roofing-material-punane","14":"pa_roofing-material-roheline","16":"first","17":"instock","18":"sale","19":"taxable","20":"shipping-taxable","21":"purchasable","22":"product-type-variable"},"acf":[],"_links":{"self":[{"href":"https:\/\/factory.sale\/et\/wp-json\/wp\/v2\/product\/133367","targetHints":{"allow":["GET"]}}],"collection":[{"href":"https:\/\/factory.sale\/et\/wp-json\/wp\/v2\/product"}],"about":[{"href":"https:\/\/factory.sale\/et\/wp-json\/wp\/v2\/types\/product"}],"replies":[{"embeddable":true,"href":"https:\/\/factory.sale\/et\/wp-json\/wp\/v2\/comments?post=133367"}],"wp:featuredmedia":[{"embeddable":true,"href":"https:\/\/factory.sale\/et\/wp-json\/wp\/v2\/media\/133349"}],"wp:attachment":[{"href":"https:\/\/factory.sale\/et\/wp-json\/wp\/v2\/media?parent=133367"}],"wp:term":[{"taxonomy":"factory","embeddable":true,"href":"https:\/\/factory.sale\/et\/wp-json\/wp\/v2\/factory?post=133367"},{"taxonomy":"free-shipment","embeddable":true,"href":"https:\/\/factory.sale\/et\/wp-json\/wp\/v2\/free-shipment?post=133367"},{"taxonomy":"product_brand","embeddable":true,"href":"https:\/\/factory.sale\/et\/wp-json\/wp\/v2\/product_brand?post=133367"},{"taxonomy":"product_cat","embeddable":true,"href":"https:\/\/factory.sale\/et\/wp-json\/wp\/v2\/product_cat?post=133367"},{"taxonomy":"product_tag","embeddable":true,"href":"https:\/\/factory.sale\/et\/wp-json\/wp\/v2\/product_tag?post=133367"}],"curies":[{"name":"wp","href":"https:\/\/api.w.org\/{rel}","templated":true}]}}