{"id":133331,"date":"2025-12-01T17:38:07","date_gmt":"2025-12-01T22:14:05","guid":{"rendered":"https:\/\/factory.sale\/?post_type=product&#038;p=133331"},"modified":"2025-12-02T01:14:05","modified_gmt":"2025-12-01T22:14:05","slug":"kiosk-6-m%c2%b2-3x2-44-mm","status":"publish","type":"product","link":"https:\/\/factory.sale\/et\/toode\/kiosk-6-m%c2%b2-3x2-44-mm\/","title":{"rendered":"Kiosk 6 m\u00b2 (3\u00d72), 44 mm"},"content":{"rendered":"<p>See mitmek\u00fclgne puukiosk 6 m\u00b2 (3\u00d72), 44 mm on valmistatud sertifitseeritud p\u00f5hjapoolsest m\u00e4nnist v\u00f5i kuusest, \u00fchendades endas vastupidavuse ja stiili. T\u00e4nu oma l\u00e4bim\u00f5eldud disainile sobib see ideaalselt v\u00e4ikeettev\u00f5tetele, n\u00e4itustele v\u00f5i pop-up m\u00fc\u00fcgikohtadele. Kioskil on praktilised ja kergesti avatavad luugid, mis tagavad mugava kasutamise ning turvalisuse.<\/p>\n<p>&nbsp;<\/p>\n<p><strong>Miks valida see puukiosk?<\/strong><\/p>\n<ul>\n<li>Vastupidav materjal: Valmistatud kvaliteetsest p\u00f5hjapoolsest m\u00e4nni- v\u00f5i kuusepuidust.<\/li>\n<li>Funktsionaalne disain: Avatavad ja kindlalt fikseeritavad luugid tagavad mugava kasutamise.<\/li>\n<li>Kvaliteetne t\u00f6\u00f6tlus: S\u00f5rmj\u00e4tketehnoloogia suurendab vastupidavust ja v\u00e4hendab deformatsiooni.<\/li>\n<\/ul>\n<p>&nbsp;<\/p>\n<p>&nbsp;<\/p>\n<p><strong>Tehnilised andmed:<\/strong><\/p>\n<div class=\"_tableContainer_1rjym_1\">\n<div class=\"group _tableWrapper_1rjym_13 flex w-fit flex-col-reverse\" tabindex=\"-1\">\n<table class=\"w-fit min-w-(--thread-content-width)\" style=\"height: 429px;\" width=\"705\" data-start=\"532\" data-end=\"1079\">\n<thead data-start=\"532\" data-end=\"562\">\n<tr data-start=\"532\" data-end=\"562\">\n<th data-start=\"532\" data-end=\"551\" data-col-size=\"sm\">Spetsifikatsioon<\/th>\n<th data-start=\"551\" data-end=\"562\" data-col-size=\"md\">V\u00e4\u00e4rtus<\/th>\n<\/tr>\n<\/thead>\n<tbody data-start=\"594\" data-end=\"1079\">\n<tr data-start=\"594\" data-end=\"652\">\n<td data-start=\"594\" data-end=\"605\" data-col-size=\"sm\">Materjal<\/td>\n<td data-start=\"605\" data-end=\"652\" data-col-size=\"md\">Sertifitseeritud p\u00f5hjapoolne m\u00e4nd v\u00f5i kuusk<\/td>\n<\/tr>\n<tr data-start=\"653\" data-end=\"694\">\n<td data-start=\"653\" data-end=\"675\" data-col-size=\"sm\">V\u00e4lim\u00f5\u00f5tmed (L \u00d7 P)<\/td>\n<td data-start=\"675\" data-end=\"694\" data-col-size=\"md\">300 cm \u00d7 200 cm<\/td>\n<\/tr>\n<tr data-start=\"695\" data-end=\"719\">\n<td data-start=\"695\" data-end=\"710\" data-col-size=\"sm\">Seina paksus<\/td>\n<td data-start=\"710\" data-end=\"719\" data-col-size=\"md\">44 mm<\/td>\n<\/tr>\n<tr data-start=\"720\" data-end=\"751\">\n<td data-start=\"720\" data-end=\"739\" data-col-size=\"sm\">K\u00fclgseina k\u00f5rgus<\/td>\n<td data-start=\"739\" data-end=\"751\" data-col-size=\"md\">209.5 cm<\/td>\n<\/tr>\n<tr data-start=\"752\" data-end=\"779\">\n<td data-start=\"752\" data-end=\"767\" data-col-size=\"sm\">Harja k\u00f5rgus<\/td>\n<td data-start=\"767\" data-end=\"779\" data-col-size=\"md\">249.5 cm<\/td>\n<\/tr>\n<tr data-start=\"780\" data-end=\"832\">\n<td data-start=\"780\" data-end=\"797\" data-col-size=\"sm\">Katusematerjal<\/td>\n<td data-start=\"797\" data-end=\"832\" data-col-size=\"md\">19 mm punnlaud (katusepaneelid)<\/td>\n<\/tr>\n<tr data-start=\"833\" data-end=\"869\">\n<td data-start=\"833\" data-end=\"851\" data-col-size=\"sm\">P\u00f5randamaterjal<\/td>\n<td data-start=\"851\" data-end=\"869\" data-col-size=\"md\">19 mm punnlaud<\/td>\n<\/tr>\n<tr data-start=\"870\" data-end=\"898\">\n<td data-start=\"870\" data-end=\"889\" data-col-size=\"sm\">Katuse \u00fcleulatus<\/td>\n<td data-start=\"889\" data-end=\"898\" data-col-size=\"md\">20 cm<\/td>\n<\/tr>\n<tr data-start=\"899\" data-end=\"918\">\n<td data-start=\"899\" data-end=\"913\" data-col-size=\"sm\">Ruumide arv<\/td>\n<td data-start=\"913\" data-end=\"918\" data-col-size=\"md\">1<\/td>\n<\/tr>\n<tr data-start=\"919\" data-end=\"957\">\n<td data-start=\"919\" data-end=\"939\" data-col-size=\"sm\">Ukse m\u00f5\u00f5t (L \u00d7 K)<\/td>\n<td data-start=\"939\" data-end=\"957\" data-col-size=\"md\">85 cm \u00d7 192 cm<\/td>\n<\/tr>\n<tr data-start=\"958\" data-end=\"1004\">\n<td data-start=\"958\" data-end=\"978\" data-col-size=\"sm\">Akna m\u00f5\u00f5t (L \u00d7 K)<\/td>\n<td data-start=\"978\" data-end=\"1004\" data-col-size=\"md\">200 cm \u00d7 102 cm (1 tk)<\/td>\n<\/tr>\n<tr data-start=\"1005\" data-end=\"1079\">\n<td data-start=\"1005\" data-end=\"1018\" data-col-size=\"sm\">Katusekate<\/td>\n<td data-start=\"1018\" data-end=\"1079\" data-col-size=\"md\">Valikuline bituumenkatus (must, punane v\u00f5i roheline)<\/td>\n<\/tr>\n<\/tbody>\n<\/table>\n<\/div>\n<\/div>\n<div id=\"productTabContent\" class=\"tab-content\">\n<div id=\"description\" class=\"tab-pane fade show active\" role=\"tabpanel\" aria-labelledby=\"description-tab\">\n<p>&nbsp;<\/p>\n<div class=\"_tableContainer_1rjym_1\">\n<p><strong>Bituumensindelkatus:<\/strong><\/p>\n<p>Must, roheline, punane<\/p>\n<p>&nbsp;<\/p>\n<p><img loading=\"lazy\" decoding=\"async\" class=\"alignnone wp-image-133049\" src=\"https:\/\/factory.sale\/wp-content\/uploads\/2025\/11\/Bitumin-shingles-factory-sale-300x88.png\" sizes=\"auto, (max-width: 443px) 100vw, 443px\" srcset=\"https:\/\/factory.sale\/wp-content\/uploads\/2025\/11\/Bitumin-shingles-factory-sale-300x88.png 300w, https:\/\/factory.sale\/wp-content\/uploads\/2025\/11\/Bitumin-shingles-factory-sale-150x44.png 150w, https:\/\/factory.sale\/wp-content\/uploads\/2025\/11\/Bitumin-shingles-factory-sale-600x175.png 600w, https:\/\/factory.sale\/wp-content\/uploads\/2025\/11\/Bitumin-shingles-factory-sale.png 664w\" alt=\"\" width=\"443\" height=\"130\" \/><\/p>\n<p>&nbsp;<\/p>\n<\/div>\n<p><iframe loading=\"lazy\" title=\"YouTube video\" src=\"\/\/www.youtube.com\/embed\/k9kK04ZBp0o?autoplay=1&amp;mute=1&amp;controls=1&amp;start=110&amp;loop=1&amp;playlist=k9kK04ZBp0o\" width=\"800\" height=\"450\" frameborder=\"0\" allowfullscreen=\"allowfullscreen\" data-mce-fragment=\"1\"><\/iframe><\/p>\n<p>&nbsp;<\/p>\n<p><iframe loading=\"lazy\" title=\"YouTube video\" src=\"\/\/www.youtube.com\/embed\/9S4j3SFXrjM?autoplay=1&amp;mute=1&amp;controls=1&amp;loop=1&amp;playlist=9S4j3SFXrjM\" width=\"800\" height=\"315\" frameborder=\"0\" allowfullscreen=\"allowfullscreen\" data-mce-fragment=\"1\"><\/iframe><\/p>\n<\/div>\n<\/div>\n<div class=\"pt-3\"><\/div>\n","protected":false},"excerpt":{"rendered":"<p>Puukiosk 6 m\u00b2 (4\u00d74), 44 mm pakub ideaalset kombinatsiooni funktsionaalsusest, kvaliteedist ja stiilist, muutes selle suurep\u00e4raseks valikuks v\u00e4ga erinevateks kasutusotstarveteks.<\/p>\n","protected":false},"featured_media":133308,"comment_status":"open","ping_status":"closed","template":"","meta":{"_acf_changed":false},"factory":[],"free-shipment":[],"product_brand":[],"product_cat":[924,4704],"product_tag":[1483,2714],"class_list":{"0":"post-133331","1":"product","2":"type-product","3":"status-publish","4":"has-post-thumbnail","6":"product_cat-aiatooted","7":"product_cat-kioskid","8":"product_tag-garden-et","9":"product_tag-yard-and-garden-et","10":"pa_roofing-material-ilma","11":"pa_roofing-material-must","12":"pa_roofing-material-punane","13":"pa_roofing-material-roheline","15":"first","16":"instock","17":"sale","18":"taxable","19":"shipping-taxable","20":"purchasable","21":"product-type-variable"},"acf":[],"_links":{"self":[{"href":"https:\/\/factory.sale\/et\/wp-json\/wp\/v2\/product\/133331","targetHints":{"allow":["GET"]}}],"collection":[{"href":"https:\/\/factory.sale\/et\/wp-json\/wp\/v2\/product"}],"about":[{"href":"https:\/\/factory.sale\/et\/wp-json\/wp\/v2\/types\/product"}],"replies":[{"embeddable":true,"href":"https:\/\/factory.sale\/et\/wp-json\/wp\/v2\/comments?post=133331"}],"wp:featuredmedia":[{"embeddable":true,"href":"https:\/\/factory.sale\/et\/wp-json\/wp\/v2\/media\/133308"}],"wp:attachment":[{"href":"https:\/\/factory.sale\/et\/wp-json\/wp\/v2\/media?parent=133331"}],"wp:term":[{"taxonomy":"factory","embeddable":true,"href":"https:\/\/factory.sale\/et\/wp-json\/wp\/v2\/factory?post=133331"},{"taxonomy":"free-shipment","embeddable":true,"href":"https:\/\/factory.sale\/et\/wp-json\/wp\/v2\/free-shipment?post=133331"},{"taxonomy":"product_brand","embeddable":true,"href":"https:\/\/factory.sale\/et\/wp-json\/wp\/v2\/product_brand?post=133331"},{"taxonomy":"product_cat","embeddable":true,"href":"https:\/\/factory.sale\/et\/wp-json\/wp\/v2\/product_cat?post=133331"},{"taxonomy":"product_tag","embeddable":true,"href":"https:\/\/factory.sale\/et\/wp-json\/wp\/v2\/product_tag?post=133331"}],"curies":[{"name":"wp","href":"https:\/\/api.w.org\/{rel}","templated":true}]}}