{"id":1331,"date":"2019-08-28T17:20:09","date_gmt":"2019-08-28T17:20:09","guid":{"rendered":"https:\/\/factory.sale\/product\/fortelock-industry\/"},"modified":"2024-06-25T20:27:45","modified_gmt":"2024-06-25T20:27:45","slug":"fortelock-toostus","status":"publish","type":"product","link":"https:\/\/factory.sale\/et\/toode\/fortelock-toostus\/","title":{"rendered":"Fortelock T\u00f6\u00f6stus"},"content":{"rendered":"<p><span style=\"font-weight: 400;\">Seda t\u00fc\u00fcpi plaat on soovitatav piirkondadele, mida iseloomustab <strong>k\u00f5rge stress<\/strong>, <strong>vastupidavuse<\/strong> vajadus ning <strong>kvaliteetne<\/strong> ja <strong>kiire<\/strong> paigaldamine ja renoveerimine. Me leiame, et neid kasutatakse v\u00e4ga sageli t\u00f6\u00f6stussektoris. Kas sektoriks on masinaehitus, farmaatsia v\u00f5i laod ja vedu.<\/span><\/p>\n<p><span style=\"font-weight: 400;\">Fortelock T\u00f6\u00f6stus plaat on toode k\u00f5ige suurema koormuse jaoks. Sellep\u00e4rast on see valmistatud v\u00e4ga vastupidavast 100% PVC homogeensest materjalist. <\/span><span style=\"font-weight: 400;\">See on konstrueeritud t\u00e4ielikult alumise k\u00fcljega, muutes selle sobivaks k\u00f5rgete punktide ja d\u00fcnaamilise koormusega aladel. <\/span><span style=\"font-weight: 400;\">Need on peamiselt toimingud, kus kasutatakse raskeveokite <\/span><span style=\"font-weight: 400;\">k\u00e4itlemise seadmeid (eriti kahvelt\u00f5stukeid v\u00f5i elektrilisi kaubaaluste t\u00f5stukeid)<\/span>.<\/p>\n<p><span style=\"font-weight: 400;\">PVC p\u00f5rand paistab eriti silma oma veekindlate ja libisemisvastaste omaduste, heli summutamise ja keemilise vastupidavuse poolest.<\/span><\/p>\n<h2>Fortelock \u00d6KO<\/h2>\n<p><span style=\"font-weight: 400;\">PVC-plaadid Fortelock \u00d6KO-l on samad \u00fclitugevad omadused kui Fortelock T\u00f6\u00f6stusel. Erinevus nende kahe plaadit\u00fc\u00fcbi vahel on materjali koostis. Lisaks primaarsele PVC-le sisaldavad \u00d6KO-plaadid ka <\/span><b>elektro-isolatsioonidest valmistatud PVC segu, mida t\u00e4iendavad lisandid.<\/b><span style=\"font-weight: 400;\"> See segu parandab plaatide funktsionaalsust. Fortelock \u00d6KO on m\u00f5eldud raskete koormuste jaoks t\u00f6\u00f6stusharudes, ladudes v\u00f5i garaa\u017eides<\/span><\/p>\n<p>V\u00e4rvid: Must, Hall<\/p>\n","protected":false},"excerpt":{"rendered":"<p><span style=\"font-weight: 400;\">Seda t\u00fc\u00fcpi plaat on soovitatav piirkondadele, mida iseloomustab <strong>k\u00f5rge stress<\/strong>, <strong>vastupidavuse<\/strong> vajadus ning<strong> kvaliteetne<\/strong> ja <strong>kiire<\/strong> paigaldamine ja renoveerimine. Me leiame, et neid kasutatakse v\u00e4ga sageli t\u00f6\u00f6stussektorites. Kas sektoriks on masinaehitus, farmaatsia v\u00f5i laod ja vedu.<\/span><\/p>\n","protected":false},"featured_media":1333,"comment_status":"open","ping_status":"closed","template":"","meta":{"_acf_changed":false},"factory":[],"free-shipment":[],"product_brand":[],"product_cat":[176,178],"product_tag":[132],"class_list":{"0":"post-1331","1":"product","2":"type-product","3":"status-publish","4":"has-post-thumbnail","6":"product_cat-porand","7":"product_cat-fortelock","8":"product_tag-floor-et-2","10":"first","11":"instock","12":"sale","13":"taxable","14":"shipping-taxable","15":"purchasable","16":"product-type-simple"},"acf":[],"_links":{"self":[{"href":"https:\/\/factory.sale\/et\/wp-json\/wp\/v2\/product\/1331","targetHints":{"allow":["GET"]}}],"collection":[{"href":"https:\/\/factory.sale\/et\/wp-json\/wp\/v2\/product"}],"about":[{"href":"https:\/\/factory.sale\/et\/wp-json\/wp\/v2\/types\/product"}],"replies":[{"embeddable":true,"href":"https:\/\/factory.sale\/et\/wp-json\/wp\/v2\/comments?post=1331"}],"wp:featuredmedia":[{"embeddable":true,"href":"https:\/\/factory.sale\/et\/wp-json\/wp\/v2\/media\/1333"}],"wp:attachment":[{"href":"https:\/\/factory.sale\/et\/wp-json\/wp\/v2\/media?parent=1331"}],"wp:term":[{"taxonomy":"factory","embeddable":true,"href":"https:\/\/factory.sale\/et\/wp-json\/wp\/v2\/factory?post=1331"},{"taxonomy":"free-shipment","embeddable":true,"href":"https:\/\/factory.sale\/et\/wp-json\/wp\/v2\/free-shipment?post=1331"},{"taxonomy":"product_brand","embeddable":true,"href":"https:\/\/factory.sale\/et\/wp-json\/wp\/v2\/product_brand?post=1331"},{"taxonomy":"product_cat","embeddable":true,"href":"https:\/\/factory.sale\/et\/wp-json\/wp\/v2\/product_cat?post=1331"},{"taxonomy":"product_tag","embeddable":true,"href":"https:\/\/factory.sale\/et\/wp-json\/wp\/v2\/product_tag?post=1331"}],"curies":[{"name":"wp","href":"https:\/\/api.w.org\/{rel}","templated":true}]}}