{"id":133010,"date":"2025-11-28T12:46:05","date_gmt":"2025-11-28T09:46:36","guid":{"rendered":"https:\/\/factory.sale\/?post_type=product&#038;p=133010"},"modified":"2026-01-23T12:19:34","modified_gmt":"2026-01-23T09:19:34","slug":"looduslikud-gabbro-diabase-kerisekivid-5-9-cm-20-kg","status":"publish","type":"product","link":"https:\/\/factory.sale\/et\/toode\/looduslikud-gabbro-diabase-kerisekivid-5-9-cm-20-kg\/","title":{"rendered":"Looduslikud gabbro-diabase kerisekivid 5\u20139 cm (20 kg)"},"content":{"rendered":"<p>Looduslikust gabbro-diabassist valmistatud 5\u20139 cm kerisekivid sobivad suurep\u00e4raselt v\u00e4ikestele ja kompaktsetele saunaahjudele. Sellise suurusega kivid v\u00f5imaldavad tihedat paigutust, kuid j\u00e4tavad piisavalt \u00f5huruumi, et keris kuumeneks kiiresti ja annaks \u00fchtlase, pehme leili.<\/p>\n<p>Neid v\u00f5ib kasutada ka suuremate keriste \u00fclemistes kihtides, kus v\u00e4iksemad kivid t\u00e4idavad t\u00fchimikud ja tagavad tihedama kivikihi ning paremini kontrollitava leiliauru.<\/p>\n<p><strong>Kuidas valida \u00f5ige suurus?<\/strong><\/p>\n<p>V\u00e4ikestele ja minimudelitele: kasuta ainult v\u00e4ikseid kive (5\u20139 cm), et tagada optimaalne \u00f5huliikumine ja kiirem kuumenemine.<\/p>\n<p>Keskmistele ja suurtele keristele: parim tulemus saavutatakse kahte suurust kombineerides:<\/p>\n<ul>\n<li>suured kivid (7\u201315 cm) alla,<\/li>\n<li>v\u00e4iksemad kivid (5\u20139 cm) peale.<\/li>\n<\/ul>\n<p><strong>Miks kombineerida erineva suurusega kive?<\/strong><\/p>\n<p>V\u00f5rkkorpusega keristes v\u00f5ivad ainult v\u00e4iksed kivid liiga tihedalt kokku vajuda, mis muudab hoolduse keerukamaks.<br \/>\nSuuremate kivide lisamine parandab \u00f5hu liikumist ja muudab hoolduse oluliselt lihtsamaks.<\/p>\n<p>Kogus: 20 kg<br \/>\nSuurus: 5\u20139 cm<br \/>\nEAN: 4627077204573<\/p>\n<p>&nbsp;<\/p>\n<p>Kerisekivid on eelk\u00f5ige m\u00f5eldud kerise v\u00f5i saunaahjuga koosostmiseks ning hulgitellimuseks. Eraldi ostes kehtib miinimumkogus (alus).<\/p>\n","protected":false},"excerpt":{"rendered":"<p>Looduslikud gabbro-diabase kerisekivid v\u00e4ikestele keristele ja suuremate keriste \u00fclemistele kihtidele. Tagavad hea \u00f5huliikumise ja pehme leili.<\/p>\n","protected":false},"featured_media":133008,"comment_status":"open","ping_status":"closed","template":"","meta":{"_acf_changed":false},"factory":[],"free-shipment":[],"product_brand":[],"product_cat":[1628,1028],"product_tag":[],"class_list":{"0":"post-133010","1":"product","2":"type-product","3":"status-publish","4":"has-post-thumbnail","6":"product_cat-kerisekivid","7":"product_cat-saunatarvikud","9":"first","10":"instock","11":"sale","12":"taxable","13":"shipping-taxable","14":"purchasable","15":"product-type-simple"},"acf":[],"_links":{"self":[{"href":"https:\/\/factory.sale\/et\/wp-json\/wp\/v2\/product\/133010","targetHints":{"allow":["GET"]}}],"collection":[{"href":"https:\/\/factory.sale\/et\/wp-json\/wp\/v2\/product"}],"about":[{"href":"https:\/\/factory.sale\/et\/wp-json\/wp\/v2\/types\/product"}],"replies":[{"embeddable":true,"href":"https:\/\/factory.sale\/et\/wp-json\/wp\/v2\/comments?post=133010"}],"wp:featuredmedia":[{"embeddable":true,"href":"https:\/\/factory.sale\/et\/wp-json\/wp\/v2\/media\/133008"}],"wp:attachment":[{"href":"https:\/\/factory.sale\/et\/wp-json\/wp\/v2\/media?parent=133010"}],"wp:term":[{"taxonomy":"factory","embeddable":true,"href":"https:\/\/factory.sale\/et\/wp-json\/wp\/v2\/factory?post=133010"},{"taxonomy":"free-shipment","embeddable":true,"href":"https:\/\/factory.sale\/et\/wp-json\/wp\/v2\/free-shipment?post=133010"},{"taxonomy":"product_brand","embeddable":true,"href":"https:\/\/factory.sale\/et\/wp-json\/wp\/v2\/product_brand?post=133010"},{"taxonomy":"product_cat","embeddable":true,"href":"https:\/\/factory.sale\/et\/wp-json\/wp\/v2\/product_cat?post=133010"},{"taxonomy":"product_tag","embeddable":true,"href":"https:\/\/factory.sale\/et\/wp-json\/wp\/v2\/product_tag?post=133010"}],"curies":[{"name":"wp","href":"https:\/\/api.w.org\/{rel}","templated":true}]}}