{"id":132986,"date":"2025-11-28T01:19:50","date_gmt":"2025-11-27T22:33:09","guid":{"rendered":"https:\/\/factory.sale\/?post_type=product&#038;p=132986"},"modified":"2025-11-28T01:33:09","modified_gmt":"2025-11-27T22:33:09","slug":"elementmaja-mo-house-919-m%c2%b2","status":"publish","type":"product","link":"https:\/\/factory.sale\/et\/toode\/elementmaja-mo-house-919-m%c2%b2\/","title":{"rendered":"Elementmaja MO-House 9,19 m\u00b2"},"content":{"rendered":"<p>Kaasaegne ja t\u00e4ielikult sisustatud elementmaja. Klientidel on v\u00f5imalik lisada oma ideid sisustuse ja varustuse paigaldamise osas.<\/p>\n<p>Avasta MO House \u2013 kompaktne ja kasutusvalmis 9,19 m\u00b2 moodulmaja, mis sobib ideaalselt 2\u20134 inimesele. Maja on varustatud korraliku soojustusega ning stiilsete v\u00e4rvitud puitakende ja -ustega. Komplekti kuuluvad kaasaegsed mugavused, nagu liuguks ja linoleumkate, mis muudavad selle ideaalseks lahenduseks neile, kes otsivad stiilset ja praktilist elamispinda. Siseviimistlust ja paigaldust saab kohandada vastavalt oma soovidele ja vajadustele.<\/p>\n<p>&nbsp;<\/p>\n<p><strong>Standardkomplekt sisaldab:<\/strong><\/p>\n<ul>\n<li>100 mm soojustusega konstruktsioon<\/li>\n<li>Sise- ja v\u00e4lisvooder<\/li>\n<li>Bituumenkatus<\/li>\n<li>Vihmaveerennid<\/li>\n<li>V\u00e4rvitud luksuslik puitaken ja -uks<\/li>\n<li>Sisesein liuguksega<\/li>\n<li>Linoleump\u00f5rand<\/li>\n<\/ul>\n<p>&nbsp;<\/p>\n<p>&nbsp;<\/p>\n<p><strong>Tehnilised andmed:<\/strong><\/p>\n<div class=\"_tableContainer_1rjym_1\">\n<div class=\"group _tableWrapper_1rjym_13 flex w-fit flex-col-reverse\" tabindex=\"-1\">\n<table class=\"w-fit min-w-(--thread-content-width)\" style=\"height: 508px;\" width=\"723\" data-start=\"738\" data-end=\"1268\">\n<thead data-start=\"738\" data-end=\"768\">\n<tr data-start=\"738\" data-end=\"768\">\n<th data-start=\"738\" data-end=\"757\" data-col-size=\"sm\">Spetsifikatsioon<\/th>\n<th data-start=\"757\" data-end=\"768\" data-col-size=\"sm\">V\u00e4\u00e4rtus<\/th>\n<\/tr>\n<\/thead>\n<tbody data-start=\"800\" data-end=\"1268\">\n<tr data-start=\"800\" data-end=\"830\">\n<td data-start=\"800\" data-end=\"815\" data-col-size=\"sm\">Inimeste arv<\/td>\n<td data-start=\"815\" data-end=\"830\" data-col-size=\"sm\">2\u20134 inimest<\/td>\n<\/tr>\n<tr data-start=\"831\" data-end=\"860\">\n<td data-start=\"831\" data-end=\"845\" data-col-size=\"sm\">V\u00e4lism\u00f5\u00f5dud<\/td>\n<td data-start=\"845\" data-end=\"860\" data-col-size=\"sm\">2.3 \u00d7 4.9 m<\/td>\n<\/tr>\n<tr data-start=\"861\" data-end=\"882\">\n<td data-start=\"861\" data-end=\"871\" data-col-size=\"sm\">Siseala<\/td>\n<td data-start=\"871\" data-end=\"882\" data-col-size=\"sm\">9.19 m\u00b2<\/td>\n<\/tr>\n<tr data-start=\"883\" data-end=\"904\">\n<td data-start=\"883\" data-end=\"890\" data-col-size=\"sm\">Puit<\/td>\n<td data-start=\"890\" data-end=\"904\" data-col-size=\"sm\">M\u00e4nni puit<\/td>\n<\/tr>\n<tr data-start=\"905\" data-end=\"941\">\n<td data-start=\"905\" data-end=\"922\" data-col-size=\"sm\">Seinasoojustus<\/td>\n<td data-start=\"922\" data-end=\"941\" data-col-size=\"sm\">100 mm kivivill<\/td>\n<\/tr>\n<tr data-start=\"942\" data-end=\"997\">\n<td data-start=\"942\" data-end=\"956\" data-col-size=\"sm\">Voodrilauad<\/td>\n<td data-start=\"956\" data-end=\"997\" data-col-size=\"sm\">Sees: 14 \u00d7 96 mm; V\u00e4ljas: 18 \u00d7 145 mm<\/td>\n<\/tr>\n<tr data-start=\"998\" data-end=\"1040\">\n<td data-start=\"998\" data-end=\"1030\" data-col-size=\"sm\">Valmis seinasektsiooni paksus<\/td>\n<td data-start=\"1030\" data-end=\"1040\" data-col-size=\"sm\">145 mm<\/td>\n<\/tr>\n<tr data-start=\"1041\" data-end=\"1071\">\n<td data-start=\"1041\" data-end=\"1062\" data-col-size=\"sm\">P\u00f5rand (m\u00e4nnipuit)<\/td>\n<td data-start=\"1062\" data-end=\"1071\" data-col-size=\"sm\">28 mm<\/td>\n<\/tr>\n<tr data-start=\"1072\" data-end=\"1111\">\n<td data-start=\"1072\" data-end=\"1101\" data-col-size=\"sm\">Soojustatud p\u00f5randa paksus<\/td>\n<td data-start=\"1101\" data-end=\"1111\" data-col-size=\"sm\">158 mm<\/td>\n<\/tr>\n<tr data-start=\"1112\" data-end=\"1140\">\n<td data-start=\"1112\" data-end=\"1123\" data-col-size=\"sm\">Aknam\u00f5\u00f5t<\/td>\n<td data-start=\"1123\" data-end=\"1140\" data-col-size=\"sm\">735 \u00d7 1955 mm<\/td>\n<\/tr>\n<tr data-start=\"1141\" data-end=\"1168\">\n<td data-start=\"1141\" data-end=\"1151\" data-col-size=\"sm\">WC aken<\/td>\n<td data-start=\"1151\" data-end=\"1168\" data-col-size=\"sm\">410 \u00d7 1150 mm<\/td>\n<\/tr>\n<tr data-start=\"1169\" data-end=\"1193\">\n<td data-start=\"1169\" data-end=\"1175\" data-col-size=\"sm\">Uks<\/td>\n<td data-start=\"1175\" data-end=\"1193\" data-col-size=\"sm\">1480 \u00d7 2000 mm<\/td>\n<\/tr>\n<tr data-start=\"1194\" data-end=\"1238\">\n<td data-start=\"1194\" data-end=\"1205\" data-col-size=\"sm\">Kivivill<\/td>\n<td data-start=\"1205\" data-end=\"1238\" data-col-size=\"sm\">100 mm (p\u00f5rand, seinad, lagi)<\/td>\n<\/tr>\n<tr data-start=\"1239\" data-end=\"1268\">\n<td data-start=\"1239\" data-end=\"1252\" data-col-size=\"sm\">Katusekate<\/td>\n<td data-start=\"1252\" data-end=\"1268\" data-col-size=\"sm\">Bituumensindel katus<\/td>\n<\/tr>\n<\/tbody>\n<\/table>\n<\/div>\n<p>&nbsp;<\/p>\n<\/div>\n<p>&nbsp;<\/p>\n<p>&nbsp;<\/p>\n<p><em><strong>Toimetatakse kohale t\u00e4ielikult kokku panduna ja kasutusvalmina!<\/strong><\/em><\/p>\n<p>&nbsp;<\/p>\n<p>&nbsp;<\/p>\n<p><strong>Lisavarustus (hinnad ilma KM-ta):<\/strong><\/p>\n<p>V\u00e4rv<\/p>\n<p>V\u00e4lisv\u00e4rv: 460 \u20ac<br \/>\nSisev\u00e4rv: 460 \u20ac<\/p>\n<p>&nbsp;<\/p>\n<p>Vannituba (r\u00e4tiku kuivataja, WC, du\u0161\u0161, valamu, boiler + paigaldus) 2,328.75 \u20ac<\/p>\n<p>&nbsp;<\/p>\n<p>K\u00f6\u00f6k (\u00fclemine kapp, alumine kapp valamuga, k\u00fclmik, pesumasin, kokkupandult) 1,886 \u20ac<\/p>\n<p>&nbsp;<\/p>\n<p>Elekter<\/p>\n<p>\u00dchekordne pistik: 69 \u20ac<br \/>\nKahekordne pistik: 74.75 \u20ac<br \/>\n\u00dche l\u00fclitiga l\u00fcliti: 69 \u20ac<br \/>\nKahe l\u00fclitiga l\u00fcliti: 86.25 \u20ac<br \/>\nJuhe \u00fchele lambile: 28.75 \u20ac<br \/>\nLED-lamp: 51.75 \u20ac<br \/>\nKaitsmeplokk: 138 \u20ac<br \/>\nKonvektork\u00fcte: 126.50 \u20ac<\/p>\n<p>&nbsp;<\/p>\n<p>M\u00f6\u00f6bel<\/p>\n<p>\u00dcheinimese voodi: 126.50 \u20ac<br \/>\nKaheinimese voodi: 126.50 \u20ac<br \/>\nNarivoodi: 253 \u20ac<br \/>\nPuidust jalgadega laud: 247.25 \u20ac<br \/>\nKokkupandav laud: 103.50 \u20ac<br \/>\nV\u00e4ike kokkupandav tool: 166.75 \u20ac<\/p>\n<p>&nbsp;<\/p>\n<p>&nbsp;<\/p>\n<p><a href=\"https:\/\/factory.sale\/wp-content\/uploads\/2025\/11\/MO-House-4.9-x-2.3.pdf\" target=\"_blank\" rel=\"noopener\">Joonised<\/a><\/p>\n<p>&nbsp;<\/p>\n<p>&nbsp;<\/p>\n<p><video style=\"width: 100%; height: auto; border: none; outline: none;\" autoplay=\"autoplay\" loop=\"loop\" muted=\"\" width=\"300\" height=\"150\" data-mce-fragment=\"1\"><source src=\"https:\/\/factory.sale\/wp-content\/uploads\/2025\/11\/MO_HOUSE-.mp4\" type=\"video\/mp4\" \/><\/video><\/p>\n","protected":false},"excerpt":{"rendered":"<p>Avasta MO House \u2013 kompaktne ja kasutusvalmis 9,19 m\u00b2 moodulmaja, mis sobib ideaalselt 2\u20134 inimesele. Maja on varustatud korraliku soojustusega ning stiilsete v\u00e4rvitud puitakende ja -ustega. Komplekti kuuluvad kaasaegsed mugavused, nagu liuguks ja linoleumkate, mis muudavad selle ideaalseks lahenduseks neile, kes otsivad stiilset ja praktilist elamispinda. Siseviimistlust ja paigaldust saab kohandada vastavalt oma soovidele ja vajadustele.<\/p>\n","protected":false},"featured_media":132962,"comment_status":"open","ping_status":"closed","template":"","meta":{"_acf_changed":false},"factory":[],"free-shipment":[],"product_brand":[],"product_cat":[801],"product_tag":[911],"class_list":{"0":"post-132986","1":"product","2":"type-product","3":"status-publish","4":"has-post-thumbnail","6":"product_cat-elementmajad-2","7":"product_tag-modular-house-et","9":"first","10":"instock","11":"sale","12":"taxable","13":"shipping-taxable","14":"purchasable","15":"product-type-simple"},"acf":[],"_links":{"self":[{"href":"https:\/\/factory.sale\/et\/wp-json\/wp\/v2\/product\/132986","targetHints":{"allow":["GET"]}}],"collection":[{"href":"https:\/\/factory.sale\/et\/wp-json\/wp\/v2\/product"}],"about":[{"href":"https:\/\/factory.sale\/et\/wp-json\/wp\/v2\/types\/product"}],"replies":[{"embeddable":true,"href":"https:\/\/factory.sale\/et\/wp-json\/wp\/v2\/comments?post=132986"}],"wp:featuredmedia":[{"embeddable":true,"href":"https:\/\/factory.sale\/et\/wp-json\/wp\/v2\/media\/132962"}],"wp:attachment":[{"href":"https:\/\/factory.sale\/et\/wp-json\/wp\/v2\/media?parent=132986"}],"wp:term":[{"taxonomy":"factory","embeddable":true,"href":"https:\/\/factory.sale\/et\/wp-json\/wp\/v2\/factory?post=132986"},{"taxonomy":"free-shipment","embeddable":true,"href":"https:\/\/factory.sale\/et\/wp-json\/wp\/v2\/free-shipment?post=132986"},{"taxonomy":"product_brand","embeddable":true,"href":"https:\/\/factory.sale\/et\/wp-json\/wp\/v2\/product_brand?post=132986"},{"taxonomy":"product_cat","embeddable":true,"href":"https:\/\/factory.sale\/et\/wp-json\/wp\/v2\/product_cat?post=132986"},{"taxonomy":"product_tag","embeddable":true,"href":"https:\/\/factory.sale\/et\/wp-json\/wp\/v2\/product_tag?post=132986"}],"curies":[{"name":"wp","href":"https:\/\/api.w.org\/{rel}","templated":true}]}}