{"id":132888,"date":"2025-11-26T16:08:40","date_gmt":"2025-11-26T13:12:31","guid":{"rendered":"https:\/\/factory.sale\/?post_type=product&#038;p=132888"},"modified":"2026-03-04T15:38:49","modified_gmt":"2026-03-04T12:38:49","slug":"kahekohaline-garaaz-kuuriga-silvia-duo-f-plus-34-mm-puitvooder-8x6-m-48-m%c2%b2","status":"publish","type":"product","link":"https:\/\/factory.sale\/et\/toode\/kahekohaline-garaaz-kuuriga-silvia-duo-f-plus-34-mm-puitvooder-8x6-m-48-m%c2%b2\/","title":{"rendered":"Kahekohaline garaa\u017e kuuriga Scandic DUO PLUS (34 mm + wooden cladding), 8\u00d76 m, 48 m\u00b2"},"content":{"rendered":"<p>Scandic DUO PLUS on ideaalne valik neile, kes otsivad usaldusv\u00e4\u00e4rset ja privaatset garaa\u017ei kahele s\u00f5idukile ning lisaks avarat panipaika. See mudel \u00fchendab praktilisuse ja stiili, pakkudes kahte eraldi ruumi oma sissep\u00e4\u00e4sudega: 32 m\u00b2 suurust parkimisala ning selle k\u00f5rval asuvat 11 m\u00b2 kuuri. Elegantne ja tagasihoidlik disain sobitub harmooniliselt iga \u00f5uealaga. Muuda oma igap\u00e4evatoimetused lihtsamaks Scandic DUO PLUS garaa\u017eiga!<\/p>\n<p>&nbsp;<\/p>\n<p><strong>Mudeli eelised:<\/strong><\/p>\n<ul>\n<li>Praktiline lahendus: ruumi kahele s\u00f5idukile ning eraldi panipaik aia- ja t\u00f6\u00f6riistade, varurehvide ja muu vajaliku hoidmiseks.<\/li>\n<li>L\u00e4bim\u00f5eldud disain: modernne vertikaalne puitvooder lisab ehitisele stiili ja stabiilsust.<\/li>\n<li>Lihtne ligip\u00e4\u00e4s: mugav juurdep\u00e4\u00e4s m\u00f5lemasse ruumi, lisaks siseuks ruumide vahel.<\/li>\n<\/ul>\n<p>Puidust kaheukseline garaa\u017e Scandic DUO PLUS \u00fchendab stiili ja funktsionaalsuse, pakkudes lisaks ruumikat kuuri. Korralda t\u00f6\u00f6riistad ja tarvikud eraldi hoiuruumi ning pargi oma s\u00f5idukid turvaliselt 32 m\u00b2 garaa\u017ei. See kompaktne ja keskkonnas\u00f5bralik mudel on loodud kestma, pakkudes nutikat ja pikaajalist investeeringut.<\/p>\n<p>&nbsp;<\/p>\n<p><strong>Tehnilised andmed:<\/strong><\/p>\n<div class=\"_tableContainer_1rjym_1\">\n<div class=\"group _tableWrapper_1rjym_13 flex w-fit flex-col-reverse\" tabindex=\"-1\">\n<table class=\"w-fit min-w-(--thread-content-width)\" data-start=\"1292\" data-end=\"2098\">\n<thead data-start=\"1292\" data-end=\"1322\">\n<tr data-start=\"1292\" data-end=\"1322\">\n<th data-start=\"1292\" data-end=\"1311\" data-col-size=\"sm\">Spetsifikatsioon<\/th>\n<th data-start=\"1311\" data-end=\"1322\" data-col-size=\"lg\">V\u00e4\u00e4rtus<\/th>\n<\/tr>\n<\/thead>\n<tbody data-start=\"1354\" data-end=\"2098\">\n<tr data-start=\"1354\" data-end=\"1428\">\n<td data-start=\"1354\" data-end=\"1371\" data-col-size=\"sm\">Ehitusmaterjal<\/td>\n<td data-start=\"1371\" data-end=\"1428\" data-col-size=\"lg\">Sertifitseeritud naturaalne p\u00f5hjamaine m\u00e4nd v\u00f5i kuusk<\/td>\n<\/tr>\n<tr data-start=\"1429\" data-end=\"1452\">\n<td data-start=\"1429\" data-end=\"1443\" data-col-size=\"sm\">P\u00f5randapind<\/td>\n<td data-start=\"1443\" data-end=\"1452\" data-col-size=\"lg\">48 m\u00b2<\/td>\n<\/tr>\n<tr data-start=\"1453\" data-end=\"1512\">\n<td data-start=\"1453\" data-end=\"1475\" data-col-size=\"sm\">Akna m\u00f5\u00f5dud (L \u00d7 K)<\/td>\n<td data-col-size=\"lg\" data-start=\"1475\" data-end=\"1512\">4 tk, 50 \u00d7 186 cm (mitteavatavad)<\/td>\n<\/tr>\n<tr data-start=\"1513\" data-end=\"1541\">\n<td data-start=\"1513\" data-end=\"1529\" data-col-size=\"sm\">Katuse k\u00f5rgus<\/td>\n<td data-col-size=\"lg\" data-start=\"1529\" data-end=\"1541\">236.5 cm<\/td>\n<\/tr>\n<tr data-start=\"1542\" data-end=\"1614\">\n<td data-start=\"1542\" data-end=\"1566\" data-col-size=\"sm\">Katuse konstruktsioon<\/td>\n<td data-col-size=\"lg\" data-start=\"1566\" data-end=\"1614\">140\u2013150 mm sarikad + 18\u201320 mm tapitud laudis<\/td>\n<\/tr>\n<tr data-start=\"1615\" data-end=\"1634\">\n<td data-start=\"1615\" data-end=\"1624\" data-col-size=\"sm\">P\u00f5rand<\/td>\n<td data-col-size=\"lg\" data-start=\"1624\" data-end=\"1634\">Puudub<\/td>\n<\/tr>\n<tr data-start=\"1635\" data-end=\"1781\">\n<td data-start=\"1635\" data-end=\"1644\" data-col-size=\"sm\">Seinad<\/td>\n<td data-col-size=\"lg\" data-start=\"1644\" data-end=\"1781\">34 mm palgid; valikuline 70 mm \/ 100 mm puitkarkass; 25 mm vertikaalne + 25 mm horisontaalne puitroovitus; 18\u201320 mm v\u00e4line puitvooder<\/td>\n<\/tr>\n<tr data-start=\"1782\" data-end=\"1821\">\n<td data-start=\"1782\" data-end=\"1796\" data-col-size=\"sm\">Puidukaitse<\/td>\n<td data-col-size=\"lg\" data-start=\"1796\" data-end=\"1821\">Saadaval lisavalikuna<\/td>\n<\/tr>\n<tr data-start=\"1822\" data-end=\"1841\">\n<td data-start=\"1822\" data-end=\"1836\" data-col-size=\"sm\">Ruumide arv<\/td>\n<td data-col-size=\"lg\" data-start=\"1836\" data-end=\"1841\">2<\/td>\n<\/tr>\n<tr data-start=\"1842\" data-end=\"1884\">\n<td data-start=\"1842\" data-end=\"1855\" data-col-size=\"sm\">Garaa\u017eiuks<\/td>\n<td data-start=\"1855\" data-end=\"1884\" data-col-size=\"lg\">240 \u00d7 205 cm (valikuline)<\/td>\n<\/tr>\n<tr data-start=\"1885\" data-end=\"1936\">\n<td data-start=\"1885\" data-end=\"1898\" data-col-size=\"sm\">Katus<\/td>\n<td data-col-size=\"lg\" data-start=\"1898\" data-end=\"1936\">Bituumensindel katus saadaval lisavalikuna<\/td>\n<\/tr>\n<tr data-start=\"1937\" data-end=\"1967\">\n<td data-start=\"1937\" data-end=\"1951\" data-col-size=\"sm\">V\u00e4lism\u00f5\u00f5dud<\/td>\n<td data-col-size=\"lg\" data-start=\"1951\" data-end=\"1967\">809 \u00d7 609 cm<\/td>\n<\/tr>\n<tr data-start=\"1968\" data-end=\"1994\">\n<td data-start=\"1968\" data-end=\"1985\" data-col-size=\"sm\">Katuse pindala<\/td>\n<td data-col-size=\"lg\" data-start=\"1985\" data-end=\"1994\">48 m\u00b2<\/td>\n<\/tr>\n<tr data-start=\"1995\" data-end=\"2015\">\n<td data-start=\"1995\" data-end=\"2009\" data-col-size=\"sm\">Katusekalle<\/td>\n<td data-col-size=\"lg\" data-start=\"2009\" data-end=\"2015\">1\u00b0<\/td>\n<\/tr>\n<tr data-start=\"2016\" data-end=\"2054\">\n<td data-start=\"2016\" data-end=\"2042\" data-col-size=\"sm\">Minimaalne seina k\u00f5rgus<\/td>\n<td data-col-size=\"lg\" data-start=\"2042\" data-end=\"2054\">249.5 cm<\/td>\n<\/tr>\n<tr data-start=\"2055\" data-end=\"2098\">\n<td data-start=\"2055\" data-end=\"2077\" data-col-size=\"sm\">Ukse m\u00f5\u00f5dud (L \u00d7 K)<\/td>\n<td data-col-size=\"lg\" data-start=\"2077\" data-end=\"2098\">2 tk, 85 \u00d7 192 cm<\/td>\n<\/tr>\n<\/tbody>\n<\/table>\n<\/div>\n<\/div>\n<p>&nbsp;<\/p>\n<p>&nbsp;<\/p>\n<p><strong>Garaa\u017ei sektsioonuksed (valge, h\u00f5bedane, hall, pruun) 1897,5 + VAT<\/strong><\/p>\n<p>&nbsp;<\/p>\n<p><strong><a href=\"https:\/\/factory.sale\/wp-content\/uploads\/2025\/11\/DRW_ST_Silvia_Duo_Plus_8.00x6.00_34C_UK.pdf\" target=\"_blank\" rel=\"noopener\">Jooniste PDF<\/a><\/strong><\/p>\n","protected":false},"excerpt":{"rendered":"<p>Puidust kahe uksega garaa\u017e Scandic DUO PLUS \u00fchendab stiili ja funktsionaalsuse, pakkudes lisaks ruumikat kuuri. Korralda t\u00f6\u00f6riistad ja tarvikud eraldi hoiuruumi ning pargi oma s\u00f5idukid turvaliselt garaa\u017ei. See kompaktne ja keskkonnas\u00f5bralik mudel on loodud kestma, pakkudes nutikat ja pikaajalist investeeringut.<\/p>\n","protected":false},"featured_media":141148,"comment_status":"open","ping_status":"closed","template":"","meta":{"_acf_changed":false},"factory":[],"free-shipment":[],"product_brand":[],"product_cat":[924,936],"product_tag":[940],"class_list":{"0":"post-132888","1":"product","2":"type-product","3":"status-publish","4":"has-post-thumbnail","6":"product_cat-aiatooted","7":"product_cat-auto-varjualused","8":"product_tag-garage-et","10":"first","11":"instock","12":"sale","13":"taxable","14":"shipping-taxable","15":"purchasable","16":"product-type-variable"},"acf":[],"_links":{"self":[{"href":"https:\/\/factory.sale\/et\/wp-json\/wp\/v2\/product\/132888","targetHints":{"allow":["GET"]}}],"collection":[{"href":"https:\/\/factory.sale\/et\/wp-json\/wp\/v2\/product"}],"about":[{"href":"https:\/\/factory.sale\/et\/wp-json\/wp\/v2\/types\/product"}],"replies":[{"embeddable":true,"href":"https:\/\/factory.sale\/et\/wp-json\/wp\/v2\/comments?post=132888"}],"wp:featuredmedia":[{"embeddable":true,"href":"https:\/\/factory.sale\/et\/wp-json\/wp\/v2\/media\/141148"}],"wp:attachment":[{"href":"https:\/\/factory.sale\/et\/wp-json\/wp\/v2\/media?parent=132888"}],"wp:term":[{"taxonomy":"factory","embeddable":true,"href":"https:\/\/factory.sale\/et\/wp-json\/wp\/v2\/factory?post=132888"},{"taxonomy":"free-shipment","embeddable":true,"href":"https:\/\/factory.sale\/et\/wp-json\/wp\/v2\/free-shipment?post=132888"},{"taxonomy":"product_brand","embeddable":true,"href":"https:\/\/factory.sale\/et\/wp-json\/wp\/v2\/product_brand?post=132888"},{"taxonomy":"product_cat","embeddable":true,"href":"https:\/\/factory.sale\/et\/wp-json\/wp\/v2\/product_cat?post=132888"},{"taxonomy":"product_tag","embeddable":true,"href":"https:\/\/factory.sale\/et\/wp-json\/wp\/v2\/product_tag?post=132888"}],"curies":[{"name":"wp","href":"https:\/\/api.w.org\/{rel}","templated":true}]}}