{"id":132856,"date":"2025-11-26T15:45:45","date_gmt":"2025-11-26T12:48:00","guid":{"rendered":"https:\/\/factory.sale\/?post_type=product&#038;p=132856"},"modified":"2026-03-04T13:49:00","modified_gmt":"2026-03-04T10:49:00","slug":"kolmekohaline-puidust-garaaz-silvia-trio-9x6-m-54-m%c2%b2","status":"publish","type":"product","link":"https:\/\/factory.sale\/et\/toode\/kolmekohaline-puidust-garaaz-silvia-trio-9x6-m-54-m%c2%b2\/","title":{"rendered":"Kolmekohaline puidust garaa\u017e Scandic Triple, 9\u00d76 m, 54 m\u00b2"},"content":{"rendered":"<p>Kolmekohaline puidust garaa\u017e Scandic Triple pakub kolme avarat parkimiskohta elegantses ja modernses vormis. Kompaktset v\u00e4limust t\u00e4iendab viilkatus ning puhtad, sirged jooned. Seest leiad 49 m\u00b2 kasutuspinda, mis pakub piisavalt ruumi s\u00f5idukite turvaliseks parkimiseks ja kaitsmiseks ilmastiku eest. Naudi garaa\u017ei mugavust suurep\u00e4rase hinna juures!<\/p>\n<p>&nbsp;<\/p>\n<p>&nbsp;<\/p>\n<p><strong>Mudeli eelised:<\/strong><\/p>\n<ul>\n<li>Moodne puitvooder: annab garaa\u017eile eksklusiivse ja elegantse v\u00e4limuse.<\/li>\n<li>Stabiilne ja vastupidav garaa\u017eiuks: valikuline k\u00e4sitsi avatav sektsioonuks tagab maksimaalse turvalisuse ja mugavuse.<\/li>\n<li>Kaasaegne puidust disain koos tugeva ja vastupidava konstruktsiooniga muudab garaa\u017ei nii stiilseks kui ka praktiliseks. See pakub turvalist ja t\u00f5husat lahendust autode hoiustamiseks. T\u00e4nu suuruse ja lisavarustuse valikutele saab garaa\u017ei kohandada just sinu isiklikke vajadusi arvestades.<\/li>\n<\/ul>\n<p>&nbsp;<\/p>\n<p>&nbsp;<\/p>\n<p><strong>Tehnilised andmed:<\/strong><\/p>\n<div class=\"_tableContainer_1rjym_1\">\n<div class=\"group _tableWrapper_1rjym_13 flex w-fit flex-col-reverse\" tabindex=\"-1\">\n<table class=\"w-fit min-w-(--thread-content-width)\" data-start=\"1049\" data-end=\"1652\">\n<thead data-start=\"1049\" data-end=\"1079\">\n<tr data-start=\"1049\" data-end=\"1079\">\n<th data-start=\"1049\" data-end=\"1068\" data-col-size=\"sm\">Spetsifikatsioon<\/th>\n<th data-start=\"1068\" data-end=\"1079\" data-col-size=\"lg\">V\u00e4\u00e4rtus<\/th>\n<\/tr>\n<\/thead>\n<tbody data-start=\"1111\" data-end=\"1652\">\n<tr data-start=\"1111\" data-end=\"1185\">\n<td data-start=\"1111\" data-end=\"1128\" data-col-size=\"sm\">Ehitusmaterjal<\/td>\n<td data-start=\"1128\" data-end=\"1185\" data-col-size=\"lg\">Sertifitseeritud naturaalne p\u00f5hjamaine m\u00e4nd v\u00f5i kuusk<\/td>\n<\/tr>\n<tr data-start=\"1186\" data-end=\"1212\">\n<td data-start=\"1186\" data-end=\"1200\" data-col-size=\"sm\">P\u00f5randapind<\/td>\n<td data-start=\"1200\" data-end=\"1212\" data-col-size=\"lg\">49,35 m\u00b2<\/td>\n<\/tr>\n<tr data-start=\"1213\" data-end=\"1257\">\n<td data-start=\"1213\" data-end=\"1235\" data-col-size=\"sm\">Akna m\u00f5\u00f5dud (L \u00d7 K)<\/td>\n<td data-start=\"1235\" data-end=\"1257\" data-col-size=\"lg\">3 tk, 138 \u00d7 105 cm<\/td>\n<\/tr>\n<tr data-start=\"1258\" data-end=\"1286\">\n<td data-start=\"1258\" data-end=\"1276\" data-col-size=\"sm\">Karniisi k\u00f5rgus<\/td>\n<td data-start=\"1276\" data-end=\"1286\" data-col-size=\"lg\">223 cm<\/td>\n<\/tr>\n<tr data-start=\"1287\" data-end=\"1312\">\n<td data-start=\"1287\" data-end=\"1302\" data-col-size=\"sm\">Harja k\u00f5rgus<\/td>\n<td data-start=\"1302\" data-end=\"1312\" data-col-size=\"lg\">290 cm<\/td>\n<\/tr>\n<tr data-start=\"1313\" data-end=\"1345\">\n<td data-start=\"1313\" data-end=\"1321\" data-col-size=\"sm\">Katus<\/td>\n<td data-start=\"1321\" data-end=\"1345\" data-col-size=\"lg\">18\u201320 mm katuselauad<\/td>\n<\/tr>\n<tr data-start=\"1346\" data-end=\"1367\">\n<td data-start=\"1346\" data-end=\"1360\" data-col-size=\"sm\">Katusekalle<\/td>\n<td data-start=\"1360\" data-end=\"1367\" data-col-size=\"lg\">13\u00b0<\/td>\n<\/tr>\n<tr data-start=\"1368\" data-end=\"1387\">\n<td data-start=\"1368\" data-end=\"1377\" data-col-size=\"sm\">P\u00f5rand<\/td>\n<td data-start=\"1377\" data-end=\"1387\" data-col-size=\"lg\">Puudub<\/td>\n<\/tr>\n<tr data-start=\"1388\" data-end=\"1512\">\n<td data-start=\"1388\" data-end=\"1397\" data-col-size=\"sm\">Seinad<\/td>\n<td data-start=\"1397\" data-end=\"1512\" data-col-size=\"lg\">34 mm palgid; 100 mm puitkarkass; 25 mm vertikaalne puitroov; 25 mm horisontaalne puitroov; 18\u201320 mm puitvooder<\/td>\n<\/tr>\n<tr data-start=\"1513\" data-end=\"1532\">\n<td data-start=\"1513\" data-end=\"1527\" data-col-size=\"sm\">Ruumide arv<\/td>\n<td data-start=\"1527\" data-end=\"1532\" data-col-size=\"lg\">1<\/td>\n<\/tr>\n<tr data-start=\"1533\" data-end=\"1575\">\n<td data-start=\"1533\" data-end=\"1546\" data-col-size=\"sm\">Garaa\u017eiuks<\/td>\n<td data-start=\"1546\" data-end=\"1575\" data-col-size=\"lg\">240 \u00d7 205 cm (valikuline)<\/td>\n<\/tr>\n<tr data-start=\"1576\" data-end=\"1621\">\n<td data-start=\"1576\" data-end=\"1589\" data-col-size=\"sm\">Katusekate<\/td>\n<td data-start=\"1589\" data-end=\"1621\" data-col-size=\"lg\">Bituumensindel katus saadaval eraldi<\/td>\n<\/tr>\n<tr data-start=\"1622\" data-end=\"1652\">\n<td data-start=\"1622\" data-end=\"1636\" data-col-size=\"sm\">V\u00e4lism\u00f5\u00f5dud<\/td>\n<td data-start=\"1636\" data-end=\"1652\" data-col-size=\"lg\">909 \u00d7 609 cm<\/td>\n<\/tr>\n<\/tbody>\n<\/table>\n<\/div>\n<p>&nbsp;<\/p>\n<p>&nbsp;<\/p>\n<p>&nbsp;<\/p>\n<p><strong>Lisaks saadaval sektsioonuksed (3036 \u20ac + km)<\/strong><\/p>\n<\/div>\n","protected":false},"excerpt":{"rendered":"<p>Scandic Triple garaa\u017e pakub kolme avarat parkimiskohta elegantses ja modernses vormis. Kompaktset v\u00e4limust t\u00e4iendab viilkatus ning puhtad, sirged jooned. Seest leiad 49 m\u00b2 kasutuspinda, mis pakub piisavalt ruumi s\u00f5idukite turvaliseks parkimiseks ja kaitsmiseks ilmastiku eest. Naudi oma uue garaa\u017ei mugavust suurep\u00e4rase hinna juures!<\/p>\n","protected":false},"featured_media":141115,"comment_status":"open","ping_status":"closed","template":"","meta":{"_acf_changed":false},"factory":[],"free-shipment":[],"product_brand":[],"product_cat":[924,936],"product_tag":[940,1483,1484,2714],"class_list":{"0":"post-132856","1":"product","2":"type-product","3":"status-publish","4":"has-post-thumbnail","6":"product_cat-aiatooted","7":"product_cat-auto-varjualused","8":"product_tag-garage-et","9":"product_tag-garden-et","10":"product_tag-yard-et","11":"product_tag-yard-and-garden-et","13":"first","14":"instock","15":"sale","16":"taxable","17":"shipping-taxable","18":"purchasable","19":"product-type-simple"},"acf":[],"_links":{"self":[{"href":"https:\/\/factory.sale\/et\/wp-json\/wp\/v2\/product\/132856","targetHints":{"allow":["GET"]}}],"collection":[{"href":"https:\/\/factory.sale\/et\/wp-json\/wp\/v2\/product"}],"about":[{"href":"https:\/\/factory.sale\/et\/wp-json\/wp\/v2\/types\/product"}],"replies":[{"embeddable":true,"href":"https:\/\/factory.sale\/et\/wp-json\/wp\/v2\/comments?post=132856"}],"wp:featuredmedia":[{"embeddable":true,"href":"https:\/\/factory.sale\/et\/wp-json\/wp\/v2\/media\/141115"}],"wp:attachment":[{"href":"https:\/\/factory.sale\/et\/wp-json\/wp\/v2\/media?parent=132856"}],"wp:term":[{"taxonomy":"factory","embeddable":true,"href":"https:\/\/factory.sale\/et\/wp-json\/wp\/v2\/factory?post=132856"},{"taxonomy":"free-shipment","embeddable":true,"href":"https:\/\/factory.sale\/et\/wp-json\/wp\/v2\/free-shipment?post=132856"},{"taxonomy":"product_brand","embeddable":true,"href":"https:\/\/factory.sale\/et\/wp-json\/wp\/v2\/product_brand?post=132856"},{"taxonomy":"product_cat","embeddable":true,"href":"https:\/\/factory.sale\/et\/wp-json\/wp\/v2\/product_cat?post=132856"},{"taxonomy":"product_tag","embeddable":true,"href":"https:\/\/factory.sale\/et\/wp-json\/wp\/v2\/product_tag?post=132856"}],"curies":[{"name":"wp","href":"https:\/\/api.w.org\/{rel}","templated":true}]}}