{"id":132833,"date":"2025-11-26T15:12:28","date_gmt":"2025-11-26T12:23:04","guid":{"rendered":"https:\/\/factory.sale\/?post_type=product&#038;p=132833"},"modified":"2025-11-26T15:33:03","modified_gmt":"2025-11-26T12:33:03","slug":"uhekohaline-lamekatusega-garaaz-silvia-f-34-mm-puitvooder-6x6-m-36-m%c2%b2","status":"publish","type":"product","link":"https:\/\/factory.sale\/et\/toode\/uhekohaline-lamekatusega-garaaz-silvia-f-34-mm-puitvooder-6x6-m-36-m%c2%b2\/","title":{"rendered":"\u00dchekohaline lamekatusega garaa\u017e SILVIA F (34 mm + puitvooder), 6\u00d76 m, 36 m\u00b2"},"content":{"rendered":"<p>Silvia garaa\u017e on \u00fcks meie uusimaid mudeleid, mida iseloomustab minimalistlik disain, kaasaegne puitvooder ja lamedakatus. Kui otsid elegantset ja stiilset lahendust oma s\u00f5iduki hoiustamiseks, on see v\u00f5luv garaa\u017eimudel suurep\u00e4rane valik. SILVIA garaa\u017e \u00fchendab esteetiliselt puhta v\u00e4limuse ja funktsionaalse \u00fclesehituse, pakkudes t\u00f5eliselt palju v\u00e4\u00e4rtust.<\/p>\n<p>&nbsp;<\/p>\n<p><strong>Mudeli eelised:<\/strong><\/p>\n<ul>\n<li>Moodne puitvooder: annab ehitisele elegantse ja eksklusiivse ilme.<\/li>\n<li>Stabiilne ja vastupidav garaa\u017eiuks: valikuline k\u00e4sitsi avatav sektsioonuks tagab turvalisuse ja mugavuse.<\/li>\n<li>Kui kaasaegne puidust esteetika kohtub tugeva ja vastupidava konstruktsiooniga, on tulemuseks t\u00f5eliselt nauditav lahendus. SILVIA garaa\u017e paistab silma oma lihtsa, kuid funktsionaalse disainiga, pakkudes turvalist ja mugavat hoiukohta sinu autole. Mudelit on v\u00f5imalik tellida erinevates suurustes ning mitmete lisavalikutega, et see vastaks t\u00e4pselt sinu vajadustele.<\/li>\n<\/ul>\n<p>&nbsp;<\/p>\n<p>&nbsp;<\/p>\n<p><strong>Tehnilised andmed:<\/strong><\/p>\n<div class=\"_tableContainer_1rjym_1\">\n<div class=\"group _tableWrapper_1rjym_13 flex w-fit flex-col-reverse\" tabindex=\"-1\">\n<table class=\"w-fit min-w-(--thread-content-width)\" style=\"height: 493px;\" width=\"970\" data-start=\"1114\" data-end=\"1707\">\n<thead data-start=\"1114\" data-end=\"1144\">\n<tr data-start=\"1114\" data-end=\"1144\">\n<th data-start=\"1114\" data-end=\"1133\" data-col-size=\"sm\">Spetsifikatsioon<\/th>\n<th data-start=\"1133\" data-end=\"1144\" data-col-size=\"lg\">V\u00e4\u00e4rtus<\/th>\n<\/tr>\n<\/thead>\n<tbody data-start=\"1176\" data-end=\"1707\">\n<tr data-start=\"1176\" data-end=\"1250\">\n<td data-start=\"1176\" data-end=\"1193\" data-col-size=\"sm\">Ehitusmaterjal<\/td>\n<td data-start=\"1193\" data-end=\"1250\" data-col-size=\"lg\">Sertifitseeritud naturaalne p\u00f5hjamaine m\u00e4nd v\u00f5i kuusk<\/td>\n<\/tr>\n<tr data-start=\"1251\" data-end=\"1274\">\n<td data-start=\"1251\" data-end=\"1265\" data-col-size=\"sm\">P\u00f5randapind<\/td>\n<td data-col-size=\"lg\" data-start=\"1265\" data-end=\"1274\">36 m\u00b2<\/td>\n<\/tr>\n<tr data-start=\"1275\" data-end=\"1312\">\n<td data-start=\"1275\" data-end=\"1291\" data-col-size=\"sm\">Akende m\u00f5\u00f5dud<\/td>\n<td data-col-size=\"lg\" data-start=\"1291\" data-end=\"1312\">2 tk, 50 \u00d7 186 cm<\/td>\n<\/tr>\n<tr data-start=\"1313\" data-end=\"1339\">\n<td data-start=\"1313\" data-end=\"1329\" data-col-size=\"sm\">Katuse k\u00f5rgus<\/td>\n<td data-col-size=\"lg\" data-start=\"1329\" data-end=\"1339\">250 cm<\/td>\n<\/tr>\n<tr data-start=\"1340\" data-end=\"1372\">\n<td data-start=\"1340\" data-end=\"1348\" data-col-size=\"sm\">Katus<\/td>\n<td data-col-size=\"lg\" data-start=\"1348\" data-end=\"1372\">18\u201320 mm katuselauad<\/td>\n<\/tr>\n<tr data-start=\"1373\" data-end=\"1392\">\n<td data-start=\"1373\" data-end=\"1382\" data-col-size=\"sm\">P\u00f5rand<\/td>\n<td data-col-size=\"lg\" data-start=\"1382\" data-end=\"1392\">Puudub<\/td>\n<\/tr>\n<tr data-start=\"1393\" data-end=\"1532\">\n<td data-start=\"1393\" data-end=\"1402\" data-col-size=\"sm\">Seinad<\/td>\n<td data-col-size=\"lg\" data-start=\"1402\" data-end=\"1532\">34 mm palgid; valikuline 70 mm \/ 100 mm puitkarkass; 25 mm vertikaalne ja horisontaalne puitvooder; 18\u201320 mm v\u00e4line puitvooder<\/td>\n<\/tr>\n<tr data-start=\"1533\" data-end=\"1559\">\n<td data-start=\"1533\" data-end=\"1547\" data-col-size=\"sm\">Puidukaitse<\/td>\n<td data-col-size=\"lg\" data-start=\"1547\" data-end=\"1559\">Saadaval<\/td>\n<\/tr>\n<tr data-start=\"1560\" data-end=\"1579\">\n<td data-start=\"1560\" data-end=\"1574\" data-col-size=\"sm\">Ruumide arv<\/td>\n<td data-col-size=\"lg\" data-start=\"1574\" data-end=\"1579\">1<\/td>\n<\/tr>\n<tr data-start=\"1580\" data-end=\"1622\">\n<td data-start=\"1580\" data-end=\"1593\" data-col-size=\"sm\">Garaa\u017eiuks<\/td>\n<td data-col-size=\"lg\" data-start=\"1593\" data-end=\"1622\">240 \u00d7 205 cm (valikuline)<\/td>\n<\/tr>\n<tr data-start=\"1623\" data-end=\"1676\">\n<td data-start=\"1623\" data-end=\"1638\" data-col-size=\"sm\">Bituumensindel katus<\/td>\n<td data-col-size=\"lg\" data-start=\"1638\" data-end=\"1676\">V\u00f5imalik lisaks juurde tellida<\/td>\n<\/tr>\n<tr data-start=\"1677\" data-end=\"1707\">\n<td data-start=\"1677\" data-end=\"1691\" data-col-size=\"sm\">V\u00e4lism\u00f5\u00f5dud<\/td>\n<td data-col-size=\"lg\" data-start=\"1691\" data-end=\"1707\">595 \u00d7 595 cm<\/td>\n<\/tr>\n<\/tbody>\n<\/table>\n<\/div>\n<\/div>\n<p>&nbsp;<\/p>\n<p><strong>Lisaks saadaval ka soojustuspaketid ja tugevdatud katuselahendused. Kirjuta meile ja k\u00fcsi lisainfot!<\/strong><\/p>\n","protected":false},"excerpt":{"rendered":"<p>Silvia garaa\u017e on \u00fcks meie uusimaid mudeleid, mida iseloomustab minimalistlik disain, kaasaegne puitvooder ja lamedakatus. Kui otsid elegantset ja stiilset lahendust oma s\u00f5iduki hoiustamiseks, on see v\u00f5luv garaa\u017eimudel suurep\u00e4rane valik. SILVIA garaa\u017e \u00fchendab esteetiliselt puhta v\u00e4limuse ja funktsionaalse \u00fclesehituse, pakkudes t\u00f5eliselt palju v\u00e4\u00e4rtust.<\/p>\n","protected":false},"featured_media":132826,"comment_status":"open","ping_status":"closed","template":"","meta":{"_acf_changed":false},"factory":[],"free-shipment":[],"product_brand":[],"product_cat":[924,936],"product_tag":[940,1483,1484,2714],"class_list":{"0":"post-132833","1":"product","2":"type-product","3":"status-publish","4":"has-post-thumbnail","6":"product_cat-aiatooted","7":"product_cat-auto-varjualused","8":"product_tag-garage-et","9":"product_tag-garden-et","10":"product_tag-yard-et","11":"product_tag-yard-and-garden-et","13":"first","14":"instock","15":"sale","16":"taxable","17":"shipping-taxable","18":"purchasable","19":"product-type-variable"},"acf":[],"_links":{"self":[{"href":"https:\/\/factory.sale\/et\/wp-json\/wp\/v2\/product\/132833","targetHints":{"allow":["GET"]}}],"collection":[{"href":"https:\/\/factory.sale\/et\/wp-json\/wp\/v2\/product"}],"about":[{"href":"https:\/\/factory.sale\/et\/wp-json\/wp\/v2\/types\/product"}],"replies":[{"embeddable":true,"href":"https:\/\/factory.sale\/et\/wp-json\/wp\/v2\/comments?post=132833"}],"wp:featuredmedia":[{"embeddable":true,"href":"https:\/\/factory.sale\/et\/wp-json\/wp\/v2\/media\/132826"}],"wp:attachment":[{"href":"https:\/\/factory.sale\/et\/wp-json\/wp\/v2\/media?parent=132833"}],"wp:term":[{"taxonomy":"factory","embeddable":true,"href":"https:\/\/factory.sale\/et\/wp-json\/wp\/v2\/factory?post=132833"},{"taxonomy":"free-shipment","embeddable":true,"href":"https:\/\/factory.sale\/et\/wp-json\/wp\/v2\/free-shipment?post=132833"},{"taxonomy":"product_brand","embeddable":true,"href":"https:\/\/factory.sale\/et\/wp-json\/wp\/v2\/product_brand?post=132833"},{"taxonomy":"product_cat","embeddable":true,"href":"https:\/\/factory.sale\/et\/wp-json\/wp\/v2\/product_cat?post=132833"},{"taxonomy":"product_tag","embeddable":true,"href":"https:\/\/factory.sale\/et\/wp-json\/wp\/v2\/product_tag?post=132833"}],"curies":[{"name":"wp","href":"https:\/\/api.w.org\/{rel}","templated":true}]}}