{"id":132812,"date":"2025-11-26T14:27:30","date_gmt":"2025-11-26T11:42:59","guid":{"rendered":"https:\/\/factory.sale\/?post_type=product&#038;p=132812"},"modified":"2025-11-26T14:43:00","modified_gmt":"2025-11-26T11:43:00","slug":"lamekatusega-garaaz-silvia-duo-f-34-mm-puitvooder-6x6-m-36-m%c2%b2","status":"publish","type":"product","link":"https:\/\/factory.sale\/et\/toode\/lamekatusega-garaaz-silvia-duo-f-34-mm-puitvooder-6x6-m-36-m%c2%b2\/","title":{"rendered":"Lamekatusega garaa\u017e SILVIA DUO F (34 mm + puitvooder), 6\u00d76 m, 36 m\u00b2"},"content":{"rendered":"<p>Silvia garaa\u017e on \u00fcks meie uusimaid tooteid, mida iseloomustab v\u00f5luv ja minimalistlik disain, modernne puitvooder ning lamekatus. Kui otsid elegantset ja stiilset lahendust s\u00f5iduki hoiustamiseks, tasub seda mudelit kindlasti kaaluda \u2014 see pakub palju!<\/p>\n<p>&nbsp;<\/p>\n<p><strong>Mudeli eelised:<\/strong><\/p>\n<ul>\n<li>Moodne puitvooder: annab eksklusiivse ja stiilse v\u00e4limuse.<\/li>\n<li>Stabiilne ja tugev garaa\u017eiuks: valitav k\u00e4sitsi avatav sektsioonuks tagab maksimaalse turvalisuse ja mugavuse.<\/li>\n<li>Kombineerides kaasaegse puidust disaini ja vastupidava konstruktsiooni, on SILVIA garaa\u017e nii stiilne kui ka praktiline. See pakub turvalist ja t\u00f5husat lahendust auto hoiustamiseks. T\u00e4nu v\u00f5imalikele suuruse- ja lisavarustuse valikutele saab disaini kohandada just sinu isiklike vajaduste j\u00e4rgi.<\/li>\n<\/ul>\n<p>&nbsp;<\/p>\n<p><strong>Tehnilised andmed:<\/strong><\/p>\n<div class=\"_tableContainer_1rjym_1\">\n<div class=\"group _tableWrapper_1rjym_13 flex w-fit flex-col-reverse\" tabindex=\"-1\">\n<table class=\"w-fit min-w-(--thread-content-width)\" data-start=\"895\" data-end=\"1507\">\n<thead data-start=\"895\" data-end=\"925\">\n<tr data-start=\"895\" data-end=\"925\">\n<th data-start=\"895\" data-end=\"914\" data-col-size=\"sm\">Spetsifikatsioon<\/th>\n<th data-start=\"914\" data-end=\"925\" data-col-size=\"lg\">V\u00e4\u00e4rtus<\/th>\n<\/tr>\n<\/thead>\n<tbody data-start=\"957\" data-end=\"1507\">\n<tr data-start=\"957\" data-end=\"1031\">\n<td data-start=\"957\" data-end=\"974\" data-col-size=\"sm\">Ehitusmaterjal<\/td>\n<td data-col-size=\"lg\" data-start=\"974\" data-end=\"1031\">Sertifitseeritud naturaalne p\u00f5hjamaine m\u00e4nd v\u00f5i kuusk<\/td>\n<\/tr>\n<tr data-start=\"1032\" data-end=\"1055\">\n<td data-start=\"1032\" data-end=\"1046\" data-col-size=\"sm\">P\u00f5randapind<\/td>\n<td data-start=\"1046\" data-end=\"1055\" data-col-size=\"lg\">36 m\u00b2<\/td>\n<\/tr>\n<tr data-start=\"1056\" data-end=\"1099\">\n<td data-start=\"1056\" data-end=\"1078\" data-col-size=\"sm\">Akna m\u00f5\u00f5dud (L \u00d7 K)<\/td>\n<td data-start=\"1078\" data-end=\"1099\" data-col-size=\"lg\">2 tk, 50 \u00d7 186 cm<\/td>\n<\/tr>\n<tr data-start=\"1100\" data-end=\"1123\">\n<td data-start=\"1100\" data-end=\"1113\" data-col-size=\"sm\">Lae k\u00f5rgus<\/td>\n<td data-start=\"1113\" data-end=\"1123\" data-col-size=\"lg\">250 cm<\/td>\n<\/tr>\n<tr data-start=\"1124\" data-end=\"1156\">\n<td data-start=\"1124\" data-end=\"1132\" data-col-size=\"sm\">Katus<\/td>\n<td data-start=\"1132\" data-end=\"1156\" data-col-size=\"lg\">18\u201320 mm katuselauad<\/td>\n<\/tr>\n<tr data-start=\"1157\" data-end=\"1188\">\n<td data-start=\"1157\" data-end=\"1166\" data-col-size=\"sm\">P\u00f5rand<\/td>\n<td data-start=\"1166\" data-end=\"1188\" data-col-size=\"lg\">Ei kuulu komplekti<\/td>\n<\/tr>\n<tr data-start=\"1189\" data-end=\"1328\">\n<td data-start=\"1189\" data-end=\"1198\" data-col-size=\"sm\">Seinad<\/td>\n<td data-start=\"1198\" data-end=\"1328\" data-col-size=\"lg\">34 mm palgid; valikuline 70 mm \/ 100 mm puitkarkass; 25 mm vertikaalne ja horisontaalne puitvooder; 18\u201320 mm v\u00e4line puitvooder<\/td>\n<\/tr>\n<tr data-start=\"1329\" data-end=\"1367\">\n<td data-start=\"1329\" data-end=\"1342\" data-col-size=\"sm\">Puut\u00f6\u00f6tlus<\/td>\n<td data-start=\"1342\" data-end=\"1367\" data-col-size=\"lg\">Saadaval lisavalikuna<\/td>\n<\/tr>\n<tr data-start=\"1368\" data-end=\"1387\">\n<td data-start=\"1368\" data-end=\"1382\" data-col-size=\"sm\">Ruumide arv<\/td>\n<td data-start=\"1382\" data-end=\"1387\" data-col-size=\"lg\">1<\/td>\n<\/tr>\n<tr data-start=\"1388\" data-end=\"1430\">\n<td data-start=\"1388\" data-end=\"1401\" data-col-size=\"sm\">Garaa\u017eiuks<\/td>\n<td data-start=\"1401\" data-end=\"1430\" data-col-size=\"lg\">240 \u00d7 205 cm (valikuline)<\/td>\n<\/tr>\n<tr data-start=\"1431\" data-end=\"1476\">\n<td data-start=\"1431\" data-end=\"1444\" data-col-size=\"sm\">Katusekate<\/td>\n<td data-start=\"1444\" data-end=\"1476\" data-col-size=\"lg\">Bituumenkate saadaval eraldi<\/td>\n<\/tr>\n<tr data-start=\"1477\" data-end=\"1507\">\n<td data-start=\"1477\" data-end=\"1491\" data-col-size=\"sm\">V\u00e4lism\u00f5\u00f5dud<\/td>\n<td data-start=\"1491\" data-end=\"1507\" data-col-size=\"lg\">595 \u00d7 595 cm<\/td>\n<\/tr>\n<\/tbody>\n<\/table>\n<\/div>\n<\/div>\n<p>&nbsp;<\/p>\n<p>&nbsp;<\/p>\n<p><strong>Saadaval ka soojustuspaketid ja tugevdatud katusevariandid. Kirjuta meile ja k\u00fcsi lisainfot!<\/strong><\/p>\n","protected":false},"excerpt":{"rendered":"<p>Silvia garaa\u017e on \u00fcks meie uusimaid tooteid, mida iseloomustab v\u00f5luv ja minimalistlik disain, modernne puitvooder ning lamekatus. Kui otsid elegantset ja stiilset lahendust s\u00f5iduki hoiustamiseks, tasub seda mudelit kindlasti kaaluda \u2014 see pakub palju!<\/p>\n","protected":false},"featured_media":132786,"comment_status":"open","ping_status":"closed","template":"","meta":{"_acf_changed":false},"factory":[],"free-shipment":[],"product_brand":[],"product_cat":[917,931],"product_tag":[933],"class_list":{"0":"post-132812","1":"product","2":"type-product","3":"status-publish","4":"has-post-thumbnail","6":"product_cat-garden-yard","7":"product_cat-carports","8":"product_tag-garage","10":"first","11":"instock","12":"sale","13":"taxable","14":"shipping-taxable","15":"purchasable","16":"product-type-variable"},"acf":[],"_links":{"self":[{"href":"https:\/\/factory.sale\/et\/wp-json\/wp\/v2\/product\/132812","targetHints":{"allow":["GET"]}}],"collection":[{"href":"https:\/\/factory.sale\/et\/wp-json\/wp\/v2\/product"}],"about":[{"href":"https:\/\/factory.sale\/et\/wp-json\/wp\/v2\/types\/product"}],"replies":[{"embeddable":true,"href":"https:\/\/factory.sale\/et\/wp-json\/wp\/v2\/comments?post=132812"}],"wp:featuredmedia":[{"embeddable":true,"href":"https:\/\/factory.sale\/et\/wp-json\/wp\/v2\/media\/132786"}],"wp:attachment":[{"href":"https:\/\/factory.sale\/et\/wp-json\/wp\/v2\/media?parent=132812"}],"wp:term":[{"taxonomy":"factory","embeddable":true,"href":"https:\/\/factory.sale\/et\/wp-json\/wp\/v2\/factory?post=132812"},{"taxonomy":"free-shipment","embeddable":true,"href":"https:\/\/factory.sale\/et\/wp-json\/wp\/v2\/free-shipment?post=132812"},{"taxonomy":"product_brand","embeddable":true,"href":"https:\/\/factory.sale\/et\/wp-json\/wp\/v2\/product_brand?post=132812"},{"taxonomy":"product_cat","embeddable":true,"href":"https:\/\/factory.sale\/et\/wp-json\/wp\/v2\/product_cat?post=132812"},{"taxonomy":"product_tag","embeddable":true,"href":"https:\/\/factory.sale\/et\/wp-json\/wp\/v2\/product_tag?post=132812"}],"curies":[{"name":"wp","href":"https:\/\/api.w.org\/{rel}","templated":true}]}}