{"id":1328,"date":"2019-08-28T17:20:09","date_gmt":"2019-08-28T17:20:09","guid":{"rendered":"https:\/\/factory.sale\/product\/poltherma-cs-cold-store\/"},"modified":"2024-06-25T14:27:13","modified_gmt":"2024-06-25T14:27:13","slug":"poltherma-cs-cold-store","status":"publish","type":"product","link":"https:\/\/factory.sale\/et\/toode\/poltherma-cs-cold-store\/","title":{"rendered":"PolTherma CS K\u00fclmhoone"},"content":{"rendered":"<section id=\"productHeader\" class=\"row\">\n<div id=\"productDescription\" class=\"col-md-12\">\n<p><span style=\"font-weight: 400;\">Polterma CS on pol\u00fcuretaanist s\u00fcdamikuga spetsiaalne seinapaneel. See on loodud k\u00fclmhoonete rakendustele. Kinnitus on n\u00e4htav (kruvi on kogu paneeli ulatuses). Lisaks k\u00fclmhoonetele sobib CS-seeria k\u00f5igile rakendustele, kus seina soojuslikud omadused on k\u00f5ige olulisemad.<\/span><\/p>\n<p><span style=\"font-weight: 400;\">PolTherma CS on soovitatav ka puu- ja k\u00f6\u00f6givilja ladustamiseks spetsialiseerunud p\u00f5llumajandushoonetele<\/span>.<\/p>\n<p>Miinimumkogus 200 m2.<\/p>\n<p><strong>Parem vastupidavus termilisele deformatsioonile uue profiili jaoks:<\/strong><\/p>\n<ul>\n<li><span style=\"font-weight: 400;\">MicroCoffer mk 550-Polterma CS MK550<\/span><\/li>\n<\/ul>\n<p><strong><span style=\"font-weight: 400;\"><strong>Saadaval ka standardprofiilide<\/strong><\/span>s:<\/strong><\/p>\n<ul>\n<li>Linear \u2013 PolTherma CS L<\/li>\n<li>Micro \u2013 PolTherma CS M<\/li>\n<li>Grooved \u2013 PolTherma CS R<\/li>\n<\/ul>\n<p>Soovitused: but\u00fc\u00fcltihendi paigaldamine paneeli vuugile (kogu paneeli pikkusele) on lagedele kohustuslik. Seinte jaoks on see v\u00f5imalus.<\/p>\n<\/div>\n<\/section>\n<section id=\"productUsage\">\n<h2><strong>Sandwich paneel PolTerma CS-rakendused<\/strong><\/h2>\n<ul>\n<li><span style=\"font-weight: 400;\">V\u00e4lis-ja siseseinad \/ laed eri t\u00fc\u00fcpi hoonetes<\/span><\/li>\n<li><span style=\"font-weight: 400;\">K\u00fclmad hoidlad<\/span><\/li>\n<li><span style=\"font-weight: 400;\">Butcherys<\/span><\/li>\n<li><span style=\"font-weight: 400;\">Tapamaja<\/span><\/li>\n<li><span style=\"font-weight: 400;\">Puu &#8211; ja k\u00f6\u00f6giviljahoidlad<\/span><\/li>\n<li><span style=\"font-weight: 400;\">Toiduainete t\u00f6\u00f6tlemise hooned<\/span><\/li>\n<li><span style=\"font-weight: 400;\">P\u00f5llumajandushooned<\/span><\/li>\n<\/ul>\n<\/section>\n<section id=\"productData\">\n<div class=\"tab-content\">\n<div id=\"opis\" class=\"tab-pane active\">\n<h3>PolTherma CS p\u00f5hiandmed<a class=\"fancybox\" title=\"Sandwich panel PolTherma CS\" href=\"http:\/\/www.europanels.pl\/wp-content\/uploads\/PolTherma-CS-rysunek-techniczny.jpg\" target=\"_blank\" rel=\"noopener\"><img loading=\"lazy\" decoding=\"async\" class=\"attachment-full\" title=\"\" src=\"http:\/\/www.europanels.pl\/wp-content\/uploads\/PolTherma-CS-rysunek-techniczny.jpg\" alt=\"PolTherma CS - rysunek techniczny\" width=\"800\" height=\"200\" \/><\/a><\/h3>\n<table class=\"table table-condensed table-hover table-bordered\">\n<tbody>\n<tr>\n<th>Modulaarne laius<\/th>\n<td>1100 mm<\/td>\n<\/tr>\n<tr>\n<th>Tuum<\/th>\n<td>Europan PU Wall System Core \u2014\u00a0rigid PU foam with declared density 38\u00b13 kg\/m\u00b3\u00a0and thermal conductivity coefficient \u03bb<sub>D<\/sub>\u00a0= 0,022 W\/(m\u2219K) at +10\u00b0C\u00a0including aging, according to EN 14509:2013-12<\/td>\n<\/tr>\n<tr>\n<th>V\u00f5imalus<\/th>\n<td><strong>SPECIAL JOINT\u00a0READY TO\u00a0FULFILL\u00a0WITH THE PU FOAM<\/strong>\u00a0\u2014 for thickness 160 mm and 200 mm<\/td>\n<\/tr>\n<\/tbody>\n<\/table>\n<\/div>\n<\/div>\n<\/section>\n","protected":false},"excerpt":{"rendered":"<h2>Suurep\u00e4rane isolatsioon ilusa profiiliga.<\/h2>\n<p><span style=\"font-weight: 400;\">Polterma CS on pol\u00fcuretaanist s\u00fcdamikuga spetsiaalne seinapaneel. See on loodud k\u00fclmhoonete rakendustele. Kinnitus on n\u00e4htav (kruvi on kogu paneeli ulatuses). Lisaks k\u00fclmhoonetele sobib CS-seeria k\u00f5igile rakendustele, kus seina soojuslikud omadused on k\u00f5ige olulisemad.<\/span><\/p>\n<p>Miinimumkogus 200 m2.<\/p>\n<p>Tegemist on 100mm paneeli n\u00e4idishinnaga. Palun saatke oma p\u00e4ring: order@factory.sale<\/p>\n","protected":false},"featured_media":1330,"comment_status":"open","ping_status":"closed","template":"","meta":{"_acf_changed":false},"factory":[],"free-shipment":[],"product_brand":[],"product_cat":[197,200],"product_tag":[136,137,146],"class_list":{"0":"post-1328","1":"product","2":"type-product","3":"status-publish","4":"has-post-thumbnail","6":"product_cat-sandwich-paneelid","7":"product_cat-sandwich-paneelid-pir-pur","8":"product_tag-panel-et-2","9":"product_tag-polytherma-et-2","10":"product_tag-sandwish-et-2","12":"first","13":"onbackorder","14":"sale","15":"taxable","16":"shipping-taxable","17":"purchasable","18":"product-type-simple"},"acf":[],"_links":{"self":[{"href":"https:\/\/factory.sale\/et\/wp-json\/wp\/v2\/product\/1328","targetHints":{"allow":["GET"]}}],"collection":[{"href":"https:\/\/factory.sale\/et\/wp-json\/wp\/v2\/product"}],"about":[{"href":"https:\/\/factory.sale\/et\/wp-json\/wp\/v2\/types\/product"}],"replies":[{"embeddable":true,"href":"https:\/\/factory.sale\/et\/wp-json\/wp\/v2\/comments?post=1328"}],"wp:featuredmedia":[{"embeddable":true,"href":"https:\/\/factory.sale\/et\/wp-json\/wp\/v2\/media\/1330"}],"wp:attachment":[{"href":"https:\/\/factory.sale\/et\/wp-json\/wp\/v2\/media?parent=1328"}],"wp:term":[{"taxonomy":"factory","embeddable":true,"href":"https:\/\/factory.sale\/et\/wp-json\/wp\/v2\/factory?post=1328"},{"taxonomy":"free-shipment","embeddable":true,"href":"https:\/\/factory.sale\/et\/wp-json\/wp\/v2\/free-shipment?post=1328"},{"taxonomy":"product_brand","embeddable":true,"href":"https:\/\/factory.sale\/et\/wp-json\/wp\/v2\/product_brand?post=1328"},{"taxonomy":"product_cat","embeddable":true,"href":"https:\/\/factory.sale\/et\/wp-json\/wp\/v2\/product_cat?post=1328"},{"taxonomy":"product_tag","embeddable":true,"href":"https:\/\/factory.sale\/et\/wp-json\/wp\/v2\/product_tag?post=1328"}],"curies":[{"name":"wp","href":"https:\/\/api.w.org\/{rel}","templated":true}]}}