{"id":132730,"date":"2025-11-25T16:31:18","date_gmt":"2025-11-25T13:31:55","guid":{"rendered":"https:\/\/factory.sale\/?post_type=product&#038;p=132730"},"modified":"2026-03-16T17:08:46","modified_gmt":"2026-03-16T14:08:46","slug":"garaaz-matkaautole-44-mm-4x8-m-32-m%c2%b2","status":"publish","type":"product","link":"https:\/\/factory.sale\/et\/toode\/garaaz-matkaautole-44-mm-4x8-m-32-m%c2%b2\/","title":{"rendered":"Garaa\u017e matkaautole (44 mm), 4\u00d78 m &#8211; 29,29 m2"},"content":{"rendered":"<p><strong>Miks valida k\u00f5rge puidust garaa\u017e<\/strong><\/p>\n<p>Kui armastad reisida haagissuvila, matkaauto v\u00f5i kompakttraktoriga, tead kui oluline on hoida oma s\u00f5iduk kaitstuna ja alati j\u00e4rgmiseks seikluseks valmis. See k\u00f5rge puidust garaa\u017e, mis on valmistatud sertifitseeritud p\u00f5hjamaise m\u00e4nni puidust, on spetsiaalselt loodud k\u00f5rgemate s\u00f5idukite tarbeks, pakkudes samal ajal suurep\u00e4rast vastupidavust, turvalisust ja ilmastikukaitset.<\/p>\n<p>44 mm seinapaksus, tugev puitkarkass ja 3,17 m k\u00f5rgune sissep\u00e4\u00e4s tagavad, et sinu matkaauto v\u00f5i haagissuvila on kaitstud vihma, lume, UV-kiirguse, tolmu ja varguse eest. Avatud 29,29 m2 sisepind pakub piisavalt ruumi nii s\u00f5iduki kui ka t\u00f6\u00f6riistade, varustuse ja reisitarvikute jaoks.<br \/>\nKohandatav disain v\u00f5imaldab valida lisavarustuse, nagu sektsioonuksed, PVC aknad ja v\u00e4lisuksed, bituumenkatuse v\u00f5i vihmavees\u00fcsteemi, andes sulle t\u00e4ieliku kontrolli funktsionaalsuse ja mugavuse \u00fcle.<br \/>\nOlenemata sellest, kas s\u00e4ilitad matkaautot talveks v\u00f5i hoiad seda valmis spontaanseteks v\u00e4ljas\u00f5itudeks, \u00fchendab see k\u00f5rge puidust garaa\u017e praktilisuse, tugevuse ja ajatult kauni v\u00e4limuse \u2014 tehes sellest v\u00e4\u00e4rt pikaajalise investeeringu igasse \u00f5uealasse.<\/p>\n<p>&nbsp;<\/p>\n<p>&nbsp;<\/p>\n<p><strong>Tehnilised andmed:<\/strong><\/p>\n<div class=\"_tableContainer_1rjym_1\">\n<div class=\"group _tableWrapper_1rjym_13 flex w-fit flex-col-reverse\" tabindex=\"-1\">\n<table class=\"w-fit min-w-(--thread-content-width)\" style=\"height: 522px;\" width=\"700\" data-start=\"1270\" data-end=\"1934\">\n<thead data-start=\"1270\" data-end=\"1300\">\n<tr data-start=\"1270\" data-end=\"1300\">\n<th data-start=\"1270\" data-end=\"1289\" data-col-size=\"sm\">Spetsifikatsioon<\/th>\n<th data-start=\"1289\" data-end=\"1300\" data-col-size=\"md\">V\u00e4\u00e4rtus<\/th>\n<\/tr>\n<\/thead>\n<tbody data-start=\"1332\" data-end=\"1934\">\n<tr data-start=\"1332\" data-end=\"1396\">\n<td data-start=\"1332\" data-end=\"1349\" data-col-size=\"sm\">Ehitusmaterjal<\/td>\n<td data-start=\"1349\" data-end=\"1396\" data-col-size=\"md\">Sertifitseeritud naturaalne p\u00f5hjamaine m\u00e4nd<\/td>\n<\/tr>\n<tr data-start=\"1397\" data-end=\"1429\">\n<td data-start=\"1397\" data-end=\"1405\" data-col-size=\"sm\">Katus<\/td>\n<td data-start=\"1405\" data-end=\"1429\" data-col-size=\"md\">18\u201320 mm katuselauad<\/td>\n<\/tr>\n<tr data-start=\"1430\" data-end=\"1476\">\n<td data-start=\"1430\" data-end=\"1445\" data-col-size=\"sm\">Katuse valik<\/td>\n<td data-start=\"1445\" data-end=\"1476\" data-col-size=\"md\">Saadaval bituumenkatusekate<\/td>\n<\/tr>\n<tr data-start=\"1477\" data-end=\"1503\">\n<td data-start=\"1477\" data-end=\"1494\" data-col-size=\"sm\">Katuse pindala<\/td>\n<td data-start=\"1494\" data-end=\"1503\" data-col-size=\"md\">32 m2 \/ 29,29 m2 (m\u00f5\u00f5detud seinapalgi keskelt)<\/td>\n<\/tr>\n<tr data-start=\"1504\" data-end=\"1528\">\n<td data-start=\"1504\" data-end=\"1519\" data-col-size=\"sm\">Katuse kalle<\/td>\n<td data-start=\"1519\" data-end=\"1528\" data-col-size=\"md\">12,2\u00b0<\/td>\n<\/tr>\n<tr data-start=\"1529\" data-end=\"1560\">\n<td data-start=\"1529\" data-end=\"1544\" data-col-size=\"sm\">V\u00e4lism\u00f5\u00f5tmed<\/td>\n<td data-start=\"1544\" data-end=\"1560\" data-col-size=\"md\">400 \u00d7 800 cm<\/td>\n<\/tr>\n<tr data-start=\"1561\" data-end=\"1591\">\n<td data-start=\"1561\" data-end=\"1575\" data-col-size=\"sm\">Sisem\u00f5\u00f5tmed<\/td>\n<td data-start=\"1575\" data-end=\"1591\" data-col-size=\"md\">371 \u00d7 771 cm<\/td>\n<\/tr>\n<tr data-start=\"1592\" data-end=\"1615\">\n<td data-start=\"1592\" data-end=\"1606\" data-col-size=\"sm\">Seinapaksus<\/td>\n<td data-start=\"1606\" data-end=\"1615\" data-col-size=\"md\">44 mm<\/td>\n<\/tr>\n<tr data-start=\"1616\" data-end=\"1652\">\n<td data-start=\"1616\" data-end=\"1642\" data-col-size=\"sm\">Minimaalne seina k\u00f5rgus<\/td>\n<td data-start=\"1642\" data-end=\"1652\" data-col-size=\"md\">344 cm<\/td>\n<\/tr>\n<tr data-start=\"1653\" data-end=\"1678\">\n<td data-start=\"1653\" data-end=\"1668\" data-col-size=\"sm\">Harja k\u00f5rgus<\/td>\n<td data-start=\"1668\" data-end=\"1678\" data-col-size=\"md\">385 cm<\/td>\n<\/tr>\n<tr data-start=\"1679\" data-end=\"1716\">\n<td data-start=\"1679\" data-end=\"1701\" data-col-size=\"sm\">Ukse m\u00f5\u00f5dud (L \u00d7 K)<\/td>\n<td data-start=\"1701\" data-end=\"1716\" data-col-size=\"md\">85 \u00d7 192 cm<\/td>\n<\/tr>\n<tr data-start=\"1717\" data-end=\"1795\">\n<td data-start=\"1717\" data-end=\"1733\" data-col-size=\"sm\">Garaa\u017ei v\u00e4rav<\/td>\n<td data-start=\"1733\" data-end=\"1795\" data-col-size=\"md\">Ei kuulu komplekti \u2014 saadaval lisavarustusena sektsioonuks<\/td>\n<\/tr>\n<tr data-start=\"1796\" data-end=\"1849\">\n<td data-start=\"1796\" data-end=\"1821\" data-col-size=\"sm\">Garaa\u017ei sissep\u00e4\u00e4su ava<\/td>\n<td data-start=\"1821\" data-end=\"1849\" data-col-size=\"md\">2,7 m lai \u00d7 3,17 m k\u00f5rge<\/td>\n<\/tr>\n<tr data-start=\"1850\" data-end=\"1894\">\n<td data-start=\"1850\" data-end=\"1872\" data-col-size=\"sm\">Akna m\u00f5\u00f5dud (L \u00d7 K)<\/td>\n<td data-start=\"1872\" data-end=\"1894\" data-col-size=\"md\">2 \u00d7 (138 \u00d7 105 cm)<\/td>\n<\/tr>\n<tr data-start=\"1895\" data-end=\"1914\">\n<td data-start=\"1895\" data-end=\"1909\" data-col-size=\"sm\">Ruumide arv<\/td>\n<td data-start=\"1909\" data-end=\"1914\" data-col-size=\"md\">1<\/td>\n<\/tr>\n<tr data-start=\"1915\" data-end=\"1934\">\n<td data-start=\"1915\" data-end=\"1924\" data-col-size=\"sm\">P\u00f5rand<\/td>\n<td data-start=\"1924\" data-end=\"1934\" data-col-size=\"md\">Puudub<\/td>\n<\/tr>\n<\/tbody>\n<\/table>\n<\/div>\n<\/div>\n<p>&nbsp;<\/p>\n<p>&nbsp;<\/p>\n<p><strong>Lisavarustus (hinnad ilma k\u00e4ibemaksuta):<\/strong><\/p>\n<p>Bituumensindel katus + aluskate: 523,25 \u20ac<\/p>\n<p>Vihmaveetorud: 460 \u20ac<\/p>\n<p>Valged PVC aknad ja v\u00e4lisuksed (puust akende\/uste asemel): 2 840,5 \u20ac<\/p>\n<p>Sektsioonukse komplekt: 1 357 \u20ac<\/p>\n<p>&nbsp;<\/p>\n<p>&nbsp;<\/p>\n<p><iframe loading=\"lazy\" title=\"YouTube video\" src=\"\/\/www.youtube.com\/embed\/9S4j3SFXrjM?autoplay=1&amp;mute=1&amp;controls=1&amp;loop=1&amp;playlist=9S4j3SFXrjM\" width=\"800\" height=\"315\" frameborder=\"0\" allowfullscreen=\"allowfullscreen\" data-mce-fragment=\"1\"><\/iframe><\/p>\n<p>&nbsp;<\/p>\n","protected":false},"excerpt":{"rendered":"<p>K\u00f5rge puidust garaa\u017e matkaautole 4\u00d78 m \u2014 avar 29,29 m2 lahendus haagissuvilatele, matkaautodele ja traktoritele. Vastupidav 44 mm p\u00f5hjamaine m\u00e4nd, k\u00f5rge sissep\u00e4\u00e4s ja mitmek\u00fclgsed uksevalikud.<\/p>\n","protected":false},"featured_media":132733,"comment_status":"open","ping_status":"closed","template":"","meta":{"_acf_changed":false},"factory":[],"free-shipment":[],"product_brand":[],"product_cat":[917,931],"product_tag":[],"class_list":{"0":"post-132730","1":"product","2":"type-product","3":"status-publish","4":"has-post-thumbnail","6":"product_cat-garden-yard","7":"product_cat-carports","9":"first","10":"instock","11":"sale","12":"taxable","13":"shipping-taxable","14":"purchasable","15":"product-type-simple"},"acf":[],"_links":{"self":[{"href":"https:\/\/factory.sale\/et\/wp-json\/wp\/v2\/product\/132730","targetHints":{"allow":["GET"]}}],"collection":[{"href":"https:\/\/factory.sale\/et\/wp-json\/wp\/v2\/product"}],"about":[{"href":"https:\/\/factory.sale\/et\/wp-json\/wp\/v2\/types\/product"}],"replies":[{"embeddable":true,"href":"https:\/\/factory.sale\/et\/wp-json\/wp\/v2\/comments?post=132730"}],"wp:featuredmedia":[{"embeddable":true,"href":"https:\/\/factory.sale\/et\/wp-json\/wp\/v2\/media\/132733"}],"wp:attachment":[{"href":"https:\/\/factory.sale\/et\/wp-json\/wp\/v2\/media?parent=132730"}],"wp:term":[{"taxonomy":"factory","embeddable":true,"href":"https:\/\/factory.sale\/et\/wp-json\/wp\/v2\/factory?post=132730"},{"taxonomy":"free-shipment","embeddable":true,"href":"https:\/\/factory.sale\/et\/wp-json\/wp\/v2\/free-shipment?post=132730"},{"taxonomy":"product_brand","embeddable":true,"href":"https:\/\/factory.sale\/et\/wp-json\/wp\/v2\/product_brand?post=132730"},{"taxonomy":"product_cat","embeddable":true,"href":"https:\/\/factory.sale\/et\/wp-json\/wp\/v2\/product_cat?post=132730"},{"taxonomy":"product_tag","embeddable":true,"href":"https:\/\/factory.sale\/et\/wp-json\/wp\/v2\/product_tag?post=132730"}],"curies":[{"name":"wp","href":"https:\/\/api.w.org\/{rel}","templated":true}]}}