{"id":132723,"date":"2025-11-25T14:52:21","date_gmt":"2025-11-25T12:02:46","guid":{"rendered":"https:\/\/factory.sale\/?post_type=product&#038;p=132723"},"modified":"2025-11-25T15:02:47","modified_gmt":"2025-11-25T12:02:47","slug":"modernne-garaaz-7-m-x-55-m","status":"publish","type":"product","link":"https:\/\/factory.sale\/et\/toode\/modernne-garaaz-7-m-x-55-m\/","title":{"rendered":"Modernne garaa\u017e 7 m \u00d7 5,5 m"},"content":{"rendered":"<p><strong>Avar ja vastupidav puitkonstruktsioon<\/strong><\/p>\n<p>Modernne puitgaraa\u017e on ideaalne t\u00e4iendus igale kinnistule, pakkudes turvalist hoiuruumi s\u00f5idukitele, t\u00f6\u00f6riistadele ja varustusele. See sobib suurep\u00e4raselt nii t\u00f6\u00f6koja, taluhuuaruumi kui ka varjualuse parkimiskoha loomiseks. Garaa\u017e \u00fchendab endas vastupidavuse, praktilisuse ja elegantse disaini.<br \/>\nTegemist on esmaklassilise tootega, millel on 198 cm k\u00f5rgused uksed ja kvaliteetsed puitaknad.<\/p>\n<p>&nbsp;<\/p>\n<p><strong>Miks valida see modernne garaa\u017e?<\/strong><\/p>\n<p>See kaheosaline modernne puitgaraa\u017e on jagatud kaheks eraldi ruumiks vaheseinaga, luues mugavad ja funktsionaalsed alad eraldi sissep\u00e4\u00e4sudega. Aknaid paikneb m\u00f5lemal k\u00fcljel, tagades loomuliku valguse ning parema n\u00e4htavuse garaa\u017ei sees. Kaasaegne topeltgaraa\u017e on ideaalne valik kahele autole. S\u00f5idukid saab turvaliselt hoiustada ning garaa\u017ei saab kasutada ka t\u00f6\u00f6ruumina v\u00f5i hobit\u00f6\u00f6kojana. 38 m\u00b2 suurune pind v\u00f5imaldab mugavalt parkida auto ning hoiustada jalgratast ja aiatehnikat.<br \/>\nT\u00e4nu kuusepuidust konstruktsioonile on see garaa\u017e tugev, vastupidav ja kaitseb s\u00f5idukeid h\u00e4sti erinevate ilmastikutingimuste eest.<\/p>\n<p>&nbsp;<\/p>\n<p>&nbsp;<\/p>\n<p><strong>Tehnilised andmed:<\/strong><\/p>\n<div class=\"_tableContainer_1rjym_1\">\n<div class=\"group _tableWrapper_1rjym_13 flex w-fit flex-col-reverse\" tabindex=\"-1\">\n<table class=\"w-fit min-w-(--thread-content-width)\" style=\"height: 246px;\" width=\"482\" data-start=\"1309\" data-end=\"1574\">\n<thead data-start=\"1309\" data-end=\"1347\">\n<tr data-start=\"1309\" data-end=\"1347\">\n<th data-start=\"1309\" data-end=\"1332\" data-col-size=\"sm\"><strong data-start=\"1311\" data-end=\"1331\">Spetsifikatsioon<\/strong><\/th>\n<th data-start=\"1332\" data-end=\"1347\" data-col-size=\"sm\"><strong data-start=\"1334\" data-end=\"1345\">V\u00e4\u00e4rtus<\/strong><\/th>\n<\/tr>\n<\/thead>\n<tbody data-start=\"1387\" data-end=\"1574\">\n<tr data-start=\"1387\" data-end=\"1427\">\n<td data-start=\"1387\" data-end=\"1412\" data-col-size=\"sm\"><strong data-start=\"1389\" data-end=\"1411\">V\u00e4lim\u00f5\u00f5dud (L \u00d7 P)<\/strong><\/td>\n<td data-start=\"1412\" data-end=\"1427\" data-col-size=\"sm\">5,5 m \u00d7 7 m<\/td>\n<\/tr>\n<tr data-start=\"1428\" data-end=\"1453\">\n<td data-start=\"1428\" data-end=\"1442\" data-col-size=\"sm\"><strong data-start=\"1430\" data-end=\"1441\">Siseala<\/strong><\/td>\n<td data-col-size=\"sm\" data-start=\"1442\" data-end=\"1453\">34,8 m\u00b2<\/td>\n<\/tr>\n<tr data-start=\"1454\" data-end=\"1482\">\n<td data-start=\"1454\" data-end=\"1472\" data-col-size=\"sm\"><strong data-start=\"1456\" data-end=\"1471\">Harjak\u00f5rgus<\/strong><\/td>\n<td data-col-size=\"sm\" data-start=\"1472\" data-end=\"1482\">284 cm<\/td>\n<\/tr>\n<tr data-start=\"1483\" data-end=\"1516\">\n<td data-start=\"1483\" data-end=\"1506\" data-col-size=\"sm\"><strong data-start=\"1485\" data-end=\"1505\">K\u00fclgseina k\u00f5rgus<\/strong><\/td>\n<td data-col-size=\"sm\" data-start=\"1506\" data-end=\"1516\">236 cm<\/td>\n<\/tr>\n<tr data-start=\"1517\" data-end=\"1545\">\n<td data-start=\"1517\" data-end=\"1532\" data-col-size=\"sm\"><strong data-start=\"1519\" data-end=\"1531\">Materjal<\/strong><\/td>\n<td data-col-size=\"sm\" data-start=\"1532\" data-end=\"1545\">Kuusepuit<\/td>\n<\/tr>\n<tr data-start=\"1546\" data-end=\"1574\">\n<td data-start=\"1546\" data-end=\"1565\" data-col-size=\"sm\"><strong data-start=\"1548\" data-end=\"1564\">Seina paksus<\/strong><\/td>\n<td data-col-size=\"sm\" data-start=\"1565\" data-end=\"1574\">44 mm<\/td>\n<\/tr>\n<\/tbody>\n<\/table>\n<\/div>\n<\/div>\n<p>&nbsp;<\/p>\n<p><strong>Katuse andmed:<\/strong><\/p>\n<div class=\"_tableContainer_1rjym_1\">\n<div class=\"_tableContainer_1rjym_1\">\n<div class=\"group _tableWrapper_1rjym_13 flex w-fit flex-col-reverse\" tabindex=\"-1\">\n<table class=\"w-fit min-w-(--thread-content-width)\" style=\"height: 254px;\" width=\"484\" data-start=\"1603\" data-end=\"1853\">\n<thead data-start=\"1603\" data-end=\"1634\">\n<tr data-start=\"1603\" data-end=\"1634\">\n<th data-start=\"1603\" data-end=\"1619\" data-col-size=\"sm\"><strong data-start=\"1605\" data-end=\"1618\">Kirjeldus<\/strong><\/th>\n<th data-start=\"1619\" data-end=\"1634\" data-col-size=\"sm\"><strong data-start=\"1621\" data-end=\"1632\">V\u00e4\u00e4rtus<\/strong><\/th>\n<\/tr>\n<\/thead>\n<tbody data-start=\"1667\" data-end=\"1853\">\n<tr data-start=\"1667\" data-end=\"1706\">\n<td data-start=\"1667\" data-end=\"1685\" data-col-size=\"sm\"><strong data-start=\"1669\" data-end=\"1684\">Katuse t\u00fc\u00fcp<\/strong><\/td>\n<td data-col-size=\"sm\" data-start=\"1685\" data-end=\"1706\">\u00dchelapiline katus<\/td>\n<\/tr>\n<tr data-start=\"1707\" data-end=\"1756\">\n<td data-start=\"1707\" data-end=\"1726\" data-col-size=\"sm\"><strong data-start=\"1709\" data-end=\"1725\">Katuselaudis<\/strong><\/td>\n<td data-col-size=\"sm\" data-start=\"1726\" data-end=\"1756\">19 mm paksud puidust lauad<\/td>\n<\/tr>\n<tr data-start=\"1757\" data-end=\"1791\">\n<td data-start=\"1757\" data-end=\"1770\" data-col-size=\"sm\"><strong data-start=\"1759\" data-end=\"1769\">P\u00f5rand<\/strong><\/td>\n<td data-col-size=\"sm\" data-start=\"1770\" data-end=\"1791\">Komplektis ei ole<\/td>\n<\/tr>\n<tr data-start=\"1792\" data-end=\"1820\">\n<td data-start=\"1792\" data-end=\"1809\" data-col-size=\"sm\"><strong data-start=\"1794\" data-end=\"1808\">Katusepind<\/strong><\/td>\n<td data-col-size=\"sm\" data-start=\"1809\" data-end=\"1820\">41,9 m\u00b2<\/td>\n<\/tr>\n<tr data-start=\"1821\" data-end=\"1853\">\n<td data-start=\"1821\" data-end=\"1844\" data-col-size=\"sm\"><strong data-start=\"1823\" data-end=\"1843\">Katuse \u00fcleulatus<\/strong><\/td>\n<td data-col-size=\"sm\" data-start=\"1844\" data-end=\"1853\">0,3 m<\/td>\n<\/tr>\n<\/tbody>\n<\/table>\n<p>&nbsp;<\/p>\n<\/div>\n<p><strong>Uksed:<\/strong><\/p>\n<\/div>\n<\/div>\n<div class=\"_tableContainer_1rjym_1\">\n<div class=\"group _tableWrapper_1rjym_13 flex w-fit flex-col-reverse\" tabindex=\"-1\">\n<table class=\"w-fit min-w-(--thread-content-width)\" style=\"height: 126px;\" width=\"482\" data-start=\"1874\" data-end=\"2014\">\n<thead data-start=\"1874\" data-end=\"1924\">\n<tr data-start=\"1874\" data-end=\"1924\">\n<th data-start=\"1874\" data-end=\"1890\" data-col-size=\"sm\"><strong data-start=\"1876\" data-end=\"1889\">Ukse t\u00fc\u00fcp<\/strong><\/th>\n<th data-start=\"1890\" data-end=\"1911\" data-col-size=\"sm\"><strong data-start=\"1892\" data-end=\"1910\">M\u00f5\u00f5dud (L \u00d7 K)<\/strong><\/th>\n<th data-start=\"1911\" data-end=\"1924\" data-col-size=\"sm\"><strong data-start=\"1913\" data-end=\"1922\">Kogus<\/strong><\/th>\n<\/tr>\n<\/thead>\n<tbody data-start=\"1978\" data-end=\"2014\">\n<tr data-start=\"1978\" data-end=\"2014\">\n<td data-start=\"1978\" data-end=\"1992\" data-col-size=\"sm\"><strong data-start=\"1980\" data-end=\"1991\">K\u00fclguks<\/strong><\/td>\n<td data-start=\"1992\" data-end=\"2006\" data-col-size=\"sm\">85 \u00d7 198 cm<\/td>\n<td data-start=\"2006\" data-end=\"2014\" data-col-size=\"sm\">2 tk<\/td>\n<\/tr>\n<\/tbody>\n<\/table>\n<\/div>\n<\/div>\n<p>&nbsp;<\/p>\n<p>&nbsp;<\/p>\n<p><strong>Garaa\u017eiuksed:\u00a0<\/strong><\/p>\n<div class=\"_tableContainer_1rjym_1\">\n<div class=\"group _tableWrapper_1rjym_13 flex w-fit flex-col-reverse\" tabindex=\"-1\">\n<table class=\"w-fit min-w-(--thread-content-width)\" style=\"height: 151px;\" width=\"487\" data-start=\"2042\" data-end=\"2242\">\n<thead data-start=\"2042\" data-end=\"2072\">\n<tr data-start=\"2042\" data-end=\"2072\">\n<th data-start=\"2042\" data-end=\"2055\" data-col-size=\"sm\"><strong data-start=\"2044\" data-end=\"2054\">Omadus<\/strong><\/th>\n<th data-start=\"2055\" data-end=\"2072\" data-col-size=\"sm\"><strong data-start=\"2057\" data-end=\"2070\">Kirjeldus<\/strong><\/th>\n<\/tr>\n<\/thead>\n<tbody data-start=\"2105\" data-end=\"2242\">\n<tr data-start=\"2105\" data-end=\"2139\">\n<td data-start=\"2105\" data-end=\"2116\" data-col-size=\"sm\"><strong data-start=\"2107\" data-end=\"2115\">Avad<\/strong><\/td>\n<td data-start=\"2116\" data-end=\"2139\" data-col-size=\"sm\">2 ava: 240 \u00d7 202 cm<\/td>\n<\/tr>\n<tr data-start=\"2140\" data-end=\"2192\">\n<td data-start=\"2140\" data-end=\"2154\" data-col-size=\"sm\"><strong data-start=\"2142\" data-end=\"2153\">Valikud<\/strong><\/td>\n<td data-start=\"2154\" data-end=\"2192\" data-col-size=\"sm\">Puidust v\u00f5i metallist garaa\u017eiuksed<\/td>\n<\/tr>\n<tr data-start=\"2193\" data-end=\"2242\">\n<td data-start=\"2193\" data-end=\"2205\" data-col-size=\"sm\"><strong data-start=\"2195\" data-end=\"2204\">Lisad<\/strong><\/td>\n<td data-start=\"2205\" data-end=\"2242\" data-col-size=\"sm\">Metallustele saadaval automaatika<\/td>\n<\/tr>\n<\/tbody>\n<\/table>\n<\/div>\n<\/div>\n<p>&nbsp;<\/p>\n<p>&nbsp;<\/p>\n<p><strong>Aknad:<\/strong><\/p>\n<div class=\"_tableContainer_1rjym_1\">\n<div class=\"group _tableWrapper_1rjym_13 flex w-fit flex-col-reverse\" tabindex=\"-1\">\n<table class=\"w-fit min-w-(--thread-content-width)\" style=\"height: 86px;\" width=\"485\" data-start=\"2263\" data-end=\"2407\">\n<thead data-start=\"2263\" data-end=\"2310\">\n<tr data-start=\"2263\" data-end=\"2310\">\n<th data-start=\"2263\" data-end=\"2284\" data-col-size=\"sm\"><strong data-start=\"2265\" data-end=\"2283\">M\u00f5\u00f5dud (L \u00d7 K)<\/strong><\/th>\n<th data-start=\"2284\" data-end=\"2296\" data-col-size=\"sm\"><strong data-start=\"2286\" data-end=\"2295\">Kogus<\/strong><\/th>\n<th data-start=\"2296\" data-end=\"2310\" data-col-size=\"sm\"><strong data-start=\"2298\" data-end=\"2308\">Luugid<\/strong><\/th>\n<\/tr>\n<\/thead>\n<tbody data-start=\"2361\" data-end=\"2407\">\n<tr data-start=\"2361\" data-end=\"2407\">\n<td data-start=\"2361\" data-end=\"2375\" data-col-size=\"sm\">150 \u00d7 39 cm<\/td>\n<td data-start=\"2375\" data-end=\"2382\" data-col-size=\"sm\">2 tk<\/td>\n<td data-start=\"2382\" data-end=\"2407\" data-col-size=\"sm\">Ei sisaldu komplektis<\/td>\n<\/tr>\n<\/tbody>\n<\/table>\n<\/div>\n<\/div>\n<p>&nbsp;<\/p>\n<p>&nbsp;<\/p>\n<p><strong>Lisaks saadaval (hinnad ilma km-ta):<\/strong><\/p>\n<p>T\u00f6\u00f6stuslik ukse ja akna v\u00e4rvimine \u2013 345 \u20ac<\/p>\n<p>Puidust garaa\u017eiuks \u2013 713 \u20ac<\/p>\n<p>Metallist garaa\u017eiuks \u2013 713 \u20ac<\/p>\n<p>Automatiseeritud s\u00fcsteem metallist garaa\u017eiuksele \u00a0\u2013 713 \u20ac<\/p>\n<p>Immutus \u2013 540,5 \u20ac<\/p>\n<p>&nbsp;<\/p>\n<p>&nbsp;<\/p>\n<p>&nbsp;<\/p>\n<p><a href=\"https:\/\/en.wikipedia.org\/wiki\/List_of_RAL_colours\" target=\"_blank\" rel=\"noopener\">RAL v\u00e4rvide valik<\/a><\/p>\n<p>&nbsp;<\/p>\n<p>&nbsp;<\/p>\n<p><iframe loading=\"lazy\" title=\"YouTube video\" src=\"\/\/www.youtube.com\/embed\/k9kK04ZBp0o?autoplay=1&amp;mute=1&amp;controls=1&amp;start=110&amp;loop=1&amp;playlist=k9kK04ZBp0o\" width=\"800\" height=\"450\" frameborder=\"0\" allowfullscreen=\"allowfullscreen\" data-mce-fragment=\"1\"><\/iframe><\/p>\n<p>&nbsp;<\/p>\n<p><iframe loading=\"lazy\" title=\"YouTube video\" src=\"\/\/www.youtube.com\/embed\/9S4j3SFXrjM?autoplay=1&amp;mute=1&amp;controls=1&amp;loop=1&amp;playlist=9S4j3SFXrjM\" width=\"800\" height=\"315\" frameborder=\"0\" allowfullscreen=\"allowfullscreen\" data-mce-fragment=\"1\"><\/iframe><\/p>\n","protected":false},"excerpt":{"rendered":"<p>Esmaklassiline toode, millel on 198 cm k\u00f5rgused uksed ja kvaliteetsed puitaknad.<\/p>\n","protected":false},"featured_media":132703,"comment_status":"open","ping_status":"closed","template":"","meta":{"_acf_changed":false},"factory":[],"free-shipment":[],"product_brand":[],"product_cat":[917,931],"product_tag":[933,1035,1034,2465],"class_list":{"0":"post-132723","1":"product","2":"type-product","3":"status-publish","4":"has-post-thumbnail","6":"product_cat-garden-yard","7":"product_cat-carports","8":"product_tag-garage","9":"product_tag-garden","10":"product_tag-yard","11":"product_tag-yard-and-garden","13":"first","14":"instock","15":"sale","16":"taxable","17":"shipping-taxable","18":"purchasable","19":"product-type-simple"},"acf":[],"_links":{"self":[{"href":"https:\/\/factory.sale\/et\/wp-json\/wp\/v2\/product\/132723","targetHints":{"allow":["GET"]}}],"collection":[{"href":"https:\/\/factory.sale\/et\/wp-json\/wp\/v2\/product"}],"about":[{"href":"https:\/\/factory.sale\/et\/wp-json\/wp\/v2\/types\/product"}],"replies":[{"embeddable":true,"href":"https:\/\/factory.sale\/et\/wp-json\/wp\/v2\/comments?post=132723"}],"wp:featuredmedia":[{"embeddable":true,"href":"https:\/\/factory.sale\/et\/wp-json\/wp\/v2\/media\/132703"}],"wp:attachment":[{"href":"https:\/\/factory.sale\/et\/wp-json\/wp\/v2\/media?parent=132723"}],"wp:term":[{"taxonomy":"factory","embeddable":true,"href":"https:\/\/factory.sale\/et\/wp-json\/wp\/v2\/factory?post=132723"},{"taxonomy":"free-shipment","embeddable":true,"href":"https:\/\/factory.sale\/et\/wp-json\/wp\/v2\/free-shipment?post=132723"},{"taxonomy":"product_brand","embeddable":true,"href":"https:\/\/factory.sale\/et\/wp-json\/wp\/v2\/product_brand?post=132723"},{"taxonomy":"product_cat","embeddable":true,"href":"https:\/\/factory.sale\/et\/wp-json\/wp\/v2\/product_cat?post=132723"},{"taxonomy":"product_tag","embeddable":true,"href":"https:\/\/factory.sale\/et\/wp-json\/wp\/v2\/product_tag?post=132723"}],"curies":[{"name":"wp","href":"https:\/\/api.w.org\/{rel}","templated":true}]}}