{"id":132674,"date":"2025-11-25T14:14:30","date_gmt":"2025-11-25T11:14:48","guid":{"rendered":"https:\/\/factory.sale\/?post_type=product&#038;p=132674"},"modified":"2025-11-25T14:14:48","modified_gmt":"2025-11-25T11:14:48","slug":"kahekohaline-auto-varjualune-luna-duo-l-kujuliste-seintega","status":"publish","type":"product","link":"https:\/\/factory.sale\/et\/toode\/kahekohaline-auto-varjualune-luna-duo-l-kujuliste-seintega\/","title":{"rendered":"Kahekohaline auto varjualune LUNA DUO L-kujuliste seintega"},"content":{"rendered":"<p>LUNA DUO kahekohaline auto varjualune \u00fchendab tipptasemel funktsionaalsuse ja modernse, elegantse disaini. Selle stiilne v\u00e4limus, traditsiooniline viilkatus ja voolujooneline konstruktsioon muudavad varjualuse praktiliseks ja kauniks t\u00e4ienduseks igale \u00f5uealale.<\/p>\n<p>Kohanda varjualust vastavalt oma vajadustele, valides sobiva arvu k\u00fclgseinu.<\/p>\n<p>&nbsp;<\/p>\n<p><strong>P\u00f5hiomadused<\/strong><\/p>\n<ul>\n<li>L-kujuline seinadisain: Sofistikeeritud liistvooder tagab s\u00f5idukitele parema kaitse.<\/li>\n<li>Optimaalne ventilatsioon: Vertikaalsed liistud k\u00fclgseintel tagavad suurep\u00e4rase \u00f5huvahetuse.<\/li>\n<li>Kohandatav paigutus: Paindlikud v\u00f5imalused k\u00fclgseinade arvu valimiseks vastavalt sinu eelistustele.<\/li>\n<li>Vastupidav konstruktsioon: Valmistatud sertifitseeritud P\u00f5hjala m\u00e4nnist v\u00f5i kuusest, mis tagab pika eluea ja tugevuse.<\/li>\n<li>Kaasaegne esteetika: Ajatu disain, mis t\u00e4iustab kogu sinu aia visuaalset ilmet.<\/li>\n<\/ul>\n<p>&nbsp;<\/p>\n<p>&nbsp;<\/p>\n<p><strong>Kohanda k\u00fclgseinu nii nagu Sulle vaja<\/strong><\/p>\n<p>LUNA DUO varjualune on standardina varustatud kolme k\u00fclgseinaga, mis on valmistatud tugevast puidust raamiga ja vertikaalse liistvoodriga. Disaini saab h\u00f5lpsasti t\u00e4iendada, lisades lisaseinapaneele meie tarvikute valikust.<br \/>\nSoovi korral saab valida 2 kuni 6 paneeli, et saavutada just sulle sobiv kaitse- ja privaatsustase.<\/p>\n<p>&nbsp;<\/p>\n<p>&nbsp;<\/p>\n<p><strong>Tehnilised andmed:<\/strong><\/p>\n<div class=\"_tableContainer_1rjym_1\">\n<div class=\"group _tableWrapper_1rjym_13 flex w-fit flex-col-reverse\" tabindex=\"-1\">\n<table class=\"w-fit min-w-(--thread-content-width)\" style=\"height: 410px;\" width=\"609\" data-start=\"1784\" data-end=\"2220\">\n<thead data-start=\"1784\" data-end=\"1822\">\n<tr data-start=\"1784\" data-end=\"1822\">\n<th data-start=\"1784\" data-end=\"1807\" data-col-size=\"sm\"><strong data-start=\"1786\" data-end=\"1806\">Spetsifikatsioon<\/strong><\/th>\n<th data-start=\"1807\" data-end=\"1822\" data-col-size=\"md\"><strong data-start=\"1809\" data-end=\"1820\">V\u00e4\u00e4rtus<\/strong><\/th>\n<\/tr>\n<\/thead>\n<tbody data-start=\"1863\" data-end=\"2220\">\n<tr data-start=\"1863\" data-end=\"1932\">\n<td data-start=\"1863\" data-end=\"1878\" data-col-size=\"sm\"><strong data-start=\"1865\" data-end=\"1877\">Materjal<\/strong><\/td>\n<td data-start=\"1878\" data-end=\"1932\" data-col-size=\"md\">Sertifitseeritud naturaalne P\u00f5hjala m\u00e4nd v\u00f5i kuusk<\/td>\n<\/tr>\n<tr data-start=\"1933\" data-end=\"1990\">\n<td data-start=\"1933\" data-end=\"1945\" data-col-size=\"sm\"><strong data-start=\"1935\" data-end=\"1944\">Katus<\/strong><\/td>\n<td data-start=\"1945\" data-end=\"1990\" data-col-size=\"md\">18\u201320 mm paksud katusekatted (tapplaudis)<\/td>\n<\/tr>\n<tr data-start=\"1991\" data-end=\"2044\">\n<td data-start=\"1991\" data-end=\"2008\" data-col-size=\"sm\"><strong data-start=\"1993\" data-end=\"2007\">Katusekate<\/strong><\/td>\n<td data-start=\"2008\" data-end=\"2044\" data-col-size=\"md\">Bituumenkatuse lisamine v\u00f5imalik<\/td>\n<\/tr>\n<tr data-start=\"2045\" data-end=\"2075\">\n<td data-start=\"2045\" data-end=\"2066\" data-col-size=\"sm\"><strong data-start=\"2047\" data-end=\"2065\">Katuse pindala<\/strong><\/td>\n<td data-start=\"2066\" data-end=\"2075\" data-col-size=\"md\">42 m\u00b2<\/td>\n<\/tr>\n<tr data-start=\"2076\" data-end=\"2102\">\n<td data-start=\"2076\" data-end=\"2095\" data-col-size=\"sm\"><strong data-start=\"2078\" data-end=\"2094\">Katuse kalle<\/strong><\/td>\n<td data-start=\"2095\" data-end=\"2102\" data-col-size=\"md\">20\u00b0<\/td>\n<\/tr>\n<tr data-start=\"2103\" data-end=\"2136\">\n<td data-start=\"2103\" data-end=\"2120\" data-col-size=\"sm\"><strong data-start=\"2105\" data-end=\"2119\">V\u00e4lim\u00f5\u00f5dud<\/strong><\/td>\n<td data-start=\"2120\" data-end=\"2136\" data-col-size=\"md\">600 \u00d7 600 cm<\/td>\n<\/tr>\n<tr data-start=\"2137\" data-end=\"2177\">\n<td data-start=\"2137\" data-end=\"2167\" data-col-size=\"sm\"><strong data-start=\"2139\" data-end=\"2166\">Minimaalne seina k\u00f5rgus<\/strong><\/td>\n<td data-start=\"2167\" data-end=\"2177\" data-col-size=\"md\">245 cm<\/td>\n<\/tr>\n<tr data-start=\"2178\" data-end=\"2220\">\n<td data-start=\"2178\" data-end=\"2210\" data-col-size=\"sm\"><strong data-start=\"2180\" data-end=\"2209\">Maksimaalne katuse k\u00f5rgus<\/strong><\/td>\n<td data-start=\"2210\" data-end=\"2220\" data-col-size=\"md\">340 cm<\/td>\n<\/tr>\n<\/tbody>\n<\/table>\n<\/div>\n<\/div>\n<p>&nbsp;<\/p>\n<p><strong><a href=\"https:\/\/factory.sale\/wp-content\/uploads\/2025\/11\/Carport-panel_assembly-1.pdf\" target=\"_blank\" rel=\"noopener\">Seinapaneelide paigaldamine<\/a><\/strong><\/p>\n","protected":false},"excerpt":{"rendered":"<p>See mitmek\u00fclgne auto varjualune \u00fchendab stiili, mugavuse ja praktilisuse. Selle uuenduslik disain v\u00f5imaldab k\u00fclgseinu vastavalt vajadusele kohandada, muutes selle paindlikuks ja atraktiivseks lahenduseks s\u00f5idukite kaitsmisel. Kui otsid t\u00f5husat ja elegantset varjualust, on LUNA DUO ideaalne valik.<\/p>\n","protected":false},"featured_media":132677,"comment_status":"open","ping_status":"closed","template":"","meta":{"_acf_changed":false},"factory":[],"free-shipment":[],"product_brand":[],"product_cat":[924,936],"product_tag":[939,1483,1484,2714],"class_list":{"0":"post-132674","1":"product","2":"type-product","3":"status-publish","4":"has-post-thumbnail","6":"product_cat-aiatooted","7":"product_cat-auto-varjualused","8":"product_tag-carport-et","9":"product_tag-garden-et","10":"product_tag-yard-et","11":"product_tag-yard-and-garden-et","13":"first","14":"instock","15":"sale","16":"taxable","17":"shipping-taxable","18":"purchasable","19":"product-type-simple"},"acf":[],"_links":{"self":[{"href":"https:\/\/factory.sale\/et\/wp-json\/wp\/v2\/product\/132674","targetHints":{"allow":["GET"]}}],"collection":[{"href":"https:\/\/factory.sale\/et\/wp-json\/wp\/v2\/product"}],"about":[{"href":"https:\/\/factory.sale\/et\/wp-json\/wp\/v2\/types\/product"}],"replies":[{"embeddable":true,"href":"https:\/\/factory.sale\/et\/wp-json\/wp\/v2\/comments?post=132674"}],"wp:featuredmedia":[{"embeddable":true,"href":"https:\/\/factory.sale\/et\/wp-json\/wp\/v2\/media\/132677"}],"wp:attachment":[{"href":"https:\/\/factory.sale\/et\/wp-json\/wp\/v2\/media?parent=132674"}],"wp:term":[{"taxonomy":"factory","embeddable":true,"href":"https:\/\/factory.sale\/et\/wp-json\/wp\/v2\/factory?post=132674"},{"taxonomy":"free-shipment","embeddable":true,"href":"https:\/\/factory.sale\/et\/wp-json\/wp\/v2\/free-shipment?post=132674"},{"taxonomy":"product_brand","embeddable":true,"href":"https:\/\/factory.sale\/et\/wp-json\/wp\/v2\/product_brand?post=132674"},{"taxonomy":"product_cat","embeddable":true,"href":"https:\/\/factory.sale\/et\/wp-json\/wp\/v2\/product_cat?post=132674"},{"taxonomy":"product_tag","embeddable":true,"href":"https:\/\/factory.sale\/et\/wp-json\/wp\/v2\/product_tag?post=132674"}],"curies":[{"name":"wp","href":"https:\/\/api.w.org\/{rel}","templated":true}]}}