{"id":132663,"date":"2025-11-25T11:43:24","date_gmt":"2025-11-25T08:51:00","guid":{"rendered":"https:\/\/factory.sale\/?post_type=product&#038;p=132663"},"modified":"2025-11-25T11:51:01","modified_gmt":"2025-11-25T08:51:01","slug":"garaaz-woody-37-m-x-72-m-268-m%c2%b2","status":"publish","type":"product","link":"https:\/\/factory.sale\/et\/toode\/garaaz-woody-37-m-x-72-m-268-m%c2%b2\/","title":{"rendered":"Garaa\u017e Woody 3,7 m \u00d7 7,2 m (26,8 m\u00b2)"},"content":{"rendered":"<p>WOODY garaa\u017e on nutikas ja praktiline lahendus s\u00f5iduki kaitsmiseks ning kodu v\u00e4liala t\u00e4iustamiseks. See sobib suurep\u00e4raselt k\u00f5igile, kes otsivad funktsionaalset ja k\u00e4ep\u00e4rast garaa\u017ei oma koduhoovi. WOODY v\u00f5imaldab garaa\u017ei vastavalt soovidele kohandada ja luua kauni t\u00e4ienduse oma aeda v\u00f5i sisses\u00f5iduteele.<br \/>\nVali WOODY usaldusv\u00e4\u00e4rseks, igasuguse ilmaga toimivaks kaitseks ning garaa\u017eiks, mis hoiab sinu auto alati s\u00f5iduvalmis.<\/p>\n<p>&nbsp;<\/p>\n<p>&nbsp;<\/p>\n<p><strong>Mudeli eelised<\/strong><\/p>\n<ul>\n<li>Rohkelt ruumi: Sobib igas suuruses s\u00f5idukitele \u2013 alates v\u00e4ikestest autodest kuni maasturiteni.<\/li>\n<li>Lisahoiustamise v\u00f5imalus: Planeeritud lisaruum, kuhu saab paigutada hoiukaste, t\u00f6\u00f6riistu v\u00f5i taimi.<\/li>\n<li>Ajatu elegants: Klassikaline disain, mis sobitub h\u00e4sti erinevatesse keskkondadesse.<\/li>\n<li>Vastupidav konstruktsioon: Valmistatud aeglaselt kasvanud okaspuust, kasutades tugevaks struktuuriks tapplaudislaudu (tongue-and-groove).<\/li>\n<li>Lihtne ligip\u00e4\u00e4s ja t\u00f5hus kaitse: Kaitseb s\u00f5idukit karmide ilmastikutingimuste eest ja tagab mugava juurdep\u00e4\u00e4su igal ajal.<\/li>\n<\/ul>\n<p>&nbsp;<\/p>\n<p>&nbsp;<\/p>\n<p><strong>Tehnilised andmed:<\/strong><\/p>\n<div class=\"_tableContainer_1rjym_1\">\n<div class=\"group _tableWrapper_1rjym_13 flex w-fit flex-col-reverse\" tabindex=\"-1\">\n<table class=\"w-fit min-w-(--thread-content-width)\" style=\"height: 509px;\" width=\"729\" data-start=\"1260\" data-end=\"2035\">\n<thead data-start=\"1260\" data-end=\"1298\">\n<tr data-start=\"1260\" data-end=\"1298\">\n<th data-start=\"1260\" data-end=\"1283\" data-col-size=\"sm\"><strong data-start=\"1262\" data-end=\"1282\">Spetsifikatsioon<\/strong><\/th>\n<th data-start=\"1283\" data-end=\"1298\" data-col-size=\"md\"><strong data-start=\"1285\" data-end=\"1296\">V\u00e4\u00e4rtus<\/strong><\/th>\n<\/tr>\n<\/thead>\n<tbody data-start=\"1339\" data-end=\"2035\">\n<tr data-start=\"1339\" data-end=\"1366\">\n<td data-start=\"1339\" data-end=\"1357\" data-col-size=\"sm\"><strong data-start=\"1341\" data-end=\"1356\">P\u00f5hipindala<\/strong><\/td>\n<td data-start=\"1357\" data-end=\"1366\" data-col-size=\"md\">30 m\u00b2<\/td>\n<\/tr>\n<tr data-start=\"1367\" data-end=\"1401\">\n<td data-start=\"1367\" data-end=\"1389\" data-col-size=\"sm\"><strong data-start=\"1369\" data-end=\"1388\">Karniisi k\u00f5rgus<\/strong><\/td>\n<td data-start=\"1389\" data-end=\"1401\" data-col-size=\"md\">209,5 cm<\/td>\n<\/tr>\n<tr data-start=\"1402\" data-end=\"1433\">\n<td data-start=\"1402\" data-end=\"1421\" data-col-size=\"sm\"><strong data-start=\"1404\" data-end=\"1420\">Harja k\u00f5rgus<\/strong><\/td>\n<td data-start=\"1421\" data-end=\"1433\" data-col-size=\"md\">249,5 cm<\/td>\n<\/tr>\n<tr data-start=\"1434\" data-end=\"1475\">\n<td data-start=\"1434\" data-end=\"1459\" data-col-size=\"sm\"><strong data-start=\"1436\" data-end=\"1458\">V\u00e4lim\u00f5\u00f5dud (L \u00d7 S)<\/strong><\/td>\n<td data-start=\"1459\" data-end=\"1475\" data-col-size=\"md\">400 \u00d7 750 cm<\/td>\n<\/tr>\n<tr data-start=\"1476\" data-end=\"1541\">\n<td data-start=\"1476\" data-end=\"1491\" data-col-size=\"sm\"><strong data-start=\"1478\" data-end=\"1490\">Materjal<\/strong><\/td>\n<td data-start=\"1491\" data-end=\"1541\" data-col-size=\"md\">Kvaliteetne, aeglaselt kasvanud m\u00e4nd v\u00f5i kuusk<\/td>\n<\/tr>\n<tr data-start=\"1542\" data-end=\"1598\">\n<td data-start=\"1542\" data-end=\"1554\" data-col-size=\"sm\"><strong data-start=\"1544\" data-end=\"1553\">Katus<\/strong><\/td>\n<td data-start=\"1554\" data-end=\"1598\" data-col-size=\"md\">19\u201320 mm paksud tapplaudisega kattelauad<\/td>\n<\/tr>\n<tr data-start=\"1599\" data-end=\"1644\">\n<td data-start=\"1599\" data-end=\"1616\" data-col-size=\"sm\"><strong data-start=\"1601\" data-end=\"1615\">Katusekate<\/strong><\/td>\n<td data-start=\"1616\" data-end=\"1644\" data-col-size=\"md\">Saadaval lisavarustusena<\/td>\n<\/tr>\n<tr data-start=\"1645\" data-end=\"1695\">\n<td data-start=\"1645\" data-end=\"1686\" data-col-size=\"sm\"><strong data-start=\"1647\" data-end=\"1685\">Katuse \u00fcleulatus (ees, k\u00fclg, taga)<\/strong><\/td>\n<td data-start=\"1686\" data-end=\"1695\" data-col-size=\"md\">30 cm<\/td>\n<\/tr>\n<tr data-start=\"1696\" data-end=\"1724\">\n<td data-start=\"1696\" data-end=\"1715\" data-col-size=\"sm\"><strong data-start=\"1698\" data-end=\"1714\">Seina paksus<\/strong><\/td>\n<td data-start=\"1715\" data-end=\"1724\" data-col-size=\"md\">44 mm<\/td>\n<\/tr>\n<tr data-start=\"1725\" data-end=\"1770\">\n<td data-start=\"1725\" data-end=\"1754\" data-col-size=\"sm\"><strong data-start=\"1727\" data-end=\"1753\">Minimaalsed p\u00f5him\u00f5\u00f5dud<\/strong><\/td>\n<td data-start=\"1754\" data-end=\"1770\" data-col-size=\"md\">384 \u00d7 734 cm<\/td>\n<\/tr>\n<tr data-start=\"1771\" data-end=\"1826\">\n<td data-start=\"1771\" data-end=\"1784\" data-col-size=\"sm\"><strong data-start=\"1773\" data-end=\"1783\">P\u00f5rand<\/strong><\/td>\n<td data-start=\"1784\" data-end=\"1826\" data-col-size=\"md\">Ei sisaldu komplektis; saadaval lisana<\/td>\n<\/tr>\n<tr data-start=\"1827\" data-end=\"1923\">\n<td data-start=\"1827\" data-end=\"1853\" data-col-size=\"sm\"><strong data-start=\"1829\" data-end=\"1852\">Ukse m\u00f5\u00f5dud (L \u00d7 K)<\/strong><\/td>\n<td data-start=\"1853\" data-end=\"1923\" data-col-size=\"md\">Garaa\u017eiuksed: 240 \u00d7 205 cm (valikuline)<br \/>\n\u00dcksikuks: 85 \u00d7 192 cm<\/td>\n<\/tr>\n<tr data-start=\"1924\" data-end=\"1972\">\n<td data-start=\"1924\" data-end=\"1950\" data-col-size=\"sm\"><strong data-start=\"1926\" data-end=\"1949\">Akna m\u00f5\u00f5dud (L \u00d7 K)<\/strong><\/td>\n<td data-start=\"1950\" data-end=\"1972\" data-col-size=\"md\">2 \u00d7 (138 \u00d7 105 cm)<\/td>\n<\/tr>\n<tr data-start=\"1973\" data-end=\"2001\">\n<td data-start=\"1973\" data-end=\"1988\" data-col-size=\"sm\"><strong data-start=\"1975\" data-end=\"1987\">Garantii<\/strong><\/td>\n<td data-start=\"1988\" data-end=\"2001\" data-col-size=\"md\">10 aastat<\/td>\n<\/tr>\n<tr data-start=\"2002\" data-end=\"2035\">\n<td data-start=\"2002\" data-end=\"2021\" data-col-size=\"sm\"><strong data-start=\"2004\" data-end=\"2020\">Puidut\u00f6\u00f6tlus<\/strong><\/td>\n<td data-start=\"2021\" data-end=\"2035\" data-col-size=\"md\">Valikuline<\/td>\n<\/tr>\n<\/tbody>\n<\/table>\n<\/div>\n<\/div>\n<p>&nbsp;<\/p>\n<p>&nbsp;<\/p>\n<p><strong>Garaa\u017eiuste valikud (hinnad ilma km-ta):<\/strong><\/p>\n<p>Ilma garaa\u017eiusteta: 0 \u20ac<\/p>\n<p>Puidust garaa\u017eiuksed: 523.25 \u20ac<\/p>\n<p>Sektsioonuksed: 1138.5 \u20ac<\/p>\n<p>&nbsp;<\/p>\n<p><strong>Saadaval on ka tugevdatud katus, k\u00f5rgemad seinad ja lisakatuse variandid vastavalt soovile. K\u00fcsi lisa!<\/strong><\/p>\n<p>&nbsp;<\/p>\n<p><a href=\"https:\/\/factory.sale\/wp-content\/uploads\/2025\/11\/SH12SH15-EN.pdf\" target=\"_blank\" rel=\"noopener\"><strong>Kuidas paigaldada sektsioonuksi<\/strong><\/a><\/p>\n<p><a href=\"https:\/\/factory.sale\/wp-content\/uploads\/2025\/11\/E.CER-Garage_Woody-3.7x7.2m-44mm.pdf\" target=\"_blank\" rel=\"noopener\"><strong>Paigaldusjuhend<\/strong><\/a><\/p>\n<p>&nbsp;<\/p>\n<p>&nbsp;<\/p>\n<p><iframe loading=\"lazy\" title=\"YouTube video\" src=\"\/\/www.youtube.com\/embed\/9S4j3SFXrjM?autoplay=1&amp;mute=1&amp;controls=1&amp;loop=1&amp;playlist=9S4j3SFXrjM\" width=\"800\" height=\"315\" frameborder=\"0\" allowfullscreen=\"allowfullscreen\" data-mce-fragment=\"1\"><\/iframe><\/p>\n","protected":false},"excerpt":{"rendered":"<p>Avastage garaa\u017e WOODY 3,7 \u00d7 7,2 m \u2014 vastupidav ja elegantne puitgaraa\u017e, mis pakub avarat ruumi, s\u00f5idukile kaitset, lisahoiustamise v\u00f5imalusi ja kohandatavaid garaa\u017eiuste lahendusi.<\/p>\n","protected":false},"featured_media":132639,"comment_status":"open","ping_status":"closed","template":"","meta":{"_acf_changed":false},"factory":[],"free-shipment":[],"product_brand":[],"product_cat":[924,936],"product_tag":[940,1483,1484,2714],"class_list":{"0":"post-132663","1":"product","2":"type-product","3":"status-publish","4":"has-post-thumbnail","6":"product_cat-aiatooted","7":"product_cat-auto-varjualused","8":"product_tag-garage-et","9":"product_tag-garden-et","10":"product_tag-yard-et","11":"product_tag-yard-and-garden-et","13":"first","14":"instock","15":"sale","16":"taxable","17":"shipping-taxable","18":"purchasable","19":"product-type-simple"},"acf":[],"_links":{"self":[{"href":"https:\/\/factory.sale\/et\/wp-json\/wp\/v2\/product\/132663","targetHints":{"allow":["GET"]}}],"collection":[{"href":"https:\/\/factory.sale\/et\/wp-json\/wp\/v2\/product"}],"about":[{"href":"https:\/\/factory.sale\/et\/wp-json\/wp\/v2\/types\/product"}],"replies":[{"embeddable":true,"href":"https:\/\/factory.sale\/et\/wp-json\/wp\/v2\/comments?post=132663"}],"wp:featuredmedia":[{"embeddable":true,"href":"https:\/\/factory.sale\/et\/wp-json\/wp\/v2\/media\/132639"}],"wp:attachment":[{"href":"https:\/\/factory.sale\/et\/wp-json\/wp\/v2\/media?parent=132663"}],"wp:term":[{"taxonomy":"factory","embeddable":true,"href":"https:\/\/factory.sale\/et\/wp-json\/wp\/v2\/factory?post=132663"},{"taxonomy":"free-shipment","embeddable":true,"href":"https:\/\/factory.sale\/et\/wp-json\/wp\/v2\/free-shipment?post=132663"},{"taxonomy":"product_brand","embeddable":true,"href":"https:\/\/factory.sale\/et\/wp-json\/wp\/v2\/product_brand?post=132663"},{"taxonomy":"product_cat","embeddable":true,"href":"https:\/\/factory.sale\/et\/wp-json\/wp\/v2\/product_cat?post=132663"},{"taxonomy":"product_tag","embeddable":true,"href":"https:\/\/factory.sale\/et\/wp-json\/wp\/v2\/product_tag?post=132663"}],"curies":[{"name":"wp","href":"https:\/\/api.w.org\/{rel}","templated":true}]}}