{"id":132606,"date":"2025-11-25T00:55:30","date_gmt":"2025-11-24T22:21:43","guid":{"rendered":"https:\/\/factory.sale\/?post_type=product&#038;p=132606"},"modified":"2025-11-25T01:21:44","modified_gmt":"2025-11-24T22:21:44","slug":"puidust-auto-varjualune-l-kujulise-seinaga-luna-32-x-6-m","status":"publish","type":"product","link":"https:\/\/factory.sale\/et\/toode\/puidust-auto-varjualune-l-kujulise-seinaga-luna-32-x-6-m\/","title":{"rendered":"Puidust auto varjualune L-kujulise seinaga LUNA (3,2 \u00d7 6 m)"},"content":{"rendered":"<p>Otsid stiilset ja t\u00f5husat lahendust oma s\u00f5idukite kaitsmiseks? LUNA puidust auto varjualune on ideaalne valik \u2014 mitmek\u00fclgne ja kvaliteetne konstruktsioon, mis t\u00e4iustab sinu \u00f5ueala.<br \/>\nKohandatav disain v\u00f5imaldab valida k\u00fclgseinade arvu, tagades, et varjualune vastab t\u00e4pselt sinu vajadustele.<\/p>\n<p>&nbsp;<\/p>\n<p><strong>P\u00f5hiomadused<\/strong><\/p>\n<ul>\n<li>Elegantne L-kujuline seinadisain: Pakkudes t\u00f5husat kaitset s\u00f5idukitele ning r\u00f5hutades varjualuse modernset v\u00e4limust.<\/li>\n<li>Optimaalne ventilatsioon: Vertikaalsed liistud k\u00fclgseintel tagavad suurep\u00e4rase \u00f5huvahetuse, hoides sisemuse v\u00e4rske ja kuivana.<\/li>\n<li>Kohandatavad seinavalikud: Saad ise m\u00e4\u00e4rata k\u00fclgseinade arvu, et saavutada soovitud kaitse- ja privaatsustase.<\/li>\n<li>Vastupidav konstruktsioon: Valmistatud sertifitseeritud P\u00f5hjala m\u00e4nnist v\u00f5i kuusest, mis tagab pikaealisuse ja vastupidavuse.<\/li>\n<li>Stiilne disain: Lisab sinu \u00f5uealale stiilse ja eksklusiivse ilme.<\/li>\n<\/ul>\n<p>See L-kujuline puidust auto varjualune \u00fchendab endas stiili, funktsionaalsuse ja paindlikkuse. Selle uuenduslik disain v\u00f5imaldab k\u00fclgseinu vastavalt vajadusele kohandada, muutes selle nutikaks ja mitmek\u00fclgseks lahenduseks s\u00f5idukite hoiustamiseks.<\/p>\n<p>&nbsp;<\/p>\n<p><strong>Kohandatavad seinavalikud<\/strong><\/p>\n<p>LUNA varjualune on standardina varustatud kolme k\u00fclgseinaga, millest iga\u00fcks on tugevast puidust raamiga ja vertikaalsete liistudega. T\u00e4iendava paindlikkuse saavutamiseks saab lisada 2 kuni 5 lisaseinapaneeli meie tarvikute valikust. Nii on v\u00f5imalik leida ideaalne tasakaal kaitse, privaatsuse ja ventilatsiooni vahel.<\/p>\n<p>&nbsp;<\/p>\n<p><strong>Tehnilised andmed:<\/strong><\/p>\n<div class=\"_tableContainer_1rjym_1\">\n<div class=\"group _tableWrapper_1rjym_13 flex w-fit flex-col-reverse\" tabindex=\"-1\">\n<table class=\"w-fit min-w-(--thread-content-width)\" style=\"height: 350px;\" width=\"628\" data-start=\"1740\" data-end=\"2108\">\n<thead data-start=\"1740\" data-end=\"1770\">\n<tr data-start=\"1740\" data-end=\"1770\">\n<th data-start=\"1740\" data-end=\"1759\" data-col-size=\"sm\">Spetsifikatsioon<\/th>\n<th data-start=\"1759\" data-end=\"1770\" data-col-size=\"md\">V\u00e4\u00e4rtus<\/th>\n<\/tr>\n<\/thead>\n<tbody data-start=\"1802\" data-end=\"2108\">\n<tr data-start=\"1802\" data-end=\"1867\">\n<td data-start=\"1802\" data-end=\"1813\" data-col-size=\"sm\">Materjal<\/td>\n<td data-start=\"1813\" data-end=\"1867\" data-col-size=\"md\">Sertifitseeritud naturaalne P\u00f5hjala m\u00e4nd v\u00f5i kuusk<\/td>\n<\/tr>\n<tr data-start=\"1868\" data-end=\"1904\">\n<td data-start=\"1868\" data-end=\"1883\" data-col-size=\"sm\">Katuse lauad<\/td>\n<td data-start=\"1883\" data-end=\"1904\" data-col-size=\"md\">18\u201320 mm paksused<\/td>\n<\/tr>\n<tr data-start=\"1905\" data-end=\"1964\">\n<td data-start=\"1905\" data-end=\"1929\" data-col-size=\"sm\">Valikuline katusekate<\/td>\n<td data-start=\"1929\" data-end=\"1964\" data-col-size=\"md\">V\u00f5imalik lisada bituumenplaadid<\/td>\n<\/tr>\n<tr data-start=\"1965\" data-end=\"1991\">\n<td data-start=\"1965\" data-end=\"1982\" data-col-size=\"sm\">Katuse pindala<\/td>\n<td data-start=\"1982\" data-end=\"1991\" data-col-size=\"md\">23 m\u00b2<\/td>\n<\/tr>\n<tr data-start=\"1992\" data-end=\"2014\">\n<td data-start=\"1992\" data-end=\"2007\" data-col-size=\"sm\">Katuse kalle<\/td>\n<td data-start=\"2007\" data-end=\"2014\" data-col-size=\"md\">20\u00b0<\/td>\n<\/tr>\n<tr data-start=\"2015\" data-end=\"2044\">\n<td data-start=\"2015\" data-end=\"2028\" data-col-size=\"sm\">V\u00e4lim\u00f5\u00f5dud<\/td>\n<td data-start=\"2028\" data-end=\"2044\" data-col-size=\"md\">322 \u00d7 600 cm<\/td>\n<\/tr>\n<tr data-start=\"2045\" data-end=\"2077\">\n<td data-start=\"2045\" data-end=\"2067\" data-col-size=\"sm\">Seina k\u00f5rgus (min.)<\/td>\n<td data-start=\"2067\" data-end=\"2077\" data-col-size=\"md\">245 cm<\/td>\n<\/tr>\n<tr data-start=\"2078\" data-end=\"2108\">\n<td data-start=\"2078\" data-end=\"2098\" data-col-size=\"sm\">Katuse koguk\u00f5rgus<\/td>\n<td data-start=\"2098\" data-end=\"2108\" data-col-size=\"md\">340 cm<\/td>\n<\/tr>\n<\/tbody>\n<\/table>\n<\/div>\n<\/div>\n<p>&nbsp;<\/p>\n<p>&nbsp;<\/p>\n<p>&nbsp;<\/p>\n<p><a href=\"https:\/\/factory.sale\/wp-content\/uploads\/2025\/11\/Carport-panel_assembly.pdf\" target=\"_blank\" rel=\"noopener\">Seinapaneelide paigaldus<\/a><\/p>\n","protected":false},"excerpt":{"rendered":"<p>Tutvustame LUNA puidust auto varjualust L-kujulise seinaga \u2014 funktsionaalsuse ja kaasaegse disaini t\u00e4iuslikku kooslust. Selle elegantne konstruktsioon, moodne esteetika ja traditsiooniline viilkatus muudavad selle suurep\u00e4raseks t\u00e4ienduseks igale aiale, pakkudes nii stiili kui ka praktilisust.<\/p>\n","protected":false},"featured_media":132609,"comment_status":"open","ping_status":"closed","template":"","meta":{"_acf_changed":false},"factory":[],"free-shipment":[],"product_brand":[],"product_cat":[924,936],"product_tag":[939,1483,1484],"class_list":{"0":"post-132606","1":"product","2":"type-product","3":"status-publish","4":"has-post-thumbnail","6":"product_cat-aiatooted","7":"product_cat-auto-varjualused","8":"product_tag-carport-et","9":"product_tag-garden-et","10":"product_tag-yard-et","12":"first","13":"instock","14":"sale","15":"taxable","16":"shipping-taxable","17":"purchasable","18":"product-type-simple"},"acf":[],"_links":{"self":[{"href":"https:\/\/factory.sale\/et\/wp-json\/wp\/v2\/product\/132606","targetHints":{"allow":["GET"]}}],"collection":[{"href":"https:\/\/factory.sale\/et\/wp-json\/wp\/v2\/product"}],"about":[{"href":"https:\/\/factory.sale\/et\/wp-json\/wp\/v2\/types\/product"}],"replies":[{"embeddable":true,"href":"https:\/\/factory.sale\/et\/wp-json\/wp\/v2\/comments?post=132606"}],"wp:featuredmedia":[{"embeddable":true,"href":"https:\/\/factory.sale\/et\/wp-json\/wp\/v2\/media\/132609"}],"wp:attachment":[{"href":"https:\/\/factory.sale\/et\/wp-json\/wp\/v2\/media?parent=132606"}],"wp:term":[{"taxonomy":"factory","embeddable":true,"href":"https:\/\/factory.sale\/et\/wp-json\/wp\/v2\/factory?post=132606"},{"taxonomy":"free-shipment","embeddable":true,"href":"https:\/\/factory.sale\/et\/wp-json\/wp\/v2\/free-shipment?post=132606"},{"taxonomy":"product_brand","embeddable":true,"href":"https:\/\/factory.sale\/et\/wp-json\/wp\/v2\/product_brand?post=132606"},{"taxonomy":"product_cat","embeddable":true,"href":"https:\/\/factory.sale\/et\/wp-json\/wp\/v2\/product_cat?post=132606"},{"taxonomy":"product_tag","embeddable":true,"href":"https:\/\/factory.sale\/et\/wp-json\/wp\/v2\/product_tag?post=132606"}],"curies":[{"name":"wp","href":"https:\/\/api.w.org\/{rel}","templated":true}]}}