{"id":132599,"date":"2025-11-25T00:44:58","date_gmt":"2025-11-24T21:50:21","guid":{"rendered":"https:\/\/factory.sale\/?post_type=product&#038;p=132599"},"modified":"2025-11-25T00:50:22","modified_gmt":"2025-11-24T21:50:22","slug":"tivoli-kahekohaline-auto-varjualune-kuuriga-595-m-x-95-m-44-mm","status":"publish","type":"product","link":"https:\/\/factory.sale\/et\/toode\/tivoli-kahekohaline-auto-varjualune-kuuriga-595-m-x-95-m-44-mm\/","title":{"rendered":"Tivoli \u2013 Kahekohaline auto varjualune kuuriga (5,95 m \u00d7 9,5 m), 44 mm"},"content":{"rendered":"<p>Tivoli kahekohaline auto varjualune on stiilne ja praktiline ehitis majaomanikele, kes hindavad vastupidavust, ruumikust ja ajatult kaunist v\u00e4limust. Selle klassikaline viilkatus, tugevad 44 mm kuuse- v\u00f5i m\u00e4nnipuidust seinad ja l\u00e4bim\u00f5eldud stuudiotuba muudavad Tivoli enamaks kui lihtsalt auto varjualuseks \u2014 see on mitmeotstarbeline laiendus sinu kodule.<\/p>\n<p>39,8 m\u00b2 suurune varjualune pakub piisavalt ruumi kahele s\u00f5idukile, jalgratastele v\u00f5i \u00f5uevarustusele. T\u00e4iendav 16,7 m\u00b2 stuudioala avab hulgaliselt v\u00f5imalusi: kasuta seda aiamajana, kodukontorina, hobitoana, t\u00f6\u00f6kojana v\u00f5i panipaigana. Muudetav paigutus v\u00f5imaldab kuuri paigaldada m\u00f5lemale poole, et see sobituks t\u00e4pselt sinu krundi ja vajadustega.<br \/>\nKvaliteetsed puidust v\u00f5i PVC aknad ja uksed, PVC kahekordne klaaspakett parema soojustuse tagamiseks ning komplekti kuuluvad tormitugevdused tagavad pikaealisuse ja igap\u00e4evase mugavuse. Klassikaline 13\u00b0 viilkatus lisab traditsioonilist v\u00e4limust ning parandab ilmastikukindlust ja vee \u00e4ravoolu.<\/p>\n<p>Kui vajad turvalist parkimiskohta, lisapanipaika v\u00f5i eraldi t\u00f6\u00f6ruumi, \u00fchendab Tivoli need k\u00f5ik \u00fcheks funktsionaalseks, stiilseks ja paindlikuks \u00f5uelahenduseks.<\/p>\n<p>&nbsp;<\/p>\n<p><strong>Tehnilised andmed:<\/strong><\/p>\n<div class=\"_tableContainer_1rjym_1\">\n<div class=\"group _tableWrapper_1rjym_13 flex w-fit flex-col-reverse\" tabindex=\"-1\">\n<table class=\"w-fit min-w-(--thread-content-width)\" data-start=\"1427\" data-end=\"2466\">\n<thead data-start=\"1427\" data-end=\"1465\">\n<tr data-start=\"1427\" data-end=\"1465\">\n<th data-start=\"1427\" data-end=\"1450\" data-col-size=\"sm\"><strong data-start=\"1429\" data-end=\"1449\">SPETSIFIKATSIOON<\/strong><\/th>\n<th data-start=\"1450\" data-end=\"1465\" data-col-size=\"md\"><strong data-start=\"1452\" data-end=\"1463\">V\u00c4\u00c4RTUS<\/strong><\/th>\n<\/tr>\n<\/thead>\n<tbody data-start=\"1505\" data-end=\"2466\">\n<tr data-start=\"1505\" data-end=\"1527\">\n<td data-start=\"1505\" data-end=\"1516\" data-col-size=\"sm\"><strong data-start=\"1507\" data-end=\"1515\">Kaal<\/strong><\/td>\n<td data-col-size=\"md\" data-start=\"1516\" data-end=\"1527\">3456 kg<\/td>\n<\/tr>\n<tr data-start=\"1528\" data-end=\"1570\">\n<td data-start=\"1528\" data-end=\"1549\" data-col-size=\"sm\"><strong data-start=\"1530\" data-end=\"1548\">Pakendi m\u00f5\u00f5dud<\/strong><\/td>\n<td data-col-size=\"md\" data-start=\"1549\" data-end=\"1570\">600 \u00d7 120 \u00d7 80 cm<\/td>\n<\/tr>\n<tr data-start=\"1571\" data-end=\"1606\">\n<td data-start=\"1571\" data-end=\"1589\" data-col-size=\"sm\"><strong data-start=\"1573\" data-end=\"1588\">V\u00e4lism\u00f5\u00f5dud<\/strong><\/td>\n<td data-col-size=\"md\" data-start=\"1589\" data-end=\"1606\">5,95 \u00d7 9,50 m<\/td>\n<\/tr>\n<tr data-start=\"1607\" data-end=\"1635\">\n<td data-start=\"1607\" data-end=\"1626\" data-col-size=\"sm\"><strong data-start=\"1609\" data-end=\"1625\">Seina paksus<\/strong><\/td>\n<td data-col-size=\"md\" data-start=\"1626\" data-end=\"1635\">44 mm<\/td>\n<\/tr>\n<tr data-start=\"1636\" data-end=\"1680\">\n<td data-start=\"1636\" data-end=\"1654\" data-col-size=\"sm\"><strong data-start=\"1638\" data-end=\"1653\">Katuse t\u00fc\u00fcp<\/strong><\/td>\n<td data-col-size=\"md\" data-start=\"1654\" data-end=\"1680\">Klassikaline viilkatus<\/td>\n<\/tr>\n<tr data-start=\"1681\" data-end=\"1707\">\n<td data-start=\"1681\" data-end=\"1700\" data-col-size=\"sm\"><strong data-start=\"1683\" data-end=\"1699\">Katuse kalle<\/strong><\/td>\n<td data-col-size=\"md\" data-start=\"1700\" data-end=\"1707\">13\u00b0<\/td>\n<\/tr>\n<tr data-start=\"1708\" data-end=\"1737\">\n<td data-start=\"1708\" data-end=\"1727\" data-col-size=\"sm\"><strong data-start=\"1710\" data-end=\"1726\">Harja k\u00f5rgus<\/strong><\/td>\n<td data-col-size=\"md\" data-start=\"1727\" data-end=\"1737\">2,95 m<\/td>\n<\/tr>\n<tr data-start=\"1738\" data-end=\"1767\">\n<td data-start=\"1738\" data-end=\"1757\" data-col-size=\"sm\"><strong data-start=\"1740\" data-end=\"1756\">Seina k\u00f5rgus<\/strong><\/td>\n<td data-col-size=\"md\" data-start=\"1757\" data-end=\"1767\">2,30 m<\/td>\n<\/tr>\n<tr data-start=\"1768\" data-end=\"1819\">\n<td data-start=\"1768\" data-end=\"1791\" data-col-size=\"sm\"><strong data-start=\"1770\" data-end=\"1790\">Stuudio sisepind<\/strong><\/td>\n<td data-col-size=\"md\" data-start=\"1791\" data-end=\"1819\">~2,80 \u00d7 5,95 m = 16,7 m\u00b2<\/td>\n<\/tr>\n<tr data-start=\"1820\" data-end=\"1874\">\n<td data-start=\"1820\" data-end=\"1846\" data-col-size=\"sm\"><strong data-start=\"1822\" data-end=\"1845\">Varjualuse sisepind<\/strong><\/td>\n<td data-col-size=\"md\" data-start=\"1846\" data-end=\"1874\">~6,70 \u00d7 5,95 m = 39,8 m\u00b2<\/td>\n<\/tr>\n<tr data-start=\"1875\" data-end=\"1925\">\n<td data-start=\"1875\" data-end=\"1914\" data-col-size=\"sm\"><strong data-start=\"1877\" data-end=\"1913\">Auto varjualuse boksilaius (iga)<\/strong><\/td>\n<td data-col-size=\"md\" data-start=\"1914\" data-end=\"1925\">~2,63 m<\/td>\n<\/tr>\n<tr data-start=\"1926\" data-end=\"1992\">\n<td data-start=\"1926\" data-end=\"1957\" data-col-size=\"sm\"><strong data-start=\"1928\" data-end=\"1956\">Konstruktsiooni materjal<\/strong><\/td>\n<td data-col-size=\"md\" data-start=\"1957\" data-end=\"1992\">Naturaalne tugev kuusk v\u00f5i m\u00e4nd<\/td>\n<\/tr>\n<tr data-start=\"1993\" data-end=\"2034\">\n<td data-start=\"1993\" data-end=\"2008\" data-col-size=\"sm\"><strong data-start=\"1995\" data-end=\"2007\">Paigutus<\/strong><\/td>\n<td data-start=\"2008\" data-end=\"2034\" data-col-size=\"md\">P\u00f6\u00f6ratav (vasak\/parem)<\/td>\n<\/tr>\n<tr data-start=\"2035\" data-end=\"2090\">\n<td data-start=\"2035\" data-end=\"2062\" data-col-size=\"sm\"><strong data-start=\"2037\" data-end=\"2061\">Aknad (puitversioon)<\/strong><\/td>\n<td data-start=\"2062\" data-end=\"2090\" data-col-size=\"md\">2 \u00d7 aknad 1380 \u00d7 1050 mm<\/td>\n<\/tr>\n<tr data-start=\"2091\" data-end=\"2183\">\n<td data-start=\"2091\" data-end=\"2118\" data-col-size=\"sm\"><strong data-start=\"2093\" data-end=\"2117\">Uksed (puitversioon)<\/strong><\/td>\n<td data-start=\"2118\" data-end=\"2183\" data-col-size=\"md\">1 \u00d7 klaasuks 850 \u00d7 1920 mm, 1 \u00d7 kahekordne uks 1615 \u00d7 1920 mm<\/td>\n<\/tr>\n<tr data-start=\"2184\" data-end=\"2279\">\n<td data-start=\"2184\" data-end=\"2211\" data-col-size=\"sm\"><strong data-start=\"2186\" data-end=\"2210\">Aknad (PVC-versioon)<\/strong><\/td>\n<td data-start=\"2211\" data-end=\"2279\" data-col-size=\"md\">2 \u00d7 PVC aken 1200 \u00d7 1165 mm, 1 \u00d7 fikseeritud aken 2000 \u00d7 1935 mm<\/td>\n<\/tr>\n<tr data-start=\"2280\" data-end=\"2334\">\n<td data-start=\"2280\" data-end=\"2305\" data-col-size=\"sm\"><strong data-start=\"2282\" data-end=\"2304\">Uks (PVC-versioon)<\/strong><\/td>\n<td data-start=\"2305\" data-end=\"2334\" data-col-size=\"md\">1 \u00d7 PVC uks 900 \u00d7 2043 mm<\/td>\n<\/tr>\n<tr data-start=\"2335\" data-end=\"2367\">\n<td data-start=\"2335\" data-end=\"2357\" data-col-size=\"sm\"><strong data-start=\"2337\" data-end=\"2356\">Tormitugevdused<\/strong><\/td>\n<td data-start=\"2357\" data-end=\"2367\" data-col-size=\"md\">Kaasas<\/td>\n<\/tr>\n<tr data-start=\"2368\" data-end=\"2412\">\n<td data-start=\"2368\" data-end=\"2386\" data-col-size=\"sm\"><strong data-start=\"2370\" data-end=\"2385\">Klaaspakett<\/strong><\/td>\n<td data-start=\"2386\" data-end=\"2412\" data-col-size=\"md\">PVC kahepakiline klaas<\/td>\n<\/tr>\n<tr data-start=\"2413\" data-end=\"2466\">\n<td data-start=\"2413\" data-end=\"2435\" data-col-size=\"sm\"><strong data-start=\"2415\" data-end=\"2434\">Stuudio kasutus<\/strong><\/td>\n<td data-start=\"2435\" data-end=\"2466\" data-col-size=\"md\">Aiamaja, kontor v\u00f5i t\u00f6\u00f6tuba<\/td>\n<\/tr>\n<\/tbody>\n<\/table>\n<\/div>\n<p>&nbsp;<\/p>\n<p>&nbsp;<\/p>\n<p><strong>Lisaks saadaval (hinnad ei sisalda k\u00e4ibemaksu):<\/strong><\/p>\n<p>Bituumensindel katus \u2013 644 \u20ac<\/p>\n<p>Valged PVC aknad ja uksed puidust versiooni asemel \u2013 2530 \u20ac<\/p>\n<\/div>\n<p>&nbsp;<\/p>\n<p>&nbsp;<\/p>\n<p><iframe loading=\"lazy\" title=\"YouTube video\" src=\"\/\/www.youtube.com\/embed\/9S4j3SFXrjM?autoplay=1&amp;mute=1&amp;controls=1&amp;loop=1&amp;playlist=9S4j3SFXrjM\" width=\"800\" height=\"315\" frameborder=\"0\" allowfullscreen=\"allowfullscreen\" data-mce-fragment=\"1\"><\/iframe><\/p>\n","protected":false},"excerpt":{"rendered":"<p>Tivoli kahekohaline auto varjualune kuuriga, 39,8 m\u00b2 parkimispinda ja 16,7 m\u00b2 stuudio. Klassikaline viilkatus, 44 mm kuusepuidust seinad \u2014 ideaalne hoiustamiseks, kontoriks v\u00f5i t\u00f6\u00f6kojaks.<\/p>\n","protected":false},"featured_media":132552,"comment_status":"open","ping_status":"closed","template":"","meta":{"_acf_changed":false},"factory":[],"free-shipment":[],"product_brand":[],"product_cat":[924,936],"product_tag":[1483,1484,2714],"class_list":{"0":"post-132599","1":"product","2":"type-product","3":"status-publish","4":"has-post-thumbnail","6":"product_cat-aiatooted","7":"product_cat-auto-varjualused","8":"product_tag-garden-et","9":"product_tag-yard-et","10":"product_tag-yard-and-garden-et","12":"first","13":"instock","14":"sale","15":"taxable","16":"shipping-taxable","17":"purchasable","18":"product-type-simple"},"acf":[],"_links":{"self":[{"href":"https:\/\/factory.sale\/et\/wp-json\/wp\/v2\/product\/132599","targetHints":{"allow":["GET"]}}],"collection":[{"href":"https:\/\/factory.sale\/et\/wp-json\/wp\/v2\/product"}],"about":[{"href":"https:\/\/factory.sale\/et\/wp-json\/wp\/v2\/types\/product"}],"replies":[{"embeddable":true,"href":"https:\/\/factory.sale\/et\/wp-json\/wp\/v2\/comments?post=132599"}],"wp:featuredmedia":[{"embeddable":true,"href":"https:\/\/factory.sale\/et\/wp-json\/wp\/v2\/media\/132552"}],"wp:attachment":[{"href":"https:\/\/factory.sale\/et\/wp-json\/wp\/v2\/media?parent=132599"}],"wp:term":[{"taxonomy":"factory","embeddable":true,"href":"https:\/\/factory.sale\/et\/wp-json\/wp\/v2\/factory?post=132599"},{"taxonomy":"free-shipment","embeddable":true,"href":"https:\/\/factory.sale\/et\/wp-json\/wp\/v2\/free-shipment?post=132599"},{"taxonomy":"product_brand","embeddable":true,"href":"https:\/\/factory.sale\/et\/wp-json\/wp\/v2\/product_brand?post=132599"},{"taxonomy":"product_cat","embeddable":true,"href":"https:\/\/factory.sale\/et\/wp-json\/wp\/v2\/product_cat?post=132599"},{"taxonomy":"product_tag","embeddable":true,"href":"https:\/\/factory.sale\/et\/wp-json\/wp\/v2\/product_tag?post=132599"}],"curies":[{"name":"wp","href":"https:\/\/api.w.org\/{rel}","templated":true}]}}