{"id":1325,"date":"2019-08-28T17:20:09","date_gmt":"2019-08-28T17:20:09","guid":{"rendered":"https:\/\/factory.sale\/product\/t-shirt-with-logo\/"},"modified":"2025-10-24T15:41:58","modified_gmt":"2025-10-24T12:41:58","slug":"pu-seina-sandwich-paneel","status":"publish","type":"product","link":"https:\/\/factory.sale\/et\/toode\/pu-seina-sandwich-paneel\/","title":{"rendered":"PU seina sandwich-paneel"},"content":{"rendered":"<section id=\"productHeader\" class=\"row\">\n<div id=\"productDescription\" class=\"col-md-12\">\n<p><span style=\"font-weight: 400;\">Seina sandwich-paneel, millel on j\u00e4ik PU-vahtmaterjalist s\u00fcdamik, mis on kinnitatud tugistruktuurile n\u00e4htamatult (nn varjatud kontakt). Plaadi serva sobiv disain v\u00f5imaldab peita kinnituskruvi luku spetsiaalselt profileeritud osas, mis katab k\u00fclgneva plaadi. Sel viisil puuduvad hoone fassaadil k\u00f5ik n\u00e4htavad kinnitused, moodustades \u00fchtse paneeli elegantseks reljeefiks.\u00a0<\/span><\/p>\n<p><span style=\"font-weight: 400;\">Miinimumkogus 200 m2.<\/span><\/p>\n<p><span style=\"font-weight: 400;\">Seina sandwich-paneelide dekoratiivne joon on ehitusturul ainulaadne pakkumine.<\/span><\/p>\n<p><strong>PolTherma DS seina sandwich paneel on saadaval j\u00e4rgmistes profiilides:<\/strong><\/p>\n<ul>\n<li>kaldprofiilide koostamine &#8211; PolTherma DS S<\/li>\n<li>mikrokasseti profileerimine 500 &#8211; PolTherma DS MK500<\/li>\n<\/ul>\n<p><strong>Polterma DS on saadaval valik:<\/strong><\/p>\n<ul>\n<li><span style=\"font-weight: 400;\"><strong>FLEXI<\/strong> &#8211; on tsingitud terasest sisevoodriga plaat, mis sobib ideaalselt nii hoonete renoveerimiseks (fassaadi v\u00e4rskendamine) kui ka termo-moderniseerimiseks (hoone isolatsioon). Kehtib paksusele 60, 80, 100, 120.<\/span><\/li>\n<\/ul>\n<p><span style=\"font-weight: 400;\">PolTherma DS on n\u00e4ide uusimast tehnoloogiast, mis on praegu saadaval sandwich-paneelides maailmas nii pol\u00fcuretaanist s\u00fcdamiku moodustamise valdkonnas kui ka t\u00f6\u00f6stusdisainilahenduses, mis on seotud t\u00e4iustatud fassaadi profiilimise protsessidega.<\/span><\/p>\n<p><span style=\"font-weight: 400;\">Ainulaadne Polterma DS seinapaneelide s\u00fcsteem on p\u00e4lvinud Pozna\u0144i rahvusvahelise messi ja AGROTECH Kielce rahvusvahelise messi maineka kuldmedali.<\/span><\/p>\n<\/div>\n<\/section>\n<section id=\"productUsage\">\n<h2><strong>Polterma DS sandwich-paneel &#8211; rakendus<\/strong><\/h2>\n<ul>\n<li>\u00c4ripinnad<\/li>\n<li>T\u00f6\u00f6stusrajatised<\/li>\n<li>Saalid<\/li>\n<li>P\u00f5llumajanduse rajatised<\/li>\n<li>Logistikakeskused<\/li>\n<li>Laod<\/li>\n<\/ul>\n<\/section>\n<h3>PolTherma DS p\u00f5hiandmed<\/h3>\n<div id=\"productsTechnicalPicture\" class=\"text-center\"><a class=\"fancybox\" title=\"PolTherma DS sandwich panel\" href=\"http:\/\/www.europanels.pl\/wp-content\/uploads\/PolTherma-DS-rysunek-techniczny.jpg\" target=\"_blank\" rel=\"noopener\"><img loading=\"lazy\" decoding=\"async\" class=\"attachment-full\" title=\"\" src=\"http:\/\/www.europanels.pl\/wp-content\/uploads\/PolTherma-DS-rysunek-techniczny.jpg\" alt=\"PolTherma DS - technical drawing\" width=\"800\" height=\"200\" \/><\/a><\/div>\n<div><img loading=\"lazy\" decoding=\"async\" class=\"alignnone size-full wp-image-130395\" src=\"https:\/\/factory.sale\/wp-content\/uploads\/2019\/08\/ColoursFull.bmp\" alt=\"\" width=\"1661\" height=\"893\" \/><\/div>\n","protected":false},"excerpt":{"rendered":"<p><span style=\"font-weight: 400;\">Seina sandwich-paneel, millel on j\u00e4ik PU-vahtmaterjalist s\u00fcdamik, mis on kinnitatud tugistruktuurile n\u00e4htamatult (nn varjatud kontakt). Plaadi serva sobiv disain v\u00f5imaldab peita kinnituskruvi luku spetsiaalselt profileeritud osas, mis katab k\u00fclgneva plaadi. Sel viisil puuduvad hoone fassaadil k\u00f5ik n\u00e4htavad kinnitused, moodustades \u00fchtse paneeli elegantseks reljeefiks.<\/span><\/p>\n<p>Miinimumkogus 200 m2.<\/p>\n<p>Tegemist on 100mm paneeli n\u00e4idishinnaga. Palun saatke oma p\u00e4ring: order@factory.sale<\/p>\n","protected":false},"featured_media":1327,"comment_status":"open","ping_status":"closed","template":"","meta":{"_acf_changed":false},"factory":[],"free-shipment":[],"product_brand":[],"product_cat":[197,200],"product_tag":[145,146],"class_list":{"0":"post-1325","1":"product","2":"type-product","3":"status-publish","4":"has-post-thumbnail","6":"product_cat-sandwich-paneelid","7":"product_cat-sandwich-paneelid-pir-pur","8":"product_tag-sandwich-panel-et","9":"product_tag-sandwish-et-2","11":"first","12":"instock","13":"sale","14":"taxable","15":"shipping-taxable","16":"purchasable","17":"product-type-simple"},"acf":[],"_links":{"self":[{"href":"https:\/\/factory.sale\/et\/wp-json\/wp\/v2\/product\/1325","targetHints":{"allow":["GET"]}}],"collection":[{"href":"https:\/\/factory.sale\/et\/wp-json\/wp\/v2\/product"}],"about":[{"href":"https:\/\/factory.sale\/et\/wp-json\/wp\/v2\/types\/product"}],"replies":[{"embeddable":true,"href":"https:\/\/factory.sale\/et\/wp-json\/wp\/v2\/comments?post=1325"}],"wp:featuredmedia":[{"embeddable":true,"href":"https:\/\/factory.sale\/et\/wp-json\/wp\/v2\/media\/1327"}],"wp:attachment":[{"href":"https:\/\/factory.sale\/et\/wp-json\/wp\/v2\/media?parent=1325"}],"wp:term":[{"taxonomy":"factory","embeddable":true,"href":"https:\/\/factory.sale\/et\/wp-json\/wp\/v2\/factory?post=1325"},{"taxonomy":"free-shipment","embeddable":true,"href":"https:\/\/factory.sale\/et\/wp-json\/wp\/v2\/free-shipment?post=1325"},{"taxonomy":"product_brand","embeddable":true,"href":"https:\/\/factory.sale\/et\/wp-json\/wp\/v2\/product_brand?post=1325"},{"taxonomy":"product_cat","embeddable":true,"href":"https:\/\/factory.sale\/et\/wp-json\/wp\/v2\/product_cat?post=1325"},{"taxonomy":"product_tag","embeddable":true,"href":"https:\/\/factory.sale\/et\/wp-json\/wp\/v2\/product_tag?post=1325"}],"curies":[{"name":"wp","href":"https:\/\/api.w.org\/{rel}","templated":true}]}}