{"id":132459,"date":"2025-11-24T16:29:41","date_gmt":"2025-11-24T13:36:16","guid":{"rendered":"https:\/\/factory.sale\/?post_type=product&#038;p=132459"},"modified":"2025-11-24T16:41:02","modified_gmt":"2025-11-24T13:41:02","slug":"tivoli-kahekohaline-auto-varjualune-lamekatuse-ja-kuuriga-595-m-x-95-m-44-mm","status":"publish","type":"product","link":"https:\/\/factory.sale\/et\/toode\/tivoli-kahekohaline-auto-varjualune-lamekatuse-ja-kuuriga-595-m-x-95-m-44-mm\/","title":{"rendered":"Tivoli \u2013 Kahekohaline auto varjualune lamekatuse ja kuuriga (5,95 m x 9,5 m), 44 mm"},"content":{"rendered":"<p>Tivoli kahekohaline auto varjualune on ideaalne kombinatsioon modernsest disainist, kvaliteetsetest materjalidest ja multifunktsionaalsusest. Selle elegantne lamekatus, avar parkimiskoht ja praktiline kuur toovad igap\u00e4evasesse \u00f5ueellu nii stiili kui mugavust.<\/p>\n<p>Tugevast looduslikust kuusest valmistatud konstruktsioon pakub suurep\u00e4rast vastupidavust ning puhtaid, kaasaegseid jooni, mis sobituvad harmooniliselt igasse koduaeda. Paigaldus on paindlik, sest kuuri saab paigutada nii vasakule kui paremale poole.<\/p>\n<p>Avar 39,8 m\u00b2 auto varjualune mahutab mugavalt kaks s\u00f5idukit, jalgrattaid v\u00f5i muud \u00f5uvarustust. 16,7 m\u00b2 stuudio on ideaalne aiamaja, kontor, hobituba, t\u00f6\u00f6tuba v\u00f5i privaatne puhkenurk\u2014PVC kahepakiklaasid tagavad parema soojapidavuse ja mugavuse aastaringseks kasutamiseks.<\/p>\n<p>Kvaliteetsed puidust v\u00f5i PVC uksed ja aknad, tugevdusvardad lisastabiilsuseks ning t\u00e4pselt t\u00f6\u00f6deldud 44 mm seinad teevad Tivolist k\u00f5rgetasemelise \u00f5ueehitise, mis \u00fchendab funktsionaalsuse ja stiili.<br \/>\nKui vajad turvalist parkimiskohta, lisaruumi hoiustamiseks v\u00f5i kaasaegset aiamaja, pakub Tivoli mitmek\u00fclgset ja praktilist lahendust t\u00e4nap\u00e4eva vajadustele.<\/p>\n<p>&nbsp;<\/p>\n<p>&nbsp;<\/p>\n<p><strong>Tehnilised andmed:<\/strong><\/p>\n<div class=\"_tableContainer_1rjym_1\">\n<div class=\"group _tableWrapper_1rjym_13 flex w-fit flex-col-reverse\" tabindex=\"-1\">\n<table class=\"w-fit min-w-(--thread-content-width)\" style=\"height: 586px;\" width=\"846\" data-start=\"1273\" data-end=\"2222\">\n<thead data-start=\"1273\" data-end=\"1311\">\n<tr data-start=\"1273\" data-end=\"1311\">\n<th data-start=\"1273\" data-end=\"1296\" data-col-size=\"sm\"><strong data-start=\"1275\" data-end=\"1295\">SPETSIFIKATSIOON<\/strong><\/th>\n<th data-start=\"1296\" data-end=\"1311\" data-col-size=\"md\"><strong data-start=\"1298\" data-end=\"1309\">V\u00c4\u00c4RTUS<\/strong><\/th>\n<\/tr>\n<\/thead>\n<tbody data-start=\"1352\" data-end=\"2222\">\n<tr data-start=\"1352\" data-end=\"1387\">\n<td data-start=\"1352\" data-end=\"1370\" data-col-size=\"sm\"><strong data-start=\"1354\" data-end=\"1369\">V\u00e4lism\u00f5\u00f5dud<\/strong><\/td>\n<td data-start=\"1370\" data-end=\"1387\" data-col-size=\"md\">5,95 \u00d7 9,50 m<\/td>\n<\/tr>\n<tr data-start=\"1388\" data-end=\"1416\">\n<td data-start=\"1388\" data-end=\"1407\" data-col-size=\"sm\"><strong data-start=\"1390\" data-end=\"1406\">Seina paksus<\/strong><\/td>\n<td data-start=\"1407\" data-end=\"1416\" data-col-size=\"md\">44 mm<\/td>\n<\/tr>\n<tr data-start=\"1417\" data-end=\"1448\">\n<td data-start=\"1417\" data-end=\"1435\" data-col-size=\"sm\"><strong data-start=\"1419\" data-end=\"1434\">Katuse t\u00fc\u00fcp<\/strong><\/td>\n<td data-start=\"1435\" data-end=\"1448\" data-col-size=\"md\">Lamekatus<\/td>\n<\/tr>\n<tr data-start=\"1449\" data-end=\"1476\">\n<td data-start=\"1449\" data-end=\"1468\" data-col-size=\"sm\"><strong data-start=\"1451\" data-end=\"1467\">Katuse kalle<\/strong><\/td>\n<td data-start=\"1468\" data-end=\"1476\" data-col-size=\"md\">4,1\u00b0<\/td>\n<\/tr>\n<tr data-start=\"1477\" data-end=\"1506\">\n<td data-start=\"1477\" data-end=\"1496\" data-col-size=\"sm\"><strong data-start=\"1479\" data-end=\"1495\">Harja k\u00f5rgus<\/strong><\/td>\n<td data-start=\"1496\" data-end=\"1506\" data-col-size=\"md\">2,80 m<\/td>\n<\/tr>\n<tr data-start=\"1507\" data-end=\"1536\">\n<td data-start=\"1507\" data-end=\"1526\" data-col-size=\"sm\"><strong data-start=\"1509\" data-end=\"1525\">Seina k\u00f5rgus<\/strong><\/td>\n<td data-start=\"1526\" data-end=\"1536\" data-col-size=\"md\">2,30 m<\/td>\n<\/tr>\n<tr data-start=\"1537\" data-end=\"1588\">\n<td data-start=\"1537\" data-end=\"1560\" data-col-size=\"sm\"><strong data-start=\"1539\" data-end=\"1559\">Stuudio sisem\u00f5\u00f5t<\/strong><\/td>\n<td data-start=\"1560\" data-end=\"1588\" data-col-size=\"md\">~2,80 \u00d7 5,95 m = 16,7 m\u00b2<\/td>\n<\/tr>\n<tr data-start=\"1589\" data-end=\"1643\">\n<td data-start=\"1589\" data-end=\"1615\" data-col-size=\"sm\"><strong data-start=\"1591\" data-end=\"1614\">Varjualuse sisem\u00f5\u00f5dud<\/strong><\/td>\n<td data-start=\"1615\" data-end=\"1643\" data-col-size=\"md\">~6,70 \u00d7 5,95 m = 39,8 m\u00b2<\/td>\n<\/tr>\n<tr data-start=\"1644\" data-end=\"1686\">\n<td data-start=\"1644\" data-end=\"1675\" data-col-size=\"sm\"><strong data-start=\"1646\" data-end=\"1674\">Autokoha laius<\/strong><\/td>\n<td data-start=\"1675\" data-end=\"1686\" data-col-size=\"md\">~2,63 m<\/td>\n<\/tr>\n<tr data-start=\"1687\" data-end=\"1738\">\n<td data-start=\"1687\" data-end=\"1718\" data-col-size=\"sm\"><strong data-start=\"1689\" data-end=\"1717\">Konstruktsiooni materjal<\/strong><\/td>\n<td data-start=\"1718\" data-end=\"1738\" data-col-size=\"md\">Naturaalne kuusk<\/td>\n<\/tr>\n<tr data-start=\"1739\" data-end=\"1778\">\n<td data-start=\"1739\" data-end=\"1754\" data-col-size=\"sm\"><strong data-start=\"1741\" data-end=\"1753\">Paigutus<\/strong><\/td>\n<td data-start=\"1754\" data-end=\"1778\" data-col-size=\"md\">P\u00f6\u00f6ratav vasak\/parem<\/td>\n<\/tr>\n<tr data-start=\"1779\" data-end=\"1834\">\n<td data-start=\"1779\" data-end=\"1806\" data-col-size=\"sm\"><strong data-start=\"1781\" data-end=\"1805\">Aknad (puitversioon)<\/strong><\/td>\n<td data-start=\"1806\" data-end=\"1834\" data-col-size=\"md\">2 \u00d7 aknad 1380 \u00d7 1050 mm<\/td>\n<\/tr>\n<tr data-start=\"1835\" data-end=\"1930\">\n<td data-start=\"1835\" data-end=\"1862\" data-col-size=\"sm\"><strong data-start=\"1837\" data-end=\"1861\">Aknad (PVC versioon)<\/strong><\/td>\n<td data-start=\"1862\" data-end=\"1930\" data-col-size=\"md\">2 \u00d7 PVC aken 1200 \u00d7 1165 mm, 1 \u00d7 fikseeritud aken 2000 \u00d7 1935 mm<\/td>\n<\/tr>\n<tr data-start=\"1931\" data-end=\"2023\">\n<td data-start=\"1931\" data-end=\"1958\" data-col-size=\"sm\"><strong data-start=\"1933\" data-end=\"1957\">Uksed (puitversioon)<\/strong><\/td>\n<td data-start=\"1958\" data-end=\"2023\" data-col-size=\"md\">1 \u00d7 klaasuks 850 \u00d7 1920 mm, 1 \u00d7 kahekordne uks 1615 \u00d7 1920 mm<\/td>\n<\/tr>\n<tr data-start=\"2024\" data-end=\"2080\">\n<td data-start=\"2024\" data-end=\"2051\" data-col-size=\"sm\"><strong data-start=\"2026\" data-end=\"2050\">Uksed (PVC versioon)<\/strong><\/td>\n<td data-start=\"2051\" data-end=\"2080\" data-col-size=\"md\">1 \u00d7 PVC uks 900 \u00d7 2043 mm<\/td>\n<\/tr>\n<tr data-start=\"2081\" data-end=\"2113\">\n<td data-start=\"2081\" data-end=\"2103\" data-col-size=\"sm\"><strong data-start=\"2083\" data-end=\"2102\">Tormitugevdused<\/strong><\/td>\n<td data-start=\"2103\" data-end=\"2113\" data-col-size=\"md\">Kaasas<\/td>\n<\/tr>\n<tr data-start=\"2114\" data-end=\"2153\">\n<td data-start=\"2114\" data-end=\"2132\" data-col-size=\"sm\"><strong data-start=\"2116\" data-end=\"2131\">Klaaspakett<\/strong><\/td>\n<td data-start=\"2132\" data-end=\"2153\" data-col-size=\"md\">PVC kahepakiklaas<\/td>\n<\/tr>\n<tr data-start=\"2154\" data-end=\"2222\">\n<td data-start=\"2154\" data-end=\"2176\" data-col-size=\"sm\"><strong data-start=\"2156\" data-end=\"2175\">Stuudio kasutus<\/strong><\/td>\n<td data-start=\"2176\" data-end=\"2222\" data-col-size=\"md\">Sobib aiamajaks, kontoriks v\u00f5i hobiruumiks<\/td>\n<\/tr>\n<\/tbody>\n<\/table>\n<\/div>\n<\/div>\n<p>&nbsp;<\/p>\n<p>&nbsp;<\/p>\n<p><strong>V\u00f5imalik tellida ka 68 mm paksuste seintega (+ 2340.25 \u20ac + KM)<\/strong><\/p>\n<p>&nbsp;<\/p>\n<p>&nbsp;<\/p>\n<p><a href=\"https:\/\/factory.sale\/wp-content\/uploads\/2025\/11\/E.CER-Tivoli-5.95x9.5m-44mm_1.pdf\" target=\"_blank\" rel=\"noopener\">Paigaldusjuhised PDF<\/a><\/p>\n<p>&nbsp;<\/p>\n<p><iframe loading=\"lazy\" title=\"YouTube video\" src=\"\/\/www.youtube.com\/embed\/9S4j3SFXrjM?autoplay=1&amp;mute=1&amp;controls=1&amp;loop=1&amp;playlist=9S4j3SFXrjM\" width=\"800\" height=\"315\" frameborder=\"0\" allowfullscreen=\"allowfullscreen\" data-mce-fragment=\"1\"><\/iframe><\/p>\n","protected":false},"excerpt":{"rendered":"<p>Kaasaegne auto varjualune kahele autole ja kuuriga. Auto varjualune Tivoli pakub 39,8 m\u00b2 parkimispinda, 16,7 m\u00b2 stuudiot, lamekatust ning vastupidavat 44 mm puitkonstruktsiooni. Ideaalne hoiustamiseks ja \u00f5uealale.<\/p>\n","protected":false},"featured_media":132441,"comment_status":"open","ping_status":"closed","template":"","meta":{"_acf_changed":false},"factory":[],"free-shipment":[],"product_brand":[],"product_cat":[924,936],"product_tag":[939,1483,1484,2714],"class_list":{"0":"post-132459","1":"product","2":"type-product","3":"status-publish","4":"has-post-thumbnail","6":"product_cat-aiatooted","7":"product_cat-auto-varjualused","8":"product_tag-carport-et","9":"product_tag-garden-et","10":"product_tag-yard-et","11":"product_tag-yard-and-garden-et","13":"first","14":"instock","15":"sale","16":"taxable","17":"shipping-taxable","18":"purchasable","19":"product-type-simple"},"acf":[],"_links":{"self":[{"href":"https:\/\/factory.sale\/et\/wp-json\/wp\/v2\/product\/132459","targetHints":{"allow":["GET"]}}],"collection":[{"href":"https:\/\/factory.sale\/et\/wp-json\/wp\/v2\/product"}],"about":[{"href":"https:\/\/factory.sale\/et\/wp-json\/wp\/v2\/types\/product"}],"replies":[{"embeddable":true,"href":"https:\/\/factory.sale\/et\/wp-json\/wp\/v2\/comments?post=132459"}],"wp:featuredmedia":[{"embeddable":true,"href":"https:\/\/factory.sale\/et\/wp-json\/wp\/v2\/media\/132441"}],"wp:attachment":[{"href":"https:\/\/factory.sale\/et\/wp-json\/wp\/v2\/media?parent=132459"}],"wp:term":[{"taxonomy":"factory","embeddable":true,"href":"https:\/\/factory.sale\/et\/wp-json\/wp\/v2\/factory?post=132459"},{"taxonomy":"free-shipment","embeddable":true,"href":"https:\/\/factory.sale\/et\/wp-json\/wp\/v2\/free-shipment?post=132459"},{"taxonomy":"product_brand","embeddable":true,"href":"https:\/\/factory.sale\/et\/wp-json\/wp\/v2\/product_brand?post=132459"},{"taxonomy":"product_cat","embeddable":true,"href":"https:\/\/factory.sale\/et\/wp-json\/wp\/v2\/product_cat?post=132459"},{"taxonomy":"product_tag","embeddable":true,"href":"https:\/\/factory.sale\/et\/wp-json\/wp\/v2\/product_tag?post=132459"}],"curies":[{"name":"wp","href":"https:\/\/api.w.org\/{rel}","templated":true}]}}