{"id":132331,"date":"2025-11-24T02:04:12","date_gmt":"2025-11-23T23:17:10","guid":{"rendered":"https:\/\/factory.sale\/?post_type=product&#038;p=132331"},"modified":"2025-11-24T02:19:17","modified_gmt":"2025-11-23T23:19:17","slug":"uhekohaline-garaaz-twin-4-m-x-6-m-44-mm","status":"publish","type":"product","link":"https:\/\/factory.sale\/et\/toode\/uhekohaline-garaaz-twin-4-m-x-6-m-44-mm\/","title":{"rendered":"\u00dchekohaline garaa\u017e Twin (4 m x 6 m), 44 mm"},"content":{"rendered":"<p>Garaa\u017e Twin on suurep\u00e4rane kaasaegse stiiliga garaa\u017e, mis sobib igasse aeda. Seal saab hoiustada aiat\u00f6\u00f6riistu, autot v\u00f5i isegi m\u00f6\u00f6blit. Garaaz on piisavalt lai &#8211; seega v\u00f5imaldab see sul auto ukse t\u00e4ielikult avada ja mugavalt autost v\u00e4ljuda. Twin garaa\u017e on ideaalne valik inimesele, kelle jaoks on modernsus ja mugavus olulisel kohal.<br \/>\nGaraa\u017e Twin pakub t\u00e4iuslikku praktilisuse ja kaasaegse disaini kombinatsiooni, olles stiilne ja usaldusv\u00e4\u00e4rne lahendus igap\u00e4evaseks hoiustamiseks ja s\u00f5iduki kaitsmiseks. Kaasaegset esteetikat silmas pidades loodud garaa\u017e sobib suurep\u00e4raselt k\u00f5igile, kes soovivad elegantset ja funktsionaalset lahendust, mis t\u00e4iustab nende \u00f5ueruumi.<br \/>\nSee mitmek\u00fclgne puidust gara\u0430\u017e pakub piisavalt ruumi mitte ainult s\u00f5iduki, vaid ka aiat\u00f6\u00f6riistade, \u00f5uevarustuse, jalgrataste, naride v\u00f5i m\u00f6\u00f6bli hoiustamiseks.<\/p>\n<p>Sertifitseeritud p\u00f5hjamaisest m\u00e4nnist v\u00f5i kuusest valmistatud Twin-garaa\u017e tagab vastupidavuse, stabiilsuse ja pika kasutusea. Selle puhtad jooned, tugev konstruktsioon ja modernne v\u00e4limus teevad sellest ideaalse valiku majaomanikule, kes hindab minimalismi, funktsionaalsust ja stiili. Kasuta seda garaa\u017eina, t\u00f6\u00f6kojana v\u00f5i hoiuruumina \u2014 Twin on nutikas investeering mugavusse ja kaasaegsesse ehitisse.<\/p>\n<p>&nbsp;<\/p>\n<p>&nbsp;<\/p>\n<p><strong>Tehnilised andmed:<\/strong><\/p>\n<div class=\"_tableContainer_1rjym_1\">\n<div class=\"group _tableWrapper_1rjym_13 flex w-fit flex-col-reverse\" tabindex=\"-1\">\n<table class=\"w-fit min-w-(--thread-content-width)\" data-start=\"29\" data-end=\"813\">\n<thead data-start=\"29\" data-end=\"91\">\n<tr data-start=\"29\" data-end=\"91\">\n<th data-start=\"29\" data-end=\"44\" data-col-size=\"sm\">Materjal<\/th>\n<th data-start=\"44\" data-end=\"91\" data-col-size=\"md\">Sertifitseeritud p\u00f5hjapoolne m\u00e4nd v\u00f5i kuusk<\/th>\n<\/tr>\n<\/thead>\n<tbody data-start=\"155\" data-end=\"813\">\n<tr data-start=\"155\" data-end=\"207\">\n<td data-start=\"155\" data-end=\"188\" data-col-size=\"sm\"><strong data-start=\"157\" data-end=\"187\">V\u00e4lism\u00f5\u00f5t (laius x pikkus)<\/strong><\/td>\n<td data-col-size=\"md\" data-start=\"188\" data-end=\"207\">400 cm x 595 cm<\/td>\n<\/tr>\n<tr data-start=\"208\" data-end=\"259\">\n<td data-start=\"208\" data-end=\"240\" data-col-size=\"sm\"><strong data-start=\"210\" data-end=\"239\">Sisem\u00f5\u00f5t (laius x pikkus)<\/strong><\/td>\n<td data-col-size=\"md\" data-start=\"240\" data-end=\"259\">371 cm x 566 cm<\/td>\n<\/tr>\n<tr data-start=\"260\" data-end=\"283\">\n<td data-start=\"260\" data-end=\"278\" data-col-size=\"sm\"><strong data-start=\"262\" data-end=\"277\">Ruumide arv<\/strong><\/td>\n<td data-col-size=\"md\" data-start=\"278\" data-end=\"283\">1<\/td>\n<\/tr>\n<tr data-start=\"284\" data-end=\"312\">\n<td data-start=\"284\" data-end=\"303\" data-col-size=\"sm\"><strong data-start=\"286\" data-end=\"302\">Seina paksus<\/strong><\/td>\n<td data-col-size=\"md\" data-start=\"303\" data-end=\"312\">44 mm<\/td>\n<\/tr>\n<tr data-start=\"313\" data-end=\"347\">\n<td data-start=\"313\" data-end=\"337\" data-col-size=\"sm\">** k\u00fclgseina k\u00f5rgus**<\/td>\n<td data-col-size=\"md\" data-start=\"337\" data-end=\"347\">223 cm<\/td>\n<\/tr>\n<tr data-start=\"348\" data-end=\"389\">\n<td data-start=\"348\" data-end=\"366\" data-col-size=\"sm\"><strong data-start=\"350\" data-end=\"365\">Harjak\u00f5rgus<\/strong><\/td>\n<td data-col-size=\"md\" data-start=\"366\" data-end=\"389\">317,5 cm \/ 249,5 cm<\/td>\n<\/tr>\n<tr data-start=\"390\" data-end=\"432\">\n<td data-start=\"390\" data-end=\"411\" data-col-size=\"sm\"><strong data-start=\"392\" data-end=\"410\">Katusematerjal<\/strong><\/td>\n<td data-col-size=\"md\" data-start=\"411\" data-end=\"432\">19\u201320 mm pontlaud<\/td>\n<\/tr>\n<tr data-start=\"433\" data-end=\"487\">\n<td data-start=\"433\" data-end=\"455\" data-col-size=\"sm\"><strong data-start=\"435\" data-end=\"454\">P\u00f5randamaterjal<\/strong><\/td>\n<td data-col-size=\"md\" data-start=\"455\" data-end=\"487\">Komplekt ei sisalda p\u00f5randat<\/td>\n<\/tr>\n<tr data-start=\"488\" data-end=\"520\">\n<td data-start=\"488\" data-end=\"511\" data-col-size=\"sm\"><strong data-start=\"490\" data-end=\"510\">Katuse \u00fcleulatus<\/strong><\/td>\n<td data-col-size=\"md\" data-start=\"511\" data-end=\"520\">30 cm<\/td>\n<\/tr>\n<tr data-start=\"521\" data-end=\"556\">\n<td data-start=\"521\" data-end=\"539\" data-col-size=\"sm\"><strong data-start=\"523\" data-end=\"538\">Akna luugid<\/strong><\/td>\n<td data-col-size=\"md\" data-start=\"539\" data-end=\"556\">Ei ole kaasas<\/td>\n<\/tr>\n<tr data-start=\"557\" data-end=\"639\">\n<td data-start=\"557\" data-end=\"584\" data-col-size=\"sm\"><strong data-start=\"559\" data-end=\"583\">Uks (laius x k\u00f5rgus)<\/strong><\/td>\n<td data-col-size=\"md\" data-start=\"584\" data-end=\"639\">85 cm x 192 cm (1 tk); 240 cm x 205 cm (garaa\u017eiuks)<\/td>\n<\/tr>\n<tr data-start=\"640\" data-end=\"693\">\n<td data-start=\"640\" data-end=\"669\" data-col-size=\"sm\"><strong data-start=\"642\" data-end=\"668\">Aknad (laius x k\u00f5rgus)<\/strong><\/td>\n<td data-col-size=\"md\" data-start=\"669\" data-end=\"693\">90 cm x 39 cm (4 tk)<\/td>\n<\/tr>\n<tr data-start=\"694\" data-end=\"757\">\n<td data-start=\"694\" data-end=\"712\" data-col-size=\"sm\"><strong data-start=\"696\" data-end=\"711\">Klaaspakett<\/strong><\/td>\n<td data-col-size=\"md\" data-start=\"712\" data-end=\"757\">Kahekordne klaaspakett (5mm + 10mm + 5mm)<\/td>\n<\/tr>\n<tr data-start=\"758\" data-end=\"813\">\n<td data-start=\"758\" data-end=\"791\" data-col-size=\"sm\"><strong data-start=\"760\" data-end=\"790\">Katuse pindala \/ kaldenurk<\/strong><\/td>\n<td data-col-size=\"md\" data-start=\"791\" data-end=\"813\">30 m\u00b2 \/ 18\u00b0 ja 14\u00b0<\/td>\n<\/tr>\n<\/tbody>\n<\/table>\n<\/div>\n<\/div>\n<p>&nbsp;<\/p>\n<p><strong>Lisavarustus (hinnad ilma k\u00e4ibemaksuta):<\/strong><\/p>\n<p>Garaa\u017eiuksed<br \/>\nPudust garaa\u017eiuks: 0 \u20ac<br \/>\nSektsioonuks: 517,50 \u20ac<br \/>\nIlma garaa\u017ei ukseta: \u2013345 \u20ac<\/p>\n<p>&nbsp;<\/p>\n<p>Bituumensidel katus: 333,50 \u20ac<\/p>\n<p>&nbsp;<\/p>\n<p>&nbsp;<\/p>\n<p><strong>Katuse v\u00e4rvid:<\/strong><\/p>\n<p>Must, roheline, punane<\/p>\n<p><img loading=\"lazy\" decoding=\"async\" class=\"alignnone wp-image-86156\" src=\"https:\/\/factory.sale\/wp-content\/uploads\/2024\/06\/colours-wooden-me-300x82.png\" alt=\"\" width=\"446\" height=\"122\" srcset=\"https:\/\/factory.sale\/wp-content\/uploads\/2024\/06\/colours-wooden-me-300x82.png 300w, https:\/\/factory.sale\/wp-content\/uploads\/2024\/06\/colours-wooden-me-150x41.png 150w, https:\/\/factory.sale\/wp-content\/uploads\/2024\/06\/colours-wooden-me-600x164.png 600w, https:\/\/factory.sale\/wp-content\/uploads\/2024\/06\/colours-wooden-me.png 638w\" sizes=\"auto, (max-width: 446px) 100vw, 446px\" \/><\/p>\n<p><iframe loading=\"lazy\" title=\"YouTube video\" src=\"\/\/www.youtube.com\/embed\/k9kK04ZBp0o?autoplay=1&amp;mute=1&amp;controls=1&amp;start=110&amp;loop=1&amp;playlist=k9kK04ZBp0o\" width=\"800\" height=\"450\" frameborder=\"0\" allowfullscreen=\"allowfullscreen\" data-mce-fragment=\"1\"><\/iframe><\/p>\n<p>&nbsp;<\/p>\n<p><iframe loading=\"lazy\" title=\"YouTube video\" src=\"\/\/www.youtube.com\/embed\/9S4j3SFXrjM?autoplay=1&amp;mute=1&amp;controls=1&amp;loop=1&amp;playlist=9S4j3SFXrjM\" width=\"800\" height=\"315\" frameborder=\"0\" allowfullscreen=\"allowfullscreen\" data-mce-fragment=\"1\"><\/iframe><\/p>\n","protected":false},"excerpt":{"rendered":"<p>Kaasaegne puidust garaa\u017e sertifitseeritud m\u00e4nnist v\u00f5i kuusest. Ruumikas ja vastupidava konstruktsiooniga lahendus s\u00f5iduki, t\u00f6\u00f6riistade ja \u00f5uvarustuse hoiustamiseks. Stiilne ja kaasaegne valik igale kodule.<\/p>\n","protected":false},"featured_media":132305,"comment_status":"open","ping_status":"closed","template":"","meta":{"_acf_changed":false},"factory":[],"free-shipment":[],"product_brand":[],"product_cat":[924,936],"product_tag":[940],"class_list":{"0":"post-132331","1":"product","2":"type-product","3":"status-publish","4":"has-post-thumbnail","6":"product_cat-aiatooted","7":"product_cat-auto-varjualused","8":"product_tag-garage-et","10":"first","11":"instock","12":"sale","13":"taxable","14":"shipping-taxable","15":"purchasable","16":"product-type-simple"},"acf":[],"_links":{"self":[{"href":"https:\/\/factory.sale\/et\/wp-json\/wp\/v2\/product\/132331","targetHints":{"allow":["GET"]}}],"collection":[{"href":"https:\/\/factory.sale\/et\/wp-json\/wp\/v2\/product"}],"about":[{"href":"https:\/\/factory.sale\/et\/wp-json\/wp\/v2\/types\/product"}],"replies":[{"embeddable":true,"href":"https:\/\/factory.sale\/et\/wp-json\/wp\/v2\/comments?post=132331"}],"wp:featuredmedia":[{"embeddable":true,"href":"https:\/\/factory.sale\/et\/wp-json\/wp\/v2\/media\/132305"}],"wp:attachment":[{"href":"https:\/\/factory.sale\/et\/wp-json\/wp\/v2\/media?parent=132331"}],"wp:term":[{"taxonomy":"factory","embeddable":true,"href":"https:\/\/factory.sale\/et\/wp-json\/wp\/v2\/factory?post=132331"},{"taxonomy":"free-shipment","embeddable":true,"href":"https:\/\/factory.sale\/et\/wp-json\/wp\/v2\/free-shipment?post=132331"},{"taxonomy":"product_brand","embeddable":true,"href":"https:\/\/factory.sale\/et\/wp-json\/wp\/v2\/product_brand?post=132331"},{"taxonomy":"product_cat","embeddable":true,"href":"https:\/\/factory.sale\/et\/wp-json\/wp\/v2\/product_cat?post=132331"},{"taxonomy":"product_tag","embeddable":true,"href":"https:\/\/factory.sale\/et\/wp-json\/wp\/v2\/product_tag?post=132331"}],"curies":[{"name":"wp","href":"https:\/\/api.w.org\/{rel}","templated":true}]}}