{"id":132235,"date":"2025-11-21T16:53:40","date_gmt":"2025-11-21T13:56:56","guid":{"rendered":"https:\/\/factory.sale\/?post_type=product&#038;p=132235"},"modified":"2026-03-18T09:25:58","modified_gmt":"2026-03-18T06:25:58","slug":"skamet-p-11640-puukuttega-saunaahi-valikulise-40-l-roostevabast-terasest-veepaagiga-8-18-m%c2%b3-leiliruumidesse-koetav-samast-ruumist","status":"publish","type":"product","link":"https:\/\/factory.sale\/et\/toode\/skamet-p-11640-puukuttega-saunaahi-valikulise-40-l-roostevabast-terasest-veepaagiga-8-18-m%c2%b3-leiliruumidesse-koetav-samast-ruumist\/","title":{"rendered":"Skamet P-11640 puuk\u00fcttega saunaahi valikulise 40 L roostevabast terasest veepaagiga 8\u201318 m\u00b3 leiliruumidesse, k\u00f6etav samast ruumist"},"content":{"rendered":"<p>Skamet P-11640 on m\u00f5eldud keskmise suurusega, 8\u201318 m\u00b3 leiliruumidele ning \u00fchendab endas t\u00f5husa k\u00fcttev\u00f5imsuse ja praktilise veesoojenduse v\u00f5imaluse. Mudelile saab lisada avatud, 40-liitrise roostevabast terasest veepaagi, mis soojendab vett sauna k\u00fctmise ajal ja tagab mugava ligip\u00e4\u00e4su kuumale veele. Veepaaki saab tellida nii paremale kui ka vasakule k\u00fcljele, mis v\u00f5imaldab paigaldust kohandada vastavalt sauna paigutusele.<\/p>\n<p>K\u00f5ik P-11640 mudelid on valmistatud Eestis ja vastavad Euroopa standardile EN 15821:2010. Ahi mahutab ligikaudu 40 kg kerisekive ja v\u00f5imaldab kasutada kuni 35 cm pikkuseid k\u00fcttepuid. Pealt \u00fchendatav 115 mm suitsutoru ja t\u00f5hus konstruktsioon tagavad kiire kuumenemise, \u00fchtlase soojuse ja pika kasutusea.<\/p>\n<p>P-11640 seeria sisaldab nii veepaagiga kui ka ilma veepaagita versioone, samuti GL-mudeleid, mis on varustatud suure klaasuksega \u2014 tulem\u00e4ngu nautimiseks ja sauna\u00f5hkkonna parandamiseks.<\/p>\n<p><strong>Tehnilised andmed:<\/strong><\/p>\n<ul>\n<li>K\u00f6etav ruumala: 8\u201318 m\u00b3<\/li>\n<li>Kivide kogus: ~40 kg<\/li>\n<li>K\u00f5rgus: 73 cm<\/li>\n<li>Laius: 43 cm<\/li>\n<li>S\u00fcgavus: 51 cm<\/li>\n<li>K\u00fcttepuude pikkus: kuni 35 cm<\/li>\n<li>Suitsutoru l\u00e4bim\u00f5\u00f5t: 115 mm (pealt)<\/li>\n<li>Uksehinged: vasakul (standard)<\/li>\n<li>Kaal: ~60 kg<\/li>\n<\/ul>\n<p><strong>Standardvarustus:<\/strong><\/p>\n<ul>\n<li>Metallkorpus musta kuumakindla v\u00e4rvkattega<\/li>\n<li>Korstna\u00fchendus pealt<\/li>\n<li>Uksehinged vasakul<\/li>\n<li>Tulekolde \u00fclaosa paksus 5 mm<\/li>\n<li>Valmistatud vastavalt EN 15821:2010 standardile<\/li>\n<\/ul>\n<p><strong>Valikulised lisad:<\/strong><\/p>\n<ul>\n<li>40 L avatud roostevabast terasest veepaak kraaniga (paremal v\u00f5i vasakul)<\/li>\n<li>Veepaagi m\u00f5\u00f5dud: 55 \u00d7 20 \u00d7 38 cm<\/li>\n<li>Klaasuks (GL-mudelitel)<\/li>\n<li>Uksehinged paremal<\/li>\n<li>Korpuse \u00fclemine serv roostevabast terasest<\/li>\n<\/ul>\n<p><strong>Saadaval mudelid:<br \/>\n<\/strong><br \/>\nMudel\u00a0 \u00a0 \u00a0 \u00a0 \u00a0 \u00a0 \u00a0 \u00a0 \u00a0 \u00a0 \u00a0 \u00a0 \u00a0 \u00a0 \u00a0 \u00a0 \u00a0 \u00a0 \u00a0 \u00a0 \u00a0 \u00a0 \u00a0 \u00a0 \u00a0 \u00a0 \u00a0 \u00a0 \u00a0 \u00a0 \u00a0 \u00a0 \u00a0 \u00a0 \u00a0 \u00a0 \u00a0 \u00a0 \u00a0 \u00a0 \u00a0 \u00a0 \u00a0 \u00a0 \u00a0 \u00a0 \u00a0 \u00a0 \u00a0 \u00a0 \u00a0Kirjeldus\u00a0 \u00a0 \u00a0 \u00a0 \u00a0 \u00a0 \u00a0 \u00a0 \u00a0 \u00a0 \u00a0 \u00a0 \u00a0 \u00a0 \u00a0 \u00a0 \u00a0 \u00a0 \u00a0 \u00a0 \u00a0 \u00a0 \u00a0 \u00a0 \u00a0 \u00a0 \u00a0 \u00a0 \u00a0 \u00a0 \u00a0 \u00a0 \u00a0 \u00a0 \u00a0 \u00a0 \u00a0 \u00a0 \u00a0 \u00a0 \u00a0 \u00a0 \u00a0 \u00a0 \u00a0 \u00a0 \u00a0EAN\u00a0 \u00a0 \u00a0 \u00a0 \u00a0 \u00a0 \u00a0 \u00a0 \u00a0 \u00a0 \u00a0 Hind<br \/>\nP-11640 PI\u00a0 \u00a0 \u00a0 \u00a0 \u00a0 \u00a0 \u00a0 \u00a0 \u00a0 \u00a0 \u00a0 \u00a0 \u00a0 \u00a0 Saunaahi (8\u201318 m\u00b3) parempoolse veepaagi paigalduskohaga (ilma veepaagita)\u00a0 \u00a0 \u00a0 \u00a0 \u00a0 \u00a0 \u00a0 \u00a0 \u00a0 \u00a0 \u00a0 \u00a0 \u00a0 \u00a0 \u00a0 \u00a0 4742482007905\u00a0 \u00a0 425.50 \u20ac<br \/>\nP-11640 PRV\u00a0 \u00a0 \u00a0 \u00a0 \u00a0 \u00a0 \u00a0 \u00a0 \u00a0 \u00a0 \u00a0 \u00a0 Saunaahi (8\u201318 m\u00b3) 40 L avatud roostevabast terasest veepaagiga ja kraaniga \u2013 paremal\u00a0 \u00a0 \u00a0 \u00a0 \u00a0 \u00a0 \u00a0 4742482007684\u00a0 \u00a0 609.50 \u20ac<br \/>\nP-11640 PRVGL\u00a0 \u00a0 \u00a0 \u00a0 \u00a0 \u00a0 \u00a0 \u00a0 \u00a0 \u00a0Saunaahi (8\u201318 m\u00b3) 40 L avatud veepaagiga \u2013 paremal, klaasuksega\u00a0 \u00a0 \u00a0 \u00a0 \u00a0 \u00a0 \u00a0 \u00a0 \u00a0 \u00a0 \u00a0 \u00a0 \u00a0 \u00a0 \u00a0 \u00a0 \u00a0 \u00a0 \u00a0 \u00a0 \u00a0 \u00a0 \u00a0 \u00a0 \u00a0 \u00a04742482002351\u00a0 \u00a0 626.75 \u20ac<br \/>\nP-11640 VI\u00a0 \u00a0 \u00a0 \u00a0 \u00a0 \u00a0 \u00a0 \u00a0 \u00a0 \u00a0 \u00a0 \u00a0 \u00a0 \u00a0 Saunaahi (8\u201318 m\u00b3) vasakpoolse veepaagi paigalduskohaga (ilma veepaagita)\u00a0 \u00a0 \u00a0 \u00a0 \u00a0 \u00a0 \u00a0 \u00a0 \u00a0 \u00a0 \u00a0 \u00a0 \u00a0 \u00a0 \u00a0 \u00a0 \u00a0 4742482007912\u00a0 \u00a0 425.50 \u20ac<br \/>\nP-11640 VRV\u00a0 \u00a0 \u00a0 \u00a0 \u00a0 \u00a0 \u00a0 \u00a0 \u00a0 \u00a0 \u00a0 \u00a0 Saunaahi (8\u201318 m\u00b3) 40 L avatud roostevabast terasest veepaagiga ja kraaniga \u2013 vasakul\u00a0 \u00a0 \u00a0 \u00a0 \u00a0 \u00a0 \u00a0 \u00a0 4742482007691\u00a0 \u00a0 609.50 \u20ac<br \/>\nP-11640 VRVGL\u00a0 \u00a0 \u00a0 \u00a0 \u00a0 \u00a0 \u00a0 \u00a0 \u00a0 \u00a0Saunaahi (8\u201318 m\u00b3) 40 L avatud veepaagiga \u2013 vasakul, klaasuksega\u00a0 \u00a0 \u00a0 \u00a0 \u00a0 \u00a0 \u00a0 \u00a0 \u00a0 \u00a0 \u00a0 \u00a0 \u00a0 \u00a0 \u00a0 \u00a0 \u00a0 \u00a0 \u00a0 \u00a0 \u00a0 \u00a0 \u00a0 \u00a0 \u00a0 \u00a0 4742482002368\u00a0 \u00a0 626.75 \u20ac<\/p>\n<p>&nbsp;<\/p>\n<p><img loading=\"lazy\" decoding=\"async\" class=\"alignnone wp-image-132152\" src=\"https:\/\/factory.sale\/wp-content\/uploads\/2025\/11\/Banner-300x200.jpg\" alt=\"\" width=\"1227\" height=\"818\" srcset=\"https:\/\/factory.sale\/wp-content\/uploads\/2025\/11\/Banner-300x200.jpg 300w, https:\/\/factory.sale\/wp-content\/uploads\/2025\/11\/Banner-1024x683.jpg 1024w, https:\/\/factory.sale\/wp-content\/uploads\/2025\/11\/Banner-150x100.jpg 150w, https:\/\/factory.sale\/wp-content\/uploads\/2025\/11\/Banner-768x512.jpg 768w, https:\/\/factory.sale\/wp-content\/uploads\/2025\/11\/Banner-1536x1024.jpg 1536w, https:\/\/factory.sale\/wp-content\/uploads\/2025\/11\/Banner-600x400.jpg 600w, https:\/\/factory.sale\/wp-content\/uploads\/2025\/11\/Banner.jpg 2016w\" sizes=\"auto, (max-width: 1227px) 100vw, 1227px\" \/><\/p>\n","protected":false},"excerpt":{"rendered":"<p>Skamet P-11640 on vastupidav ja t\u00f5hus puuk\u00fcttega saunaahi 8\u201318 m\u00b3 leiliruumidesse. Mudelil on tugev metallkorpus, eesk\u00fctmisega lahendus ning v\u00f5imalus lisada 40 L roostevabast terasest veepaak (paremale v\u00f5i vasakule). Saadaval on ka klaasuksega versioonid.<\/p>\n","protected":false},"featured_media":131572,"comment_status":"open","ping_status":"closed","template":"","meta":{"_acf_changed":false},"factory":[],"free-shipment":[],"product_brand":[4640],"product_cat":[306,4638],"product_tag":[],"class_list":{"0":"post-132235","1":"product","2":"type-product","3":"status-publish","4":"has-post-thumbnail","6":"product_brand-skamet","7":"product_cat-saunakerised","8":"product_cat-skamet-et","10":"first","11":"instock","12":"sale","13":"taxable","14":"shipping-taxable","15":"purchasable","16":"product-type-simple"},"acf":[],"_links":{"self":[{"href":"https:\/\/factory.sale\/et\/wp-json\/wp\/v2\/product\/132235","targetHints":{"allow":["GET"]}}],"collection":[{"href":"https:\/\/factory.sale\/et\/wp-json\/wp\/v2\/product"}],"about":[{"href":"https:\/\/factory.sale\/et\/wp-json\/wp\/v2\/types\/product"}],"replies":[{"embeddable":true,"href":"https:\/\/factory.sale\/et\/wp-json\/wp\/v2\/comments?post=132235"}],"wp:featuredmedia":[{"embeddable":true,"href":"https:\/\/factory.sale\/et\/wp-json\/wp\/v2\/media\/131572"}],"wp:attachment":[{"href":"https:\/\/factory.sale\/et\/wp-json\/wp\/v2\/media?parent=132235"}],"wp:term":[{"taxonomy":"factory","embeddable":true,"href":"https:\/\/factory.sale\/et\/wp-json\/wp\/v2\/factory?post=132235"},{"taxonomy":"free-shipment","embeddable":true,"href":"https:\/\/factory.sale\/et\/wp-json\/wp\/v2\/free-shipment?post=132235"},{"taxonomy":"product_brand","embeddable":true,"href":"https:\/\/factory.sale\/et\/wp-json\/wp\/v2\/product_brand?post=132235"},{"taxonomy":"product_cat","embeddable":true,"href":"https:\/\/factory.sale\/et\/wp-json\/wp\/v2\/product_cat?post=132235"},{"taxonomy":"product_tag","embeddable":true,"href":"https:\/\/factory.sale\/et\/wp-json\/wp\/v2\/product_tag?post=132235"}],"curies":[{"name":"wp","href":"https:\/\/api.w.org\/{rel}","templated":true}]}}