{"id":132227,"date":"2025-11-21T16:56:21","date_gmt":"2025-11-21T13:57:24","guid":{"rendered":"https:\/\/factory.sale\/?post_type=product&#038;p=132227"},"modified":"2026-03-18T09:01:50","modified_gmt":"2026-03-18T06:01:50","slug":"skamet-s-116-puukuttega-saunaahi-kandilise-vorkkorpusega-8-18-m%c2%b3-leiliruumidesse-koetav-samast-ruumist","status":"publish","type":"product","link":"https:\/\/factory.sale\/et\/toode\/skamet-s-116-puukuttega-saunaahi-kandilise-vorkkorpusega-8-18-m%c2%b3-leiliruumidesse-koetav-samast-ruumist\/","title":{"rendered":"Skamet S-116 puuk\u00fcttega saunaahi kandilise v\u00f5rkkorpusega 8\u201318 m\u00b3 leiliruumidesse, k\u00f6etav samast ruumist"},"content":{"rendered":"<p>Skamet S-116 on m\u00f5eldud keskmise suurusega, 8\u201318 m\u00b3 leiliruumidele ning selle erip\u00e4raks on kandiline v\u00f5rkkorpus, mis tagab suurep\u00e4rase soojuskiirguse ja modernse v\u00e4limuse. Tulekolle avaneb otse leiliruumi poole, pakkudes traditsioonilist puuk\u00fcttega saunaelamust ja lihtsat kasutust.<\/p>\n<p>Ahi mahutab ligikaudu 190 kg kerisekive, mis tagab pikaajalise soojuse, stabiilse temperatuuri ning pehme, \u00fchtlase leili. Tugev konstruktsioon, must kuumakindel viimistlus ja pealt \u00fchendatav suitsutoru muudavad mudeli vastupidavaks ja t\u00f5husaks. Kasutada saab kuni 50 cm pikkuseid k\u00fcttepuid, mis pakuvad head tasakaalu kompaktse suuruse ja tugeva k\u00fcttev\u00f5imsuse vahel.<\/p>\n<p><strong>Tehnilised andmed:<\/strong><\/p>\n<ul>\n<li>K\u00f6etav ruumala: 8\u201318 m\u00b3<\/li>\n<li>K\u00f5rgus: 78 cm<\/li>\n<li>Laius: 49 cm<\/li>\n<li>S\u00fcgavus: 61 cm<\/li>\n<li>Kaal: 60 kg<\/li>\n<li>Kivide kogus: ~190 kg<\/li>\n<li>K\u00fcttepuude pikkus: kuni 50 cm<\/li>\n<li>Korstna\u00fchendus: pealt<\/li>\n<\/ul>\n<p><strong>Standardvarustus:<\/strong><\/p>\n<ul>\n<li>Kandiline v\u00f5rkkorpus parema soojuskiirguse jaoks<\/li>\n<li>Suur kivimass pehme ja \u00fchtlase leili jaoks<\/li>\n<li>Must kuumakindel v\u00e4rvkate<\/li>\n<li>Tugev ja vastupidav konstruktsioon<\/li>\n<\/ul>\n<p><strong>Valikulised lisad:<\/strong><\/p>\n<ul>\n<li>Klaasuks<\/li>\n<li>Uksehinged paremal<\/li>\n<li>Veepaagi v\u00f5i soojusvaheti \u00fchendus (vasak, parem v\u00f5i taga)<\/li>\n<\/ul>\n<p><strong>Saadaval mudelid:<br \/>\n<\/strong><br \/>\nMudel\u00a0 \u00a0 \u00a0 \u00a0 \u00a0 \u00a0 \u00a0 \u00a0 \u00a0 \u00a0 \u00a0 \u00a0 \u00a0 \u00a0 \u00a0 \u00a0 \u00a0 \u00a0 \u00a0 Kirjeldus\u00a0 \u00a0 \u00a0 \u00a0 \u00a0 \u00a0 \u00a0 \u00a0 \u00a0 \u00a0 \u00a0 \u00a0 \u00a0 \u00a0 \u00a0 \u00a0 \u00a0 \u00a0 \u00a0 \u00a0 \u00a0 \u00a0 \u00a0 \u00a0 \u00a0 \u00a0 \u00a0 \u00a0 \u00a0 \u00a0 \u00a0 \u00a0 \u00a0 \u00a0 \u00a0 \u00a0 \u00a0 \u00a0 \u00a0 \u00a0 \u00a0 \u00a0 \u00a0 \u00a0 \u00a0 \u00a0 \u00a0 \u00a0 \u00a0 \u00a0 \u00a0 \u00a0 \u00a0 \u00a0 \u00a0 \u00a0 \u00a0 \u00a0 \u00a0EAN\u00a0 \u00a0 \u00a0 \u00a0 \u00a0 \u00a0 \u00a0 \u00a0 \u00a0 \u00a0 \u00a0Hind<br \/>\nS-116\u00a0 \u00a0 \u00a0 \u00a0 \u00a0 \u00a0 \u00a0 \u00a0 \u00a0 Saunaahi (8\u201318 m\u00b3), ilma vees\u00e4rgita, kandiline v\u00f5rkkorpus\u00a0 \u00a0 \u00a0 \u00a0 \u00a0 \u00a0 \u00a0 \u00a0 \u00a0 \u00a0 \u00a0 \u00a0 \u00a0 \u00a0 \u00a0 \u00a0 \u00a0 \u00a0 \u00a0 \u00a0 \u00a0 \u00a0 \u00a0 \u00a0 \u00a0 4742482001002\u00a0 \u00a0 431.25 \u20ac<br \/>\nS-116 GL\u00a0 \u00a0 \u00a0 \u00a0 \u00a0 \u00a0Saunaahi (8\u201318 m\u00b3), klaasuksega, ilma vees\u00e4rgita\u00a0 \u00a0 \u00a0 \u00a0 \u00a0 \u00a0 \u00a0 \u00a0 \u00a0 \u00a0 \u00a0 \u00a0 \u00a0 \u00a0 \u00a0 \u00a0 \u00a0 \u00a0 \u00a0 \u00a0 \u00a0 \u00a0 \u00a0 \u00a0 \u00a0 \u00a0 \u00a0 \u00a0 \u00a0 \u00a0 \u00a0 \u00a0 \u00a04742482001040\u00a0 \u00a0 448.50 \u20ac<br \/>\nS-116 BP\u00a0 \u00a0 \u00a0 \u00a0 \u00a0 \u00a0 Saunaahi (8\u201318 m\u00b3), vees\u00e4rgiga, \u00fchendus paremal\u00a0 \u00a0 \u00a0 \u00a0 \u00a0 \u00a0 \u00a0 \u00a0 \u00a0 \u00a0 \u00a0 \u00a0 \u00a0 \u00a0 \u00a0 \u00a0 \u00a0 \u00a0 \u00a0 \u00a0 \u00a0 \u00a0 \u00a0 \u00a0 \u00a0 \u00a0 \u00a0 \u00a0 \u00a0 \u00a0 \u00a0 \u00a04742482001019\u00a0 \u00a0 \u00a0471.50 \u20ac<br \/>\nS-116 BPGL\u00a0 \u00a0 \u00a0 \u00a0Saunaahi (8\u201318 m\u00b3), vees\u00e4rgiga, \u00fchendus paremal, klaasuksega\u00a0 \u00a0 \u00a0 \u00a0 \u00a0 \u00a0 \u00a0 \u00a0 \u00a0 \u00a0 \u00a0 \u00a0 \u00a0 \u00a0 \u00a0 \u00a0 \u00a0 \u00a0 \u00a0 \u00a04742482001057\u00a0 \u00a0 488.75 \u20ac<br \/>\nS-116 BV\u00a0 \u00a0 \u00a0 \u00a0 \u00a0 \u00a0 Saunaahi (8\u201318 m\u00b3), vees\u00e4rgiga, \u00fchendus vasakul\u00a0 \u00a0 \u00a0 \u00a0 \u00a0 \u00a0 \u00a0 \u00a0 \u00a0 \u00a0 \u00a0 \u00a0 \u00a0 \u00a0 \u00a0 \u00a0 \u00a0 \u00a0 \u00a0 \u00a0 \u00a0 \u00a0 \u00a0 \u00a0 \u00a0 \u00a0 \u00a0 \u00a0 \u00a0 \u00a0 \u00a0 \u00a0 \u00a04742482001026\u00a0 \u00a0 471.50 \u20ac<br \/>\nS-116 BVGL\u00a0 \u00a0 \u00a0 \u00a0Saunaahi (8\u201318 m\u00b3), vees\u00e4rgiga, \u00fchendus vasakul, klaasuksega\u00a0 \u00a0 \u00a0 \u00a0 \u00a0 \u00a0 \u00a0 \u00a0 \u00a0 \u00a0 \u00a0 \u00a0 \u00a0 \u00a0 \u00a0 \u00a0 \u00a0 \u00a0 \u00a0 \u00a0 \u00a04742482001064\u00a0 \u00a0 488.75 \u20ac<br \/>\nS-116 BT\u00a0 \u00a0 \u00a0 \u00a0 \u00a0 \u00a0 Saunaahi (8\u201318 m\u00b3), vees\u00e4rgiga, \u00fchendus tagant\u00a0 \u00a0 \u00a0 \u00a0 \u00a0 \u00a0 \u00a0 \u00a0 \u00a0 \u00a0 \u00a0 \u00a0 \u00a0 \u00a0 \u00a0 \u00a0 \u00a0 \u00a0 \u00a0 \u00a0 \u00a0 \u00a0 \u00a0 \u00a0 \u00a0 \u00a0 \u00a0 \u00a0 \u00a0 \u00a0 \u00a0 \u00a0 \u00a0 \u00a04742482001033\u00a0 \u00a0 471.50 \u20ac<br \/>\nS-116 BTGL\u00a0 \u00a0 \u00a0 \u00a0Saunaahi (8\u201318 m\u00b3), vees\u00e4rgiga, \u00fchendus tagant, klaasuksega\u00a0 \u00a0 \u00a0 \u00a0 \u00a0 \u00a0 \u00a0 \u00a0 \u00a0 \u00a0 \u00a0 \u00a0 \u00a0 \u00a0 \u00a0 \u00a0 \u00a0 \u00a0 \u00a0 \u00a0 \u00a0 \u00a04742482001071\u00a0 \u00a0 \u00a0488.75 \u20ac<\/p>\n<p>&nbsp;<\/p>\n<p><img loading=\"lazy\" decoding=\"async\" class=\"alignnone wp-image-132152\" src=\"https:\/\/factory.sale\/wp-content\/uploads\/2025\/11\/Banner-300x200.jpg\" alt=\"\" width=\"1227\" height=\"818\" srcset=\"https:\/\/factory.sale\/wp-content\/uploads\/2025\/11\/Banner-300x200.jpg 300w, https:\/\/factory.sale\/wp-content\/uploads\/2025\/11\/Banner-1024x683.jpg 1024w, https:\/\/factory.sale\/wp-content\/uploads\/2025\/11\/Banner-150x100.jpg 150w, https:\/\/factory.sale\/wp-content\/uploads\/2025\/11\/Banner-768x512.jpg 768w, https:\/\/factory.sale\/wp-content\/uploads\/2025\/11\/Banner-1536x1024.jpg 1536w, https:\/\/factory.sale\/wp-content\/uploads\/2025\/11\/Banner-600x400.jpg 600w, https:\/\/factory.sale\/wp-content\/uploads\/2025\/11\/Banner.jpg 2016w\" sizes=\"auto, (max-width: 1227px) 100vw, 1227px\" \/><\/p>\n","protected":false},"excerpt":{"rendered":"<p>Skamet S-116 \u00fchendab modernse kandilise v\u00f5rkkorpuse ja efektiivse eesk\u00fctmise. Sobib 8\u201318 m\u00b3 leiliruumidesse, pakkudes tugevat j\u00f5udlust, visuaalselt avatud kivimassi ja traditsioonilist puuk\u00fcttega saunaelamust.<\/p>\n","protected":false},"featured_media":131611,"comment_status":"open","ping_status":"closed","template":"","meta":{"_acf_changed":false},"factory":[],"free-shipment":[],"product_brand":[4640],"product_cat":[306,4638],"product_tag":[],"class_list":{"0":"post-132227","1":"product","2":"type-product","3":"status-publish","4":"has-post-thumbnail","6":"product_brand-skamet","7":"product_cat-saunakerised","8":"product_cat-skamet-et","10":"first","11":"instock","12":"sale","13":"taxable","14":"shipping-taxable","15":"purchasable","16":"product-type-simple"},"acf":[],"_links":{"self":[{"href":"https:\/\/factory.sale\/et\/wp-json\/wp\/v2\/product\/132227","targetHints":{"allow":["GET"]}}],"collection":[{"href":"https:\/\/factory.sale\/et\/wp-json\/wp\/v2\/product"}],"about":[{"href":"https:\/\/factory.sale\/et\/wp-json\/wp\/v2\/types\/product"}],"replies":[{"embeddable":true,"href":"https:\/\/factory.sale\/et\/wp-json\/wp\/v2\/comments?post=132227"}],"wp:featuredmedia":[{"embeddable":true,"href":"https:\/\/factory.sale\/et\/wp-json\/wp\/v2\/media\/131611"}],"wp:attachment":[{"href":"https:\/\/factory.sale\/et\/wp-json\/wp\/v2\/media?parent=132227"}],"wp:term":[{"taxonomy":"factory","embeddable":true,"href":"https:\/\/factory.sale\/et\/wp-json\/wp\/v2\/factory?post=132227"},{"taxonomy":"free-shipment","embeddable":true,"href":"https:\/\/factory.sale\/et\/wp-json\/wp\/v2\/free-shipment?post=132227"},{"taxonomy":"product_brand","embeddable":true,"href":"https:\/\/factory.sale\/et\/wp-json\/wp\/v2\/product_brand?post=132227"},{"taxonomy":"product_cat","embeddable":true,"href":"https:\/\/factory.sale\/et\/wp-json\/wp\/v2\/product_cat?post=132227"},{"taxonomy":"product_tag","embeddable":true,"href":"https:\/\/factory.sale\/et\/wp-json\/wp\/v2\/product_tag?post=132227"}],"curies":[{"name":"wp","href":"https:\/\/api.w.org\/{rel}","templated":true}]}}